{"id":4659,"date":"2024-07-16T10:26:31","date_gmt":"2024-07-16T10:26:31","guid":{"rendered":"https:\/\/www.linktonkitchen.com\/?post_type=product&#038;p=4659"},"modified":"2026-02-05T08:30:57","modified_gmt":"2026-02-05T08:30:57","slug":"juego-de-olla-a-presion-3","status":"publish","type":"product","link":"https:\/\/www.linktonkitchen.com\/es\/product\/mini-pressure-cooker-1-litre\/","title":{"rendered":"Mayorista Mini Olla a Presi\u00f3n 1 Litro con Bot\u00f3n Interruptor"},"content":{"rendered":"<div class=\"wp-block-columns is-layout-flex wp-container-core-columns-is-layout-9d6595d7 wp-block-columns-is-layout-flex\">\n<div class=\"wp-block-column is-vertically-aligned-center is-layout-flow wp-block-column-is-layout-flow\">\n<h2 class=\"wp-block-heading\">Mini olla a presi\u00f3n Par\u00e1metros:<\/h2>\n\n\n\n<figure class=\"wp-block-table\"><table><tbody><tr><td>N\u00ba de modelo<\/td><td>Capacidad<\/td><td>Di\u00e1metro<\/td><\/tr><tr><td rowspan=\"4\">LT-XFKH<\/td><td>0.8 L<\/td><td>13cm\/15cm<\/td><\/tr><tr><td>1.2 L<\/td><td>13cm\/15cm<\/td><\/tr><tr><td>1.6 L<\/td><td>13cm\/15cm<\/td><\/tr><tr><td>2.0 L<\/td><td>13cm\/15cm<\/td><\/tr><\/tbody><\/table><\/figure>\n\n\n\n<h2 class=\"wp-block-heading\">Mini olla a presi\u00f3n Caracter\u00edsticas:<\/h2>\n\n\n\n<p><strong>Dise\u00f1o de cierre de seguridad: <\/strong>Equipado con un intuitivo bot\u00f3n de bloqueo\/desbloqueo para mayor seguridad del usuario. Evita la apertura accidental durante la cocci\u00f3n y garantiza un sellado fiable en todo momento.<\/p>\n\n\n\n<p><strong>Cuerpo triple de acero inoxidable: <\/strong>Fabricada en acero inoxidable triple, distribuye el calor de forma m\u00e1s uniforme, genera presi\u00f3n m\u00e1s r\u00e1pidamente y es duradera. Es una opci\u00f3n ideal para cocinar ahorrando energ\u00eda.<\/p>\n\n\n\n<p><strong>Tama\u00f1o compacto, vers\u00e1til: <\/strong>Disponible en capacidades de 0,8L, 1,2L, 1,6L y 2,0L, es perfecta para preparar comidas en porciones peque\u00f1as y cocinar al aire libre.<\/p>\n\n\n\n<p><strong>Tapa con cierre giratorio: <\/strong>La tapa con cierre giratorio garantiza un cierre seguro, minimiza las fugas de vapor y maximiza la retenci\u00f3n de la presi\u00f3n. F\u00e1cil de manejar.<\/p>\n\n\n\n<p><strong>Mecanismo de seguridad multipunto: <\/strong>incluye una v\u00e1lvula reguladora de presi\u00f3n, una v\u00e1lvula de seguridad, un anillo de sellado resistente al calor y un orificio de escape antiobstrucci\u00f3n<\/p>\n\n\n\n<p><strong>Compatible con m\u00faltiples fuentes de calor: <\/strong>Apto para cocinas de gas, inducci\u00f3n y el\u00e9ctricas.<\/p>\n\n\n\n<p><strong>Cocci\u00f3n r\u00e1pida, ahorro de energ\u00eda: <\/strong>Reduce significativamente el tiempo de cocci\u00f3n al tiempo que retiene los nutrientes y el sabor. Ideal para sopas, guisos y platos que requieren poco tiempo.<\/p>\n<\/div>\n\n\n\n<div class=\"wp-block-column is-layout-flow wp-block-column-is-layout-flow\">\n<figure class=\"wp-block-image size-full\"><img fetchpriority=\"high\" decoding=\"async\" width=\"3652\" height=\"3652\" src=\"https:\/\/www.linktonkitchen.com\/wp-content\/uploads\/2024\/07\/mini-pressure-cooker-1-litre-wholesale-4_.webp\" alt=\"mini olla a presion 1 litro al por mayor\" class=\"wp-image-4666\" style=\"object-fit:cover\" srcset=\"https:\/\/www.linktonkitchen.com\/wp-content\/uploads\/2024\/07\/mini-pressure-cooker-1-litre-wholesale-4_.webp 3652w, https:\/\/www.linktonkitchen.com\/wp-content\/uploads\/2024\/07\/mini-pressure-cooker-1-litre-wholesale-4_-300x300.webp 300w, https:\/\/www.linktonkitchen.com\/wp-content\/uploads\/2024\/07\/mini-pressure-cooker-1-litre-wholesale-4_-150x150.webp 150w, https:\/\/www.linktonkitchen.com\/wp-content\/uploads\/2024\/07\/mini-pressure-cooker-1-litre-wholesale-4_-768x768.webp 768w, https:\/\/www.linktonkitchen.com\/wp-content\/uploads\/2024\/07\/mini-pressure-cooker-1-litre-wholesale-4_-12x12.webp 12w, https:\/\/www.linktonkitchen.com\/wp-content\/uploads\/2024\/07\/mini-pressure-cooker-1-litre-wholesale-4_-285x285.webp 285w, https:\/\/www.linktonkitchen.com\/wp-content\/uploads\/2024\/07\/mini-pressure-cooker-1-litre-wholesale-4_-1600x1600.webp 1600w, https:\/\/www.linktonkitchen.com\/wp-content\/uploads\/2024\/07\/mini-pressure-cooker-1-litre-wholesale-4_-270x270.webp 270w, https:\/\/www.linktonkitchen.com\/wp-content\/uploads\/2024\/07\/mini-pressure-cooker-1-litre-wholesale-4_-540x540.webp 540w, https:\/\/www.linktonkitchen.com\/wp-content\/uploads\/2024\/07\/mini-pressure-cooker-1-litre-wholesale-4_-660x660.webp 660w\" sizes=\"(max-width: 3652px) 100vw, 3652px\" \/><\/figure>\n<\/div>\n<\/div>\n\n\n\n<div class=\"wp-block-columns is-layout-flex wp-container-core-columns-is-layout-9d6595d7 wp-block-columns-is-layout-flex\">\n<div class=\"wp-block-column is-vertically-aligned-top is-layout-flow wp-block-column-is-layout-flow\">\n<figure class=\"wp-block-image size-full\"><img decoding=\"async\" width=\"3762\" height=\"3762\" src=\"https:\/\/www.linktonkitchen.com\/wp-content\/uploads\/2024\/07\/mini-pressure-cooker-1-litre-wholesale-3_.webp\" alt=\"mini olla a presion 1 litro al por mayor\" class=\"wp-image-4664\" srcset=\"https:\/\/www.linktonkitchen.com\/wp-content\/uploads\/2024\/07\/mini-pressure-cooker-1-litre-wholesale-3_.webp 3762w, https:\/\/www.linktonkitchen.com\/wp-content\/uploads\/2024\/07\/mini-pressure-cooker-1-litre-wholesale-3_-300x300.webp 300w, https:\/\/www.linktonkitchen.com\/wp-content\/uploads\/2024\/07\/mini-pressure-cooker-1-litre-wholesale-3_-150x150.webp 150w, https:\/\/www.linktonkitchen.com\/wp-content\/uploads\/2024\/07\/mini-pressure-cooker-1-litre-wholesale-3_-768x768.webp 768w, https:\/\/www.linktonkitchen.com\/wp-content\/uploads\/2024\/07\/mini-pressure-cooker-1-litre-wholesale-3_-12x12.webp 12w, https:\/\/www.linktonkitchen.com\/wp-content\/uploads\/2024\/07\/mini-pressure-cooker-1-litre-wholesale-3_-285x285.webp 285w, https:\/\/www.linktonkitchen.com\/wp-content\/uploads\/2024\/07\/mini-pressure-cooker-1-litre-wholesale-3_-1600x1600.webp 1600w, https:\/\/www.linktonkitchen.com\/wp-content\/uploads\/2024\/07\/mini-pressure-cooker-1-litre-wholesale-3_-270x270.webp 270w, https:\/\/www.linktonkitchen.com\/wp-content\/uploads\/2024\/07\/mini-pressure-cooker-1-litre-wholesale-3_-540x540.webp 540w, https:\/\/www.linktonkitchen.com\/wp-content\/uploads\/2024\/07\/mini-pressure-cooker-1-litre-wholesale-3_-660x660.webp 660w\" sizes=\"(max-width: 3762px) 100vw, 3762px\" \/><\/figure>\n<\/div>\n\n\n\n<div class=\"wp-block-column is-vertically-aligned-center is-layout-flow wp-block-column-is-layout-flow\">\n<h3 class=\"wp-block-heading\">Mini olla a presi\u00f3n personalizada:<\/h3>\n\n\n\n<p>lLinkton ofrece servicios flexibles de personalizaci\u00f3n OEM y ODM para satisfacer los diferentes requisitos del mercado y el posicionamiento de la marca.<\/p>\n\n\n\n<p><strong>Rango de capacidad:\u00a0<\/strong>Elija entre 0,8-2L para satisfacer las necesidades de diferentes tama\u00f1os de familias.<\/p>\n\n\n\n<p><strong>Acabado superficial:&nbsp;<\/strong>Disponible en pulido espejo (alto brillo), acabado satinado (aspecto cepillado) o revestimiento de color personalizado.<\/p>\n\n\n\n<p><strong>Marca y logotipo:<\/strong><\/p>\n\n\n\n<ul class=\"wp-block-list\">\n<li>Grabado por l\u00e1ser en el cuerpo de la maceta.<\/li>\n\n\n\n<li>Estampado en la parte inferior.<\/li>\n\n\n\n<li>Logotipo personalizado en asas y v\u00e1lvulas de presi\u00f3n.<\/li>\n<\/ul>\n\n\n\n<p><strong>Dise\u00f1o de envases:&nbsp;<\/strong>Cajas de color, manuales de instrucciones y cajas de env\u00edo totalmente personalizados con la identidad visual de su marca.<\/p>\n<\/div>\n<\/div>","protected":false},"excerpt":{"rendered":"<p>Como fabricante de ollas a presi\u00f3n, personalizamos y vendemos al por mayor mini ollas a presi\u00f3n de 1 litro, equipadas con un bot\u00f3n de bloqueo del interruptor, f\u00e1ciles de manejar, adecuadas para personas mayores y 1-2 personas. Bienvenido a contactar con nosotros para obtener el precio de f\u00e1brica y garant\u00eda de seguridad de la olla a presi\u00f3n soluci\u00f3n a granel.<\/p>\n<h2>Especificaciones de la mini olla a presi\u00f3n:<\/h2>\n<table width=\"402\">\n<tbody>\n<tr>\n<td width=\"145\">Fabricante<\/td>\n<td width=\"257\">Linkton<\/td>\n<\/tr>\n<tr>\n<td width=\"145\">N\u00ba de modelo<\/td>\n<td width=\"257\">LT-XFKH<\/td>\n<\/tr>\n<tr>\n<td width=\"145\">Capacidad<\/td>\n<td width=\"257\">0,8L\/ 1,2L\/ 1,6L\/ 2L<\/td>\n<\/tr>\n<tr>\n<td>Material<\/td>\n<td>Triple acero inoxidable<\/td>\n<\/tr>\n<tr>\n<td>Funci\u00f3n<\/td>\n<td width=\"257\">1. Dise\u00f1o de bot\u00f3n de bloqueo de seguridad<br \/>2. Cocci\u00f3n r\u00e1pida<br \/>3. Seguridad a prueba de explosiones<br \/>4. Limpieza c\u00f3moda<\/td>\n<\/tr>\n<tr>\n<td>Estufa aplicable<\/td>\n<td>Cocina de inducci\u00f3n\/de llama abierta\/de gas<\/td>\n<\/tr>\n<tr>\n<td>OEM\/ODM<\/td>\n<td>Aceptable<\/td>\n<\/tr>\n<tr>\n<td>Muestra<\/td>\n<td>MOQ 1 pieza<\/td>\n<\/tr>\n<\/tbody>\n<\/table>","protected":false},"featured_media":5658,"template":"","meta":{"_acf_changed":false},"product-application":[],"product-capacity":[],"product_brand":[],"product_cat":[55],"product_tag":[85],"class_list":{"0":"post-4659","1":"product","2":"type-product","3":"status-publish","4":"has-post-thumbnail","6":"product_cat-pressure-cooker-wholesale","7":"product_tag-stainless-steel-pressure-cooker-wholesale","9":"first","10":"instock","11":"shipping-taxable","12":"product-type-simple"},"acf":[],"_links":{"self":[{"href":"https:\/\/www.linktonkitchen.com\/es\/wp-json\/wp\/v2\/product\/4659","targetHints":{"allow":["GET"]}}],"collection":[{"href":"https:\/\/www.linktonkitchen.com\/es\/wp-json\/wp\/v2\/product"}],"about":[{"href":"https:\/\/www.linktonkitchen.com\/es\/wp-json\/wp\/v2\/types\/product"}],"version-history":[{"count":0,"href":"https:\/\/www.linktonkitchen.com\/es\/wp-json\/wp\/v2\/product\/4659\/revisions"}],"wp:featuredmedia":[{"embeddable":true,"href":"https:\/\/www.linktonkitchen.com\/es\/wp-json\/wp\/v2\/media\/5658"}],"wp:attachment":[{"href":"https:\/\/www.linktonkitchen.com\/es\/wp-json\/wp\/v2\/media?parent=4659"}],"wp:term":[{"taxonomy":"product-application","embeddable":true,"href":"https:\/\/www.linktonkitchen.com\/es\/wp-json\/wp\/v2\/product-application?post=4659"},{"taxonomy":"product-capacity","embeddable":true,"href":"https:\/\/www.linktonkitchen.com\/es\/wp-json\/wp\/v2\/product-capacity?post=4659"},{"taxonomy":"product_brand","embeddable":true,"href":"https:\/\/www.linktonkitchen.com\/es\/wp-json\/wp\/v2\/product_brand?post=4659"},{"taxonomy":"product_cat","embeddable":true,"href":"https:\/\/www.linktonkitchen.com\/es\/wp-json\/wp\/v2\/product_cat?post=4659"},{"taxonomy":"product_tag","embeddable":true,"href":"https:\/\/www.linktonkitchen.com\/es\/wp-json\/wp\/v2\/product_tag?post=4659"}],"curies":[{"name":"wp","href":"https:\/\/api.w.org\/{rel}","templated":true}]}}