{"id":4669,"date":"2024-07-20T10:29:22","date_gmt":"2024-07-20T10:29:22","guid":{"rendered":"https:\/\/www.linktonkitchen.com\/?post_type=product&#038;p=4669"},"modified":"2026-02-05T08:32:14","modified_gmt":"2026-02-05T08:32:14","slug":"juego-de-olla-a-presion-4","status":"publish","type":"product","link":"https:\/\/www.linktonkitchen.com\/es\/producto\/juego-de-olla-a-presion-4\/","title":{"rendered":"Mayorista Olla a Presi\u00f3n Mini, Proveedor de Ollas a Presi\u00f3n Peque\u00f1as"},"content":{"rendered":"<div class=\"wp-block-columns is-layout-flex wp-container-core-columns-is-layout-9d6595d7 wp-block-columns-is-layout-flex\">\n<div class=\"wp-block-column is-layout-flow wp-block-column-is-layout-flow\">\n<h2 class=\"wp-block-heading\">Par\u00e1metros de la olla a presi\u00f3n Mini:<\/h2>\n\n\n\n<figure class=\"wp-block-table\"><table><tbody><tr><td><strong>N\u00ba de modelo<\/strong><\/td><td><strong>Capacidad<\/strong><\/td><td><strong>Di\u00e1metro<\/strong><\/td><\/tr><tr><td rowspan=\"4\">LT-XFKH<\/td><td>0.8 L<\/td><td>13cm\/15cm<\/td><\/tr><tr><td>1.2 L<\/td><td>13cm\/15cm<\/td><\/tr><tr><td>1.6 L<\/td><td>13cm\/15cm<\/td><\/tr><tr><td>2.0 L<\/td><td>13cm\/15cm<\/td><\/tr><\/tbody><\/table><\/figure>\n\n\n\n<h2 class=\"wp-block-heading\">Mini olla a presi\u00f3n Caracter\u00edsticas:<\/h2>\n\n\n\n<p><strong>Tama\u00f1o compacto, perfecto para cocinar peque\u00f1as porciones:<\/strong><br>Disponible en capacidades de 0,8L, 1,2L, 1,6L y 2,0L, ideal para raciones individuales, comida para beb\u00e9s, comida r\u00e1pida o acampadas al aire libre.<\/p>\n\n\n\n<p><strong>Tapa con cierre giratorio, segura y pr\u00e1ctica:<\/strong><br>El mecanismo de cierre giratorio de f\u00e1cil uso garantiza un cierre herm\u00e9tico para evitar fugas de vapor durante la cocci\u00f3n. F\u00e1cil de manejar, seguro y fiable para el uso diario.<\/p>\n\n\n\n<p><strong>Acero inoxidable duradero apto para uso alimentario:<\/strong><br>Fabricada en acero tricapa de alta calidad, es segura y sin revestimiento, no t\u00f3xica, resistente a altas temperaturas y a la corrosi\u00f3n. Su superficie lisa y pulida es f\u00e1cil de limpiar y duradera.<\/p>\n\n\n\n<p><strong>M\u00faltiples sistemas de protecci\u00f3n de seguridad:<\/strong><br>Equipado con regulador de presi\u00f3n y v\u00e1lvula de seguridad para evitar sobrepresiones y quemaduras en seco. Sello resistente al calor que garantiza una larga durabilidad.<\/p>\n\n\n\n<p><strong>Compatible con diversas fuentes de calor:<\/strong><br>Dise\u00f1o de fondo plano, adecuado para cocinas de inducci\u00f3n, cocinas de gas, cocinas el\u00e9ctricas, etc.<\/p>\n\n\n\n<p><strong>Ahorro de energ\u00eda y de tiempo:<\/strong><br>La cocci\u00f3n a alta presi\u00f3n reduce el tiempo de cocci\u00f3n y el consumo de energ\u00eda, y es una opci\u00f3n ideal para preparar comidas de forma r\u00e1pida y eficaz.<\/p>\n\n\n\n<p><strong>Proporcionar apoyo OEM\/ODM a compradores de todo el mundo:<\/strong><br>Logotipos, envases e instrucciones exclusivos personalizables. Modelo de cooperaci\u00f3n flexible para ayudar al desarrollo de su marca.<\/p>\n<\/div>\n\n\n\n<div class=\"wp-block-column is-layout-flow wp-block-column-is-layout-flow\" style=\"flex-basis:30%\">\n<figure class=\"wp-block-embed is-type-video is-provider-youtube wp-block-embed-youtube wp-embed-aspect-9-16 wp-has-aspect-ratio\"><div class=\"wp-block-embed__wrapper\">\n<iframe title=\"Proceso de embalaje de la mini olla a presi\u00f3n:Desde el montaje hasta el sellado de la caja.#utensilios de cocina #acero inoxidable\" width=\"563\" height=\"1000\" src=\"https:\/\/www.youtube.com\/embed\/NnUeBY1GKnM?feature=oembed\" frameborder=\"0\" allow=\"accelerometer; autoplay; clipboard-write; encrypted-media; gyroscope; picture-in-picture; web-share\" referrerpolicy=\"strict-origin-when-cross-origin\" allowfullscreen><\/iframe>\n<\/div><\/figure>\n<\/div>\n<\/div>\n\n\n\n<div class=\"wp-block-columns is-layout-flex wp-container-core-columns-is-layout-9d6595d7 wp-block-columns-is-layout-flex\">\n<div class=\"wp-block-column is-layout-flow wp-block-column-is-layout-flow\">\n<figure class=\"wp-block-image size-full\"><img fetchpriority=\"high\" decoding=\"async\" width=\"3390\" height=\"3390\" src=\"https:\/\/www.linktonkitchen.com\/wp-content\/uploads\/2024\/07\/pressure-cooker-mini-wholesale-2_.webp\" alt=\"olla a presion mini al por mayor\" class=\"wp-image-4672\" srcset=\"https:\/\/www.linktonkitchen.com\/wp-content\/uploads\/2024\/07\/pressure-cooker-mini-wholesale-2_.webp 3390w, https:\/\/www.linktonkitchen.com\/wp-content\/uploads\/2024\/07\/pressure-cooker-mini-wholesale-2_-300x300.webp 300w, https:\/\/www.linktonkitchen.com\/wp-content\/uploads\/2024\/07\/pressure-cooker-mini-wholesale-2_-150x150.webp 150w, https:\/\/www.linktonkitchen.com\/wp-content\/uploads\/2024\/07\/pressure-cooker-mini-wholesale-2_-768x768.webp 768w, https:\/\/www.linktonkitchen.com\/wp-content\/uploads\/2024\/07\/pressure-cooker-mini-wholesale-2_-12x12.webp 12w, https:\/\/www.linktonkitchen.com\/wp-content\/uploads\/2024\/07\/pressure-cooker-mini-wholesale-2_-285x285.webp 285w, https:\/\/www.linktonkitchen.com\/wp-content\/uploads\/2024\/07\/pressure-cooker-mini-wholesale-2_-1600x1600.webp 1600w, https:\/\/www.linktonkitchen.com\/wp-content\/uploads\/2024\/07\/pressure-cooker-mini-wholesale-2_-270x270.webp 270w, https:\/\/www.linktonkitchen.com\/wp-content\/uploads\/2024\/07\/pressure-cooker-mini-wholesale-2_-540x540.webp 540w, https:\/\/www.linktonkitchen.com\/wp-content\/uploads\/2024\/07\/pressure-cooker-mini-wholesale-2_-660x660.webp 660w\" sizes=\"(max-width: 3390px) 100vw, 3390px\" \/><\/figure>\n<\/div>\n\n\n\n<div class=\"wp-block-column is-layout-flow wp-block-column-is-layout-flow\">\n<h2 class=\"wp-block-heading\">Olla a presi\u00f3n personalizada Mini:<\/h2>\n\n\n\n<p>Linkton ofrece servicios flexibles de personalizaci\u00f3n OEM y ODM para satisfacer los diferentes requisitos del mercado y el posicionamiento de la marca.<\/p>\n\n\n\n<p><strong>Rango de capacidad:&nbsp;<\/strong>Elija entre 0,8-2L para satisfacer las necesidades de diferentes tama\u00f1os de familias.<\/p>\n\n\n\n<p><strong>Acabado superficial:&nbsp;<\/strong>Disponible en pulido espejo (alto brillo), acabado satinado (aspecto cepillado) o revestimiento de color personalizado.<\/p>\n\n\n\n<p><strong>Marca y logotipo:<\/strong><\/p>\n\n\n\n<ul class=\"wp-block-list\">\n<li>Grabado por l\u00e1ser en el cuerpo de la maceta.<\/li>\n\n\n\n<li>Estampado en la parte inferior.<\/li>\n\n\n\n<li>Logotipo personalizado en asas y v\u00e1lvulas de presi\u00f3n.<\/li>\n<\/ul>\n\n\n\n<p><strong>Dise\u00f1o de envases:&nbsp;<\/strong>Cajas de color, manuales de instrucciones y cajas de env\u00edo totalmente personalizados con la identidad visual de su marca.<\/p>\n<\/div>\n<\/div>","protected":false},"excerpt":{"rendered":"<p>Personalizamos y venta al por mayor olla a presi\u00f3n mini a precio de f\u00e1brica, triple material de acero inoxidable, girando el dise\u00f1o de bloqueo autom\u00e1tico y sistema de seguridad a prueba de explosiones, apto para uso al aire libre y el hogar. Es uno de los estilos de olla a presi\u00f3n m\u00e1s populares.<\/p>\n<h2>Especificaciones de la olla a presi\u00f3n Mini:<\/h2>\n<table width=\"402\">\n<tbody>\n<tr>\n<td width=\"145\">Fabricante<\/td>\n<td width=\"257\">Linkton<\/td>\n<\/tr>\n<tr>\n<td width=\"145\">N\u00ba de modelo<\/td>\n<td width=\"257\">LT-XFKH<\/td>\n<\/tr>\n<tr>\n<td width=\"145\">Capacidad<\/td>\n<td width=\"257\">0,8L\/ 1,2L\/ 1,6L\/ 2,0L<\/td>\n<\/tr>\n<tr>\n<td>Material<\/td>\n<td>Triple acero inoxidable<\/td>\n<\/tr>\n<tr>\n<td>Funci\u00f3n<\/td>\n<td width=\"257\">1. Dise\u00f1o de tapa con cierre giratorio para mayor seguridad y comodidad<br \/>2. Cocci\u00f3n r\u00e1pida<br \/>3. Seguridad a prueba de explosiones<br \/>4. Limpieza c\u00f3moda<\/td>\n<\/tr>\n<tr>\n<td>Estufa aplicable<\/td>\n<td>Cocina de inducci\u00f3n\/de llama abierta\/de gas<\/td>\n<\/tr>\n<tr>\n<td>OEM\/ODM<\/td>\n<td>Aceptable<\/td>\n<\/tr>\n<tr>\n<td>Muestra<\/td>\n<td>MOQ 1 pieza<\/td>\n<\/tr>\n<\/tbody>\n<\/table>","protected":false},"featured_media":5660,"template":"","meta":{"_acf_changed":false},"product-application":[],"product-capacity":[],"product_brand":[],"product_cat":[55],"product_tag":[85],"class_list":{"0":"post-4669","1":"product","2":"type-product","3":"status-publish","4":"has-post-thumbnail","6":"product_cat-pressure-cooker-wholesale","7":"product_tag-stainless-steel-pressure-cooker-wholesale","9":"first","10":"instock","11":"shipping-taxable","12":"product-type-simple"},"acf":[],"_links":{"self":[{"href":"https:\/\/www.linktonkitchen.com\/es\/wp-json\/wp\/v2\/product\/4669","targetHints":{"allow":["GET"]}}],"collection":[{"href":"https:\/\/www.linktonkitchen.com\/es\/wp-json\/wp\/v2\/product"}],"about":[{"href":"https:\/\/www.linktonkitchen.com\/es\/wp-json\/wp\/v2\/types\/product"}],"version-history":[{"count":11,"href":"https:\/\/www.linktonkitchen.com\/es\/wp-json\/wp\/v2\/product\/4669\/revisions"}],"predecessor-version":[{"id":7437,"href":"https:\/\/www.linktonkitchen.com\/es\/wp-json\/wp\/v2\/product\/4669\/revisions\/7437"}],"wp:featuredmedia":[{"embeddable":true,"href":"https:\/\/www.linktonkitchen.com\/es\/wp-json\/wp\/v2\/media\/5660"}],"wp:attachment":[{"href":"https:\/\/www.linktonkitchen.com\/es\/wp-json\/wp\/v2\/media?parent=4669"}],"wp:term":[{"taxonomy":"product-application","embeddable":true,"href":"https:\/\/www.linktonkitchen.com\/es\/wp-json\/wp\/v2\/product-application?post=4669"},{"taxonomy":"product-capacity","embeddable":true,"href":"https:\/\/www.linktonkitchen.com\/es\/wp-json\/wp\/v2\/product-capacity?post=4669"},{"taxonomy":"product_brand","embeddable":true,"href":"https:\/\/www.linktonkitchen.com\/es\/wp-json\/wp\/v2\/product_brand?post=4669"},{"taxonomy":"product_cat","embeddable":true,"href":"https:\/\/www.linktonkitchen.com\/es\/wp-json\/wp\/v2\/product_cat?post=4669"},{"taxonomy":"product_tag","embeddable":true,"href":"https:\/\/www.linktonkitchen.com\/es\/wp-json\/wp\/v2\/product_tag?post=4669"}],"curies":[{"name":"wp","href":"https:\/\/api.w.org\/{rel}","templated":true}]}}