{"id":4680,"date":"2024-07-20T10:51:08","date_gmt":"2024-07-20T10:51:08","guid":{"rendered":"https:\/\/www.linktonkitchen.com\/?post_type=product&#038;p=4680"},"modified":"2024-07-20T12:07:52","modified_gmt":"2024-07-20T12:07:52","slug":"gn-pan-2","status":"publish","type":"product","link":"https:\/\/www.linktonkitchen.com\/es\/product\/gastronorm-pans-wholesale\/","title":{"rendered":"Mayorista Sartenes Gastronorm American Standard Acero Inoxidable"},"content":{"rendered":"<div class=\"wp-block-columns is-layout-flex wp-container-core-columns-is-layout-9d6595d7 wp-block-columns-is-layout-flex\">\n<div class=\"wp-block-column is-layout-flow wp-block-column-is-layout-flow\">\n<h3 class=\"wp-block-heading\">Sartenes Gastronorm <strong>Caracter\u00edsticas:<\/strong><\/h3>\n\n\n\n<p><strong>Est\u00e1ndar americano: <\/strong><br>Sigue los est\u00e1ndares de planchas de uso com\u00fan en la industria hotelera estadounidense, con un tama\u00f1o uniforme, lo que resulta conveniente para una conexi\u00f3n perfecta con los equipos de restauraci\u00f3n internacionales y mejora la eficacia operativa.<\/p>\n\n\n\n<p><strong>Dise\u00f1o sencillo: <\/strong><br>Su aspecto es sencillo y elegante, con l\u00edneas suaves, que no s\u00f3lo se ajusta a la est\u00e9tica moderna, sino que tambi\u00e9n es f\u00e1cil de limpiar y mantener, reduciendo los rincones muertos de la higiene de la cocina.<\/p>\n\n\n\n<p><strong>Varias especificaciones: <\/strong><br>Proporciona una variedad de especificaciones de 1\/2 a tama\u00f1o completo para satisfacer las necesidades de almacenamiento de diferentes cantidades de alimentos, y responder con flexibilidad a diversos escenarios de comedor.<\/p>\n\n\n\n<p><strong>Duradero y resistente: <\/strong><br>Fabricado en acero inoxidable de alta calidad, tiene una estructura s\u00f3lida y una gran resistencia a la corrosi\u00f3n.<\/p>\n\n\n\n<p><strong>Seguro y saludable: <\/strong><br>Cumple las normas internacionales de seguridad alimentaria, no es t\u00f3xico ni nocivo, y garantiza que los alimentos se mantengan puros y frescos durante su almacenamiento y exposici\u00f3n.<\/p>\n<\/div>\n\n\n\n<div class=\"wp-block-column is-layout-flow wp-block-column-is-layout-flow\"><div class=\"wp-block-image\">\n<figure class=\"aligncenter size-full is-resized\"><img fetchpriority=\"high\" decoding=\"async\" width=\"748\" height=\"749\" src=\"https:\/\/www.linktonkitchen.com\/wp-content\/uploads\/2024\/07\/gastronorm-pans-wholesale-4.webp\" alt=\"sartenes gastronorm al por mayor\" class=\"wp-image-4684\" style=\"width:389px;height:auto\" srcset=\"https:\/\/www.linktonkitchen.com\/wp-content\/uploads\/2024\/07\/gastronorm-pans-wholesale-4.webp 748w, https:\/\/www.linktonkitchen.com\/wp-content\/uploads\/2024\/07\/gastronorm-pans-wholesale-4-300x300.webp 300w, https:\/\/www.linktonkitchen.com\/wp-content\/uploads\/2024\/07\/gastronorm-pans-wholesale-4-150x150.webp 150w, https:\/\/www.linktonkitchen.com\/wp-content\/uploads\/2024\/07\/gastronorm-pans-wholesale-4-12x12.webp 12w, https:\/\/www.linktonkitchen.com\/wp-content\/uploads\/2024\/07\/gastronorm-pans-wholesale-4-285x285.webp 285w, https:\/\/www.linktonkitchen.com\/wp-content\/uploads\/2024\/07\/gastronorm-pans-wholesale-4-270x270.webp 270w, https:\/\/www.linktonkitchen.com\/wp-content\/uploads\/2024\/07\/gastronorm-pans-wholesale-4-540x540.webp 540w, https:\/\/www.linktonkitchen.com\/wp-content\/uploads\/2024\/07\/gastronorm-pans-wholesale-4-660x660.webp 660w\" sizes=\"(max-width: 748px) 100vw, 748px\" \/><\/figure>\n<\/div>\n\n<div class=\"wp-block-image\">\n<figure class=\"aligncenter size-full is-resized\"><img decoding=\"async\" width=\"750\" height=\"750\" src=\"https:\/\/www.linktonkitchen.com\/wp-content\/uploads\/2024\/07\/gastronorm-pans-wholesale-3-1.webp\" alt=\"\" class=\"wp-image-4686\" style=\"width:387px;height:auto\" srcset=\"https:\/\/www.linktonkitchen.com\/wp-content\/uploads\/2024\/07\/gastronorm-pans-wholesale-3-1.webp 750w, https:\/\/www.linktonkitchen.com\/wp-content\/uploads\/2024\/07\/gastronorm-pans-wholesale-3-1-300x300.webp 300w, https:\/\/www.linktonkitchen.com\/wp-content\/uploads\/2024\/07\/gastronorm-pans-wholesale-3-1-150x150.webp 150w, https:\/\/www.linktonkitchen.com\/wp-content\/uploads\/2024\/07\/gastronorm-pans-wholesale-3-1-12x12.webp 12w, https:\/\/www.linktonkitchen.com\/wp-content\/uploads\/2024\/07\/gastronorm-pans-wholesale-3-1-285x285.webp 285w, https:\/\/www.linktonkitchen.com\/wp-content\/uploads\/2024\/07\/gastronorm-pans-wholesale-3-1-270x270.webp 270w, https:\/\/www.linktonkitchen.com\/wp-content\/uploads\/2024\/07\/gastronorm-pans-wholesale-3-1-540x540.webp 540w, https:\/\/www.linktonkitchen.com\/wp-content\/uploads\/2024\/07\/gastronorm-pans-wholesale-3-1-660x660.webp 660w\" sizes=\"(max-width: 750px) 100vw, 750px\" \/><\/figure>\n<\/div><\/div>\n<\/div>\n\n\n\n<p><\/p>","protected":false},"excerpt":{"rendered":"<p>Las sartenes gastronorm de estilo americano, fabricadas en acero inoxidable de alta calidad, ofrecen soluciones de almacenamiento de gran calidad para hoteles, restaurantes y empresas de catering. El fabricante de sartenes gn de Linkton ofrece servicios personalizados de logotipo, envasado y tapas para crear productos de marca rentables para los clientes.<\/p>\n<h2>Especificaciones de <strong>GN Pan<\/strong>:<\/h2>\n<table border=\"0\" width=\"146\" cellspacing=\"0\" cellpadding=\"0\">\n<tbody>\n<tr>\n<td width=\"73\" height=\"23\">Fabricante<\/td>\n<td width=\"73\">Linkton<\/td>\n<\/tr>\n<tr>\n<td height=\"23\">Material<\/td>\n<td>Acero inoxidable<\/td>\n<\/tr>\n<tr>\n<td height=\"69\">Talla<\/td>\n<td>1\/1,1\/2, 1\/3, 1\/4, 1\/6, 1\/9 recipiente gastronorm<\/td>\n<\/tr>\n<tr>\n<td height=\"23\">Espesor<\/td>\n<td>0,7 mm, 0,8 mm, 1,0 mm, 1,2 mm Espesor de la bandeja gn<\/td>\n<\/tr>\n<tr>\n<td height=\"115\">Muestra<\/td>\n<td>Gratis<\/td>\n<\/tr>\n<tr>\n<td height=\"30\">Personalizaci\u00f3n<\/td>\n<td>Soporta LOGO personalizado en el producto y el paquete, y soporta diferentes paquetes, tales como bolsa \/ bulto \/ cart\u00f3n o como las peticiones del cliente<\/td>\n<\/tr>\n<\/tbody>\n<\/table>","protected":false},"featured_media":4687,"template":"","meta":{"_acf_changed":false},"product-application":[],"product-capacity":[],"product_brand":[],"product_cat":[57],"product_tag":[],"class_list":{"0":"post-4680","1":"product","2":"type-product","3":"status-publish","4":"has-post-thumbnail","6":"product_cat-gn-pan-wholesale","8":"first","9":"instock","10":"shipping-taxable","11":"product-type-simple"},"acf":[],"_links":{"self":[{"href":"https:\/\/www.linktonkitchen.com\/es\/wp-json\/wp\/v2\/product\/4680","targetHints":{"allow":["GET"]}}],"collection":[{"href":"https:\/\/www.linktonkitchen.com\/es\/wp-json\/wp\/v2\/product"}],"about":[{"href":"https:\/\/www.linktonkitchen.com\/es\/wp-json\/wp\/v2\/types\/product"}],"version-history":[{"count":0,"href":"https:\/\/www.linktonkitchen.com\/es\/wp-json\/wp\/v2\/product\/4680\/revisions"}],"wp:featuredmedia":[{"embeddable":true,"href":"https:\/\/www.linktonkitchen.com\/es\/wp-json\/wp\/v2\/media\/4687"}],"wp:attachment":[{"href":"https:\/\/www.linktonkitchen.com\/es\/wp-json\/wp\/v2\/media?parent=4680"}],"wp:term":[{"taxonomy":"product-application","embeddable":true,"href":"https:\/\/www.linktonkitchen.com\/es\/wp-json\/wp\/v2\/product-application?post=4680"},{"taxonomy":"product-capacity","embeddable":true,"href":"https:\/\/www.linktonkitchen.com\/es\/wp-json\/wp\/v2\/product-capacity?post=4680"},{"taxonomy":"product_brand","embeddable":true,"href":"https:\/\/www.linktonkitchen.com\/es\/wp-json\/wp\/v2\/product_brand?post=4680"},{"taxonomy":"product_cat","embeddable":true,"href":"https:\/\/www.linktonkitchen.com\/es\/wp-json\/wp\/v2\/product_cat?post=4680"},{"taxonomy":"product_tag","embeddable":true,"href":"https:\/\/www.linktonkitchen.com\/es\/wp-json\/wp\/v2\/product_tag?post=4680"}],"curies":[{"name":"wp","href":"https:\/\/api.w.org\/{rel}","templated":true}]}}