{"id":4690,"date":"2024-07-20T12:10:45","date_gmt":"2024-07-20T12:10:45","guid":{"rendered":"https:\/\/www.linktonkitchen.com\/?post_type=product&#038;p=4690"},"modified":"2024-07-20T12:48:32","modified_gmt":"2024-07-20T12:48:32","slug":"gn-pan-3","status":"publish","type":"product","link":"https:\/\/www.linktonkitchen.com\/es\/product\/gn-pans-wholesale\/","title":{"rendered":"Mayorista Sartenes Gn Acero Inoxidable Estilo Europeo Todos los Tama\u00f1os"},"content":{"rendered":"<div class=\"wp-block-columns is-layout-flex wp-container-core-columns-is-layout-9d6595d7 wp-block-columns-is-layout-flex\">\n<div class=\"wp-block-column is-layout-flow wp-block-column-is-layout-flow\">\n<h3 class=\"wp-block-heading\">Sartenes Gn <strong>Caracter\u00edsticas:<\/strong><\/h3>\n\n\n\n<p><strong>Dise\u00f1o estandarizado<\/strong>:<br> Sigue las normas europeas GN, tama\u00f1o preciso, f\u00e1cil de compatibilizar con equipos de cocina y vajilla internacionales, y mejora la eficacia de las operaciones de cocina.<\/p>\n\n\n\n<p><strong>Artesan\u00eda fina: <\/strong><br>La pared lateral est\u00e1 equipada con un dise\u00f1o \u00fanico de l\u00ednea antiaprisionamiento, que es bonito y evita eficazmente la acumulaci\u00f3n de restos de comida, es f\u00e1cil de limpiar y apilar, y ahorra espacio de almacenamiento.<\/p>\n\n\n\n<p><strong>Varias especificaciones: <\/strong><br>Proporciona una variedad de especificaciones de 1\/1 a 1\/12 para satisfacer las necesidades de almacenamiento y exposici\u00f3n de diferentes ingredientes, adecuados para buffets, hoteles, restaurantes y procesamiento de alimentos y otras ocasiones.<\/p>\n\n\n\n<p><strong>Gran durabilidad: <\/strong><br>Seleccionamos materiales de acero inoxidable de alta calidad y los sometemos a un estricto proceso de elaboraci\u00f3n para garantizar que el producto sea duradero y mantenga un aspecto brillante tras un uso prolongado.<\/p>\n\n\n\n<p><strong>Respetuoso con el medio ambiente y saludable: <\/strong><br>no t\u00f3xicos e inocuos, en consonancia con los requisitos de seguridad alimentaria, proporcionando a los clientes un entorno gastron\u00f3mico sano y seguro.<\/p>\n<\/div>\n\n\n\n<div class=\"wp-block-column is-layout-flow wp-block-column-is-layout-flow\"><div class=\"wp-block-image\">\n<figure class=\"aligncenter size-full is-resized\"><img fetchpriority=\"high\" decoding=\"async\" width=\"800\" height=\"800\" src=\"https:\/\/www.linktonkitchen.com\/wp-content\/uploads\/2024\/07\/gn-pans-wholesale-2-1.webp\" alt=\"sartenes gn al por mayor\" class=\"wp-image-4699\" style=\"width:389px;height:auto\" srcset=\"https:\/\/www.linktonkitchen.com\/wp-content\/uploads\/2024\/07\/gn-pans-wholesale-2-1.webp 800w, https:\/\/www.linktonkitchen.com\/wp-content\/uploads\/2024\/07\/gn-pans-wholesale-2-1-300x300.webp 300w, https:\/\/www.linktonkitchen.com\/wp-content\/uploads\/2024\/07\/gn-pans-wholesale-2-1-150x150.webp 150w, https:\/\/www.linktonkitchen.com\/wp-content\/uploads\/2024\/07\/gn-pans-wholesale-2-1-768x768.webp 768w, https:\/\/www.linktonkitchen.com\/wp-content\/uploads\/2024\/07\/gn-pans-wholesale-2-1-12x12.webp 12w, https:\/\/www.linktonkitchen.com\/wp-content\/uploads\/2024\/07\/gn-pans-wholesale-2-1-285x285.webp 285w, https:\/\/www.linktonkitchen.com\/wp-content\/uploads\/2024\/07\/gn-pans-wholesale-2-1-270x270.webp 270w, https:\/\/www.linktonkitchen.com\/wp-content\/uploads\/2024\/07\/gn-pans-wholesale-2-1-540x540.webp 540w, https:\/\/www.linktonkitchen.com\/wp-content\/uploads\/2024\/07\/gn-pans-wholesale-2-1-660x660.webp 660w\" sizes=\"(max-width: 800px) 100vw, 800px\" \/><\/figure>\n<\/div>\n\n<div class=\"wp-block-image\">\n<figure class=\"aligncenter size-full is-resized\"><img decoding=\"async\" width=\"750\" height=\"750\" src=\"https:\/\/www.linktonkitchen.com\/wp-content\/uploads\/2024\/07\/gn-pans-wholesale-5.webp\" alt=\"sartenes gn al por mayor\" class=\"wp-image-4700\" style=\"width:387px;height:auto\" srcset=\"https:\/\/www.linktonkitchen.com\/wp-content\/uploads\/2024\/07\/gn-pans-wholesale-5.webp 750w, https:\/\/www.linktonkitchen.com\/wp-content\/uploads\/2024\/07\/gn-pans-wholesale-5-300x300.webp 300w, https:\/\/www.linktonkitchen.com\/wp-content\/uploads\/2024\/07\/gn-pans-wholesale-5-150x150.webp 150w, https:\/\/www.linktonkitchen.com\/wp-content\/uploads\/2024\/07\/gn-pans-wholesale-5-12x12.webp 12w, https:\/\/www.linktonkitchen.com\/wp-content\/uploads\/2024\/07\/gn-pans-wholesale-5-285x285.webp 285w, https:\/\/www.linktonkitchen.com\/wp-content\/uploads\/2024\/07\/gn-pans-wholesale-5-270x270.webp 270w, https:\/\/www.linktonkitchen.com\/wp-content\/uploads\/2024\/07\/gn-pans-wholesale-5-540x540.webp 540w, https:\/\/www.linktonkitchen.com\/wp-content\/uploads\/2024\/07\/gn-pans-wholesale-5-660x660.webp 660w\" sizes=\"(max-width: 750px) 100vw, 750px\" \/><\/figure>\n<\/div><\/div>\n<\/div>\n\n\n\n<p><\/p>","protected":false},"excerpt":{"rendered":"<p>Como fabricante de sartenes GN, vendemos al por mayor sartenes GN de norma europea, fabricadas con materiales de acero inoxidable de alta calidad, admiten tapas, logotipos y envases personalizados, todos los productos tienen precios de f\u00e1brica y cumplen las normas de seguridad alimentaria m\u00e1s estrictas.<\/p>\n<h2>Especificaciones de las sartenes Gn:<\/h2>\n<table border=\"0\" width=\"146\" cellspacing=\"0\" cellpadding=\"0\">\n<tbody>\n<tr>\n<td width=\"73\" height=\"23\">Fabricante<\/td>\n<td width=\"73\">Linkton<\/td>\n<\/tr>\n<tr>\n<td height=\"23\">Material<\/td>\n<td>Acero inoxidable<\/td>\n<\/tr>\n<tr>\n<td height=\"69\">Talla<\/td>\n<td>1\/1,1\/2, 1\/3, 1\/4, 1\/6, 1\/9 recipiente gastronorm<\/td>\n<\/tr>\n<tr>\n<td height=\"23\">Espesor<\/td>\n<td>0,7 mm, 0,8 mm, 1,0 mm, 1,2 mm Espesor de la bandeja gn<\/td>\n<\/tr>\n<tr>\n<td height=\"115\">Muestra<\/td>\n<td>Gratis<\/td>\n<\/tr>\n<tr>\n<td height=\"30\">Personalizaci\u00f3n<\/td>\n<td>Soporta LOGO personalizado en el producto y el paquete, y soporta diferentes paquetes, tales como bolsa \/ bulto \/ cart\u00f3n o como las peticiones del cliente<\/td>\n<\/tr>\n<\/tbody>\n<\/table>","protected":false},"featured_media":4698,"template":"","meta":{"_acf_changed":false},"product-application":[],"product-capacity":[],"product_brand":[],"product_cat":[57],"product_tag":[],"class_list":{"0":"post-4690","1":"product","2":"type-product","3":"status-publish","4":"has-post-thumbnail","6":"product_cat-gn-pan-wholesale","8":"first","9":"instock","10":"shipping-taxable","11":"product-type-simple"},"acf":[],"_links":{"self":[{"href":"https:\/\/www.linktonkitchen.com\/es\/wp-json\/wp\/v2\/product\/4690","targetHints":{"allow":["GET"]}}],"collection":[{"href":"https:\/\/www.linktonkitchen.com\/es\/wp-json\/wp\/v2\/product"}],"about":[{"href":"https:\/\/www.linktonkitchen.com\/es\/wp-json\/wp\/v2\/types\/product"}],"version-history":[{"count":0,"href":"https:\/\/www.linktonkitchen.com\/es\/wp-json\/wp\/v2\/product\/4690\/revisions"}],"wp:featuredmedia":[{"embeddable":true,"href":"https:\/\/www.linktonkitchen.com\/es\/wp-json\/wp\/v2\/media\/4698"}],"wp:attachment":[{"href":"https:\/\/www.linktonkitchen.com\/es\/wp-json\/wp\/v2\/media?parent=4690"}],"wp:term":[{"taxonomy":"product-application","embeddable":true,"href":"https:\/\/www.linktonkitchen.com\/es\/wp-json\/wp\/v2\/product-application?post=4690"},{"taxonomy":"product-capacity","embeddable":true,"href":"https:\/\/www.linktonkitchen.com\/es\/wp-json\/wp\/v2\/product-capacity?post=4690"},{"taxonomy":"product_brand","embeddable":true,"href":"https:\/\/www.linktonkitchen.com\/es\/wp-json\/wp\/v2\/product_brand?post=4690"},{"taxonomy":"product_cat","embeddable":true,"href":"https:\/\/www.linktonkitchen.com\/es\/wp-json\/wp\/v2\/product_cat?post=4690"},{"taxonomy":"product_tag","embeddable":true,"href":"https:\/\/www.linktonkitchen.com\/es\/wp-json\/wp\/v2\/product_tag?post=4690"}],"curies":[{"name":"wp","href":"https:\/\/api.w.org\/{rel}","templated":true}]}}