{"id":4703,"date":"2024-07-20T12:48:53","date_gmt":"2024-07-20T12:48:53","guid":{"rendered":"https:\/\/www.linktonkitchen.com\/?post_type=product&#038;p=4703"},"modified":"2024-07-20T13:01:29","modified_gmt":"2024-07-20T13:01:29","slug":"gn-pan-4","status":"publish","type":"product","link":"https:\/\/www.linktonkitchen.com\/es\/product\/perforated-gn-pan\/","title":{"rendered":"Sart\u00e9n Gn Perforada Acero Inoxidable Estilo Europeo Tama\u00f1os Completos"},"content":{"rendered":"<div class=\"wp-block-columns is-layout-flex wp-container-core-columns-is-layout-9d6595d7 wp-block-columns-is-layout-flex\">\n<div class=\"wp-block-column is-layout-flow wp-block-column-is-layout-flow\">\n<h3 class=\"wp-block-heading\">Sart\u00e9n perforada Gn <strong>Caracter\u00edsticas:<\/strong><\/h3>\n\n\n\n<p><strong>Dise\u00f1o perforado:<\/strong><br>Permite que los alimentos escurran y se ventilen con facilidad, especialmente indicado para ocasiones en las que es necesario escurrir o mantener frescos los alimentos.<\/p>\n\n\n\n<p><strong>Tama\u00f1o est\u00e1ndar:<\/strong><br>Todos los siguientes GN pan est\u00e1ndar, adecuado para su uso en cualquier cocina o comedor escena<\/p>\n\n\n\n<p><strong>Durabilidad:<\/strong><br>El acero inoxidable de calidad alimentaria tiene una gran durabilidad y puede soportar la limpieza y el uso frecuentes. Esquinas reforzadas y grosor del soporte inferior para aumentar su capacidad de carga y su capacidad antideformaci\u00f3n.<\/p>\n\n\n\n<p><strong>F\u00e1cil de limpiar y mantener:<\/strong><br>La superficie lisa y el dise\u00f1o perforado son f\u00e1ciles de limpiar y reducen el riesgo de proliferaci\u00f3n bacteriana.<\/p>\n\n\n\n<p>El dise\u00f1o apilable ahorra espacio de almacenamiento y es f\u00e1cil de guardar ordenadamente en la cocina.<\/p>\n<\/div>\n\n\n\n<div class=\"wp-block-column is-layout-flow wp-block-column-is-layout-flow\"><div class=\"wp-block-image\">\n<figure class=\"aligncenter size-full is-resized\"><img fetchpriority=\"high\" decoding=\"async\" width=\"5090\" height=\"5090\" src=\"https:\/\/www.linktonkitchen.com\/wp-content\/uploads\/2024\/07\/perforated-gn-pan-wholesale-3.webp\" alt=\"sart\u00e9n perforada gn al por mayor\" class=\"wp-image-4706\" style=\"width:389px;height:auto\" srcset=\"https:\/\/www.linktonkitchen.com\/wp-content\/uploads\/2024\/07\/perforated-gn-pan-wholesale-3.webp 5090w, https:\/\/www.linktonkitchen.com\/wp-content\/uploads\/2024\/07\/perforated-gn-pan-wholesale-3-300x300.webp 300w, https:\/\/www.linktonkitchen.com\/wp-content\/uploads\/2024\/07\/perforated-gn-pan-wholesale-3-150x150.webp 150w, https:\/\/www.linktonkitchen.com\/wp-content\/uploads\/2024\/07\/perforated-gn-pan-wholesale-3-768x768.webp 768w, https:\/\/www.linktonkitchen.com\/wp-content\/uploads\/2024\/07\/perforated-gn-pan-wholesale-3-12x12.webp 12w, https:\/\/www.linktonkitchen.com\/wp-content\/uploads\/2024\/07\/perforated-gn-pan-wholesale-3-285x285.webp 285w, https:\/\/www.linktonkitchen.com\/wp-content\/uploads\/2024\/07\/perforated-gn-pan-wholesale-3-1600x1600.webp 1600w, https:\/\/www.linktonkitchen.com\/wp-content\/uploads\/2024\/07\/perforated-gn-pan-wholesale-3-270x270.webp 270w, https:\/\/www.linktonkitchen.com\/wp-content\/uploads\/2024\/07\/perforated-gn-pan-wholesale-3-540x540.webp 540w, https:\/\/www.linktonkitchen.com\/wp-content\/uploads\/2024\/07\/perforated-gn-pan-wholesale-3-660x660.webp 660w\" sizes=\"(max-width: 5090px) 100vw, 5090px\" \/><\/figure>\n<\/div>\n\n<div class=\"wp-block-image\">\n<figure class=\"aligncenter size-full is-resized\"><img decoding=\"async\" width=\"5465\" height=\"5465\" src=\"https:\/\/www.linktonkitchen.com\/wp-content\/uploads\/2024\/07\/perforated-gn-pan-wholesale-2.webp\" alt=\"sart\u00e9n perforada gn al por mayor\" class=\"wp-image-4705\" style=\"width:387px;height:auto\" srcset=\"https:\/\/www.linktonkitchen.com\/wp-content\/uploads\/2024\/07\/perforated-gn-pan-wholesale-2.webp 5465w, https:\/\/www.linktonkitchen.com\/wp-content\/uploads\/2024\/07\/perforated-gn-pan-wholesale-2-300x300.webp 300w, https:\/\/www.linktonkitchen.com\/wp-content\/uploads\/2024\/07\/perforated-gn-pan-wholesale-2-1024x1024.webp 1024w, https:\/\/www.linktonkitchen.com\/wp-content\/uploads\/2024\/07\/perforated-gn-pan-wholesale-2-150x150.webp 150w, https:\/\/www.linktonkitchen.com\/wp-content\/uploads\/2024\/07\/perforated-gn-pan-wholesale-2-768x768.webp 768w, https:\/\/www.linktonkitchen.com\/wp-content\/uploads\/2024\/07\/perforated-gn-pan-wholesale-2-1536x1536.webp 1536w, https:\/\/www.linktonkitchen.com\/wp-content\/uploads\/2024\/07\/perforated-gn-pan-wholesale-2-2048x2048.webp 2048w, https:\/\/www.linktonkitchen.com\/wp-content\/uploads\/2024\/07\/perforated-gn-pan-wholesale-2-12x12.webp 12w, https:\/\/www.linktonkitchen.com\/wp-content\/uploads\/2024\/07\/perforated-gn-pan-wholesale-2-285x285.webp 285w, https:\/\/www.linktonkitchen.com\/wp-content\/uploads\/2024\/07\/perforated-gn-pan-wholesale-2-1600x1600.webp 1600w, https:\/\/www.linktonkitchen.com\/wp-content\/uploads\/2024\/07\/perforated-gn-pan-wholesale-2-270x270.webp 270w, https:\/\/www.linktonkitchen.com\/wp-content\/uploads\/2024\/07\/perforated-gn-pan-wholesale-2-540x540.webp 540w, https:\/\/www.linktonkitchen.com\/wp-content\/uploads\/2024\/07\/perforated-gn-pan-wholesale-2-660x660.webp 660w\" sizes=\"(max-width: 5465px) 100vw, 5465px\" \/><\/figure>\n<\/div><\/div>\n<\/div>\n\n\n\n<p><\/p>","protected":false},"excerpt":{"rendered":"<p>Sart\u00e9n gn perforada directa de f\u00e1brica, acero inoxidable de calidad alimentaria y bordes y fondo reforzados, tama\u00f1o completo adecuado para cocinas, hoteles y otras escenas. P\u00f3ngase en contacto con nosotros ahora para obtener m\u00e1s informaci\u00f3n sobre gn pan soluciones de personalizaci\u00f3n al por mayor.<\/p>\n<h2>Especificaciones de la bandeja perforada Gn:<\/h2>\n<table border=\"0\" width=\"146\" cellspacing=\"0\" cellpadding=\"0\">\n<tbody>\n<tr>\n<td width=\"73\" height=\"23\">Fabricante<\/td>\n<td width=\"73\">Linkton<\/td>\n<\/tr>\n<tr>\n<td height=\"23\">Material<\/td>\n<td>Acero inoxidable<\/td>\n<\/tr>\n<tr>\n<td height=\"69\">Talla<\/td>\n<td>1\/1,1\/2, 1\/3, 1\/4, 1\/6, 1\/9 recipiente gastronorm<\/td>\n<\/tr>\n<tr>\n<td height=\"23\">Espesor<\/td>\n<td>0,7 mm, 0,8 mm, 1,0 mm, 1,2 mm Espesor de la bandeja gn<\/td>\n<\/tr>\n<tr>\n<td height=\"115\">Muestra<\/td>\n<td>Gratis<\/td>\n<\/tr>\n<tr>\n<td height=\"30\">Personalizaci\u00f3n<\/td>\n<td>Soporta LOGO personalizado en el producto y el paquete, y soporta diferentes paquetes, tales como bolsa \/ bulto \/ cart\u00f3n o como las peticiones del cliente<\/td>\n<\/tr>\n<\/tbody>\n<\/table>","protected":false},"featured_media":4708,"template":"","meta":{"_acf_changed":false},"product-application":[],"product-capacity":[],"product_brand":[],"product_cat":[57],"product_tag":[],"class_list":{"0":"post-4703","1":"product","2":"type-product","3":"status-publish","4":"has-post-thumbnail","6":"product_cat-gn-pan-wholesale","8":"first","9":"instock","10":"shipping-taxable","11":"product-type-simple"},"acf":[],"_links":{"self":[{"href":"https:\/\/www.linktonkitchen.com\/es\/wp-json\/wp\/v2\/product\/4703","targetHints":{"allow":["GET"]}}],"collection":[{"href":"https:\/\/www.linktonkitchen.com\/es\/wp-json\/wp\/v2\/product"}],"about":[{"href":"https:\/\/www.linktonkitchen.com\/es\/wp-json\/wp\/v2\/types\/product"}],"version-history":[{"count":0,"href":"https:\/\/www.linktonkitchen.com\/es\/wp-json\/wp\/v2\/product\/4703\/revisions"}],"wp:featuredmedia":[{"embeddable":true,"href":"https:\/\/www.linktonkitchen.com\/es\/wp-json\/wp\/v2\/media\/4708"}],"wp:attachment":[{"href":"https:\/\/www.linktonkitchen.com\/es\/wp-json\/wp\/v2\/media?parent=4703"}],"wp:term":[{"taxonomy":"product-application","embeddable":true,"href":"https:\/\/www.linktonkitchen.com\/es\/wp-json\/wp\/v2\/product-application?post=4703"},{"taxonomy":"product-capacity","embeddable":true,"href":"https:\/\/www.linktonkitchen.com\/es\/wp-json\/wp\/v2\/product-capacity?post=4703"},{"taxonomy":"product_brand","embeddable":true,"href":"https:\/\/www.linktonkitchen.com\/es\/wp-json\/wp\/v2\/product_brand?post=4703"},{"taxonomy":"product_cat","embeddable":true,"href":"https:\/\/www.linktonkitchen.com\/es\/wp-json\/wp\/v2\/product_cat?post=4703"},{"taxonomy":"product_tag","embeddable":true,"href":"https:\/\/www.linktonkitchen.com\/es\/wp-json\/wp\/v2\/product_tag?post=4703"}],"curies":[{"name":"wp","href":"https:\/\/api.w.org\/{rel}","templated":true}]}}