{"id":5066,"date":"2024-12-17T12:16:02","date_gmt":"2024-12-17T12:16:02","guid":{"rendered":"https:\/\/www.linktonkitchen.com\/?post_type=product&#038;p=5066"},"modified":"2026-02-04T03:23:35","modified_gmt":"2026-02-04T03:23:35","slug":"juego-de-olla-a-presion-5","status":"publish","type":"product","link":"https:\/\/www.linktonkitchen.com\/es\/product\/wholesale-portable-pressure-cooker\/","title":{"rendered":"Mayorista Olla a Presi\u00f3n de Apertura F\u00e1cil con Una Sola Mano, Olla Port\u00e1til de Acero Inoxidable"},"content":{"rendered":"<div class=\"wp-block-columns is-layout-flex wp-container-core-columns-is-layout-9d6595d7 wp-block-columns-is-layout-flex\">\n<div class=\"wp-block-column is-layout-flow wp-block-column-is-layout-flow\">\n<figure class=\"wp-block-embed is-type-video is-provider-youtube wp-block-embed-youtube wp-embed-aspect-16-9 wp-has-aspect-ratio\"><div class=\"wp-block-embed__wrapper\">\n<iframe title=\"Abrir la olla a presi\u00f3n\" width=\"940\" height=\"529\" src=\"https:\/\/www.youtube.com\/embed\/zqieVkmrfIM?feature=oembed\" frameborder=\"0\" allow=\"accelerometer; autoplay; clipboard-write; encrypted-media; gyroscope; picture-in-picture; web-share\" referrerpolicy=\"strict-origin-when-cross-origin\" allowfullscreen><\/iframe>\n<\/div><\/figure>\n<\/div>\n\n\n\n<div class=\"wp-block-column is-layout-flow wp-block-column-is-layout-flow\">\n<h2 class=\"wp-block-heading\">Par\u00e1metro de la olla a presi\u00f3n con una sola mano:<\/h2>\n\n\n\n<figure class=\"wp-block-table\"><table><tbody><tr><td>N\u00ba de modelo<\/td><td>Capacidad<\/td><td>Di\u00e1metro<\/td><\/tr><tr><td rowspan=\"4\">LT-XFKH<\/td><td>4 L<\/td><td>24 cm<\/td><\/tr><tr><td>6.5 L<\/td><td>24 cm<\/td><\/tr><tr><td>8 L<\/td><td>24 cm<\/td><\/tr><\/tbody><\/table><\/figure>\n<\/div>\n<\/div>\n\n\n\n<div class=\"wp-block-columns is-layout-flex wp-container-core-columns-is-layout-9d6595d7 wp-block-columns-is-layout-flex\">\n<div class=\"wp-block-column is-layout-flow wp-block-column-is-layout-flow\">\n<h2 class=\"wp-block-heading\">Olla a presi\u00f3n con una sola mano Caracter\u00edsticas:<\/h2>\n\n\n\n<p><strong>Apertura y cierre f\u00e1ciles con una sola mano:<\/strong> Con un asa y un mecanismo de apertura con una sola mano, es f\u00e1cil de manejar y perfecta para un estilo de vida ajetreado.<\/p>\n\n\n\n<p><strong>Dos velocidades ajustables: <\/strong>Tensi\u00f3n 60 KPA,\u2248110\u00b0Ccocci\u00f3n de alimentos, arroz y verduras f\u00e1ciles de cocinar; tensi\u00f3n 100 KPA,~120\u00b0Ccocci\u00f3n de alimentos alimentos no cocinables, huesos y carne.<\/p>\n\n\n\n<p><strong>La cocci\u00f3n a alta presi\u00f3n es m\u00e1s r\u00e1pida:<\/strong> Nuestra olla a presi\u00f3n est\u00e1 dise\u00f1ada para alcanzar los 100 kPa y acelerar el tiempo de cocci\u00f3n conservando el sabor y la nutrici\u00f3n naturales de los alimentos.<\/p>\n\n\n\n<p><strong>Material de acero inoxidable seguro: <\/strong>Fabricada en acero inoxidable 304 de calidad alimentaria y con una base de material compuesto engrosado, distribuye uniformemente el calor y es segura y duradera.<\/p>\n\n\n\n<p><strong>Protecci\u00f3n de seguridad de 6 niveles: <\/strong>incluyendo asas de seguridad, v\u00e1lvulas autoblocantes y aislamiento antideslizante, etc., para garantizar un uso seguro y sin preocupaciones.<\/p>\n\n\n\n<p><strong>Gran capacidad para varias personas: <\/strong>Capacidad de 4-8L, lo suficientemente grande para cocinar un pollo entero, perfecto para comidas familiares o en grupo.<\/p>\n\n\n\n<p><strong>Vers\u00e1til para varias estufas: <\/strong>Esta olla a presi\u00f3n es adecuada para cocinar al vapor y en cocinas de inducci\u00f3n, de gas, etc.<\/p>\n\n\n\n<p><strong>F\u00e1cil de mantener e inoxidable:<\/strong> Moldeado de una sola pieza, superficie lisa, f\u00e1cil de limpiar.<\/p>\n<\/div>\n\n\n\n<div class=\"wp-block-column is-layout-flow wp-block-column-is-layout-flow\">\n<figure class=\"wp-block-image size-full\"><img fetchpriority=\"high\" decoding=\"async\" width=\"790\" height=\"790\" src=\"https:\/\/www.linktonkitchen.com\/wp-content\/uploads\/2024\/12\/Wholesale-One-Hand-Easy-Open-Pressure-Cooker-Stovetops-Induction-Stainless-Steel-4.webp\" alt=\"Mayorista Olla a Presi\u00f3n de Apertura F\u00e1cil con Una Sola Mano, Acero Inoxidable para Cocinas de Inducci\u00f3n\" class=\"wp-image-7264\" style=\"object-fit:cover\" srcset=\"https:\/\/www.linktonkitchen.com\/wp-content\/uploads\/2024\/12\/Wholesale-One-Hand-Easy-Open-Pressure-Cooker-Stovetops-Induction-Stainless-Steel-4.webp 790w, https:\/\/www.linktonkitchen.com\/wp-content\/uploads\/2024\/12\/Wholesale-One-Hand-Easy-Open-Pressure-Cooker-Stovetops-Induction-Stainless-Steel-4-300x300.webp 300w, https:\/\/www.linktonkitchen.com\/wp-content\/uploads\/2024\/12\/Wholesale-One-Hand-Easy-Open-Pressure-Cooker-Stovetops-Induction-Stainless-Steel-4-150x150.webp 150w, https:\/\/www.linktonkitchen.com\/wp-content\/uploads\/2024\/12\/Wholesale-One-Hand-Easy-Open-Pressure-Cooker-Stovetops-Induction-Stainless-Steel-4-768x768.webp 768w, https:\/\/www.linktonkitchen.com\/wp-content\/uploads\/2024\/12\/Wholesale-One-Hand-Easy-Open-Pressure-Cooker-Stovetops-Induction-Stainless-Steel-4-12x12.webp 12w, https:\/\/www.linktonkitchen.com\/wp-content\/uploads\/2024\/12\/Wholesale-One-Hand-Easy-Open-Pressure-Cooker-Stovetops-Induction-Stainless-Steel-4-285x285.webp 285w, https:\/\/www.linktonkitchen.com\/wp-content\/uploads\/2024\/12\/Wholesale-One-Hand-Easy-Open-Pressure-Cooker-Stovetops-Induction-Stainless-Steel-4-270x270.webp 270w, https:\/\/www.linktonkitchen.com\/wp-content\/uploads\/2024\/12\/Wholesale-One-Hand-Easy-Open-Pressure-Cooker-Stovetops-Induction-Stainless-Steel-4-540x540.webp 540w, https:\/\/www.linktonkitchen.com\/wp-content\/uploads\/2024\/12\/Wholesale-One-Hand-Easy-Open-Pressure-Cooker-Stovetops-Induction-Stainless-Steel-4-660x660.webp 660w\" sizes=\"(max-width: 790px) 100vw, 790px\" \/><\/figure>\n<\/div>\n<\/div>\n\n\n\n<div class=\"wp-block-columns is-layout-flex wp-container-core-columns-is-layout-9d6595d7 wp-block-columns-is-layout-flex\">\n<div class=\"wp-block-column is-layout-flow wp-block-column-is-layout-flow\">\n<figure class=\"wp-block-image size-full\"><img decoding=\"async\" width=\"800\" height=\"800\" src=\"https:\/\/www.linktonkitchen.com\/wp-content\/uploads\/2024\/12\/Wholesale-One-Hand-Easy-Open-Pressure-Cooker-Stovetops-Induction-Stainless-Steel-1.webp\" alt=\"Mayorista Olla a Presi\u00f3n de Apertura F\u00e1cil con Una Sola Mano, Acero Inoxidable para Cocinas de Inducci\u00f3n\" class=\"wp-image-7261\" srcset=\"https:\/\/www.linktonkitchen.com\/wp-content\/uploads\/2024\/12\/Wholesale-One-Hand-Easy-Open-Pressure-Cooker-Stovetops-Induction-Stainless-Steel-1.webp 800w, https:\/\/www.linktonkitchen.com\/wp-content\/uploads\/2024\/12\/Wholesale-One-Hand-Easy-Open-Pressure-Cooker-Stovetops-Induction-Stainless-Steel-1-300x300.webp 300w, https:\/\/www.linktonkitchen.com\/wp-content\/uploads\/2024\/12\/Wholesale-One-Hand-Easy-Open-Pressure-Cooker-Stovetops-Induction-Stainless-Steel-1-150x150.webp 150w, https:\/\/www.linktonkitchen.com\/wp-content\/uploads\/2024\/12\/Wholesale-One-Hand-Easy-Open-Pressure-Cooker-Stovetops-Induction-Stainless-Steel-1-768x768.webp 768w, https:\/\/www.linktonkitchen.com\/wp-content\/uploads\/2024\/12\/Wholesale-One-Hand-Easy-Open-Pressure-Cooker-Stovetops-Induction-Stainless-Steel-1-12x12.webp 12w, https:\/\/www.linktonkitchen.com\/wp-content\/uploads\/2024\/12\/Wholesale-One-Hand-Easy-Open-Pressure-Cooker-Stovetops-Induction-Stainless-Steel-1-285x285.webp 285w, https:\/\/www.linktonkitchen.com\/wp-content\/uploads\/2024\/12\/Wholesale-One-Hand-Easy-Open-Pressure-Cooker-Stovetops-Induction-Stainless-Steel-1-270x270.webp 270w, https:\/\/www.linktonkitchen.com\/wp-content\/uploads\/2024\/12\/Wholesale-One-Hand-Easy-Open-Pressure-Cooker-Stovetops-Induction-Stainless-Steel-1-540x540.webp 540w, https:\/\/www.linktonkitchen.com\/wp-content\/uploads\/2024\/12\/Wholesale-One-Hand-Easy-Open-Pressure-Cooker-Stovetops-Induction-Stainless-Steel-1-660x660.webp 660w\" sizes=\"(max-width: 800px) 100vw, 800px\" \/><\/figure>\n<\/div>\n\n\n\n<div class=\"wp-block-column is-layout-flow wp-block-column-is-layout-flow\">\n<figure class=\"wp-block-image size-full\"><img decoding=\"async\" width=\"720\" height=\"720\" src=\"https:\/\/www.linktonkitchen.com\/wp-content\/uploads\/2024\/12\/Wholesale-One-Hand-Easy-Open-Pressure-Cooker-Stovetops-Induction-Stainless-Steel-9.webp\" alt=\"Mayorista Olla a Presi\u00f3n de Apertura F\u00e1cil con Una Sola Mano, Acero Inoxidable para Cocinas de Inducci\u00f3n\" class=\"wp-image-7269\" srcset=\"https:\/\/www.linktonkitchen.com\/wp-content\/uploads\/2024\/12\/Wholesale-One-Hand-Easy-Open-Pressure-Cooker-Stovetops-Induction-Stainless-Steel-9.webp 720w, https:\/\/www.linktonkitchen.com\/wp-content\/uploads\/2024\/12\/Wholesale-One-Hand-Easy-Open-Pressure-Cooker-Stovetops-Induction-Stainless-Steel-9-300x300.webp 300w, https:\/\/www.linktonkitchen.com\/wp-content\/uploads\/2024\/12\/Wholesale-One-Hand-Easy-Open-Pressure-Cooker-Stovetops-Induction-Stainless-Steel-9-150x150.webp 150w, https:\/\/www.linktonkitchen.com\/wp-content\/uploads\/2024\/12\/Wholesale-One-Hand-Easy-Open-Pressure-Cooker-Stovetops-Induction-Stainless-Steel-9-12x12.webp 12w, https:\/\/www.linktonkitchen.com\/wp-content\/uploads\/2024\/12\/Wholesale-One-Hand-Easy-Open-Pressure-Cooker-Stovetops-Induction-Stainless-Steel-9-285x285.webp 285w, https:\/\/www.linktonkitchen.com\/wp-content\/uploads\/2024\/12\/Wholesale-One-Hand-Easy-Open-Pressure-Cooker-Stovetops-Induction-Stainless-Steel-9-270x270.webp 270w, https:\/\/www.linktonkitchen.com\/wp-content\/uploads\/2024\/12\/Wholesale-One-Hand-Easy-Open-Pressure-Cooker-Stovetops-Induction-Stainless-Steel-9-540x540.webp 540w, https:\/\/www.linktonkitchen.com\/wp-content\/uploads\/2024\/12\/Wholesale-One-Hand-Easy-Open-Pressure-Cooker-Stovetops-Induction-Stainless-Steel-9-660x660.webp 660w\" sizes=\"(max-width: 720px) 100vw, 720px\" \/><\/figure>\n<\/div>\n<\/div>\n\n\n\n<div class=\"wp-block-columns is-layout-flex wp-container-core-columns-is-layout-9d6595d7 wp-block-columns-is-layout-flex\">\n<div class=\"wp-block-column is-layout-flow wp-block-column-is-layout-flow\">\n<figure class=\"wp-block-image size-full\"><img loading=\"lazy\" decoding=\"async\" width=\"800\" height=\"450\" src=\"https:\/\/www.linktonkitchen.com\/wp-content\/uploads\/2024\/12\/Wholesale-One-Hand-Easy-Open-Pressure-Cooker-Stovetops-Induction-Stainless-Steel.webp\" alt=\"Mayorista Olla a Presi\u00f3n de Apertura F\u00e1cil con Una Sola Mano, Acero Inoxidable para Cocinas de Inducci\u00f3n\" class=\"wp-image-7271\" srcset=\"https:\/\/www.linktonkitchen.com\/wp-content\/uploads\/2024\/12\/Wholesale-One-Hand-Easy-Open-Pressure-Cooker-Stovetops-Induction-Stainless-Steel.webp 800w, https:\/\/www.linktonkitchen.com\/wp-content\/uploads\/2024\/12\/Wholesale-One-Hand-Easy-Open-Pressure-Cooker-Stovetops-Induction-Stainless-Steel-300x169.webp 300w, https:\/\/www.linktonkitchen.com\/wp-content\/uploads\/2024\/12\/Wholesale-One-Hand-Easy-Open-Pressure-Cooker-Stovetops-Induction-Stainless-Steel-768x432.webp 768w, https:\/\/www.linktonkitchen.com\/wp-content\/uploads\/2024\/12\/Wholesale-One-Hand-Easy-Open-Pressure-Cooker-Stovetops-Induction-Stainless-Steel-18x10.webp 18w, https:\/\/www.linktonkitchen.com\/wp-content\/uploads\/2024\/12\/Wholesale-One-Hand-Easy-Open-Pressure-Cooker-Stovetops-Induction-Stainless-Steel-285x160.webp 285w, https:\/\/www.linktonkitchen.com\/wp-content\/uploads\/2024\/12\/Wholesale-One-Hand-Easy-Open-Pressure-Cooker-Stovetops-Induction-Stainless-Steel-660x371.webp 660w, https:\/\/www.linktonkitchen.com\/wp-content\/uploads\/2024\/12\/Wholesale-One-Hand-Easy-Open-Pressure-Cooker-Stovetops-Induction-Stainless-Steel-150x84.webp 150w\" sizes=\"(max-width: 800px) 100vw, 800px\" \/><\/figure>\n<\/div>\n\n\n\n<div class=\"wp-block-column is-layout-flow wp-block-column-is-layout-flow\">\n<h2 class=\"wp-block-heading\">Olla a presi\u00f3n a medida con una sola mano:<\/h2>\n\n\n\n<p>M\u00e1s all\u00e1 del rendimiento, ofrecemos&nbsp;<strong>Servicios OEM\/ODM<\/strong>&nbsp;para destacar en su mercado local:<\/p>\n\n\n\n<p><strong>Rango de capacidad:\u00a0<\/strong>Elija entre 4L, 6,5L y 8L para satisfacer las necesidades de diferentes tama\u00f1os de familias.<\/p>\n\n\n\n<p><strong>Acabado superficial:&nbsp;<\/strong>Disponible en pulido espejo (alto brillo), acabado satinado (aspecto cepillado) o revestimiento de color personalizado.<\/p>\n\n\n\n<p><strong>Marca y logotipo:<\/strong><\/p>\n\n\n\n<ul class=\"wp-block-list\">\n<li>Grabado por l\u00e1ser en el cuerpo de la maceta.<\/li>\n\n\n\n<li>Estampado en la parte inferior.<\/li>\n\n\n\n<li>Logotipo personalizado en asas y v\u00e1lvulas de presi\u00f3n.<\/li>\n<\/ul>\n\n\n\n<p><strong>Dise\u00f1o de envases:&nbsp;<\/strong>Cajas de color, manuales de instrucciones y cajas de env\u00edo totalmente personalizados con la identidad visual de su marca.<\/p>\n<\/div>\n<\/div>","protected":false},"excerpt":{"rendered":"<p>Nueva y moderna olla a presi\u00f3n para usar con una sola mano, con tapa de f\u00e1cil apertura y bloqueo y dos ajustes de presi\u00f3n. Compatible con todas las cocinas, inducci\u00f3n. Como fabricante de ollas a presi\u00f3n, Lintkon ofrece servicios OEM y Private Label con precios competitivos. \u00a1Solicite hoy mismo un cat\u00e1logo al por mayor!<\/p>\n<h2>Especificaciones de la olla a presi\u00f3n con una sola mano:<\/h2>\n<table width=\"244\">\n<tbody>\n<tr>\n<td width=\"114\">Fabricante<\/td>\n<td width=\"130\">Linkton<\/td>\n<\/tr>\n<tr>\n<td width=\"114\">N\u00ba de modelo<\/td>\n<td width=\"130\">LT-XFKH<\/td>\n<\/tr>\n<tr>\n<td width=\"114\">Capacidad<\/td>\n<td width=\"130\">4L\/ 6.5L\/ 8L<\/td>\n<\/tr>\n<tr>\n<td width=\"114\">Material<\/td>\n<td width=\"130\">\u00a0Acero inoxidable 304\u00a0<\/td>\n<\/tr>\n<tr>\n<td width=\"114\">Funci\u00f3n<\/td>\n<td width=\"130\">1. Funcionamiento con una sola mano, f\u00e1cil de abrir y bloquear<br \/>2. Presi\u00f3n ajustable en 2 niveles<br \/>3. Cocci\u00f3n r\u00e1pida de 100kPa<br \/>4. Seguridad a prueba de explosiones<\/td>\n<\/tr>\n<tr>\n<td width=\"114\">Estufa aplicable<\/td>\n<td width=\"130\">Cocina\/Estufa de inducci\u00f3n\/Estufa de gas\/Estufa el\u00e9ctrica\/Estufa de cer\u00e1mica\/Estufa hal\u00f3gena<\/td>\n<\/tr>\n<tr>\n<td width=\"114\">Accesorios<\/td>\n<td width=\"130\">Manual\/ V\u00e1lvula limitadora de presi\u00f3n\/ Cubeta antiderrame\/ Aguja de limpieza<\/td>\n<\/tr>\n<tr>\n<td width=\"114\">OEM \/ ODM<\/td>\n<td width=\"130\">Aceptable\u00a0<\/td>\n<\/tr>\n<tr>\n<td width=\"114\">Muestra<\/td>\n<td width=\"130\">MOQ 1 pieza<\/td>\n<\/tr>\n<\/tbody>\n<\/table>\n<p>&nbsp;<\/p>","protected":false},"featured_media":7270,"template":"","meta":{"_acf_changed":false},"product-application":[],"product-capacity":[],"product_brand":[],"product_cat":[55],"product_tag":[85],"class_list":{"0":"post-5066","1":"product","2":"type-product","3":"status-publish","4":"has-post-thumbnail","6":"product_cat-pressure-cooker-wholesale","7":"product_tag-stainless-steel-pressure-cooker-wholesale","9":"first","10":"instock","11":"shipping-taxable","12":"product-type-simple"},"acf":[],"_links":{"self":[{"href":"https:\/\/www.linktonkitchen.com\/es\/wp-json\/wp\/v2\/product\/5066","targetHints":{"allow":["GET"]}}],"collection":[{"href":"https:\/\/www.linktonkitchen.com\/es\/wp-json\/wp\/v2\/product"}],"about":[{"href":"https:\/\/www.linktonkitchen.com\/es\/wp-json\/wp\/v2\/types\/product"}],"version-history":[{"count":0,"href":"https:\/\/www.linktonkitchen.com\/es\/wp-json\/wp\/v2\/product\/5066\/revisions"}],"wp:featuredmedia":[{"embeddable":true,"href":"https:\/\/www.linktonkitchen.com\/es\/wp-json\/wp\/v2\/media\/7270"}],"wp:attachment":[{"href":"https:\/\/www.linktonkitchen.com\/es\/wp-json\/wp\/v2\/media?parent=5066"}],"wp:term":[{"taxonomy":"product-application","embeddable":true,"href":"https:\/\/www.linktonkitchen.com\/es\/wp-json\/wp\/v2\/product-application?post=5066"},{"taxonomy":"product-capacity","embeddable":true,"href":"https:\/\/www.linktonkitchen.com\/es\/wp-json\/wp\/v2\/product-capacity?post=5066"},{"taxonomy":"product_brand","embeddable":true,"href":"https:\/\/www.linktonkitchen.com\/es\/wp-json\/wp\/v2\/product_brand?post=5066"},{"taxonomy":"product_cat","embeddable":true,"href":"https:\/\/www.linktonkitchen.com\/es\/wp-json\/wp\/v2\/product_cat?post=5066"},{"taxonomy":"product_tag","embeddable":true,"href":"https:\/\/www.linktonkitchen.com\/es\/wp-json\/wp\/v2\/product_tag?post=5066"}],"curies":[{"name":"wp","href":"https:\/\/api.w.org\/{rel}","templated":true}]}}