{"id":5919,"date":"2025-07-01T06:27:23","date_gmt":"2025-07-01T06:27:23","guid":{"rendered":"https:\/\/www.linktonkitchen.com\/?post_type=product&#038;p=5919"},"modified":"2025-07-03T09:35:07","modified_gmt":"2025-07-03T09:35:07","slug":"wholesale-buffet-chafing-dish","status":"publish","type":"product","link":"https:\/\/www.linktonkitchen.com\/es\/product\/wholesale-buffet-chafing-dish\/","title":{"rendered":"Mayorista Buffet Chafing Dish con Tapa de Cristal Acero Inoxidable"},"content":{"rendered":"<div class=\"wp-block-columns is-layout-flex wp-container-core-columns-is-layout-9d6595d7 wp-block-columns-is-layout-flex\">\n<div class=\"wp-block-column is-vertically-aligned-center is-layout-flow wp-block-column-is-layout-flow\">\n<h3 class=\"wp-block-heading\">Buffet Chafing Dish Caracter\u00edsticas:<\/h3>\n\n\n\n<p><strong>Cuerpo completo de acero inoxidable espejado<\/strong>: Hecho de acero inoxidable de grado alimenticio, resistente a la corrosi\u00f3n, f\u00e1cil de limpiar, adecuado para escenarios de uso de alta frecuencia.<\/p>\n\n\n\n<p><strong>Tapa de vidrio de alta resistencia<\/strong>: C\u00f3modo para observar el estado de los alimentos en cualquier momento, combinado con una estructura de bisagra amortiguadora, apertura suave y segura.<\/p>\n\n\n\n<p><strong>Dise\u00f1o inteligente del panel t\u00e1ctil<\/strong>: Puede controlar con precisi\u00f3n la temperatura y el modo de calentamiento, mejorando la comodidad y el grado de uso.<\/p>\n\n\n\n<p><strong>Apoyo a los servicios personalizados:<\/strong> Proporcionar m\u00faltiples servicios personalizados, como la personalizaci\u00f3n del logotipo, la apariencia, el color, etc., para satisfacer las diferentes necesidades del mercado.<\/p>\n<\/div>\n\n\n\n<div class=\"wp-block-column is-vertically-aligned-center is-layout-flow wp-block-column-is-layout-flow\"><div class=\"wp-block-image\">\n<figure class=\"aligncenter size-full is-resized\"><img fetchpriority=\"high\" decoding=\"async\" width=\"1000\" height=\"667\" src=\"https:\/\/www.linktonkitchen.com\/wp-content\/uploads\/2025\/07\/Wholesale-Buffet-Chafing-Dish-with-Glass-Lid-Stainless-Steel-1.webp\" alt=\"Mayorista Buffet Chafing Dish con Tapa de Cristal Acero Inoxidable\" class=\"wp-image-5922\" style=\"width:404px;height:auto\" srcset=\"https:\/\/www.linktonkitchen.com\/wp-content\/uploads\/2025\/07\/Wholesale-Buffet-Chafing-Dish-with-Glass-Lid-Stainless-Steel-1.webp 1000w, https:\/\/www.linktonkitchen.com\/wp-content\/uploads\/2025\/07\/Wholesale-Buffet-Chafing-Dish-with-Glass-Lid-Stainless-Steel-1-300x200.webp 300w, https:\/\/www.linktonkitchen.com\/wp-content\/uploads\/2025\/07\/Wholesale-Buffet-Chafing-Dish-with-Glass-Lid-Stainless-Steel-1-768x512.webp 768w, https:\/\/www.linktonkitchen.com\/wp-content\/uploads\/2025\/07\/Wholesale-Buffet-Chafing-Dish-with-Glass-Lid-Stainless-Steel-1-18x12.webp 18w, https:\/\/www.linktonkitchen.com\/wp-content\/uploads\/2025\/07\/Wholesale-Buffet-Chafing-Dish-with-Glass-Lid-Stainless-Steel-1-285x190.webp 285w, https:\/\/www.linktonkitchen.com\/wp-content\/uploads\/2025\/07\/Wholesale-Buffet-Chafing-Dish-with-Glass-Lid-Stainless-Steel-1-660x440.webp 660w, https:\/\/www.linktonkitchen.com\/wp-content\/uploads\/2025\/07\/Wholesale-Buffet-Chafing-Dish-with-Glass-Lid-Stainless-Steel-1-150x100.webp 150w\" sizes=\"(max-width: 1000px) 100vw, 1000px\" \/><\/figure>\n<\/div><\/div>\n<\/div>\n\n\n\n<div class=\"wp-block-columns is-layout-flex wp-container-core-columns-is-layout-9d6595d7 wp-block-columns-is-layout-flex\">\n<div class=\"wp-block-column is-vertically-aligned-center is-layout-flow wp-block-column-is-layout-flow\">\n<h3 class=\"wp-block-heading\">A medida <strong><strong>Buffet Chafing Dish<\/strong><\/strong><\/h3>\n\n\n\n<p>Ofrecemos servicios ODM y OEM. Apoyo LOGO personalizado en el producto y el paquete, y el apoyo a los diferentes paquetes, tales como bolsa \/ caja, o seg\u00fan las peticiones del cliente. El color puede ser personalizado con color plata o color oro o semi-dorado.<\/p>\n<\/div>\n<\/div>","protected":false},"excerpt":{"rendered":"<p>Linkton proveedor al por mayor buffet chafing dish, toque sistema electr\u00f3nico de control de temperatura, precisa y f\u00e1cil de operar, hecho de acero inoxidable de calidad alimentaria, el dise\u00f1o de la tapa de vidrio hidr\u00e1ulico, muy adecuado para buffets, hoteles, etc. Apoyar el servicio del OEM, por favor p\u00f3ngase en contacto con nosotros para soluciones de descuento al por mayor.<\/p>\n<h2>Especificaciones de Buffet Chafing Dish:<\/h2>\n<table width=\"402\">\n<tbody>\n<tr>\n<td width=\"145\">Fabricante<\/td>\n<td width=\"257\">Linkton<\/td>\n<\/tr>\n<tr>\n<td>Material<\/td>\n<td>Acero inoxidable<\/td>\n<\/tr>\n<tr>\n<td>Configuraci\u00f3n<\/td>\n<td width=\"257\">Bandeja de comida\/agua<\/td>\n<\/tr>\n<tr>\n<td>Calefacci\u00f3n<\/td>\n<td>\n<p>Calefacci\u00f3n el\u00e9ctrica<\/p>\n<\/td>\n<\/tr>\n<tr>\n<td>Tapa<\/td>\n<td width=\"257\">Tapa de cristal hidr\u00e1ulica<\/td>\n<\/tr>\n<tr>\n<td>OEM\/ODM<\/td>\n<td>Aceptable<\/td>\n<\/tr>\n<tr>\n<td>Muestra<\/td>\n<td>MOQ 1 pieza<\/td>\n<\/tr>\n<\/tbody>\n<\/table>","protected":false},"featured_media":5922,"template":"","meta":{"_acf_changed":false},"product-application":[],"product-capacity":[],"product_brand":[],"product_cat":[58],"product_tag":[],"class_list":{"0":"post-5919","1":"product","2":"type-product","3":"status-publish","4":"has-post-thumbnail","6":"product_cat-wholesale-chafing-dishes","8":"first","9":"instock","10":"shipping-taxable","11":"product-type-simple"},"acf":[],"_links":{"self":[{"href":"https:\/\/www.linktonkitchen.com\/es\/wp-json\/wp\/v2\/product\/5919","targetHints":{"allow":["GET"]}}],"collection":[{"href":"https:\/\/www.linktonkitchen.com\/es\/wp-json\/wp\/v2\/product"}],"about":[{"href":"https:\/\/www.linktonkitchen.com\/es\/wp-json\/wp\/v2\/types\/product"}],"version-history":[{"count":0,"href":"https:\/\/www.linktonkitchen.com\/es\/wp-json\/wp\/v2\/product\/5919\/revisions"}],"wp:featuredmedia":[{"embeddable":true,"href":"https:\/\/www.linktonkitchen.com\/es\/wp-json\/wp\/v2\/media\/5922"}],"wp:attachment":[{"href":"https:\/\/www.linktonkitchen.com\/es\/wp-json\/wp\/v2\/media?parent=5919"}],"wp:term":[{"taxonomy":"product-application","embeddable":true,"href":"https:\/\/www.linktonkitchen.com\/es\/wp-json\/wp\/v2\/product-application?post=5919"},{"taxonomy":"product-capacity","embeddable":true,"href":"https:\/\/www.linktonkitchen.com\/es\/wp-json\/wp\/v2\/product-capacity?post=5919"},{"taxonomy":"product_brand","embeddable":true,"href":"https:\/\/www.linktonkitchen.com\/es\/wp-json\/wp\/v2\/product_brand?post=5919"},{"taxonomy":"product_cat","embeddable":true,"href":"https:\/\/www.linktonkitchen.com\/es\/wp-json\/wp\/v2\/product_cat?post=5919"},{"taxonomy":"product_tag","embeddable":true,"href":"https:\/\/www.linktonkitchen.com\/es\/wp-json\/wp\/v2\/product_tag?post=5919"}],"curies":[{"name":"wp","href":"https:\/\/api.w.org\/{rel}","templated":true}]}}