{"id":5931,"date":"2025-07-01T07:34:24","date_gmt":"2025-07-01T07:34:24","guid":{"rendered":"https:\/\/www.linktonkitchen.com\/?post_type=product&#038;p=5931"},"modified":"2025-07-03T09:40:11","modified_gmt":"2025-07-03T09:40:11","slug":"wholesale-chafing-dishes-wood-grain","status":"publish","type":"product","link":"https:\/\/www.linktonkitchen.com\/es\/product\/wholesale-chafing-dishes-wood-grain\/","title":{"rendered":"Nueva Venta al por mayor Chafing Dishes Wood Grain, Stainless Steel Hotel Buffet Warmer Set Custom"},"content":{"rendered":"<div class=\"wp-block-columns is-layout-flex wp-container-core-columns-is-layout-9d6595d7 wp-block-columns-is-layout-flex\">\n<div class=\"wp-block-column is-vertically-aligned-center is-layout-flow wp-block-column-is-layout-flow\">\n<h2 class=\"wp-block-heading\">Chafing Dishes Wood Grain Caracter\u00edsticas:<\/h2>\n\n\n\n<p><strong>Acabado de grano de madera de alta gama<\/strong>Aspecto \u00fanico de imitaci\u00f3n de grano de madera, que combina la belleza natural con el estilo moderno, realzando el estilo general del restaurante.<\/p>\n\n\n\n<p><strong>Control t\u00e1ctil inteligente de la temperatura<\/strong>equipado con un panel de visualizaci\u00f3n LED, ajuste preciso de la temperatura, c\u00f3modo manejo y garant\u00eda de sabor de los platos.<\/p>\n\n\n\n<p><strong>Dise\u00f1o de tapa de cristal<\/strong>Cubierta de cristal transparente de alta resistencia, c\u00f3moda para comprobar el estado de los alimentos, a la vez pr\u00e1ctica y bonita.<\/p>\n\n\n\n<p><strong>Servicio OEM<\/strong>Suministro directo de f\u00e1brica, con LOGO, acabado, color y otros servicios personalizados.<\/p>\n<\/div>\n\n\n\n<div class=\"wp-block-column is-vertically-aligned-center is-layout-flow wp-block-column-is-layout-flow\"><div class=\"wp-block-image\">\n<figure class=\"aligncenter size-full is-resized\"><img fetchpriority=\"high\" decoding=\"async\" width=\"890\" height=\"667\" src=\"https:\/\/www.linktonkitchen.com\/wp-content\/uploads\/2025\/07\/Factory-Wholesale-Chafing-Dishes-Stainless-Steel-Wood-Color.webp\" alt=\"F\u00e1brica al por mayor Chafing Dishes Acero Inoxidable Color Madera\" class=\"wp-image-5932\" style=\"width:404px;height:auto\" srcset=\"https:\/\/www.linktonkitchen.com\/wp-content\/uploads\/2025\/07\/Factory-Wholesale-Chafing-Dishes-Stainless-Steel-Wood-Color.webp 890w, https:\/\/www.linktonkitchen.com\/wp-content\/uploads\/2025\/07\/Factory-Wholesale-Chafing-Dishes-Stainless-Steel-Wood-Color-300x225.webp 300w, https:\/\/www.linktonkitchen.com\/wp-content\/uploads\/2025\/07\/Factory-Wholesale-Chafing-Dishes-Stainless-Steel-Wood-Color-768x576.webp 768w, https:\/\/www.linktonkitchen.com\/wp-content\/uploads\/2025\/07\/Factory-Wholesale-Chafing-Dishes-Stainless-Steel-Wood-Color-16x12.webp 16w, https:\/\/www.linktonkitchen.com\/wp-content\/uploads\/2025\/07\/Factory-Wholesale-Chafing-Dishes-Stainless-Steel-Wood-Color-285x214.webp 285w, https:\/\/www.linktonkitchen.com\/wp-content\/uploads\/2025\/07\/Factory-Wholesale-Chafing-Dishes-Stainless-Steel-Wood-Color-800x600.webp 800w, https:\/\/www.linktonkitchen.com\/wp-content\/uploads\/2025\/07\/Factory-Wholesale-Chafing-Dishes-Stainless-Steel-Wood-Color-660x495.webp 660w, https:\/\/www.linktonkitchen.com\/wp-content\/uploads\/2025\/07\/Factory-Wholesale-Chafing-Dishes-Stainless-Steel-Wood-Color-150x112.webp 150w\" sizes=\"(max-width: 890px) 100vw, 890px\" \/><\/figure>\n<\/div><\/div>\n<\/div>\n\n\n\n<div class=\"wp-block-columns is-layout-flex wp-container-core-columns-is-layout-9d6595d7 wp-block-columns-is-layout-flex\">\n<div class=\"wp-block-column is-vertically-aligned-center is-layout-flow wp-block-column-is-layout-flow\">\n<h2 class=\"wp-block-heading\">Chafing Dishes personalizados<\/h2>\n\n\n\n<p>Ofrecemos servicios ODM y OEM. Apoyar LOGO personalizado en el producto y el paquete, y apoyar diferentes paquetes, tales como bolsa \/ caja o seg\u00fan las peticiones del cliente. El color puede ser personalizado con color plata o color oro o semi-dorado.<\/p>\n<\/div>\n<\/div>","protected":false},"excerpt":{"rendered":"<p>Linkton Factory Wholesale Chafing Dishes, el aspecto de grano de madera se combina con el control inteligente de la temperatura, hermoso y pr\u00e1ctico. La personalizaci\u00f3n es compatible. \u00a1Bienvenido a contactar con nosotros para una cotizaci\u00f3n al por mayor!<\/p>\n<h2>Especificaciones de Chafing Dish Electric:<\/h2>\n<table width=\"402\">\n<tbody>\n<tr>\n<td width=\"145\">Fabricante<\/td>\n<td width=\"257\">Linkton<\/td>\n<\/tr>\n<tr>\n<td>Material<\/td>\n<td>Acero inoxidable<\/td>\n<\/tr>\n<tr>\n<td>Configuraci\u00f3n<\/td>\n<td width=\"257\">Bandeja de comida\/agua<\/td>\n<\/tr>\n<tr>\n<td>Calefacci\u00f3n<\/td>\n<td>\n<p>Calefacci\u00f3n el\u00e9ctrica<\/p>\n<\/td>\n<\/tr>\n<tr>\n<td>Tapa<\/td>\n<td width=\"257\">Tapa de cristal hidr\u00e1ulica<\/td>\n<\/tr>\n<tr>\n<td>OEM\/ODM<\/td>\n<td>Aceptable<\/td>\n<\/tr>\n<tr>\n<td>Muestra<\/td>\n<td>MOQ 1 pieza<\/td>\n<\/tr>\n<\/tbody>\n<\/table>","protected":false},"featured_media":5932,"template":"","meta":{"_acf_changed":false},"product-application":[],"product-capacity":[],"product_brand":[],"product_cat":[58],"product_tag":[],"class_list":{"0":"post-5931","1":"product","2":"type-product","3":"status-publish","4":"has-post-thumbnail","6":"product_cat-wholesale-chafing-dishes","8":"first","9":"instock","10":"shipping-taxable","11":"product-type-simple"},"acf":[],"_links":{"self":[{"href":"https:\/\/www.linktonkitchen.com\/es\/wp-json\/wp\/v2\/product\/5931","targetHints":{"allow":["GET"]}}],"collection":[{"href":"https:\/\/www.linktonkitchen.com\/es\/wp-json\/wp\/v2\/product"}],"about":[{"href":"https:\/\/www.linktonkitchen.com\/es\/wp-json\/wp\/v2\/types\/product"}],"version-history":[{"count":0,"href":"https:\/\/www.linktonkitchen.com\/es\/wp-json\/wp\/v2\/product\/5931\/revisions"}],"wp:featuredmedia":[{"embeddable":true,"href":"https:\/\/www.linktonkitchen.com\/es\/wp-json\/wp\/v2\/media\/5932"}],"wp:attachment":[{"href":"https:\/\/www.linktonkitchen.com\/es\/wp-json\/wp\/v2\/media?parent=5931"}],"wp:term":[{"taxonomy":"product-application","embeddable":true,"href":"https:\/\/www.linktonkitchen.com\/es\/wp-json\/wp\/v2\/product-application?post=5931"},{"taxonomy":"product-capacity","embeddable":true,"href":"https:\/\/www.linktonkitchen.com\/es\/wp-json\/wp\/v2\/product-capacity?post=5931"},{"taxonomy":"product_brand","embeddable":true,"href":"https:\/\/www.linktonkitchen.com\/es\/wp-json\/wp\/v2\/product_brand?post=5931"},{"taxonomy":"product_cat","embeddable":true,"href":"https:\/\/www.linktonkitchen.com\/es\/wp-json\/wp\/v2\/product_cat?post=5931"},{"taxonomy":"product_tag","embeddable":true,"href":"https:\/\/www.linktonkitchen.com\/es\/wp-json\/wp\/v2\/product_tag?post=5931"}],"curies":[{"name":"wp","href":"https:\/\/api.w.org\/{rel}","templated":true}]}}