{"id":5940,"date":"2025-07-02T09:01:42","date_gmt":"2025-07-02T09:01:42","guid":{"rendered":"https:\/\/www.linktonkitchen.com\/?post_type=product&#038;p=5940"},"modified":"2025-07-03T09:53:26","modified_gmt":"2025-07-03T09:53:26","slug":"wholesale-stainless-steel-chafing-dishes","status":"publish","type":"product","link":"https:\/\/www.linktonkitchen.com\/es\/product\/wholesale-stainless-steel-chafing-dishes\/","title":{"rendered":"Venta al por mayor de acero inoxidable Chafing Platos de plata de alta calidad Buffet Set"},"content":{"rendered":"<div class=\"wp-block-columns is-layout-flex wp-container-core-columns-is-layout-9d6595d7 wp-block-columns-is-layout-flex\">\n<div class=\"wp-block-column is-vertically-aligned-center is-layout-flow wp-block-column-is-layout-flow\">\n<h3 class=\"wp-block-heading\">Chafing Dishes de acero inoxidable Caracter\u00edsticas:<\/h3>\n\n\n\n<p><strong>Material de alta calidad<\/strong>: Fabricado en acero inoxidable de calidad alimentaria, es resistente a la corrosi\u00f3n y f\u00e1cil de limpiar, cumpliendo con los requisitos de uso de alta frecuencia de las cocinas comerciales.<\/p>\n\n\n\n<p><strong>Tapa de cristal de alta definici\u00f3n<\/strong>: Conveniente para la observaci\u00f3n in situ del estado de los alimentos, sin necesidad de abrir la tapa con frecuencia, mejorando la eficiencia del aislamiento y la experiencia del usuario.<\/p>\n\n\n\n<p><strong>Pantalla digital t\u00e1ctil inteligente<\/strong>: Equipado con un sencillo panel de control frontal, permite ajustar la temperatura y la visualizaci\u00f3n del estado, su funcionamiento es intuitivo y resulta adecuado para situaciones de uso de alta rotaci\u00f3n.<\/p>\n\n\n\n<p><strong>Estructura de bisagra de ca\u00edda lenta<\/strong>: Evita eficazmente que la cubierta superior salte o caiga r\u00e1pidamente y provoque pellizcos o colisiones, y mejora la seguridad de uso.<\/p>\n\n\n\n<p><strong>Servicio OEM\/ODM<\/strong>: Suministro directo de f\u00e1brica, admite m\u00faltiples personalizaciones, como el LOGO de la marca, la apariencia y la artesan\u00eda, para satisfacer las necesidades de los proyectos de gama B o de distribuci\u00f3n.<\/p>\n<\/div>\n\n\n\n<div class=\"wp-block-column is-vertically-aligned-center is-layout-flow wp-block-column-is-layout-flow\"><div class=\"wp-block-image\">\n<figure class=\"aligncenter size-full is-resized\"><img fetchpriority=\"high\" decoding=\"async\" width=\"1000\" height=\"667\" src=\"https:\/\/www.linktonkitchen.com\/wp-content\/uploads\/2025\/07\/Wholesale-Stainless-Steel-Chafing-Dishes.webp\" alt=\"Mayorista Platos hondos de acero inoxidable\" class=\"wp-image-5941\" style=\"width:404px;height:auto\" srcset=\"https:\/\/www.linktonkitchen.com\/wp-content\/uploads\/2025\/07\/Wholesale-Stainless-Steel-Chafing-Dishes.webp 1000w, https:\/\/www.linktonkitchen.com\/wp-content\/uploads\/2025\/07\/Wholesale-Stainless-Steel-Chafing-Dishes-300x200.webp 300w, https:\/\/www.linktonkitchen.com\/wp-content\/uploads\/2025\/07\/Wholesale-Stainless-Steel-Chafing-Dishes-768x512.webp 768w, https:\/\/www.linktonkitchen.com\/wp-content\/uploads\/2025\/07\/Wholesale-Stainless-Steel-Chafing-Dishes-18x12.webp 18w, https:\/\/www.linktonkitchen.com\/wp-content\/uploads\/2025\/07\/Wholesale-Stainless-Steel-Chafing-Dishes-285x190.webp 285w, https:\/\/www.linktonkitchen.com\/wp-content\/uploads\/2025\/07\/Wholesale-Stainless-Steel-Chafing-Dishes-660x440.webp 660w, https:\/\/www.linktonkitchen.com\/wp-content\/uploads\/2025\/07\/Wholesale-Stainless-Steel-Chafing-Dishes-150x100.webp 150w\" sizes=\"(max-width: 1000px) 100vw, 1000px\" \/><\/figure>\n<\/div><\/div>\n<\/div>\n\n\n\n<div class=\"wp-block-columns is-layout-flex wp-container-core-columns-is-layout-9d6595d7 wp-block-columns-is-layout-flex\">\n<div class=\"wp-block-column is-vertically-aligned-center is-layout-flow wp-block-column-is-layout-flow\">\n<h3 class=\"wp-block-heading\">A medida <strong><strong>Chafing Dishes de acero inoxidable<\/strong><\/strong><\/h3>\n\n\n\n<p>Ofrecemos servicios ODM y OEM. Apoyo LOGO personalizado en el producto y el paquete, y el apoyo a diferentes paquetes, tales como bolsa \/ caja o como las peticiones del cliente. El color se puede personalizar con color plata o color oro o semi-oro plateado.<\/p>\n<\/div>\n<\/div>","protected":false},"excerpt":{"rendered":"<p>Linkton f\u00e1brica al por mayor de acero inoxidable chafing platos, con un sistema electr\u00f3nico t\u00e1ctil, precisa y la preservaci\u00f3n del calor de los alimentos a largo plazo, acabado liso y brillante con tapa hidr\u00e1ulica de vidrio, adecuado para buffet, hotel, etc. Venta directa de f\u00e1brica, soporte de personalizaci\u00f3n, p\u00f3ngase en contacto con nosotros ahora.<\/p>\n<h2>Especificaciones de los Chafing Dishes de acero inoxidable:<\/h2>\n<table width=\"402\">\n<tbody>\n<tr>\n<td width=\"145\">Fabricante<\/td>\n<td width=\"257\">Linkton<\/td>\n<\/tr>\n<tr>\n<td>Material<\/td>\n<td>Acero inoxidable<\/td>\n<\/tr>\n<tr>\n<td>Configuraci\u00f3n<\/td>\n<td width=\"257\">Bandeja de comida\/agua<\/td>\n<\/tr>\n<tr>\n<td>Calefacci\u00f3n<\/td>\n<td>\n<p>Calefacci\u00f3n el\u00e9ctrica<\/p>\n<\/td>\n<\/tr>\n<tr>\n<td>Tapa<\/td>\n<td width=\"257\">Tapa de cristal hidr\u00e1ulica<\/td>\n<\/tr>\n<tr>\n<td>OEM\/ODM<\/td>\n<td>Aceptable<\/td>\n<\/tr>\n<tr>\n<td>Muestra<\/td>\n<td>MOQ 1 pieza<\/td>\n<\/tr>\n<\/tbody>\n<\/table>","protected":false},"featured_media":5941,"template":"","meta":{"_acf_changed":false},"product-application":[],"product-capacity":[],"product_brand":[],"product_cat":[58],"product_tag":[],"class_list":{"0":"post-5940","1":"product","2":"type-product","3":"status-publish","4":"has-post-thumbnail","6":"product_cat-wholesale-chafing-dishes","8":"first","9":"instock","10":"shipping-taxable","11":"product-type-simple"},"acf":[],"_links":{"self":[{"href":"https:\/\/www.linktonkitchen.com\/es\/wp-json\/wp\/v2\/product\/5940","targetHints":{"allow":["GET"]}}],"collection":[{"href":"https:\/\/www.linktonkitchen.com\/es\/wp-json\/wp\/v2\/product"}],"about":[{"href":"https:\/\/www.linktonkitchen.com\/es\/wp-json\/wp\/v2\/types\/product"}],"version-history":[{"count":0,"href":"https:\/\/www.linktonkitchen.com\/es\/wp-json\/wp\/v2\/product\/5940\/revisions"}],"wp:featuredmedia":[{"embeddable":true,"href":"https:\/\/www.linktonkitchen.com\/es\/wp-json\/wp\/v2\/media\/5941"}],"wp:attachment":[{"href":"https:\/\/www.linktonkitchen.com\/es\/wp-json\/wp\/v2\/media?parent=5940"}],"wp:term":[{"taxonomy":"product-application","embeddable":true,"href":"https:\/\/www.linktonkitchen.com\/es\/wp-json\/wp\/v2\/product-application?post=5940"},{"taxonomy":"product-capacity","embeddable":true,"href":"https:\/\/www.linktonkitchen.com\/es\/wp-json\/wp\/v2\/product-capacity?post=5940"},{"taxonomy":"product_brand","embeddable":true,"href":"https:\/\/www.linktonkitchen.com\/es\/wp-json\/wp\/v2\/product_brand?post=5940"},{"taxonomy":"product_cat","embeddable":true,"href":"https:\/\/www.linktonkitchen.com\/es\/wp-json\/wp\/v2\/product_cat?post=5940"},{"taxonomy":"product_tag","embeddable":true,"href":"https:\/\/www.linktonkitchen.com\/es\/wp-json\/wp\/v2\/product_tag?post=5940"}],"curies":[{"name":"wp","href":"https:\/\/api.w.org\/{rel}","templated":true}]}}