{"id":5944,"date":"2025-07-02T09:22:01","date_gmt":"2025-07-02T09:22:01","guid":{"rendered":"https:\/\/www.linktonkitchen.com\/?post_type=product&#038;p=5944"},"modified":"2025-07-03T09:55:52","modified_gmt":"2025-07-03T09:55:52","slug":"custom-stainless-chafing-dish","status":"publish","type":"product","link":"https:\/\/www.linktonkitchen.com\/es\/product\/custom-stainless-chafing-dish\/","title":{"rendered":"Chafing Dish El\u00e9ctrico de Acero Inoxidable Personalizado con Tapa Gless, Juego de Chafing Dish de Acero Inoxidable a Granel"},"content":{"rendered":"<div class=\"wp-block-columns is-layout-flex wp-container-core-columns-is-layout-9d6595d7 wp-block-columns-is-layout-flex\">\n<div class=\"wp-block-column is-vertically-aligned-center is-layout-flow wp-block-column-is-layout-flow\">\n<h2 class=\"wp-block-heading\"><strong>Chafing Dish inoxidable Caracter\u00edsticas:<\/strong><\/h2>\n\n\n\n<p><strong>Aspecto moderno<\/strong>: El aspecto plateado es sencillo y elegante, f\u00e1cil de integrar en diversos restaurantes tipo buf\u00e9, salones de banquetes y comedores de hotel, con un fuerte sentido de unidad visual.<\/p>\n\n\n\n<p><strong>Panel digital de control de la temperatura<\/strong>: Control preciso de la temperatura para garantizar que los platos se mantienen calientes y se muestran con el sabor ideal, adecuado para platos calientes, sopas, desayunos y otros escenarios de uso.<\/p>\n\n\n\n<p><strong>Dise\u00f1o hidr\u00e1ulico<\/strong>: Lenta y silenciosa, ahorra trabajo y es estable, de funcionamiento elegante y mejora la experiencia del usuario.<\/p>\n\n\n\n<p><strong>F\u00e1cil de limpiar<\/strong>: La superficie cepillada a espejo es antiaceite y f\u00e1cil de limpiar, lo que mejora la eficacia operativa.<\/p>\n\n\n\n<p><strong>Suministro directo de f\u00e1brica<\/strong>: Apoyo a la personalizaci\u00f3n, precio al por mayor, adecuado para las compras a granel del proyecto y la cooperaci\u00f3n distribuidor.<\/p>\n<\/div>\n\n\n\n<div class=\"wp-block-column is-vertically-aligned-center is-layout-flow wp-block-column-is-layout-flow\"><div class=\"wp-block-image\">\n<figure class=\"aligncenter size-full is-resized\"><img fetchpriority=\"high\" decoding=\"async\" width=\"1000\" height=\"667\" src=\"https:\/\/www.linktonkitchen.com\/wp-content\/uploads\/2025\/07\/Custom-Silver-Chafing-Dish.webp\" alt=\"Chafing Dish plateado personalizado\" class=\"wp-image-5945\" style=\"width:404px;height:auto\" srcset=\"https:\/\/www.linktonkitchen.com\/wp-content\/uploads\/2025\/07\/Custom-Silver-Chafing-Dish.webp 1000w, https:\/\/www.linktonkitchen.com\/wp-content\/uploads\/2025\/07\/Custom-Silver-Chafing-Dish-300x200.webp 300w, https:\/\/www.linktonkitchen.com\/wp-content\/uploads\/2025\/07\/Custom-Silver-Chafing-Dish-768x512.webp 768w, https:\/\/www.linktonkitchen.com\/wp-content\/uploads\/2025\/07\/Custom-Silver-Chafing-Dish-18x12.webp 18w, https:\/\/www.linktonkitchen.com\/wp-content\/uploads\/2025\/07\/Custom-Silver-Chafing-Dish-285x190.webp 285w, https:\/\/www.linktonkitchen.com\/wp-content\/uploads\/2025\/07\/Custom-Silver-Chafing-Dish-660x440.webp 660w, https:\/\/www.linktonkitchen.com\/wp-content\/uploads\/2025\/07\/Custom-Silver-Chafing-Dish-150x100.webp 150w\" sizes=\"(max-width: 1000px) 100vw, 1000px\" \/><\/figure>\n<\/div><\/div>\n<\/div>\n\n\n\n<div class=\"wp-block-columns is-layout-flex wp-container-core-columns-is-layout-9d6595d7 wp-block-columns-is-layout-flex\">\n<div class=\"wp-block-column is-vertically-aligned-center is-layout-flow wp-block-column-is-layout-flow\">\n<h3 class=\"wp-block-heading\">A medida <strong><strong>Chafing Dish de plata<\/strong><\/strong><\/h3>\n\n\n\n<p>Ofrecemos servicios ODM y OEM. Apoyo LOGO personalizado en el producto y el paquete, y el apoyo a diferentes paquetes, tales como bolsa \/ caja o como las peticiones del cliente. El color se puede personalizar con color plata o color oro o semi-oro plateado.<\/p>\n<\/div>\n<\/div>","protected":false},"excerpt":{"rendered":"<p>Bienvenido a la fuente de acero inoxidable de Linkton, equipada con material de alta calidad y control inteligente de temperatura. Suministro directo de f\u00e1brica, adecuado para todo tipo de escenarios comerciales de autoservicio. P\u00f3ngase en contacto con nosotros para una soluci\u00f3n personalizada y un MOQ bajo.<\/p>\n<h2>Especificaciones del Chafing Dish de plata:<\/h2>\n<table width=\"402\">\n<tbody>\n<tr>\n<td width=\"145\">Fabricante<\/td>\n<td width=\"257\">Linkton<\/td>\n<\/tr>\n<tr>\n<td>Material<\/td>\n<td>Acero inoxidable<\/td>\n<\/tr>\n<tr>\n<td>Configuraci\u00f3n<\/td>\n<td width=\"257\">Bandeja de comida\/agua<\/td>\n<\/tr>\n<tr>\n<td>Calefacci\u00f3n<\/td>\n<td>\n<p>Calefacci\u00f3n el\u00e9ctrica<\/p>\n<\/td>\n<\/tr>\n<tr>\n<td>Tapa<\/td>\n<td width=\"257\">Tapa de cristal hidr\u00e1ulica<\/td>\n<\/tr>\n<tr>\n<td>OEM\/ODM<\/td>\n<td>Aceptable<\/td>\n<\/tr>\n<tr>\n<td>Muestra<\/td>\n<td>MOQ 1 pieza<\/td>\n<\/tr>\n<\/tbody>\n<\/table>","protected":false},"featured_media":5945,"template":"","meta":{"_acf_changed":false},"product-application":[],"product-capacity":[],"product_brand":[],"product_cat":[58],"product_tag":[],"class_list":{"0":"post-5944","1":"product","2":"type-product","3":"status-publish","4":"has-post-thumbnail","6":"product_cat-wholesale-chafing-dishes","8":"first","9":"instock","10":"shipping-taxable","11":"product-type-simple"},"acf":[],"_links":{"self":[{"href":"https:\/\/www.linktonkitchen.com\/es\/wp-json\/wp\/v2\/product\/5944","targetHints":{"allow":["GET"]}}],"collection":[{"href":"https:\/\/www.linktonkitchen.com\/es\/wp-json\/wp\/v2\/product"}],"about":[{"href":"https:\/\/www.linktonkitchen.com\/es\/wp-json\/wp\/v2\/types\/product"}],"version-history":[{"count":0,"href":"https:\/\/www.linktonkitchen.com\/es\/wp-json\/wp\/v2\/product\/5944\/revisions"}],"wp:featuredmedia":[{"embeddable":true,"href":"https:\/\/www.linktonkitchen.com\/es\/wp-json\/wp\/v2\/media\/5945"}],"wp:attachment":[{"href":"https:\/\/www.linktonkitchen.com\/es\/wp-json\/wp\/v2\/media?parent=5944"}],"wp:term":[{"taxonomy":"product-application","embeddable":true,"href":"https:\/\/www.linktonkitchen.com\/es\/wp-json\/wp\/v2\/product-application?post=5944"},{"taxonomy":"product-capacity","embeddable":true,"href":"https:\/\/www.linktonkitchen.com\/es\/wp-json\/wp\/v2\/product-capacity?post=5944"},{"taxonomy":"product_brand","embeddable":true,"href":"https:\/\/www.linktonkitchen.com\/es\/wp-json\/wp\/v2\/product_brand?post=5944"},{"taxonomy":"product_cat","embeddable":true,"href":"https:\/\/www.linktonkitchen.com\/es\/wp-json\/wp\/v2\/product_cat?post=5944"},{"taxonomy":"product_tag","embeddable":true,"href":"https:\/\/www.linktonkitchen.com\/es\/wp-json\/wp\/v2\/product_tag?post=5944"}],"curies":[{"name":"wp","href":"https:\/\/api.w.org\/{rel}","templated":true}]}}