{"id":5970,"date":"2025-07-08T03:10:31","date_gmt":"2025-07-08T03:10:31","guid":{"rendered":"https:\/\/www.linktonkitchen.com\/?post_type=product&#038;p=5970"},"modified":"2025-07-17T02:02:44","modified_gmt":"2025-07-17T02:02:44","slug":"wholesale-commercial-chafing-dish","status":"publish","type":"product","link":"https:\/\/www.linktonkitchen.com\/es\/product\/wholesale-commercial-chafing-dish\/","title":{"rendered":"Mayorista Plato de Chafing Comercial, Juego de Buffet El\u00e9ctrico a Medida con Tapa Hidr\u00e1ulica"},"content":{"rendered":"<div class=\"wp-block-columns is-layout-flex wp-container-core-columns-is-layout-9d6595d7 wp-block-columns-is-layout-flex\">\n<div class=\"wp-block-column is-vertically-aligned-center is-layout-flow wp-block-column-is-layout-flow\">\n<h2 class=\"wp-block-heading\">Venta al por mayor <strong>Caracter\u00edsticas del plato comercial:<\/strong><\/h2>\n\n\n\n<p><strong>Material de acero inoxidable de alta calidad: <\/strong>Resistente a la corrosi\u00f3n, f\u00e1cil de limpiar, aspecto pulido de alto brillo, destacando la textura de calidad profesional.<\/p>\n\n\n\n<p><strong>Panel t\u00e1ctil inteligente<\/strong>\uff1aPantalla de visualizaci\u00f3n digital incorporada, control preciso de la temperatura, operaci\u00f3n conveniente, mejorar la eficiencia operativa y la seguridad.<\/p>\n\n\n\n<p><strong>Tapa de cristal visual transparente<\/strong>Antiempa\u00f1ante y a prueba de grietas, bonito y pr\u00e1ctico, c\u00f3modo para que los clientes vean los platos de forma intuitiva, mejora la experiencia del usuario y el efecto de visualizaci\u00f3n.<\/p>\n\n\n\n<p><strong>Estructura geom\u00e9trica estable:<\/strong> Dise\u00f1o rectangular redondeado con pies de apoyo estables de cuatro columnas, que combina modernidad y practicidad, adecuado para todo tipo de restaurantes buffet de gama alta, escenas de banquetes en hoteles.<\/p>\n\n\n\n<p><strong>La personalizaci\u00f3n ODM proporciona<\/strong>El logotipo, la funci\u00f3n, el color, etc. pueden personalizarse seg\u00fan las necesidades del cliente para satisfacer las necesidades de los proyectos de catering de gama alta.<\/p>\n<\/div>\n\n\n\n<div class=\"wp-block-column is-vertically-aligned-center is-layout-flow wp-block-column-is-layout-flow\"><div class=\"wp-block-image\">\n<figure class=\"aligncenter size-full is-resized\"><img fetchpriority=\"high\" decoding=\"async\" width=\"1217\" height=\"913\" src=\"https:\/\/www.linktonkitchen.com\/wp-content\/uploads\/2025\/07\/wholesale-commercial-chafing-dish.webp\" alt=\"venta al por mayor chafing dish comercial\" class=\"wp-image-5972\" style=\"width:404px;height:auto\" srcset=\"https:\/\/www.linktonkitchen.com\/wp-content\/uploads\/2025\/07\/wholesale-commercial-chafing-dish.webp 1217w, https:\/\/www.linktonkitchen.com\/wp-content\/uploads\/2025\/07\/wholesale-commercial-chafing-dish-300x225.webp 300w, https:\/\/www.linktonkitchen.com\/wp-content\/uploads\/2025\/07\/wholesale-commercial-chafing-dish-768x576.webp 768w, https:\/\/www.linktonkitchen.com\/wp-content\/uploads\/2025\/07\/wholesale-commercial-chafing-dish-16x12.webp 16w, https:\/\/www.linktonkitchen.com\/wp-content\/uploads\/2025\/07\/wholesale-commercial-chafing-dish-285x214.webp 285w, https:\/\/www.linktonkitchen.com\/wp-content\/uploads\/2025\/07\/wholesale-commercial-chafing-dish-800x600.webp 800w, https:\/\/www.linktonkitchen.com\/wp-content\/uploads\/2025\/07\/wholesale-commercial-chafing-dish-660x495.webp 660w, https:\/\/www.linktonkitchen.com\/wp-content\/uploads\/2025\/07\/wholesale-commercial-chafing-dish-150x113.webp 150w\" sizes=\"(max-width: 1217px) 100vw, 1217px\" \/><\/figure>\n<\/div><\/div>\n<\/div>\n\n\n\n<div class=\"wp-block-columns is-layout-flex wp-container-core-columns-is-layout-9d6595d7 wp-block-columns-is-layout-flex\">\n<div class=\"wp-block-column is-vertically-aligned-center is-layout-flow wp-block-column-is-layout-flow\">\n<h3 class=\"wp-block-heading\">A medida <strong><strong>Chafing Dish Comercial<\/strong><\/strong>:<\/h3>\n\n\n\n<ul class=\"wp-block-list\">\n<li>Ofrecemos servicios ODM y OEM. <\/li>\n\n\n\n<li>Admite LOGO personalizado en el producto y el envase.<\/li>\n\n\n\n<li>Admite diferentes embalajes, como bolsa\/cart\u00f3n, o seg\u00fan las peticiones del cliente. <\/li>\n\n\n\n<li>El color se puede personalizar con color plateado, dorado o semidorado.<\/li>\n<\/ul>\n<\/div>\n<\/div>","protected":false},"excerpt":{"rendered":"<p>Bienvenido a la venta al por mayor plato de frotamiento comercial, material de acero inoxidable de calidad alimentaria, calefacci\u00f3n el\u00e9ctrica, equipado con un panel t\u00e1ctil inteligente y tapa de cristal anti-vaho, que est\u00e1 dise\u00f1ado para escenas de catering de gama alta. Admite personalizaci\u00f3n ODM, p\u00f3ngase en contacto con nosotros para obtener soluciones y presupuestos exclusivos.<\/p>\n<h2>Especificaciones de la Chafing Dish comercial:<\/h2>\n<table width=\"402\">\n<tbody>\n<tr>\n<td width=\"145\">Fabricante<\/td>\n<td width=\"257\">Linkton<\/td>\n<\/tr>\n<tr>\n<td>Material<\/td>\n<td>Acero inoxidable<\/td>\n<\/tr>\n<tr>\n<td>Configuraci\u00f3n<\/td>\n<td width=\"257\">Bandeja de comida\/agua<\/td>\n<\/tr>\n<tr>\n<td>Calefacci\u00f3n<\/td>\n<td>\n<p>Calefacci\u00f3n el\u00e9ctrica<\/p>\n<\/td>\n<\/tr>\n<tr>\n<td>Tapa<\/td>\n<td width=\"257\">Tapa de cristal hidr\u00e1ulica<\/td>\n<\/tr>\n<tr>\n<td>OEM\/ODM<\/td>\n<td>Aceptable<\/td>\n<\/tr>\n<tr>\n<td>Muestra<\/td>\n<td>MOQ 1 pieza<\/td>\n<\/tr>\n<\/tbody>\n<\/table>","protected":false},"featured_media":5972,"template":"","meta":{"_acf_changed":false},"product-application":[],"product-capacity":[],"product_brand":[],"product_cat":[58],"product_tag":[],"class_list":{"0":"post-5970","1":"product","2":"type-product","3":"status-publish","4":"has-post-thumbnail","6":"product_cat-wholesale-chafing-dishes","8":"first","9":"instock","10":"shipping-taxable","11":"product-type-simple"},"acf":[],"_links":{"self":[{"href":"https:\/\/www.linktonkitchen.com\/es\/wp-json\/wp\/v2\/product\/5970","targetHints":{"allow":["GET"]}}],"collection":[{"href":"https:\/\/www.linktonkitchen.com\/es\/wp-json\/wp\/v2\/product"}],"about":[{"href":"https:\/\/www.linktonkitchen.com\/es\/wp-json\/wp\/v2\/types\/product"}],"version-history":[{"count":0,"href":"https:\/\/www.linktonkitchen.com\/es\/wp-json\/wp\/v2\/product\/5970\/revisions"}],"wp:featuredmedia":[{"embeddable":true,"href":"https:\/\/www.linktonkitchen.com\/es\/wp-json\/wp\/v2\/media\/5972"}],"wp:attachment":[{"href":"https:\/\/www.linktonkitchen.com\/es\/wp-json\/wp\/v2\/media?parent=5970"}],"wp:term":[{"taxonomy":"product-application","embeddable":true,"href":"https:\/\/www.linktonkitchen.com\/es\/wp-json\/wp\/v2\/product-application?post=5970"},{"taxonomy":"product-capacity","embeddable":true,"href":"https:\/\/www.linktonkitchen.com\/es\/wp-json\/wp\/v2\/product-capacity?post=5970"},{"taxonomy":"product_brand","embeddable":true,"href":"https:\/\/www.linktonkitchen.com\/es\/wp-json\/wp\/v2\/product_brand?post=5970"},{"taxonomy":"product_cat","embeddable":true,"href":"https:\/\/www.linktonkitchen.com\/es\/wp-json\/wp\/v2\/product_cat?post=5970"},{"taxonomy":"product_tag","embeddable":true,"href":"https:\/\/www.linktonkitchen.com\/es\/wp-json\/wp\/v2\/product_tag?post=5970"}],"curies":[{"name":"wp","href":"https:\/\/api.w.org\/{rel}","templated":true}]}}