{"id":5979,"date":"2025-07-08T03:35:38","date_gmt":"2025-07-08T03:35:38","guid":{"rendered":"https:\/\/www.linktonkitchen.com\/?post_type=product&#038;p=5979"},"modified":"2025-07-17T09:34:13","modified_gmt":"2025-07-17T09:34:13","slug":"wholesale-buffet-chafing-dishes","status":"publish","type":"product","link":"https:\/\/www.linktonkitchen.com\/es\/product\/wholesale-buffet-chafing-dishes\/","title":{"rendered":"Venta al Mayor Buffet Chafing Dishes Electric, Set Calientaplatos Acero Inoxidable"},"content":{"rendered":"<div class=\"wp-block-columns is-layout-flex wp-container-core-columns-is-layout-9d6595d7 wp-block-columns-is-layout-flex\">\n<div class=\"wp-block-column is-vertically-aligned-center is-layout-flow wp-block-column-is-layout-flow\">\n<h3 class=\"wp-block-heading\">Mayorista Buffet Chafing Dishes Caracter\u00edsticas:<\/h3>\n\n\n\n<p><strong>Dise\u00f1o de doble bandeja<\/strong>: realiza el calentamiento y la presentaci\u00f3n clasificados de los platos, y mejora la eficacia del catering.<\/p>\n\n\n\n<p><strong>Asa central de apertura de la tapa<\/strong>: buen funcionamiento, mejorando la experiencia del usuario.<\/p>\n\n\n\n<p><strong>Cuerpo de acero inoxidable integrado<\/strong>: esquinas redondeadas, l\u00edneas suaves, a la vez bonitas y seguras.<\/p>\n\n\n\n<p><strong>Dise\u00f1o de bastidor elevado<\/strong>: aumenta la capacidad, evita eficazmente que la sopa se desborde y es adecuado para una gran variedad de platos. <\/p>\n\n\n\n<p><strong>Personalizaci\u00f3n de la presentaci\u00f3n visual de la marca<\/strong>: La zona frontal del logotipo es llamativa, admite logotipos corporativos personalizados y refuerza la imagen de marca.<\/p>\n<\/div>\n\n\n\n<div class=\"wp-block-column is-vertically-aligned-center is-layout-flow wp-block-column-is-layout-flow\"><div class=\"wp-block-image\">\n<figure class=\"aligncenter size-full is-resized\"><img fetchpriority=\"high\" decoding=\"async\" width=\"320\" height=\"240\" src=\"https:\/\/www.linktonkitchen.com\/wp-content\/uploads\/2025\/07\/wholesale-buffet-chafing-dishes.webp\" alt=\"venta al por mayor buffet chafing dishes\" class=\"wp-image-5971\" style=\"width:404px;height:auto\" srcset=\"https:\/\/www.linktonkitchen.com\/wp-content\/uploads\/2025\/07\/wholesale-buffet-chafing-dishes.webp 320w, https:\/\/www.linktonkitchen.com\/wp-content\/uploads\/2025\/07\/wholesale-buffet-chafing-dishes-300x225.webp 300w, https:\/\/www.linktonkitchen.com\/wp-content\/uploads\/2025\/07\/wholesale-buffet-chafing-dishes-16x12.webp 16w, https:\/\/www.linktonkitchen.com\/wp-content\/uploads\/2025\/07\/wholesale-buffet-chafing-dishes-285x214.webp 285w, https:\/\/www.linktonkitchen.com\/wp-content\/uploads\/2025\/07\/wholesale-buffet-chafing-dishes-150x113.webp 150w\" sizes=\"(max-width: 320px) 100vw, 320px\" \/><\/figure>\n<\/div><\/div>\n<\/div>\n\n\n\n<div class=\"wp-block-columns is-layout-flex wp-container-core-columns-is-layout-9d6595d7 wp-block-columns-is-layout-flex\">\n<div class=\"wp-block-column is-vertically-aligned-center is-layout-flow wp-block-column-is-layout-flow\">\n<h3 class=\"wp-block-heading\">A medida <strong><strong>Buffet Chafing Dishes<\/strong><\/strong>:<\/h3>\n\n\n\n<p>Al ofrecer soluciones ODM y OEM, permitimos la personalizaci\u00f3n completa de logotipos tanto en los productos como en los envases. Ofrecemos opciones de embalaje flexibles, desde bolsas hasta cajas de cart\u00f3n, o adaptamos el embalaje a sus necesidades. Las opciones de color personalizadas incluyen el chapado en plata, oro y semidorado.<\/p>\n<\/div>\n<\/div>","protected":false},"excerpt":{"rendered":"<p>Linkton Venta al por mayor Buffet Chafing Dish, calefacci\u00f3n el\u00e9ctrica, con tapa de cristal con bisagras, todo-en-uno chafing plato ideal para el equipo de buffet moderno. OEM y ODM servicios de personalizaci\u00f3n est\u00e1n disponibles. P\u00f3ngase en contacto con nosotros para un presupuesto gratuito.<\/p>\n<h2>Especificaciones de Buffet Chafing Dishes:<\/h2>\n<table width=\"402\">\n<tbody>\n<tr>\n<td width=\"145\">Fabricante<\/td>\n<td width=\"257\">Linkton<\/td>\n<\/tr>\n<tr>\n<td>Material<\/td>\n<td>Acero inoxidable<\/td>\n<\/tr>\n<tr>\n<td>Configuraci\u00f3n<\/td>\n<td width=\"257\">Bandeja de comida\/agua<\/td>\n<\/tr>\n<tr>\n<td>Calefacci\u00f3n<\/td>\n<td>\n<p>Calefacci\u00f3n el\u00e9ctrica<\/p>\n<\/td>\n<\/tr>\n<tr>\n<td>Tapa<\/td>\n<td width=\"257\">Tapa de cristal hidr\u00e1ulica<\/td>\n<\/tr>\n<tr>\n<td>OEM\/ODM<\/td>\n<td>Aceptable<\/td>\n<\/tr>\n<tr>\n<td>Muestra<\/td>\n<td>MOQ 1 pieza<\/td>\n<\/tr>\n<\/tbody>\n<\/table>","protected":false},"featured_media":5971,"template":"","meta":{"_acf_changed":false},"product-application":[],"product-capacity":[],"product_brand":[],"product_cat":[58],"product_tag":[],"class_list":{"0":"post-5979","1":"product","2":"type-product","3":"status-publish","4":"has-post-thumbnail","6":"product_cat-wholesale-chafing-dishes","8":"first","9":"instock","10":"shipping-taxable","11":"product-type-simple"},"acf":[],"_links":{"self":[{"href":"https:\/\/www.linktonkitchen.com\/es\/wp-json\/wp\/v2\/product\/5979","targetHints":{"allow":["GET"]}}],"collection":[{"href":"https:\/\/www.linktonkitchen.com\/es\/wp-json\/wp\/v2\/product"}],"about":[{"href":"https:\/\/www.linktonkitchen.com\/es\/wp-json\/wp\/v2\/types\/product"}],"version-history":[{"count":0,"href":"https:\/\/www.linktonkitchen.com\/es\/wp-json\/wp\/v2\/product\/5979\/revisions"}],"wp:featuredmedia":[{"embeddable":true,"href":"https:\/\/www.linktonkitchen.com\/es\/wp-json\/wp\/v2\/media\/5971"}],"wp:attachment":[{"href":"https:\/\/www.linktonkitchen.com\/es\/wp-json\/wp\/v2\/media?parent=5979"}],"wp:term":[{"taxonomy":"product-application","embeddable":true,"href":"https:\/\/www.linktonkitchen.com\/es\/wp-json\/wp\/v2\/product-application?post=5979"},{"taxonomy":"product-capacity","embeddable":true,"href":"https:\/\/www.linktonkitchen.com\/es\/wp-json\/wp\/v2\/product-capacity?post=5979"},{"taxonomy":"product_brand","embeddable":true,"href":"https:\/\/www.linktonkitchen.com\/es\/wp-json\/wp\/v2\/product_brand?post=5979"},{"taxonomy":"product_cat","embeddable":true,"href":"https:\/\/www.linktonkitchen.com\/es\/wp-json\/wp\/v2\/product_cat?post=5979"},{"taxonomy":"product_tag","embeddable":true,"href":"https:\/\/www.linktonkitchen.com\/es\/wp-json\/wp\/v2\/product_tag?post=5979"}],"curies":[{"name":"wp","href":"https:\/\/api.w.org\/{rel}","templated":true}]}}