{"id":6007,"date":"2025-07-16T08:02:52","date_gmt":"2025-07-16T08:02:52","guid":{"rendered":"https:\/\/www.linktonkitchen.com\/?post_type=product&#038;p=6007"},"modified":"2025-07-17T09:21:52","modified_gmt":"2025-07-17T09:21:52","slug":"custom-electric-chafing-dish","status":"publish","type":"product","link":"https:\/\/www.linktonkitchen.com\/es\/product\/custom-electric-chafing-dish\/","title":{"rendered":"Chafing Dish El\u00e9ctrico a Medida, Calentador de Buffet con Tapa Hidr\u00e1ulica a Granel"},"content":{"rendered":"<div class=\"wp-block-columns is-layout-flex wp-container-core-columns-is-layout-9d6595d7 wp-block-columns-is-layout-flex\">\n<div class=\"wp-block-column is-vertically-aligned-center is-layout-flow wp-block-column-is-layout-flow\">\n<h3 class=\"wp-block-heading\">Custom Electric Chafing Dish Caracter\u00edsticas:<\/h3>\n\n\n\n<p><strong>Aspecto moderno<\/strong>: El aspecto de acero inoxidable de alta gama es elegante y moderno, lo que realza el efecto visual de la mesa de comedor y es muy adecuado para banquetes de alta gama, hoteles o banquetes.<\/p>\n\n\n\n<p>Exquisito dise\u00f1o de patas: Los cuatro soportes tienen exquisitas tallas de textura, y el acabado pulido brillante de la superficie forma una estufa de comedor moderna y exquisita<\/p>\n\n\n\n<p><strong>Dise\u00f1o de tapa de cristal<\/strong>: La tapa de cristal transparente no s\u00f3lo permite observar claramente el estado de calentamiento de los alimentos, sino que tambi\u00e9n mantiene eficazmente la temperatura y la frescura de los alimentos y evita la p\u00e9rdida de calor.<\/p>\n\n\n\n<p><strong>F\u00e1cil de limpiar<\/strong>: Hecho de material de acero inoxidable de alta calidad se selecciona, es durable y resistente a la corrosi\u00f3n, y el tratamiento de la superficie fina hace que sea f\u00e1cil de limpiar y mantener, adecuado para el uso diario de alta frecuencia.<\/p>\n\n\n\n<p><strong>Apoyo a la personalizaci\u00f3n<\/strong>: Se pueden ofrecer diversas opciones de personalizaci\u00f3n seg\u00fan las necesidades del cliente, como logotipo, color, acabado, etc. para satisfacer las necesidades de la marca.<\/p>\n<\/div>\n\n\n\n<div class=\"wp-block-column is-vertically-aligned-center is-layout-flow wp-block-column-is-layout-flow\"><div class=\"wp-block-image\">\n<figure class=\"aligncenter size-full is-resized\"><img fetchpriority=\"high\" decoding=\"async\" width=\"800\" height=\"800\" src=\"https:\/\/www.linktonkitchen.com\/wp-content\/uploads\/2025\/07\/custom-electric-chafing-dish.webp\" alt=\"calientaplatos el\u00e9ctrico personalizado\" class=\"wp-image-6009\" style=\"width:404px;height:auto\" srcset=\"https:\/\/www.linktonkitchen.com\/wp-content\/uploads\/2025\/07\/custom-electric-chafing-dish.webp 800w, https:\/\/www.linktonkitchen.com\/wp-content\/uploads\/2025\/07\/custom-electric-chafing-dish-300x300.webp 300w, https:\/\/www.linktonkitchen.com\/wp-content\/uploads\/2025\/07\/custom-electric-chafing-dish-150x150.webp 150w, https:\/\/www.linktonkitchen.com\/wp-content\/uploads\/2025\/07\/custom-electric-chafing-dish-768x768.webp 768w, https:\/\/www.linktonkitchen.com\/wp-content\/uploads\/2025\/07\/custom-electric-chafing-dish-12x12.webp 12w, https:\/\/www.linktonkitchen.com\/wp-content\/uploads\/2025\/07\/custom-electric-chafing-dish-285x285.webp 285w, https:\/\/www.linktonkitchen.com\/wp-content\/uploads\/2025\/07\/custom-electric-chafing-dish-270x270.webp 270w, https:\/\/www.linktonkitchen.com\/wp-content\/uploads\/2025\/07\/custom-electric-chafing-dish-540x540.webp 540w, https:\/\/www.linktonkitchen.com\/wp-content\/uploads\/2025\/07\/custom-electric-chafing-dish-660x660.webp 660w\" sizes=\"(max-width: 800px) 100vw, 800px\" \/><\/figure>\n<\/div><\/div>\n<\/div>\n\n\n\n<div class=\"wp-block-columns is-layout-flex wp-container-core-columns-is-layout-9d6595d7 wp-block-columns-is-layout-flex\">\n<div class=\"wp-block-column is-vertically-aligned-center is-layout-flow wp-block-column-is-layout-flow\">\n<h3 class=\"wp-block-heading\">A medida <strong><strong>Chafing Dish el\u00e9ctrico<\/strong><\/strong><\/h3>\n\n\n\n<p>Estamos especializados en servicios ODM y OEM, y ofrecemos personalizaci\u00f3n de logotipos tanto para productos como para embalajes. Puede elegir entre diversas opciones de embalaje, como bolsas, cajas de cart\u00f3n o embalajes dise\u00f1ados a medida seg\u00fan sus necesidades. Tambi\u00e9n ofrecemos personalizaci\u00f3n del color, con opciones como chapado en plata, oro o semidorado.<\/p>\n<\/div>\n<\/div>","protected":false},"excerpt":{"rendered":"<p>Chafing dish el\u00e9ctrico personalizado, con un acero inoxidable liso y brillante y pies exquisitos, puede calentarse con electricidad o alcohol, lo que lo convierte en un popular juego de buffet moderno. El mejor descuento es para un pedido al por mayor. P\u00f3ngase en contacto con nosotros para solicitar un presupuesto.<\/p>\n<h2>Especificaciones del Chafing Dish el\u00e9ctrico:<\/h2>\n<table width=\"402\">\n<tbody>\n<tr>\n<td width=\"145\">Fabricante<\/td>\n<td width=\"257\">Linkton<\/td>\n<\/tr>\n<tr>\n<td>Material<\/td>\n<td>Acero inoxidable<\/td>\n<\/tr>\n<tr>\n<td>Configuraci\u00f3n<\/td>\n<td width=\"257\">Bandeja de comida\/agua<\/td>\n<\/tr>\n<tr>\n<td>Calefacci\u00f3n<\/td>\n<td>\n<p>Calefacci\u00f3n el\u00e9ctrica<\/p>\n<\/td>\n<\/tr>\n<tr>\n<td>Tapa<\/td>\n<td width=\"257\">Tapa de cristal hidr\u00e1ulica<\/td>\n<\/tr>\n<tr>\n<td>OEM\/ODM<\/td>\n<td>Aceptable<\/td>\n<\/tr>\n<tr>\n<td>Muestra<\/td>\n<td>MOQ 1 pieza<\/td>\n<\/tr>\n<\/tbody>\n<\/table>","protected":false},"featured_media":6009,"template":"","meta":{"_acf_changed":false},"product-application":[],"product-capacity":[],"product_brand":[],"product_cat":[58],"product_tag":[],"class_list":{"0":"post-6007","1":"product","2":"type-product","3":"status-publish","4":"has-post-thumbnail","6":"product_cat-wholesale-chafing-dishes","8":"first","9":"instock","10":"shipping-taxable","11":"product-type-simple"},"acf":[],"_links":{"self":[{"href":"https:\/\/www.linktonkitchen.com\/es\/wp-json\/wp\/v2\/product\/6007","targetHints":{"allow":["GET"]}}],"collection":[{"href":"https:\/\/www.linktonkitchen.com\/es\/wp-json\/wp\/v2\/product"}],"about":[{"href":"https:\/\/www.linktonkitchen.com\/es\/wp-json\/wp\/v2\/types\/product"}],"version-history":[{"count":0,"href":"https:\/\/www.linktonkitchen.com\/es\/wp-json\/wp\/v2\/product\/6007\/revisions"}],"wp:featuredmedia":[{"embeddable":true,"href":"https:\/\/www.linktonkitchen.com\/es\/wp-json\/wp\/v2\/media\/6009"}],"wp:attachment":[{"href":"https:\/\/www.linktonkitchen.com\/es\/wp-json\/wp\/v2\/media?parent=6007"}],"wp:term":[{"taxonomy":"product-application","embeddable":true,"href":"https:\/\/www.linktonkitchen.com\/es\/wp-json\/wp\/v2\/product-application?post=6007"},{"taxonomy":"product-capacity","embeddable":true,"href":"https:\/\/www.linktonkitchen.com\/es\/wp-json\/wp\/v2\/product-capacity?post=6007"},{"taxonomy":"product_brand","embeddable":true,"href":"https:\/\/www.linktonkitchen.com\/es\/wp-json\/wp\/v2\/product_brand?post=6007"},{"taxonomy":"product_cat","embeddable":true,"href":"https:\/\/www.linktonkitchen.com\/es\/wp-json\/wp\/v2\/product_cat?post=6007"},{"taxonomy":"product_tag","embeddable":true,"href":"https:\/\/www.linktonkitchen.com\/es\/wp-json\/wp\/v2\/product_tag?post=6007"}],"curies":[{"name":"wp","href":"https:\/\/api.w.org\/{rel}","templated":true}]}}