{"id":6049,"date":"2025-07-22T09:52:01","date_gmt":"2025-07-22T09:52:01","guid":{"rendered":"https:\/\/www.linktonkitchen.com\/?post_type=product&#038;p=6049"},"modified":"2026-02-05T03:12:19","modified_gmt":"2026-02-05T03:12:19","slug":"wholesale-stainless-pressure-cooker","status":"publish","type":"product","link":"https:\/\/www.linktonkitchen.com\/es\/product\/wholesale-stainless-pressure-cooker\/","title":{"rendered":"Mayorista Olla a Presi\u00f3n Inoxidable 2-6QT, Olla a Presi\u00f3n para Inducci\u00f3n y Estufa"},"content":{"rendered":"<div class=\"wp-block-columns is-layout-flex wp-container-core-columns-is-layout-9d6595d7 wp-block-columns-is-layout-flex\">\n<div class=\"wp-block-column is-layout-flow wp-block-column-is-layout-flow\" style=\"flex-basis:30%\">\n<figure class=\"wp-block-embed is-type-video is-provider-youtube wp-block-embed-youtube wp-embed-aspect-9-16 wp-has-aspect-ratio\"><div class=\"wp-block-embed__wrapper\">\n<iframe title=\"\u00bfQuiere ver un v\u00eddeo de presentaci\u00f3n de un nuevo producto? #cocina #cocina a presi\u00f3n\" width=\"563\" height=\"1000\" src=\"https:\/\/www.youtube.com\/embed\/pLJeXyByhCU?feature=oembed\" frameborder=\"0\" allow=\"accelerometer; autoplay; clipboard-write; encrypted-media; gyroscope; picture-in-picture; web-share\" referrerpolicy=\"strict-origin-when-cross-origin\" allowfullscreen><\/iframe>\n<\/div><\/figure>\n<\/div>\n\n\n\n<div class=\"wp-block-column is-vertically-aligned-center is-layout-flow wp-block-column-is-layout-flow\">\n<h2 class=\"wp-block-heading\">Par\u00e1metro de la olla a presi\u00f3n inoxidable:<\/h2>\n\n\n\n<figure class=\"wp-block-table\"><table><tbody><tr><td><strong>N\u00ba de modelo<\/strong><\/td><td><strong>Di\u00e1metro de la boca<\/strong><\/td><td><strong>Capacidad<\/strong><\/td><td><strong>Peso<\/strong><\/td><\/tr><tr><td rowspan=\"9\">LT-UPC<\/td><td>16 cm<\/td><td>2L(2.14QT)<\/td><td>1,79 kg<\/td><\/tr><tr><td>18 cm<\/td><td>3L(3.2 QT)<\/td><td>1,87 kg<\/td><\/tr><tr><td>20 cm<\/td><td>4L(4.2 QT)<\/td><td>2,17 kg<\/td><\/tr><tr><td>22 cm<\/td><td>5L(5.3 QT)<\/td><td>2,53 kg<\/td><\/tr><tr><td>24 cm<\/td><td>6L(6.3 QT)<\/td><td>2,91 kg<\/td><\/tr><\/tbody><\/table><\/figure>\n<\/div>\n<\/div>\n\n\n\n<div class=\"wp-block-columns is-layout-flex wp-container-core-columns-is-layout-9d6595d7 wp-block-columns-is-layout-flex\">\n<div class=\"wp-block-column is-vertically-aligned-top is-layout-flow wp-block-column-is-layout-flow\">\n<h2 class=\"wp-block-heading\">Olla a presi\u00f3n inoxidable Caracter\u00edsticas:<\/h2>\n\n\n\n<p><strong>M\u00faltiples capacidades disponibles (2-6QT):<\/strong> 2QT es adecuado para 1-2 personas, 4-6QT es adecuado para 2-5 personas, satisfaciendo las necesidades de una sola persona a una familia peque\u00f1a.<\/p>\n\n\n\n<p><strong>Fondo compuesto de tres capas de acero inoxidable:<\/strong> Conducci\u00f3n r\u00e1pida y uniforme del calor para evitar sobrecalentamientos locales. El acero inoxidable es duradero, resistente a la corrosi\u00f3n e indeformable.<\/p>\n\n\n\n<p><strong>Aplicable a diversas fuentes de calor: <\/strong>apta para cocinas de inducci\u00f3n, cocinas de llama abierta, etc., una olla para m\u00faltiples usos, adecuada para diferentes entornos de cocina<\/p>\n\n\n\n<p><strong>Cocci\u00f3n r\u00e1pida y ahorro de energ\u00eda: <\/strong>Cocci\u00f3n a alta presi\u00f3n de 80kPA, conserva los nutrientes, aumenta la velocidad de cocci\u00f3n, ahorra tiempo y energ\u00eda.<\/p>\n\n\n\n<p><strong>Dise\u00f1o de seguridad:<\/strong> equipados con m\u00faltiples sistemas de seguridad, como asas antiescaldamiento, v\u00e1lvulas de presi\u00f3n, cierres de seguridad, dispositivos antideflagrantes, etc., de funcionamiento seguro<\/p>\n\n\n\n<p><strong>Ligero y port\u00e1til: <\/strong>las ollas a presi\u00f3n de peque\u00f1a capacidad son especialmente adecuadas para campistas, usuarios de veh\u00edculos recreativos y cocinas port\u00e1tiles<\/p>\n\n\n\n<p><strong>Suministro directo de las f\u00e1bricas de China: <\/strong>Proporcionar servicios integrales de adquisici\u00f3n y personalizaci\u00f3n para minoristas\/distribuidores de utensilios de cocina\/personalizaci\u00f3n OEM\/vendedores de comercio electr\u00f3nico (Amazon, Shopee, etc.). Reduzca los costes de adquisici\u00f3n y satisfaga las necesidades de personalizaci\u00f3n de la marca.<\/p>\n<\/div>\n\n\n\n<div class=\"wp-block-column is-vertically-aligned-top is-layout-flow wp-block-column-is-layout-flow\"><div class=\"wp-block-image\">\n<figure class=\"aligncenter size-full\"><img fetchpriority=\"high\" decoding=\"async\" width=\"800\" height=\"800\" src=\"https:\/\/www.linktonkitchen.com\/wp-content\/uploads\/2025\/07\/wholesale-stainless-pressure-cooker-5.webp\" alt=\"venta al por mayor olla a presion inoxidable (5)\" class=\"wp-image-6054\" style=\"object-fit:cover\" srcset=\"https:\/\/www.linktonkitchen.com\/wp-content\/uploads\/2025\/07\/wholesale-stainless-pressure-cooker-5.webp 800w, https:\/\/www.linktonkitchen.com\/wp-content\/uploads\/2025\/07\/wholesale-stainless-pressure-cooker-5-300x300.webp 300w, https:\/\/www.linktonkitchen.com\/wp-content\/uploads\/2025\/07\/wholesale-stainless-pressure-cooker-5-150x150.webp 150w, https:\/\/www.linktonkitchen.com\/wp-content\/uploads\/2025\/07\/wholesale-stainless-pressure-cooker-5-768x768.webp 768w, https:\/\/www.linktonkitchen.com\/wp-content\/uploads\/2025\/07\/wholesale-stainless-pressure-cooker-5-12x12.webp 12w, https:\/\/www.linktonkitchen.com\/wp-content\/uploads\/2025\/07\/wholesale-stainless-pressure-cooker-5-285x285.webp 285w, https:\/\/www.linktonkitchen.com\/wp-content\/uploads\/2025\/07\/wholesale-stainless-pressure-cooker-5-270x270.webp 270w, https:\/\/www.linktonkitchen.com\/wp-content\/uploads\/2025\/07\/wholesale-stainless-pressure-cooker-5-540x540.webp 540w, https:\/\/www.linktonkitchen.com\/wp-content\/uploads\/2025\/07\/wholesale-stainless-pressure-cooker-5-660x660.webp 660w\" sizes=\"(max-width: 800px) 100vw, 800px\" \/><\/figure>\n<\/div><\/div>\n<\/div>\n\n\n\n<div class=\"wp-block-columns is-layout-flex wp-container-core-columns-is-layout-9d6595d7 wp-block-columns-is-layout-flex\">\n<div class=\"wp-block-column is-layout-flow wp-block-column-is-layout-flow\">\n<figure class=\"wp-block-image size-full\"><img decoding=\"async\" width=\"800\" height=\"800\" src=\"https:\/\/www.linktonkitchen.com\/wp-content\/uploads\/2024\/04\/Wholesale-Stainless-Steel-Pressure-Cooker-Mirror-2-16QT-for-Home-Commercial-7.webp\" alt=\"Mayorista Olla a Presi\u00f3n de Acero Inoxidable Espejo 2-16QT para Hogar Comercial\" class=\"wp-image-7357\" srcset=\"https:\/\/www.linktonkitchen.com\/wp-content\/uploads\/2024\/04\/Wholesale-Stainless-Steel-Pressure-Cooker-Mirror-2-16QT-for-Home-Commercial-7.webp 800w, https:\/\/www.linktonkitchen.com\/wp-content\/uploads\/2024\/04\/Wholesale-Stainless-Steel-Pressure-Cooker-Mirror-2-16QT-for-Home-Commercial-7-300x300.webp 300w, https:\/\/www.linktonkitchen.com\/wp-content\/uploads\/2024\/04\/Wholesale-Stainless-Steel-Pressure-Cooker-Mirror-2-16QT-for-Home-Commercial-7-150x150.webp 150w, https:\/\/www.linktonkitchen.com\/wp-content\/uploads\/2024\/04\/Wholesale-Stainless-Steel-Pressure-Cooker-Mirror-2-16QT-for-Home-Commercial-7-768x768.webp 768w, https:\/\/www.linktonkitchen.com\/wp-content\/uploads\/2024\/04\/Wholesale-Stainless-Steel-Pressure-Cooker-Mirror-2-16QT-for-Home-Commercial-7-12x12.webp 12w, https:\/\/www.linktonkitchen.com\/wp-content\/uploads\/2024\/04\/Wholesale-Stainless-Steel-Pressure-Cooker-Mirror-2-16QT-for-Home-Commercial-7-285x285.webp 285w, https:\/\/www.linktonkitchen.com\/wp-content\/uploads\/2024\/04\/Wholesale-Stainless-Steel-Pressure-Cooker-Mirror-2-16QT-for-Home-Commercial-7-270x270.webp 270w, https:\/\/www.linktonkitchen.com\/wp-content\/uploads\/2024\/04\/Wholesale-Stainless-Steel-Pressure-Cooker-Mirror-2-16QT-for-Home-Commercial-7-540x540.webp 540w, https:\/\/www.linktonkitchen.com\/wp-content\/uploads\/2024\/04\/Wholesale-Stainless-Steel-Pressure-Cooker-Mirror-2-16QT-for-Home-Commercial-7-660x660.webp 660w\" sizes=\"(max-width: 800px) 100vw, 800px\" \/><\/figure>\n<\/div>\n\n\n\n<div class=\"wp-block-column is-vertically-aligned-center is-layout-flow wp-block-column-is-layout-flow\">\n<h2 class=\"wp-block-heading\">Olla a presi\u00f3n inoxidable a medida:<\/h2>\n\n\n\n<p>Ofrecemos opciones de olla a presi\u00f3n de acero inoxidable OEM y ODM para pedidos personalizados a granel:<\/p>\n\n\n\n<ul class=\"wp-block-list\">\n<li><strong>Colores personalizados:<\/strong> negro, rojo, dorado, amarillo<\/li>\n\n\n\n<li><strong>LOGO personalizado: <\/strong>en el cuerpo, la tapa o el asa<\/li>\n\n\n\n<li><strong>Embalaje personalizado: <\/strong>caja de color, bolsa de transporte, granel o cart\u00f3n, todo ello adaptado a las necesidades de su marca.<\/li>\n\n\n\n<li><strong>Accesorios:<\/strong> v\u00e1lvula de presi\u00f3n, junta de silicona, rejilla de vapor opcional, vaso medidor, manual.<\/li>\n<\/ul>\n<\/div>\n<\/div>\n\n\n\n<p><\/p>","protected":false},"excerpt":{"rendered":"<p>Olla a presi\u00f3n inoxidable al por mayor, fabricada con materiales de alta calidad y un dise\u00f1o \u00fanico en forma de U, garantiza un calentamiento uniforme y una cocci\u00f3n r\u00e1pida. Est\u00e1 disponible en varios tama\u00f1os y es una olla de cocina ideal por su gran eficacia y ahorro de energ\u00eda. Bienvenido a consultar.<\/p>\n<h2>Especificaciones de la olla a presi\u00f3n inoxidable:<\/h2>\n<table width=\"402\">\n<tbody>\n<tr>\n<td width=\"145\">Fabricante<\/td>\n<td width=\"257\">Linkton<\/td>\n<\/tr>\n<tr>\n<td width=\"145\">Capacidad<\/td>\n<td width=\"257\">2L\/ 3L\/ 4L \/ 5L\/ 6L<\/td>\n<\/tr>\n<tr>\n<td>Material<\/td>\n<td>Acero inoxidable<\/td>\n<\/tr>\n<tr>\n<td>Funci\u00f3n<\/td>\n<td width=\"257\">1. 80kpa cocci\u00f3n r\u00e1pida<br \/>2. V\u00e1lvula de bloqueo de seguridad de punto rojo para uso en seguridad<br \/>3. Sistema de seguridad a prueba de explosiones<br \/>4. Limpieza c\u00f3moda<\/td>\n<\/tr>\n<tr>\n<td>Estufa aplicable<\/td>\n<td>Cocina\/ Cocina de inducci\u00f3n\/ Cocina de gas\/ Cocina el\u00e9ctrica\/ Cocina vitrocer\u00e1mica\/ Cocina hal\u00f3gena<\/td>\n<\/tr>\n<tr>\n<td>Configuraci\u00f3n<\/td>\n<td width=\"257\">Manual\/V\u00e1lvula limitadora de presi\u00f3n\/Taz\u00f3n antiderrame\/Aguja de limpieza<\/td>\n<\/tr>\n<tr>\n<td>OEM\/ODM<\/td>\n<td>Aceptable<\/td>\n<\/tr>\n<tr>\n<td>Muestra<\/td>\n<td>MOQ 1 pieza<\/td>\n<\/tr>\n<\/tbody>\n<\/table>","protected":false},"featured_media":6132,"template":"","meta":{"_acf_changed":false},"product-application":[],"product-capacity":[],"product_brand":[],"product_cat":[55],"product_tag":[76,80],"class_list":{"0":"post-6049","1":"product","2":"type-product","3":"status-publish","4":"has-post-thumbnail","6":"product_cat-pressure-cooker-wholesale","7":"product_tag-wholesale-home-pressure-cooker","8":"product_tag-wholesale-small-pressure-cooker","10":"first","11":"instock","12":"shipping-taxable","13":"product-type-simple"},"acf":[],"_links":{"self":[{"href":"https:\/\/www.linktonkitchen.com\/es\/wp-json\/wp\/v2\/product\/6049","targetHints":{"allow":["GET"]}}],"collection":[{"href":"https:\/\/www.linktonkitchen.com\/es\/wp-json\/wp\/v2\/product"}],"about":[{"href":"https:\/\/www.linktonkitchen.com\/es\/wp-json\/wp\/v2\/types\/product"}],"version-history":[{"count":0,"href":"https:\/\/www.linktonkitchen.com\/es\/wp-json\/wp\/v2\/product\/6049\/revisions"}],"wp:featuredmedia":[{"embeddable":true,"href":"https:\/\/www.linktonkitchen.com\/es\/wp-json\/wp\/v2\/media\/6132"}],"wp:attachment":[{"href":"https:\/\/www.linktonkitchen.com\/es\/wp-json\/wp\/v2\/media?parent=6049"}],"wp:term":[{"taxonomy":"product-application","embeddable":true,"href":"https:\/\/www.linktonkitchen.com\/es\/wp-json\/wp\/v2\/product-application?post=6049"},{"taxonomy":"product-capacity","embeddable":true,"href":"https:\/\/www.linktonkitchen.com\/es\/wp-json\/wp\/v2\/product-capacity?post=6049"},{"taxonomy":"product_brand","embeddable":true,"href":"https:\/\/www.linktonkitchen.com\/es\/wp-json\/wp\/v2\/product_brand?post=6049"},{"taxonomy":"product_cat","embeddable":true,"href":"https:\/\/www.linktonkitchen.com\/es\/wp-json\/wp\/v2\/product_cat?post=6049"},{"taxonomy":"product_tag","embeddable":true,"href":"https:\/\/www.linktonkitchen.com\/es\/wp-json\/wp\/v2\/product_tag?post=6049"}],"curies":[{"name":"wp","href":"https:\/\/api.w.org\/{rel}","templated":true}]}}