{"id":6060,"date":"2025-07-22T10:33:48","date_gmt":"2025-07-22T10:33:48","guid":{"rendered":"https:\/\/www.linktonkitchen.com\/?post_type=product&#038;p=6060"},"modified":"2026-02-03T06:58:41","modified_gmt":"2026-02-03T06:58:41","slug":"wholesale-safe-pressure-cooker","status":"publish","type":"product","link":"https:\/\/www.linktonkitchen.com\/es\/product\/wholesale-safe-pressure-cooker\/","title":{"rendered":"Mayorista Olla a Presi\u00f3n de Acero Inoxidable,5 QT, Cocina de Inducci\u00f3n"},"content":{"rendered":"<div class=\"wp-block-columns is-layout-flex wp-container-core-columns-is-layout-9d6595d7 wp-block-columns-is-layout-flex\">\n<div class=\"wp-block-column is-layout-flow wp-block-column-is-layout-flow\" style=\"flex-basis:30%\">\n<figure class=\"wp-block-embed is-type-video is-provider-youtube wp-block-embed-youtube wp-embed-aspect-9-16 wp-has-aspect-ratio\"><div class=\"wp-block-embed__wrapper\">\n<iframe title=\"Olla a presi\u00f3n antiexplosi\u00f3n con protecci\u00f3n de m\u00faltiples detalles para garantizar una cocci\u00f3n segura.#kitchenware\" width=\"563\" height=\"1000\" src=\"https:\/\/www.youtube.com\/embed\/t0jyKNFd0yk?feature=oembed\" frameborder=\"0\" allow=\"accelerometer; autoplay; clipboard-write; encrypted-media; gyroscope; picture-in-picture; web-share\" referrerpolicy=\"strict-origin-when-cross-origin\" allowfullscreen><\/iframe>\n<\/div><\/figure>\n<\/div>\n\n\n\n<div class=\"wp-block-column is-vertically-aligned-center is-layout-flow wp-block-column-is-layout-flow\" style=\"flex-basis:70%\">\n<h2 class=\"wp-block-heading\">Par\u00e1metro de la olla a presi\u00f3n segura:<\/h2>\n\n\n\n<figure class=\"wp-block-table\"><table><tbody><tr><td>N\u00ba de modelo<\/td><td>Capacidad<\/td><td>Di\u00e1metro de la boca<\/td><td>Peso bruto (kg)<\/td><\/tr><tr><td rowspan=\"10\">LT-FB<\/td><td>5L<\/td><td>22 cm<\/td><td>3,23 kg<\/td><\/tr><tr><td>7L<\/td><td>24 cm<\/td><td>3,53 kg<\/td><\/tr><tr><td>9L<\/td><td>26 cm<\/td><td>4,35 kg<\/td><\/tr><tr><td>11L<\/td><td>28 cm<\/td><td>4,82 kg<\/td><\/tr><tr><td>13L<\/td><td>30 cm<\/td><td>5,84 kg<\/td><\/tr><tr><td>15L<\/td><td>32 cm<\/td><td>6,04 kg<\/td><\/tr><\/tbody><\/table><\/figure>\n\n\n\n<h2 class=\"wp-block-heading\">Olla a presi\u00f3n segura Caracter\u00edsticas:<\/h2>\n\n\n\n<p><strong>Innovadora tecnolog\u00eda antideflagrante<\/strong>evita accidentes causados por una presi\u00f3n excesiva en la olla a presi\u00f3n y garantiza un uso seguro.<\/p>\n\n\n\n<p><strong>Material de acero inoxidable de alta calidad<\/strong>: resistente y duradero, soporta f\u00e1cilmente entornos de alta temperatura y alta presi\u00f3n, y garantiza un uso a largo plazo sin deformaciones.<\/p>\n\n\n\n<p><strong>Cocci\u00f3n r\u00e1pida y eficaz<\/strong>: El dise\u00f1o especial de presi\u00f3n puede completar las tareas de cocci\u00f3n en poco tiempo, ahorrar tiempo y preservar perfectamente la nutrici\u00f3n y el sabor de los ingredientes.<\/p>\n\n\n\n<p><strong>V\u00e1lvula de seguridad y sistema de bloqueo<\/strong>: Equipado con una v\u00e1lvula de seguridad fiable y sistema de bloqueo para garantizar el sellado y la seguridad bajo alta presi\u00f3n para evitar accidentes.<\/p>\n\n\n\n<p><strong>Ahorro de energ\u00eda y protecci\u00f3n del medio ambiente:<\/strong> Gracias al sistema optimizado de control de la presi\u00f3n, puede calentar r\u00e1pidamente y mantener una temperatura elevada, reducir el consumo de energ\u00eda, acortar el tiempo de cocci\u00f3n y ahorrar electricidad.<\/p>\n<\/div>\n<\/div>\n\n\n\n<div class=\"wp-block-columns is-layout-flex wp-container-core-columns-is-layout-9d6595d7 wp-block-columns-is-layout-flex\">\n<div class=\"wp-block-column is-vertically-aligned-center is-layout-flow wp-block-column-is-layout-flow\">\n<h2 class=\"wp-block-heading\">Olla a presi\u00f3n Custom Safe<\/h2>\n\n\n\n<p><strong>Rango de capacidad:&nbsp;<\/strong>Elija entre 5L-15L para satisfacer las diferentes necesidades de tama\u00f1o de las familias.<\/p>\n\n\n\n<p><strong>Acabado superficial:&nbsp;<\/strong>Disponible en pulido espejo (alto brillo), acabado satinado (aspecto cepillado) o revestimiento de color personalizado.<\/p>\n\n\n\n<p><strong>Marca y logotipo:<\/strong><\/p>\n\n\n\n<ul class=\"wp-block-list\">\n<li>Grabado por l\u00e1ser en el cuerpo de la maceta.<\/li>\n\n\n\n<li>Estampado en la parte inferior.<\/li>\n\n\n\n<li>Logotipo personalizado en asas y v\u00e1lvulas de presi\u00f3n.<\/li>\n<\/ul>\n\n\n\n<p><strong>Dise\u00f1o de envases:&nbsp;<\/strong>Cajas de color, manuales de instrucciones y cajas de env\u00edo totalmente personalizados con la identidad visual de su marca.<\/p>\n<\/div>\n\n\n\n<div class=\"wp-block-column is-layout-flow wp-block-column-is-layout-flow\">\n<figure class=\"wp-block-image size-full\"><img fetchpriority=\"high\" decoding=\"async\" width=\"800\" height=\"800\" src=\"https:\/\/www.linktonkitchen.com\/wp-content\/uploads\/2025\/07\/Wholesale-explosion-proof-pressure-cookers-with-double-handles-for-commercial-restaurants-3.webp\" alt=\"Mayorista de ollas a presi\u00f3n antideflagrantes con doble asa para restaurantes comerciales\" class=\"wp-image-7197\" srcset=\"https:\/\/www.linktonkitchen.com\/wp-content\/uploads\/2025\/07\/Wholesale-explosion-proof-pressure-cookers-with-double-handles-for-commercial-restaurants-3.webp 800w, https:\/\/www.linktonkitchen.com\/wp-content\/uploads\/2025\/07\/Wholesale-explosion-proof-pressure-cookers-with-double-handles-for-commercial-restaurants-3-300x300.webp 300w, https:\/\/www.linktonkitchen.com\/wp-content\/uploads\/2025\/07\/Wholesale-explosion-proof-pressure-cookers-with-double-handles-for-commercial-restaurants-3-150x150.webp 150w, https:\/\/www.linktonkitchen.com\/wp-content\/uploads\/2025\/07\/Wholesale-explosion-proof-pressure-cookers-with-double-handles-for-commercial-restaurants-3-768x768.webp 768w, https:\/\/www.linktonkitchen.com\/wp-content\/uploads\/2025\/07\/Wholesale-explosion-proof-pressure-cookers-with-double-handles-for-commercial-restaurants-3-12x12.webp 12w, https:\/\/www.linktonkitchen.com\/wp-content\/uploads\/2025\/07\/Wholesale-explosion-proof-pressure-cookers-with-double-handles-for-commercial-restaurants-3-285x285.webp 285w, https:\/\/www.linktonkitchen.com\/wp-content\/uploads\/2025\/07\/Wholesale-explosion-proof-pressure-cookers-with-double-handles-for-commercial-restaurants-3-270x270.webp 270w, https:\/\/www.linktonkitchen.com\/wp-content\/uploads\/2025\/07\/Wholesale-explosion-proof-pressure-cookers-with-double-handles-for-commercial-restaurants-3-540x540.webp 540w, https:\/\/www.linktonkitchen.com\/wp-content\/uploads\/2025\/07\/Wholesale-explosion-proof-pressure-cookers-with-double-handles-for-commercial-restaurants-3-660x660.webp 660w\" sizes=\"(max-width: 800px) 100vw, 800px\" \/><\/figure>\n<\/div>\n<\/div>","protected":false},"excerpt":{"rendered":"<p>La olla a presi\u00f3n segura al por mayor, con dise\u00f1o a prueba de explosiones, garantiza que cada cocci\u00f3n sea segura y sin preocupaciones. Es una herramienta de cocina eficaz, segura y que ahorra energ\u00eda. Disponemos de una gran variedad de especificaciones para satisfacer las distintas necesidades de cocina. P\u00f3ngase en contacto con nosotros para obtener el cat\u00e1logo de productos.<\/p>\n<h2>Especificaciones de la olla a presi\u00f3n segura:<\/h2>\n<table width=\"402\">\n<tbody>\n<tr>\n<td width=\"145\">Fabricante<\/td>\n<td width=\"257\">Linkton<\/td>\n<\/tr>\n<tr>\n<td width=\"145\">Capacidad<\/td>\n<td width=\"257\">5L\/7L\/11L\/3L\/15L<\/td>\n<\/tr>\n<tr>\n<td>Material<\/td>\n<td>Acero inoxidable<\/td>\n<\/tr>\n<tr>\n<td>Funci\u00f3n<\/td>\n<td width=\"257\">1. 60kPa cocci\u00f3n r\u00e1pida\u00a0<br \/>2. Sistema de seguridad a prueba de explosiones<br \/>3. Pomo giratorio de baquelita para una apertura f\u00e1cil y segura<br \/>4. Limpieza c\u00f3moda<\/td>\n<\/tr>\n<tr>\n<td>Estufa aplicable<\/td>\n<td>Cocina\/Estufa de inducci\u00f3n\/Estufa de gas\/Estufa el\u00e9ctrica\/Estufa de cer\u00e1mica\/Estufa hal\u00f3gena<\/td>\n<\/tr>\n<tr>\n<td>Configuraci\u00f3n<\/td>\n<td width=\"257\">Manual\/V\u00e1lvula limitadora de presi\u00f3n\/Taz\u00f3n antiderrame\/Aguja de limpieza<\/td>\n<\/tr>\n<tr>\n<td>OEM\/ODM<\/td>\n<td>Aceptable<\/td>\n<\/tr>\n<tr>\n<td>Muestra<\/td>\n<td>MOQ 1 pieza<\/td>\n<\/tr>\n<\/tbody>\n<\/table>","protected":false},"featured_media":6061,"template":"","meta":{"_acf_changed":false},"product-application":[],"product-capacity":[],"product_brand":[],"product_cat":[55],"product_tag":[76,80],"class_list":{"0":"post-6060","1":"product","2":"type-product","3":"status-publish","4":"has-post-thumbnail","6":"product_cat-pressure-cooker-wholesale","7":"product_tag-wholesale-home-pressure-cooker","8":"product_tag-wholesale-small-pressure-cooker","10":"first","11":"instock","12":"shipping-taxable","13":"product-type-simple"},"acf":[],"_links":{"self":[{"href":"https:\/\/www.linktonkitchen.com\/es\/wp-json\/wp\/v2\/product\/6060","targetHints":{"allow":["GET"]}}],"collection":[{"href":"https:\/\/www.linktonkitchen.com\/es\/wp-json\/wp\/v2\/product"}],"about":[{"href":"https:\/\/www.linktonkitchen.com\/es\/wp-json\/wp\/v2\/types\/product"}],"version-history":[{"count":0,"href":"https:\/\/www.linktonkitchen.com\/es\/wp-json\/wp\/v2\/product\/6060\/revisions"}],"wp:featuredmedia":[{"embeddable":true,"href":"https:\/\/www.linktonkitchen.com\/es\/wp-json\/wp\/v2\/media\/6061"}],"wp:attachment":[{"href":"https:\/\/www.linktonkitchen.com\/es\/wp-json\/wp\/v2\/media?parent=6060"}],"wp:term":[{"taxonomy":"product-application","embeddable":true,"href":"https:\/\/www.linktonkitchen.com\/es\/wp-json\/wp\/v2\/product-application?post=6060"},{"taxonomy":"product-capacity","embeddable":true,"href":"https:\/\/www.linktonkitchen.com\/es\/wp-json\/wp\/v2\/product-capacity?post=6060"},{"taxonomy":"product_brand","embeddable":true,"href":"https:\/\/www.linktonkitchen.com\/es\/wp-json\/wp\/v2\/product_brand?post=6060"},{"taxonomy":"product_cat","embeddable":true,"href":"https:\/\/www.linktonkitchen.com\/es\/wp-json\/wp\/v2\/product_cat?post=6060"},{"taxonomy":"product_tag","embeddable":true,"href":"https:\/\/www.linktonkitchen.com\/es\/wp-json\/wp\/v2\/product_tag?post=6060"}],"curies":[{"name":"wp","href":"https:\/\/api.w.org\/{rel}","templated":true}]}}