{"id":6089,"date":"2025-08-06T07:45:41","date_gmt":"2025-08-06T07:45:41","guid":{"rendered":"https:\/\/www.linktonkitchen.com\/?post_type=product&#038;p=6089"},"modified":"2026-02-04T11:34:34","modified_gmt":"2026-02-04T11:34:34","slug":"wholesale-multi-funtion-pressure-cooker","status":"publish","type":"product","link":"https:\/\/www.linktonkitchen.com\/es\/product\/wholesale-multi-funtion-pressure-cooker\/","title":{"rendered":"Mayorista Olla a Presi\u00f3n de Acero Inoxidable con Rejilla para Cocinar al Vapor, Olla Multiusos para Cocinar al Vapor"},"content":{"rendered":"<div class=\"wp-block-columns is-layout-flex wp-container-core-columns-is-layout-9d6595d7 wp-block-columns-is-layout-flex\">\n<div class=\"wp-block-column is-layout-flow wp-block-column-is-layout-flow\"><\/div>\n\n\n\n<div class=\"wp-block-column is-layout-flow wp-block-column-is-layout-flow\"><\/div>\n<\/div>\n\n\n\n<div class=\"wp-block-columns is-layout-flex wp-container-core-columns-is-layout-9d6595d7 wp-block-columns-is-layout-flex\">\n<div class=\"wp-block-column is-vertically-aligned-top is-layout-flow wp-block-column-is-layout-flow\">\n<h2 class=\"wp-block-heading\">Olla a presi\u00f3n de acero inoxidable Par\u00e1metros:<\/h2>\n\n\n\n<figure class=\"wp-block-table\"><table><tbody><tr><td>N\u00ba de modelo<\/td><td>Capacidad<\/td><td>Di\u00e1metro de la boca<\/td><td>Peso<\/td><\/tr><tr><td rowspan=\"3\">LT-TJ<\/td><td>5L<\/td><td>22 cm<\/td><td>2,53 kg<\/td><\/tr><tr><td>6L<\/td><td>24 cm<\/td><td>2,9 kg<\/td><\/tr><tr><td>8L<\/td><td>26 cm<\/td><td>3,59 kg<\/td><\/tr><\/tbody><\/table><\/figure>\n\n\n\n<h2 class=\"wp-block-heading\">Olla a presi\u00f3n de acero inoxidable Caracter\u00edsticas:<\/h2>\n\n\n\n<p><strong>Capacidad flexible en m\u00faltiples especificaciones<\/strong>: Hay disponibles modelos de 5L, 6L y 8L, que son adecuados para la cocina dom\u00e9stica diaria, para familias de varias personas o para necesidades comerciales ligeras, y son muy pr\u00e1cticos.<\/p>\n\n\n\n<p><strong>Olla a presi\u00f3n multifunci\u00f3n<\/strong>: Integra las funciones de cocinar al vapor, hervir y guisar. No s\u00f3lo puede guisar carne de manera eficiente, sino tambi\u00e9n cocer verduras al vapor para mantenerlas frescas, cumpliendo con el estilo de vida de cocina saludable.<\/p>\n\n\n\n<p><strong>Cuerpo de la olla de acero inoxidable de alta calidad<\/strong>: Est\u00e1 fabricado en acero inoxidable de calidad alimentaria, resistente a altas temperaturas y sin sustancias nocivas. Tiene una fuerte resistencia a la corrosi\u00f3n, es duradero y no cambia de color, y hace que cocinar sea m\u00e1s seguro.<\/p>\n\n\n\n<p><strong>Estructura de la tapa de la olla de alto rendimiento de sellado<\/strong>: Con un anillo de sellado a presi\u00f3n, retiene eficazmente el calor y los nutrientes, mejora la eficacia del guisado y reduce las fugas de vapor.<\/p>\n\n\n\n<p><strong>C\u00f3moda apertura y cierre mediante pomo: <\/strong>Se adopta la estructura de cierre de pomo, que ahorra m\u00e1s trabajo y es f\u00e1cil de abrir y cerrar, adecuada para el uso diario frecuente.<\/p>\n\n\n\n<p><strong>Seguro y delicioso: <\/strong>V\u00e1lvula reguladora de presi\u00f3n incorporada y orificio de alivio de presi\u00f3n de seguridad, ajusta de forma inteligente la presi\u00f3n de cocci\u00f3n, lo que no s\u00f3lo garantiza el sabor de los alimentos, sino que tambi\u00e9n mejora la seguridad.<\/p>\n\n\n\n<p><strong>Ahorro de energ\u00eda y eficiencia<\/strong>: Puede ahorrar unos 30% de tiempo y energ\u00eda en las mismas condiciones de calentamiento, y hacer frente f\u00e1cilmente a las necesidades de la vida acelerada.<\/p>\n\n\n\n<p><strong>Compatibilidad universal:<\/strong> Compatible con cocinas de gas, de inducci\u00f3n y vitrocer\u00e1micas.<\/p>\n<\/div>\n\n\n\n<div class=\"wp-block-column is-vertically-aligned-top is-layout-flow wp-block-column-is-layout-flow\">\n<h2 class=\"wp-block-heading\"><\/h2>\n\n\n\n<figure class=\"wp-block-image size-full\"><img fetchpriority=\"high\" decoding=\"async\" width=\"800\" height=\"800\" src=\"https:\/\/www.linktonkitchen.com\/wp-content\/uploads\/2025\/07\/Wholesale-Multi-Funtion-Pressure-Cooker-1.webp\" alt=\"Mayorista Olla a presi\u00f3n multifunci\u00f3n (1)\" class=\"wp-image-6090\" srcset=\"https:\/\/www.linktonkitchen.com\/wp-content\/uploads\/2025\/07\/Wholesale-Multi-Funtion-Pressure-Cooker-1.webp 800w, https:\/\/www.linktonkitchen.com\/wp-content\/uploads\/2025\/07\/Wholesale-Multi-Funtion-Pressure-Cooker-1-300x300.webp 300w, https:\/\/www.linktonkitchen.com\/wp-content\/uploads\/2025\/07\/Wholesale-Multi-Funtion-Pressure-Cooker-1-150x150.webp 150w, https:\/\/www.linktonkitchen.com\/wp-content\/uploads\/2025\/07\/Wholesale-Multi-Funtion-Pressure-Cooker-1-768x768.webp 768w, https:\/\/www.linktonkitchen.com\/wp-content\/uploads\/2025\/07\/Wholesale-Multi-Funtion-Pressure-Cooker-1-12x12.webp 12w, https:\/\/www.linktonkitchen.com\/wp-content\/uploads\/2025\/07\/Wholesale-Multi-Funtion-Pressure-Cooker-1-285x285.webp 285w, https:\/\/www.linktonkitchen.com\/wp-content\/uploads\/2025\/07\/Wholesale-Multi-Funtion-Pressure-Cooker-1-270x270.webp 270w, https:\/\/www.linktonkitchen.com\/wp-content\/uploads\/2025\/07\/Wholesale-Multi-Funtion-Pressure-Cooker-1-540x540.webp 540w, https:\/\/www.linktonkitchen.com\/wp-content\/uploads\/2025\/07\/Wholesale-Multi-Funtion-Pressure-Cooker-1-660x660.webp 660w\" sizes=\"(max-width: 800px) 100vw, 800px\" \/><\/figure>\n<\/div>\n<\/div>\n\n\n\n<div class=\"wp-block-columns is-layout-flex wp-container-core-columns-is-layout-9d6595d7 wp-block-columns-is-layout-flex\">\n<div class=\"wp-block-column is-layout-flow wp-block-column-is-layout-flow\">\n<figure class=\"wp-block-image size-full\"><img decoding=\"async\" width=\"800\" height=\"800\" src=\"https:\/\/www.linktonkitchen.com\/wp-content\/uploads\/2025\/07\/Wholesale-Multi-Funtion-Pressure-Cooker-5.webp\" alt=\"Mayorista Olla a presi\u00f3n multifunci\u00f3n (5)\" class=\"wp-image-6094\" srcset=\"https:\/\/www.linktonkitchen.com\/wp-content\/uploads\/2025\/07\/Wholesale-Multi-Funtion-Pressure-Cooker-5.webp 800w, https:\/\/www.linktonkitchen.com\/wp-content\/uploads\/2025\/07\/Wholesale-Multi-Funtion-Pressure-Cooker-5-300x300.webp 300w, https:\/\/www.linktonkitchen.com\/wp-content\/uploads\/2025\/07\/Wholesale-Multi-Funtion-Pressure-Cooker-5-150x150.webp 150w, https:\/\/www.linktonkitchen.com\/wp-content\/uploads\/2025\/07\/Wholesale-Multi-Funtion-Pressure-Cooker-5-768x768.webp 768w, https:\/\/www.linktonkitchen.com\/wp-content\/uploads\/2025\/07\/Wholesale-Multi-Funtion-Pressure-Cooker-5-12x12.webp 12w, https:\/\/www.linktonkitchen.com\/wp-content\/uploads\/2025\/07\/Wholesale-Multi-Funtion-Pressure-Cooker-5-285x285.webp 285w, https:\/\/www.linktonkitchen.com\/wp-content\/uploads\/2025\/07\/Wholesale-Multi-Funtion-Pressure-Cooker-5-270x270.webp 270w, https:\/\/www.linktonkitchen.com\/wp-content\/uploads\/2025\/07\/Wholesale-Multi-Funtion-Pressure-Cooker-5-540x540.webp 540w, https:\/\/www.linktonkitchen.com\/wp-content\/uploads\/2025\/07\/Wholesale-Multi-Funtion-Pressure-Cooker-5-660x660.webp 660w\" sizes=\"(max-width: 800px) 100vw, 800px\" \/><\/figure>\n<\/div>\n\n\n\n<div class=\"wp-block-column is-layout-flow wp-block-column-is-layout-flow\">\n<figure class=\"wp-block-image size-full\"><img decoding=\"async\" width=\"800\" height=\"800\" src=\"https:\/\/www.linktonkitchen.com\/wp-content\/uploads\/2025\/07\/Wholesale-Multi-Funtion-Pressure-Cooker-3.webp\" alt=\"Mayorista Olla a presi\u00f3n multifunci\u00f3n (3)\" class=\"wp-image-6092\" srcset=\"https:\/\/www.linktonkitchen.com\/wp-content\/uploads\/2025\/07\/Wholesale-Multi-Funtion-Pressure-Cooker-3.webp 800w, https:\/\/www.linktonkitchen.com\/wp-content\/uploads\/2025\/07\/Wholesale-Multi-Funtion-Pressure-Cooker-3-300x300.webp 300w, https:\/\/www.linktonkitchen.com\/wp-content\/uploads\/2025\/07\/Wholesale-Multi-Funtion-Pressure-Cooker-3-150x150.webp 150w, https:\/\/www.linktonkitchen.com\/wp-content\/uploads\/2025\/07\/Wholesale-Multi-Funtion-Pressure-Cooker-3-768x768.webp 768w, https:\/\/www.linktonkitchen.com\/wp-content\/uploads\/2025\/07\/Wholesale-Multi-Funtion-Pressure-Cooker-3-12x12.webp 12w, https:\/\/www.linktonkitchen.com\/wp-content\/uploads\/2025\/07\/Wholesale-Multi-Funtion-Pressure-Cooker-3-285x285.webp 285w, https:\/\/www.linktonkitchen.com\/wp-content\/uploads\/2025\/07\/Wholesale-Multi-Funtion-Pressure-Cooker-3-270x270.webp 270w, https:\/\/www.linktonkitchen.com\/wp-content\/uploads\/2025\/07\/Wholesale-Multi-Funtion-Pressure-Cooker-3-540x540.webp 540w, https:\/\/www.linktonkitchen.com\/wp-content\/uploads\/2025\/07\/Wholesale-Multi-Funtion-Pressure-Cooker-3-660x660.webp 660w\" sizes=\"(max-width: 800px) 100vw, 800px\" \/><\/figure>\n<\/div>\n<\/div>\n\n\n\n<p><\/p>","protected":false},"excerpt":{"rendered":"<p>Olla a presi\u00f3n multifunci\u00f3n al por mayor, soporta m\u00faltiples m\u00e9todos de cocci\u00f3n, con capacidad opcional de 5L\/6L\/8L para satisfacer diversas necesidades culinarias. Tapa de alto sellado con sistema de control de presi\u00f3n preciso, ahorro de energ\u00eda y sin preocupaciones. Suministro directo de f\u00e1brica Linkton, precio al por mayor. \u00a1Contacte con nosotros para la investigaci\u00f3n!<\/p>\n<h2>Especificaciones de la olla a presi\u00f3n multifunci\u00f3n:<\/h2>\n<table width=\"402\">\n<tbody>\n<tr>\n<td width=\"145\">Fabricante<\/td>\n<td width=\"257\">Linkton<\/td>\n<\/tr>\n<tr>\n<td>Material<\/td>\n<td>Acero inoxidable<\/td>\n<\/tr>\n<tr>\n<td>Configuraci\u00f3n<\/td>\n<td width=\"257\">Manual\/V\u00e1lvula limitadora de presi\u00f3n\/Taz\u00f3n antiderrame\/Aguja de limpieza<\/td>\n<\/tr>\n<tr>\n<td>Estufa aplicable<\/td>\n<td>Cocina\/Estufa de inducci\u00f3n\/Estufa de gas\/Estufa el\u00e9ctrica\/Estufa de cer\u00e1mica\/Estufa hal\u00f3gena<\/td>\n<\/tr>\n<tr>\n<td>Funci\u00f3n<\/td>\n<td width=\"257\">\n<p>1. Con hoja de vapor<br \/>2. 80 kpa de presi\u00f3n<br \/>3. V\u00e1lvula autom\u00e1tica de liberaci\u00f3n de presi\u00f3n de punto rojo<br \/>4. Seguridad a prueba de explosiones<br \/>5. Limpieza c\u00f3moda<\/p>\n<\/td>\n<\/tr>\n<tr>\n<td>OEM\/ODM<\/td>\n<td>Aceptable<\/td>\n<\/tr>\n<tr>\n<td>Muestra<\/td>\n<td>MOQ 1 pieza<\/td>\n<\/tr>\n<\/tbody>\n<\/table>","protected":false},"featured_media":6091,"template":"","meta":{"_acf_changed":false},"product-application":[],"product-capacity":[],"product_brand":[],"product_cat":[55],"product_tag":[76,80,81],"class_list":{"0":"post-6089","1":"product","2":"type-product","3":"status-publish","4":"has-post-thumbnail","6":"product_cat-pressure-cooker-wholesale","7":"product_tag-wholesale-home-pressure-cooker","8":"product_tag-wholesale-small-pressure-cooker","9":"product_tag-wholesale-medium-pressure-cooker","11":"first","12":"instock","13":"shipping-taxable","14":"product-type-simple"},"acf":[],"_links":{"self":[{"href":"https:\/\/www.linktonkitchen.com\/es\/wp-json\/wp\/v2\/product\/6089","targetHints":{"allow":["GET"]}}],"collection":[{"href":"https:\/\/www.linktonkitchen.com\/es\/wp-json\/wp\/v2\/product"}],"about":[{"href":"https:\/\/www.linktonkitchen.com\/es\/wp-json\/wp\/v2\/types\/product"}],"version-history":[{"count":0,"href":"https:\/\/www.linktonkitchen.com\/es\/wp-json\/wp\/v2\/product\/6089\/revisions"}],"wp:featuredmedia":[{"embeddable":true,"href":"https:\/\/www.linktonkitchen.com\/es\/wp-json\/wp\/v2\/media\/6091"}],"wp:attachment":[{"href":"https:\/\/www.linktonkitchen.com\/es\/wp-json\/wp\/v2\/media?parent=6089"}],"wp:term":[{"taxonomy":"product-application","embeddable":true,"href":"https:\/\/www.linktonkitchen.com\/es\/wp-json\/wp\/v2\/product-application?post=6089"},{"taxonomy":"product-capacity","embeddable":true,"href":"https:\/\/www.linktonkitchen.com\/es\/wp-json\/wp\/v2\/product-capacity?post=6089"},{"taxonomy":"product_brand","embeddable":true,"href":"https:\/\/www.linktonkitchen.com\/es\/wp-json\/wp\/v2\/product_brand?post=6089"},{"taxonomy":"product_cat","embeddable":true,"href":"https:\/\/www.linktonkitchen.com\/es\/wp-json\/wp\/v2\/product_cat?post=6089"},{"taxonomy":"product_tag","embeddable":true,"href":"https:\/\/www.linktonkitchen.com\/es\/wp-json\/wp\/v2\/product_tag?post=6089"}],"curies":[{"name":"wp","href":"https:\/\/api.w.org\/{rel}","templated":true}]}}