{"id":6114,"date":"2025-07-23T02:31:28","date_gmt":"2025-07-23T02:31:28","guid":{"rendered":"https:\/\/www.linktonkitchen.com\/?post_type=product&#038;p=6114"},"modified":"2026-02-05T09:13:21","modified_gmt":"2026-02-05T09:13:21","slug":"wholesale-stove-top-pressure-cooker","status":"publish","type":"product","link":"https:\/\/www.linktonkitchen.com\/es\/product\/wholesale-stove-top-pressure-cooker\/","title":{"rendered":"Mayorista Olla a presi\u00f3n de inducci\u00f3n, Proveedor de olla a presi\u00f3n de inducci\u00f3n de acero inoxidable"},"content":{"rendered":"<div class=\"wp-block-columns is-layout-flex wp-container-core-columns-is-layout-9d6595d7 wp-block-columns-is-layout-flex\">\n<div class=\"wp-block-column is-vertically-aligned-top is-layout-flow wp-block-column-is-layout-flow\">\n<h2 class=\"wp-block-heading\">Par\u00e1metros de la olla a presi\u00f3n:<\/h2>\n\n\n\n<figure class=\"wp-block-table\"><table><tbody><tr><td>N\u00ba de modelo<\/td><td>Capacidad<\/td><td>Di\u00e1metro de la boca<\/td><td>Peso<\/td><\/tr><tr><td rowspan=\"5\">LT-CX<\/td><td>4L<\/td><td>20 cm<\/td><td>2,36 kg<\/td><\/tr><tr><td>6L<\/td><td>22 cm<\/td><td>2,78 kg<\/td><\/tr><tr><td>7L<\/td><td>24 cm<\/td><td>3,06 kg<\/td><\/tr><tr><td>9L<\/td><td>26 cm<\/td><td>3,78 kg<\/td><\/tr><tr><td>11L<\/td><td>28 cm<\/td><td>4,12 kg<\/td><\/tr><\/tbody><\/table><\/figure>\n\n\n\n<h2 class=\"wp-block-heading\">Olla a presi\u00f3n Caracter\u00edsticas:<\/h2>\n\n\n\n<p><strong>Dise\u00f1o exclusivo en forma de C<\/strong>: El cuerpo de la olla adopta una innovadora estructura de superficie curvada en forma de C, que se adapta a la superficie de calentamiento de la estufa, conduce el calor de manera m\u00e1s uniforme y acorta el tiempo de cocci\u00f3n.<\/p>\n\n\n\n<p><strong>Material de acero inoxidable de calidad comercial<\/strong>: Se selecciona acero inoxidable de grado alimentario de alta resistencia, que es resistente a la corrosi\u00f3n y a la alta presi\u00f3n, adecuado para cocinas comerciales de alta frecuencia.<\/p>\n\n\n\n<p><strong>Estructura de seguridad de alta resistencia:<\/strong> Equipado con cerraduras reforzadas a prueba de explosiones, asas resistentes al calor y m\u00faltiples dispositivos de protecci\u00f3n de alivio de presi\u00f3n para garantizar la seguridad de todo el funcionamiento.<\/p>\n\n\n\n<p><strong>Eficaz sistema de cocci\u00f3n a presi\u00f3n<\/strong>: La tapa de la olla est\u00e1 equipada con un anillo de alto sellado y una v\u00e1lvula limitadora de presi\u00f3n de alta sensibilidad para establecer r\u00e1pidamente una alta presi\u00f3n estable y bloquear el sabor original y la nutrici\u00f3n de los ingredientes.<\/p>\n\n\n\n<p><strong>F\u00e1cil de manejar y limpiar<\/strong>: La estructura es simple, la tapa de la olla giratoria se abre y se cierra suavemente, la superficie es lisa y no tiene esquinas muertas, es f\u00e1cil de limpiar, y mejora la eficiencia del trabajo en la cocina.<\/p>\n\n\n\n<p><strong>Aplicable a una gran variedad de estufas: <\/strong>Compatible con una gran variedad de estufas, como estufas de gas, estufas de inducci\u00f3n, estufas de infrarrojos, etc., con una gran compatibilidad con la cocina y una amplia practicidad.<\/p>\n<\/div>\n\n\n\n<div class=\"wp-block-column is-vertically-aligned-top is-layout-flow wp-block-column-is-layout-flow\">\n<figure class=\"wp-block-image size-full\"><img fetchpriority=\"high\" decoding=\"async\" width=\"1000\" height=\"1000\" src=\"https:\/\/www.linktonkitchen.com\/wp-content\/uploads\/2025\/07\/wholesale-stove-top-pressure-cooker-3.webp\" alt=\"venta al por mayor olla a presion (3)\" class=\"wp-image-6117\" style=\"object-fit:cover\" srcset=\"https:\/\/www.linktonkitchen.com\/wp-content\/uploads\/2025\/07\/wholesale-stove-top-pressure-cooker-3.webp 1000w, https:\/\/www.linktonkitchen.com\/wp-content\/uploads\/2025\/07\/wholesale-stove-top-pressure-cooker-3-300x300.webp 300w, https:\/\/www.linktonkitchen.com\/wp-content\/uploads\/2025\/07\/wholesale-stove-top-pressure-cooker-3-150x150.webp 150w, https:\/\/www.linktonkitchen.com\/wp-content\/uploads\/2025\/07\/wholesale-stove-top-pressure-cooker-3-768x768.webp 768w, https:\/\/www.linktonkitchen.com\/wp-content\/uploads\/2025\/07\/wholesale-stove-top-pressure-cooker-3-12x12.webp 12w, https:\/\/www.linktonkitchen.com\/wp-content\/uploads\/2025\/07\/wholesale-stove-top-pressure-cooker-3-285x285.webp 285w, https:\/\/www.linktonkitchen.com\/wp-content\/uploads\/2025\/07\/wholesale-stove-top-pressure-cooker-3-270x270.webp 270w, https:\/\/www.linktonkitchen.com\/wp-content\/uploads\/2025\/07\/wholesale-stove-top-pressure-cooker-3-540x540.webp 540w, https:\/\/www.linktonkitchen.com\/wp-content\/uploads\/2025\/07\/wholesale-stove-top-pressure-cooker-3-660x660.webp 660w\" sizes=\"(max-width: 1000px) 100vw, 1000px\" \/><\/figure>\n<\/div>\n<\/div>\n\n\n\n<div class=\"wp-block-columns is-layout-flex wp-container-core-columns-is-layout-9d6595d7 wp-block-columns-is-layout-flex\">\n<div class=\"wp-block-column is-layout-flow wp-block-column-is-layout-flow\">\n<figure class=\"wp-block-image size-full\"><img decoding=\"async\" width=\"800\" height=\"800\" src=\"https:\/\/www.linktonkitchen.com\/wp-content\/uploads\/2024\/04\/Wholesale-Stianless-Steel-Pressure-Cooker-Set.webp\" alt=\"Mayorista Juego de olla a presi\u00f3n de acero inoxidable\" class=\"wp-image-7403\" srcset=\"https:\/\/www.linktonkitchen.com\/wp-content\/uploads\/2024\/04\/Wholesale-Stianless-Steel-Pressure-Cooker-Set.webp 800w, https:\/\/www.linktonkitchen.com\/wp-content\/uploads\/2024\/04\/Wholesale-Stianless-Steel-Pressure-Cooker-Set-300x300.webp 300w, https:\/\/www.linktonkitchen.com\/wp-content\/uploads\/2024\/04\/Wholesale-Stianless-Steel-Pressure-Cooker-Set-150x150.webp 150w, https:\/\/www.linktonkitchen.com\/wp-content\/uploads\/2024\/04\/Wholesale-Stianless-Steel-Pressure-Cooker-Set-768x768.webp 768w, https:\/\/www.linktonkitchen.com\/wp-content\/uploads\/2024\/04\/Wholesale-Stianless-Steel-Pressure-Cooker-Set-12x12.webp 12w, https:\/\/www.linktonkitchen.com\/wp-content\/uploads\/2024\/04\/Wholesale-Stianless-Steel-Pressure-Cooker-Set-285x285.webp 285w, https:\/\/www.linktonkitchen.com\/wp-content\/uploads\/2024\/04\/Wholesale-Stianless-Steel-Pressure-Cooker-Set-270x270.webp 270w, https:\/\/www.linktonkitchen.com\/wp-content\/uploads\/2024\/04\/Wholesale-Stianless-Steel-Pressure-Cooker-Set-540x540.webp 540w, https:\/\/www.linktonkitchen.com\/wp-content\/uploads\/2024\/04\/Wholesale-Stianless-Steel-Pressure-Cooker-Set-660x660.webp 660w\" sizes=\"(max-width: 800px) 100vw, 800px\" \/><\/figure>\n<\/div>\n\n\n\n<div class=\"wp-block-column is-layout-flow wp-block-column-is-layout-flow\">\n<h2 class=\"wp-block-heading\">Olla a presi\u00f3n de acero inoxidable a medida<\/h2>\n\n\n\n<p>Linkton ofrece servicios flexibles de personalizaci\u00f3n OEM y ODM para satisfacer los diferentes requisitos del mercado y el posicionamiento de la marca.<\/p>\n\n\n\n<p><strong>Rango de capacidad:&nbsp;<\/strong>Elija entre 4-11L para satisfacer las necesidades de diferentes tama\u00f1os de familias.<\/p>\n\n\n\n<p><strong>Acabado superficial:&nbsp;<\/strong>Disponible en pulido espejo (alto brillo), acabado satinado (aspecto cepillado) o revestimiento de color personalizado.<\/p>\n\n\n\n<p><strong>Marca y logotipo:<\/strong><\/p>\n\n\n\n<ul class=\"wp-block-list\">\n<li>Grabado por l\u00e1ser en el cuerpo de la maceta.<\/li>\n\n\n\n<li>Estampado en la parte inferior.<\/li>\n\n\n\n<li>Logotipo personalizado en asas y v\u00e1lvulas de presi\u00f3n.<\/li>\n<\/ul>\n\n\n\n<p><strong>Dise\u00f1o de envases:&nbsp;<\/strong>Cajas de colores totalmente personalizadas, manuales de instrucciones y env\u00edo<\/p>\n<\/div>\n<\/div>","protected":false},"excerpt":{"rendered":"<p>Mayorista olla a presi\u00f3n para estufa, con dise\u00f1o en forma de C y m\u00faltiples protecciones de seguridad, conduce el calor m\u00e1s uniformemente y calienta m\u00e1s eficientemente, adecuada para todo tipo de estufas. \u00a14-11 QT opcional, personalizaci\u00f3n de apoyo, por favor p\u00f3ngase en contacto con nosotros para una cotizaci\u00f3n!<\/p>\n<h2>Especificaciones:<\/h2>\n<table width=\"402\">\n<tbody>\n<tr>\n<td width=\"145\">Fabricante<\/td>\n<td width=\"257\">Linkton<\/td>\n<\/tr>\n<tr>\n<td width=\"145\">Capacidad<\/td>\n<td width=\"257\">\u00a04L\/ 6L\/ 7L\/ 9L\/ 11L<\/td>\n<\/tr>\n<tr>\n<td>Material<\/td>\n<td>Acero inoxidable<\/td>\n<\/tr>\n<tr>\n<td>Funci\u00f3n<\/td>\n<td width=\"257\">\n<p>1. El juego incluye ollas a presi\u00f3n, hoja de vapor , y ollas de cocci\u00f3n<br \/>2. 80 kpa de presi\u00f3n<br \/>3. Seguridad a prueba de explosiones<br \/>4. Limpieza c\u00f3moda<\/p>\n<\/td>\n<\/tr>\n<tr>\n<td>Estufa aplicable<\/td>\n<td>Cocina\/Estufa de inducci\u00f3n\/Estufa de gas\/Estufa el\u00e9ctrica\/Estufa de cer\u00e1mica\/Estufa hal\u00f3gena<\/td>\n<\/tr>\n<tr>\n<td>Configuraci\u00f3n<\/td>\n<td width=\"257\">Manual\/V\u00e1lvula limitadora de presi\u00f3n\/Taz\u00f3n antiderrame\/Aguja de limpieza<\/td>\n<\/tr>\n<tr>\n<td>OEM\/ODM<\/td>\n<td>Aceptable<\/td>\n<\/tr>\n<tr>\n<td>Muestra<\/td>\n<td>MOQ 1 pieza<\/td>\n<\/tr>\n<\/tbody>\n<\/table>","protected":false},"featured_media":7426,"template":"","meta":{"_acf_changed":false},"product-application":[],"product-capacity":[],"product_brand":[],"product_cat":[55],"product_tag":[77,76,80,81,82],"class_list":{"0":"post-6114","1":"product","2":"type-product","3":"status-publish","4":"has-post-thumbnail","6":"product_cat-pressure-cooker-wholesale","7":"product_tag-wholesale-commercial-pressure-cooker","8":"product_tag-wholesale-home-pressure-cooker","9":"product_tag-wholesale-small-pressure-cooker","10":"product_tag-wholesale-medium-pressure-cooker","11":"product_tag-wholesale-large-pressure-cooker","13":"first","14":"instock","15":"shipping-taxable","16":"product-type-simple"},"acf":[],"_links":{"self":[{"href":"https:\/\/www.linktonkitchen.com\/es\/wp-json\/wp\/v2\/product\/6114","targetHints":{"allow":["GET"]}}],"collection":[{"href":"https:\/\/www.linktonkitchen.com\/es\/wp-json\/wp\/v2\/product"}],"about":[{"href":"https:\/\/www.linktonkitchen.com\/es\/wp-json\/wp\/v2\/types\/product"}],"version-history":[{"count":0,"href":"https:\/\/www.linktonkitchen.com\/es\/wp-json\/wp\/v2\/product\/6114\/revisions"}],"wp:featuredmedia":[{"embeddable":true,"href":"https:\/\/www.linktonkitchen.com\/es\/wp-json\/wp\/v2\/media\/7426"}],"wp:attachment":[{"href":"https:\/\/www.linktonkitchen.com\/es\/wp-json\/wp\/v2\/media?parent=6114"}],"wp:term":[{"taxonomy":"product-application","embeddable":true,"href":"https:\/\/www.linktonkitchen.com\/es\/wp-json\/wp\/v2\/product-application?post=6114"},{"taxonomy":"product-capacity","embeddable":true,"href":"https:\/\/www.linktonkitchen.com\/es\/wp-json\/wp\/v2\/product-capacity?post=6114"},{"taxonomy":"product_brand","embeddable":true,"href":"https:\/\/www.linktonkitchen.com\/es\/wp-json\/wp\/v2\/product_brand?post=6114"},{"taxonomy":"product_cat","embeddable":true,"href":"https:\/\/www.linktonkitchen.com\/es\/wp-json\/wp\/v2\/product_cat?post=6114"},{"taxonomy":"product_tag","embeddable":true,"href":"https:\/\/www.linktonkitchen.com\/es\/wp-json\/wp\/v2\/product_tag?post=6114"}],"curies":[{"name":"wp","href":"https:\/\/api.w.org\/{rel}","templated":true}]}}