{"id":6164,"date":"2025-07-29T03:59:14","date_gmt":"2025-07-29T03:59:14","guid":{"rendered":"https:\/\/www.linktonkitchen.com\/?post_type=product&#038;p=6164"},"modified":"2026-02-05T03:21:31","modified_gmt":"2026-02-05T03:21:31","slug":"wholesale-big-pressure-cooker","status":"publish","type":"product","link":"https:\/\/www.linktonkitchen.com\/es\/product\/wholesale-big-pressure-cooker\/","title":{"rendered":"Mayorista Olla a Presi\u00f3n Grande 16L Acero Inoxidable, Fabricante de Ollas a Presi\u00f3n Comerciales"},"content":{"rendered":"<div class=\"wp-block-columns is-layout-flex wp-container-core-columns-is-layout-9d6595d7 wp-block-columns-is-layout-flex\">\n<div class=\"wp-block-column is-layout-flow wp-block-column-is-layout-flow\" style=\"flex-basis:30%\">\n<figure class=\"wp-block-embed is-type-video is-provider-youtube wp-block-embed-youtube wp-embed-aspect-9-16 wp-has-aspect-ratio\"><div class=\"wp-block-embed__wrapper\">\n<iframe title=\"Carga de la olla a presi\u00f3n #bater\u00eda de cocina #cocina #alimentos\" width=\"563\" height=\"1000\" src=\"https:\/\/www.youtube.com\/embed\/mP8mIsnGa_E?feature=oembed\" frameborder=\"0\" allow=\"accelerometer; autoplay; clipboard-write; encrypted-media; gyroscope; picture-in-picture; web-share\" referrerpolicy=\"strict-origin-when-cross-origin\" allowfullscreen><\/iframe>\n<\/div><\/figure>\n<\/div>\n\n\n\n<div class=\"wp-block-column is-layout-flow wp-block-column-is-layout-flow\">\n<h2 class=\"wp-block-heading\">Par\u00e1metros de la olla a presi\u00f3n grande:<\/h2>\n\n\n\n<figure class=\"wp-block-table\"><table class=\"has-fixed-layout\"><tbody><tr><td>N\u00ba de modelo<\/td><td>Capacidad<\/td><td>Di\u00e1metro de la boca<\/td><td>Peso<\/td><\/tr><tr><td rowspan=\"5\">LT-UPC<\/td><td>16L<\/td><td>32 cm<\/td><td>5,61 kg<\/td><\/tr><\/tbody><\/table><\/figure>\n\n\n\n<h2 class=\"wp-block-heading\">Gran olla a presi\u00f3n Caracter\u00edsticas:<\/h2>\n\n\n\n<p><strong>Dise\u00f1o de gran capacidad:<\/strong> 16L(qt), dise\u00f1o de gran capacidad, adecuado para comidas en grupo, guisar en una sola olla ahorra m\u00faltiples operaciones repetidas.<\/p>\n\n\n\n<p><strong>Cuerpo de la olla de acero inoxidable de alta resistencia:<\/strong> Fabricado en acero inoxidable engrosado de calidad alimentaria, es resistente a la presi\u00f3n y a la corrosi\u00f3n, y admite un uso frecuente y prolongado.<\/p>\n\n\n\n<p><strong>Sistema antideflagrante de triple seguridad<\/strong>V\u00e1lvula de seguridad integrada, v\u00e1lvula limitadora de presi\u00f3n y tapa antibloqueo para garantizar la estabilidad y la seguridad de funcionamiento a alta presi\u00f3n.<\/p>\n\n\n\n<p><strong>Eficaz estructura de sellado<\/strong>: La tapa de la olla de sellado fuerte aumenta r\u00e1pidamente la presi\u00f3n, acorta el tiempo de guisado, ahorra energ\u00eda y gas, y es adecuada para las necesidades eficientes de la cocina.<\/p>\n\n\n\n<p><strong>Asa humanizada antiescaldamiento<\/strong>: dise\u00f1o de doble asa ensanchada y reforzada, agarre estable y antideslizante, los ingredientes de la olla llena tambi\u00e9n se pueden transportar con seguridad.<\/p>\n\n\n\n<p><strong>Aplicaci\u00f3n comercial multifuncional<\/strong>puede utilizarse para guisar carne, hacer sopa, cocer al vapor alubias, sopa de huesos, etc., adecuado para una gran variedad de tareas de cocina comercial.<\/p>\n\n\n\n<p><strong>Se adaptan a una gran variedad de estufas:<\/strong> compatible con cocinas de gas, inducci\u00f3n, vitrocer\u00e1mica y otros m\u00e9todos de calentamiento, con gran adaptabilidad a la cocina.<\/p>\n<\/div>\n<\/div>\n\n\n\n<div class=\"wp-block-columns is-layout-flex wp-container-core-columns-is-layout-9d6595d7 wp-block-columns-is-layout-flex\">\n<div class=\"wp-block-column is-vertically-aligned-top is-layout-flow wp-block-column-is-layout-flow\">\n<h2 class=\"wp-block-heading\">Gran olla a presi\u00f3n a medida:<\/h2>\n\n\n\n<p>Ofrecemos servicios flexibles de personalizaci\u00f3n OEM y ODM para satisfacer los distintos requisitos del mercado y el posicionamiento de la marca.<\/p>\n\n\n\n<p><strong>Rango de capacidad:\u00a0<\/strong>Elija entre 2-16L para satisfacer las diferentes necesidades de tama\u00f1o de las familias.<\/p>\n\n\n\n<p><strong>Acabado superficial:\u00a0<\/strong>Disponible en pulido espejo (alto brillo), acabado satinado (aspecto cepillado) o revestimiento de color personalizado.<\/p>\n\n\n\n<p><strong>Marca y logotipo:<\/strong><\/p>\n\n\n\n<ul class=\"wp-block-list\">\n<li>Grabado por l\u00e1ser en el cuerpo de la maceta.<\/li>\n\n\n\n<li>Estampado en la parte inferior.<\/li>\n\n\n\n<li>Logotipo personalizado en asas y v\u00e1lvulas de presi\u00f3n.<\/li>\n<\/ul>\n\n\n\n<p><strong>Dise\u00f1o de envases:\u00a0<\/strong>Cajas de colores, manuales de instrucciones y cajas de env\u00edo totalmente personalizados con la identidad visual de su marca.<\/p>\n<\/div>\n\n\n\n<div class=\"wp-block-column is-vertically-aligned-top is-layout-flow wp-block-column-is-layout-flow\"><div class=\"wp-block-image\">\n<figure class=\"aligncenter size-full\"><img fetchpriority=\"high\" decoding=\"async\" width=\"3522\" height=\"3522\" src=\"https:\/\/www.linktonkitchen.com\/wp-content\/uploads\/2025\/07\/wholesale-big-pressure-cooker-2.webp\" alt=\"venta al por mayor olla a presion grande (2)\" class=\"wp-image-6169\" style=\"object-fit:cover\" srcset=\"https:\/\/www.linktonkitchen.com\/wp-content\/uploads\/2025\/07\/wholesale-big-pressure-cooker-2.webp 3522w, https:\/\/www.linktonkitchen.com\/wp-content\/uploads\/2025\/07\/wholesale-big-pressure-cooker-2-300x300.webp 300w, https:\/\/www.linktonkitchen.com\/wp-content\/uploads\/2025\/07\/wholesale-big-pressure-cooker-2-150x150.webp 150w, https:\/\/www.linktonkitchen.com\/wp-content\/uploads\/2025\/07\/wholesale-big-pressure-cooker-2-768x768.webp 768w, https:\/\/www.linktonkitchen.com\/wp-content\/uploads\/2025\/07\/wholesale-big-pressure-cooker-2-12x12.webp 12w, https:\/\/www.linktonkitchen.com\/wp-content\/uploads\/2025\/07\/wholesale-big-pressure-cooker-2-285x285.webp 285w, https:\/\/www.linktonkitchen.com\/wp-content\/uploads\/2025\/07\/wholesale-big-pressure-cooker-2-1600x1600.webp 1600w, https:\/\/www.linktonkitchen.com\/wp-content\/uploads\/2025\/07\/wholesale-big-pressure-cooker-2-270x270.webp 270w, https:\/\/www.linktonkitchen.com\/wp-content\/uploads\/2025\/07\/wholesale-big-pressure-cooker-2-540x540.webp 540w, https:\/\/www.linktonkitchen.com\/wp-content\/uploads\/2025\/07\/wholesale-big-pressure-cooker-2-660x660.webp 660w\" sizes=\"(max-width: 3522px) 100vw, 3522px\" \/><\/figure>\n<\/div><\/div>\n<\/div>","protected":false},"excerpt":{"rendered":"<p>Olla a presi\u00f3n grande al por mayor, dise\u00f1ada espec\u00edficamente para cocinas comerciales, la capacidad de 16L garantiza una alta eficiencia, seguridad y fiabilidad. Directo del fabricante Linkton, admite compras al por mayor y personalizaci\u00f3n. \u00a1Contacte con nosotros hoy para un cat\u00e1logo y un presupuesto!<\/p>\n<h2>Especificaciones de la olla a presi\u00f3n grande:<\/h2>\n<table width=\"402\">\n<tbody>\n<tr>\n<td width=\"145\">Fabricante<\/td>\n<td width=\"257\">Linkton<\/td>\n<\/tr>\n<tr>\n<td width=\"145\">Capacidad<\/td>\n<td width=\"257\">16L<\/td>\n<\/tr>\n<tr>\n<td>Material<\/td>\n<td>Acero inoxidable<\/td>\n<\/tr>\n<tr>\n<td>Funci\u00f3n<\/td>\n<td width=\"257\">1. 80kpa cocci\u00f3n r\u00e1pida<br \/>2. V\u00e1lvula de bloqueo de seguridad de punto rojo para uso en seguridad<br \/>3. Sistema de seguridad a prueba de explosiones<br \/>4. Limpieza c\u00f3moda<\/td>\n<\/tr>\n<tr>\n<td>Estufa aplicable<\/td>\n<td>Cocina\/ Cocina de inducci\u00f3n\/ Cocina de gas\/ Cocina el\u00e9ctrica\/ Cocina vitrocer\u00e1mica\/ Cocina hal\u00f3gena<\/td>\n<\/tr>\n<tr>\n<td>Configuraci\u00f3n<\/td>\n<td width=\"257\">Manual\/V\u00e1lvula limitadora de presi\u00f3n\/Taz\u00f3n antiderrame\/Aguja de limpieza<\/td>\n<\/tr>\n<tr>\n<td>OEM\/ODM<\/td>\n<td>Aceptable<\/td>\n<\/tr>\n<tr>\n<td>Muestra<\/td>\n<td>MOQ 1 pieza<\/td>\n<\/tr>\n<\/tbody>\n<\/table>","protected":false},"featured_media":6172,"template":"","meta":{"_acf_changed":false},"product-application":[],"product-capacity":[],"product_brand":[],"product_cat":[55],"product_tag":[77,82],"class_list":{"0":"post-6164","1":"product","2":"type-product","3":"status-publish","4":"has-post-thumbnail","6":"product_cat-pressure-cooker-wholesale","7":"product_tag-wholesale-commercial-pressure-cooker","8":"product_tag-wholesale-large-pressure-cooker","10":"first","11":"instock","12":"shipping-taxable","13":"product-type-simple"},"acf":[],"_links":{"self":[{"href":"https:\/\/www.linktonkitchen.com\/es\/wp-json\/wp\/v2\/product\/6164","targetHints":{"allow":["GET"]}}],"collection":[{"href":"https:\/\/www.linktonkitchen.com\/es\/wp-json\/wp\/v2\/product"}],"about":[{"href":"https:\/\/www.linktonkitchen.com\/es\/wp-json\/wp\/v2\/types\/product"}],"version-history":[{"count":0,"href":"https:\/\/www.linktonkitchen.com\/es\/wp-json\/wp\/v2\/product\/6164\/revisions"}],"wp:featuredmedia":[{"embeddable":true,"href":"https:\/\/www.linktonkitchen.com\/es\/wp-json\/wp\/v2\/media\/6172"}],"wp:attachment":[{"href":"https:\/\/www.linktonkitchen.com\/es\/wp-json\/wp\/v2\/media?parent=6164"}],"wp:term":[{"taxonomy":"product-application","embeddable":true,"href":"https:\/\/www.linktonkitchen.com\/es\/wp-json\/wp\/v2\/product-application?post=6164"},{"taxonomy":"product-capacity","embeddable":true,"href":"https:\/\/www.linktonkitchen.com\/es\/wp-json\/wp\/v2\/product-capacity?post=6164"},{"taxonomy":"product_brand","embeddable":true,"href":"https:\/\/www.linktonkitchen.com\/es\/wp-json\/wp\/v2\/product_brand?post=6164"},{"taxonomy":"product_cat","embeddable":true,"href":"https:\/\/www.linktonkitchen.com\/es\/wp-json\/wp\/v2\/product_cat?post=6164"},{"taxonomy":"product_tag","embeddable":true,"href":"https:\/\/www.linktonkitchen.com\/es\/wp-json\/wp\/v2\/product_tag?post=6164"}],"curies":[{"name":"wp","href":"https:\/\/api.w.org\/{rel}","templated":true}]}}