{"id":6177,"date":"2025-07-29T07:06:49","date_gmt":"2025-07-29T07:06:49","guid":{"rendered":"https:\/\/www.linktonkitchen.com\/?post_type=product&#038;p=6177"},"modified":"2026-02-05T09:16:54","modified_gmt":"2026-02-05T09:16:54","slug":"wholesale-8-qt-pressure-cooker","status":"publish","type":"product","link":"https:\/\/www.linktonkitchen.com\/es\/product\/wholesale-8-qt-pressure-cooker\/","title":{"rendered":"Mayorista Olla a presi\u00f3n 8 qt, Olla a presi\u00f3n de acero inoxidable con rejilla para cocer al vapor"},"content":{"rendered":"<div class=\"wp-block-columns is-layout-flex wp-container-core-columns-is-layout-9d6595d7 wp-block-columns-is-layout-flex\">\n<div class=\"wp-block-column is-vertically-aligned-top is-layout-flow wp-block-column-is-layout-flow\">\n<h2 class=\"wp-block-heading\">Olla a presi\u00f3n de acero inoxidable Par\u00e1metros:<\/h2>\n\n\n\n<figure class=\"wp-block-table\"><table class=\"has-fixed-layout\"><tbody><tr><td>N\u00ba de modelo<\/td><td>Capacidad<\/td><td>Di\u00e1metro de la boca<\/td><td>Peso<\/td><\/tr><tr><td rowspan=\"5\">LT-TJ<\/td><td>8L<\/td><td>26 cm<\/td><td>3,59 kg<\/td><\/tr><\/tbody><\/table><\/figure>\n\n\n\n<h2 class=\"wp-block-heading\">Olla a presi\u00f3n de acero inoxidable Caracter\u00edsticas:<\/h2>\n\n\n\n<p><strong>Acero inoxidable de alta calidad:<\/strong> Fabricada en acero inoxidable de calidad alimentaria, es resistente a la corrosi\u00f3n y al calor, con una superficie lisa y f\u00e1cil de limpiar y una durabilidad excelente.<\/p>\n\n\n\n<p><strong>Empu\u00f1adura reforzada antiescaldamiento<\/strong>: Proporciona un agarre seguro sin quemar, por lo que es f\u00e1cil de levantar y mover con confianza.<\/p>\n\n\n\n<p><strong>V\u00e1lvula autom\u00e1tica de punto rojo:<\/strong> Un punto rojo aparece autom\u00e1ticamente cuando la presi\u00f3n es alta dentro de la olla y baja autom\u00e1ticamente cuando se libera la presi\u00f3n, lo que facilita determinar cu\u00e1ndo abrir la tapa y aumenta la seguridad de funcionamiento.<\/p>\n\n\n\n<p><strong>80kPa Alta presi\u00f3n de funcionamiento<\/strong>: La presi\u00f3n de funcionamiento alcanza los 80 kPa, lo que permite cocer la carne, las jud\u00edas y otros ingredientes hasta alcanzar la textura deseada en menos tiempo, mejorando significativamente la eficacia del servicio y ahorrando energ\u00eda y tiempo.<\/p>\n\n\n\n<p><strong>M\u00faltiples medidas de seguridad: <\/strong>Equipado con una v\u00e1lvula limitadora de presi\u00f3n, una v\u00e1lvula de seguridad y un escudo antibloqueo, los m\u00faltiples sistemas de protecci\u00f3n garantizan una cocci\u00f3n segura y estable durante todo el proceso de cocci\u00f3n.<\/p>\n\n\n\n<p><strong>Compatibilidad para uso dom\u00e9stico y comercial<\/strong>: La capacidad moderada satisface las necesidades de los hogares de tama\u00f1o medio y de los peque\u00f1os restaurantes para la preparaci\u00f3n r\u00e1pida de comidas.<\/p>\n<\/div>\n\n\n\n<div class=\"wp-block-column is-vertically-aligned-top is-layout-flow wp-block-column-is-layout-flow\"><div class=\"wp-block-image\">\n<figure class=\"aligncenter size-full\"><img fetchpriority=\"high\" decoding=\"async\" width=\"800\" height=\"800\" src=\"https:\/\/www.linktonkitchen.com\/wp-content\/uploads\/2024\/04\/wholesale-stainless-steel-pressure-cooker-7.webp\" alt=\"venta al por mayor olla a presion de acero inoxidable\" class=\"wp-image-7330\" style=\"object-fit:cover\" srcset=\"https:\/\/www.linktonkitchen.com\/wp-content\/uploads\/2024\/04\/wholesale-stainless-steel-pressure-cooker-7.webp 800w, https:\/\/www.linktonkitchen.com\/wp-content\/uploads\/2024\/04\/wholesale-stainless-steel-pressure-cooker-7-300x300.webp 300w, https:\/\/www.linktonkitchen.com\/wp-content\/uploads\/2024\/04\/wholesale-stainless-steel-pressure-cooker-7-150x150.webp 150w, https:\/\/www.linktonkitchen.com\/wp-content\/uploads\/2024\/04\/wholesale-stainless-steel-pressure-cooker-7-768x768.webp 768w, https:\/\/www.linktonkitchen.com\/wp-content\/uploads\/2024\/04\/wholesale-stainless-steel-pressure-cooker-7-12x12.webp 12w, https:\/\/www.linktonkitchen.com\/wp-content\/uploads\/2024\/04\/wholesale-stainless-steel-pressure-cooker-7-285x285.webp 285w, https:\/\/www.linktonkitchen.com\/wp-content\/uploads\/2024\/04\/wholesale-stainless-steel-pressure-cooker-7-270x270.webp 270w, https:\/\/www.linktonkitchen.com\/wp-content\/uploads\/2024\/04\/wholesale-stainless-steel-pressure-cooker-7-540x540.webp 540w, https:\/\/www.linktonkitchen.com\/wp-content\/uploads\/2024\/04\/wholesale-stainless-steel-pressure-cooker-7-660x660.webp 660w\" sizes=\"(max-width: 800px) 100vw, 800px\" \/><\/figure>\n<\/div><\/div>\n<\/div>","protected":false},"excerpt":{"rendered":"<p>Venta al por mayor de ollas a presi\u00f3n de 8 qt, con asa antiquemaduras y rejilla para cocer al vapor, fabricadas en acero inoxidable de alta calidad, que garantizan un calentamiento uniforme y la seguridad. Servicios OEM\/ODM disponibles. P\u00f3ngase en contacto con nosotros para solicitar un presupuesto.<\/p>\n<h2>Especificaciones de la olla a presi\u00f3n de 8 qt:<\/h2>\n<table width=\"402\">\n<tbody>\n<tr>\n<td width=\"145\">Fabricante<\/td>\n<td width=\"257\">Linkton<\/td>\n<\/tr>\n<tr>\n<td width=\"145\">Capacidad<\/td>\n<td width=\"257\">5L\/ 6L\/ 8L<\/td>\n<\/tr>\n<tr>\n<td>Material<\/td>\n<td>Acero inoxidable<\/td>\n<\/tr>\n<tr>\n<td>Funci\u00f3n<\/td>\n<td width=\"257\">1. Con rejilla para cocinar al vapor y asa antiescaras<br \/>2. 80 kpa de presi\u00f3n<br \/>3. V\u00e1lvula autom\u00e1tica de liberaci\u00f3n de presi\u00f3n de punto rojo<br \/>4. Seguridad a prueba de explosiones<br \/>5. Limpieza c\u00f3moda<\/td>\n<\/tr>\n<tr>\n<td>Configuraci\u00f3n<\/td>\n<td width=\"257\">Manual\/V\u00e1lvula limitadora de presi\u00f3n\/Taz\u00f3n antiderrame\/Aguja de limpieza<\/td>\n<\/tr>\n<tr>\n<td>Estufa aplicable<\/td>\n<td>Cocina\/ Cocina de inducci\u00f3n\/ Cocina de gas\/ Cocina el\u00e9ctrica\/ Cocina vitrocer\u00e1mica\/ Cocina hal\u00f3gena<\/td>\n<\/tr>\n<tr>\n<td>OEM\/ODM<\/td>\n<td>Aceptable<\/td>\n<\/tr>\n<tr>\n<td>Muestra<\/td>\n<td>MOQ 1 pieza<\/td>\n<\/tr>\n<\/tbody>\n<\/table>","protected":false},"featured_media":7335,"template":"","meta":{"_acf_changed":false},"product-application":[],"product-capacity":[],"product_brand":[],"product_cat":[55],"product_tag":[77,76,81],"class_list":{"0":"post-6177","1":"product","2":"type-product","3":"status-publish","4":"has-post-thumbnail","6":"product_cat-pressure-cooker-wholesale","7":"product_tag-wholesale-commercial-pressure-cooker","8":"product_tag-wholesale-home-pressure-cooker","9":"product_tag-wholesale-medium-pressure-cooker","11":"first","12":"instock","13":"shipping-taxable","14":"product-type-simple"},"acf":[],"_links":{"self":[{"href":"https:\/\/www.linktonkitchen.com\/es\/wp-json\/wp\/v2\/product\/6177","targetHints":{"allow":["GET"]}}],"collection":[{"href":"https:\/\/www.linktonkitchen.com\/es\/wp-json\/wp\/v2\/product"}],"about":[{"href":"https:\/\/www.linktonkitchen.com\/es\/wp-json\/wp\/v2\/types\/product"}],"version-history":[{"count":0,"href":"https:\/\/www.linktonkitchen.com\/es\/wp-json\/wp\/v2\/product\/6177\/revisions"}],"wp:featuredmedia":[{"embeddable":true,"href":"https:\/\/www.linktonkitchen.com\/es\/wp-json\/wp\/v2\/media\/7335"}],"wp:attachment":[{"href":"https:\/\/www.linktonkitchen.com\/es\/wp-json\/wp\/v2\/media?parent=6177"}],"wp:term":[{"taxonomy":"product-application","embeddable":true,"href":"https:\/\/www.linktonkitchen.com\/es\/wp-json\/wp\/v2\/product-application?post=6177"},{"taxonomy":"product-capacity","embeddable":true,"href":"https:\/\/www.linktonkitchen.com\/es\/wp-json\/wp\/v2\/product-capacity?post=6177"},{"taxonomy":"product_brand","embeddable":true,"href":"https:\/\/www.linktonkitchen.com\/es\/wp-json\/wp\/v2\/product_brand?post=6177"},{"taxonomy":"product_cat","embeddable":true,"href":"https:\/\/www.linktonkitchen.com\/es\/wp-json\/wp\/v2\/product_cat?post=6177"},{"taxonomy":"product_tag","embeddable":true,"href":"https:\/\/www.linktonkitchen.com\/es\/wp-json\/wp\/v2\/product_tag?post=6177"}],"curies":[{"name":"wp","href":"https:\/\/api.w.org\/{rel}","templated":true}]}}