{"id":6186,"date":"2025-07-29T07:42:39","date_gmt":"2025-07-29T07:42:39","guid":{"rendered":"https:\/\/www.linktonkitchen.com\/?post_type=product&#038;p=6186"},"modified":"2026-02-05T03:01:05","modified_gmt":"2026-02-05T03:01:05","slug":"wholesale-10-qt-pressure-cooker","status":"publish","type":"product","link":"https:\/\/www.linktonkitchen.com\/es\/product\/wholesale-10-qt-pressure-cooker\/","title":{"rendered":"Mayorista Olla a presi\u00f3n 10 QT, Olla a presi\u00f3n en forma de U de acero inoxidable Proveedor"},"content":{"rendered":"<div class=\"wp-block-columns is-layout-flex wp-container-core-columns-is-layout-9d6595d7 wp-block-columns-is-layout-flex\">\n<div class=\"wp-block-column is-vertically-aligned-top is-layout-flow wp-block-column-is-layout-flow\">\n<h2 class=\"wp-block-heading\">10 QT olla a presi\u00f3n Par\u00e1metros:<\/h2>\n\n\n\n<figure class=\"wp-block-table\"><table class=\"has-fixed-layout\"><tbody><tr><td>N\u00ba de modelo<\/td><td>Capacidad<\/td><td>Di\u00e1metro de la boca<\/td><td>Peso bruto (kg)<\/td><\/tr><tr><td rowspan=\"2\">LT-UPC<\/td><td>8L<\/td><td>26 cm<\/td><td>3,59 kg<\/td><\/tr><tr><td>10L<\/td><td>28 cm<\/td><td>4,2 kg<\/td><\/tr><\/tbody><\/table><\/figure>\n\n\n\n<h2 class=\"wp-block-heading\">Olla a presi\u00f3n de 10 QT Caracter\u00edsticas:<\/h2>\n\n\n\n<p><strong>Dise\u00f1o de maceta en forma de U<\/strong>: El dise\u00f1o curvado con precisi\u00f3n mejora la eficiencia t\u00e9rmica y se calienta r\u00e1pidamente, por lo que es adecuado para una variedad de m\u00e9todos de cocci\u00f3n, incluyendo estofar y guisar a alta presi\u00f3n.<\/p>\n\n\n\n<p><strong>Capacidad principal<\/strong>: 10 cuartos de capacidad es ideal para grandes comidas familiares, peque\u00f1as cocinas de catering y comidas de grupo, ofreciendo flexibilidad y eficiencia.<\/p>\n\n\n\n<p><strong>Acero inoxidable de calidad alimentaria:<\/strong> Fabricado en acero inoxidable 304 de alta calidad, es resistente a \u00e1cidos y \u00e1lcalis, a la corrosi\u00f3n y duradero, lo que evita que se deforme y se oxide con el tiempo, garantizando la seguridad de los alimentos.<\/p>\n\n\n\n<p><strong>Sellado resistente<\/strong>: El cierre es herm\u00e9tico, lo que minimiza la p\u00e9rdida de calor y acorta el tiempo de cocci\u00f3n, con el consiguiente ahorro de energ\u00eda.<\/p>\n\n\n\n<p><strong>Venta al por mayor y personalizaci\u00f3n disponibles<\/strong>: Nuestra base de producci\u00f3n, procedente directamente de Linkton, ofrece precios al por mayor y admite OEM\/ODM, personalizaci\u00f3n de logotipos y envases personalizados.<\/p>\n<\/div>\n\n\n\n<div class=\"wp-block-column is-vertically-aligned-top is-layout-flow wp-block-column-is-layout-flow\" style=\"flex-basis:30%\">\n<figure class=\"wp-block-embed is-type-video is-provider-youtube wp-block-embed-youtube wp-embed-aspect-9-16 wp-has-aspect-ratio\"><div class=\"wp-block-embed__wrapper\">\n<iframe title=\"Nuevo producto Elegante olla a presi\u00f3n en forma de U con superficie de colores.1TP5Cocina a presi\u00f3n #cocina\" width=\"563\" height=\"1000\" src=\"https:\/\/www.youtube.com\/embed\/knFUvh7YfIw?feature=oembed\" frameborder=\"0\" allow=\"accelerometer; autoplay; clipboard-write; encrypted-media; gyroscope; picture-in-picture; web-share\" referrerpolicy=\"strict-origin-when-cross-origin\" allowfullscreen><\/iframe>\n<\/div><\/figure>\n<\/div>\n<\/div>\n\n\n\n<div class=\"wp-block-columns is-layout-flex wp-container-core-columns-is-layout-9d6595d7 wp-block-columns-is-layout-flex\">\n<div class=\"wp-block-column is-layout-flow wp-block-column-is-layout-flow\">\n<figure class=\"wp-block-image size-full\"><img fetchpriority=\"high\" decoding=\"async\" width=\"800\" height=\"800\" src=\"https:\/\/www.linktonkitchen.com\/wp-content\/uploads\/2024\/04\/Wholesale-Stainless-Steel-Pressure-Cooker-Mirror-2-16QT-for-Home-Commercial-5.webp\" alt=\"Mayorista Olla a Presi\u00f3n de Acero Inoxidable Espejo 2-16QT para Hogar Comercial\" class=\"wp-image-7355\" srcset=\"https:\/\/www.linktonkitchen.com\/wp-content\/uploads\/2024\/04\/Wholesale-Stainless-Steel-Pressure-Cooker-Mirror-2-16QT-for-Home-Commercial-5.webp 800w, https:\/\/www.linktonkitchen.com\/wp-content\/uploads\/2024\/04\/Wholesale-Stainless-Steel-Pressure-Cooker-Mirror-2-16QT-for-Home-Commercial-5-300x300.webp 300w, https:\/\/www.linktonkitchen.com\/wp-content\/uploads\/2024\/04\/Wholesale-Stainless-Steel-Pressure-Cooker-Mirror-2-16QT-for-Home-Commercial-5-150x150.webp 150w, https:\/\/www.linktonkitchen.com\/wp-content\/uploads\/2024\/04\/Wholesale-Stainless-Steel-Pressure-Cooker-Mirror-2-16QT-for-Home-Commercial-5-768x768.webp 768w, https:\/\/www.linktonkitchen.com\/wp-content\/uploads\/2024\/04\/Wholesale-Stainless-Steel-Pressure-Cooker-Mirror-2-16QT-for-Home-Commercial-5-12x12.webp 12w, https:\/\/www.linktonkitchen.com\/wp-content\/uploads\/2024\/04\/Wholesale-Stainless-Steel-Pressure-Cooker-Mirror-2-16QT-for-Home-Commercial-5-285x285.webp 285w, https:\/\/www.linktonkitchen.com\/wp-content\/uploads\/2024\/04\/Wholesale-Stainless-Steel-Pressure-Cooker-Mirror-2-16QT-for-Home-Commercial-5-270x270.webp 270w, https:\/\/www.linktonkitchen.com\/wp-content\/uploads\/2024\/04\/Wholesale-Stainless-Steel-Pressure-Cooker-Mirror-2-16QT-for-Home-Commercial-5-540x540.webp 540w, https:\/\/www.linktonkitchen.com\/wp-content\/uploads\/2024\/04\/Wholesale-Stainless-Steel-Pressure-Cooker-Mirror-2-16QT-for-Home-Commercial-5-660x660.webp 660w\" sizes=\"(max-width: 800px) 100vw, 800px\" \/><\/figure>\n<\/div>\n\n\n\n<div class=\"wp-block-column is-layout-flow wp-block-column-is-layout-flow\">\n<h2 class=\"wp-block-heading\">Olla a presi\u00f3n personalizada de 10 QT:<\/h2>\n\n\n\n<p>Ofrecemos servicios flexibles de personalizaci\u00f3n OEM y ODM para satisfacer los distintos requisitos del mercado y el posicionamiento de la marca.<\/p>\n\n\n\n<p><strong>Rango de capacidad:\u00a0<\/strong>Elija entre 2-16L(QT) para satisfacer las necesidades de diferentes tama\u00f1os de familias.<\/p>\n\n\n\n<p><strong>Acabado superficial:&nbsp;<\/strong>Disponible en pulido espejo (alto brillo), acabado satinado (aspecto cepillado) o revestimiento de color personalizado.<\/p>\n\n\n\n<p><strong>Marca y logotipo:<\/strong><\/p>\n\n\n\n<ul class=\"wp-block-list\">\n<li>Grabado por l\u00e1ser en el cuerpo de la maceta.<\/li>\n\n\n\n<li>Estampado en la parte inferior.<\/li>\n\n\n\n<li>Logotipo personalizado en asas y v\u00e1lvulas de presi\u00f3n.<\/li>\n<\/ul>\n\n\n\n<p><strong>Dise\u00f1o de envases:&nbsp;<\/strong>Cajas de color, manuales de instrucciones y cajas de env\u00edo totalmente personalizados con la identidad visual de su marca.<\/p>\n<\/div>\n<\/div>\n\n\n\n<div class=\"wp-block-columns is-layout-flex wp-container-core-columns-is-layout-9d6595d7 wp-block-columns-is-layout-flex\">\n<div class=\"wp-block-column is-vertically-aligned-center is-layout-flow wp-block-column-is-layout-flow\"><\/div>\n<\/div>","protected":false},"excerpt":{"rendered":"<p>Mayorista 10 QT olla a presi\u00f3n,80kPa de alta presi\u00f3n de cocci\u00f3n con un dispositivo autom\u00e1tico de alivio de presi\u00f3n de punto rojo, la entrega de alimentos r\u00e1pida y segura. \u00a1Fuente directa de la fuente de la f\u00e1brica de Linkton, personalizaci\u00f3n del lote de la ayuda, recepci\u00f3n a investigar!<\/p>\n<h2>Especificaciones de la olla a presi\u00f3n de 10 QT:<\/h2>\n<table width=\"402\">\n<tbody>\n<tr>\n<td width=\"145\">Fabricante<\/td>\n<td width=\"257\">Linkton<\/td>\n<\/tr>\n<tr>\n<td width=\"145\">Capacidad<\/td>\n<td width=\"257\">8L\/ 10L<\/td>\n<\/tr>\n<tr>\n<td>Material<\/td>\n<td>Acero inoxidable<\/td>\n<\/tr>\n<tr>\n<td>Funci\u00f3n<\/td>\n<td width=\"257\">\n<p>1.. 80 kPa de presi\u00f3n<br \/>2. V\u00e1lvula autom\u00e1tica de liberaci\u00f3n de presi\u00f3n de punto rojo<br \/>3. Seguridad a prueba de explosiones<br \/>4. Limpieza c\u00f3moda<\/p>\n<\/td>\n<\/tr>\n<tr>\n<td>Estufa aplicable<\/td>\n<td>Cocina\/Estufa de inducci\u00f3n\/Estufa de gas\/Estufa el\u00e9ctrica\/Estufa de cer\u00e1mica\/Estufa hal\u00f3gena<\/td>\n<\/tr>\n<tr>\n<td>Configuraci\u00f3n<\/td>\n<td width=\"257\">Manual\/V\u00e1lvula limitadora de presi\u00f3n\/Taz\u00f3n antiderrame\/Aguja de limpieza<\/td>\n<\/tr>\n<tr>\n<td>OEM\/ODM<\/td>\n<td>Aceptable<\/td>\n<\/tr>\n<tr>\n<td>Muestra<\/td>\n<td>MOQ 1 pieza<\/td>\n<\/tr>\n<\/tbody>\n<\/table>\n<p>&nbsp;<\/p>","protected":false},"featured_media":6182,"template":"","meta":{"_acf_changed":false},"product-application":[],"product-capacity":[],"product_brand":[],"product_cat":[55],"product_tag":[76,81],"class_list":{"0":"post-6186","1":"product","2":"type-product","3":"status-publish","4":"has-post-thumbnail","6":"product_cat-pressure-cooker-wholesale","7":"product_tag-wholesale-home-pressure-cooker","8":"product_tag-wholesale-medium-pressure-cooker","10":"first","11":"instock","12":"shipping-taxable","13":"product-type-simple"},"acf":[],"_links":{"self":[{"href":"https:\/\/www.linktonkitchen.com\/es\/wp-json\/wp\/v2\/product\/6186","targetHints":{"allow":["GET"]}}],"collection":[{"href":"https:\/\/www.linktonkitchen.com\/es\/wp-json\/wp\/v2\/product"}],"about":[{"href":"https:\/\/www.linktonkitchen.com\/es\/wp-json\/wp\/v2\/types\/product"}],"version-history":[{"count":0,"href":"https:\/\/www.linktonkitchen.com\/es\/wp-json\/wp\/v2\/product\/6186\/revisions"}],"wp:featuredmedia":[{"embeddable":true,"href":"https:\/\/www.linktonkitchen.com\/es\/wp-json\/wp\/v2\/media\/6182"}],"wp:attachment":[{"href":"https:\/\/www.linktonkitchen.com\/es\/wp-json\/wp\/v2\/media?parent=6186"}],"wp:term":[{"taxonomy":"product-application","embeddable":true,"href":"https:\/\/www.linktonkitchen.com\/es\/wp-json\/wp\/v2\/product-application?post=6186"},{"taxonomy":"product-capacity","embeddable":true,"href":"https:\/\/www.linktonkitchen.com\/es\/wp-json\/wp\/v2\/product-capacity?post=6186"},{"taxonomy":"product_brand","embeddable":true,"href":"https:\/\/www.linktonkitchen.com\/es\/wp-json\/wp\/v2\/product_brand?post=6186"},{"taxonomy":"product_cat","embeddable":true,"href":"https:\/\/www.linktonkitchen.com\/es\/wp-json\/wp\/v2\/product_cat?post=6186"},{"taxonomy":"product_tag","embeddable":true,"href":"https:\/\/www.linktonkitchen.com\/es\/wp-json\/wp\/v2\/product_tag?post=6186"}],"curies":[{"name":"wp","href":"https:\/\/api.w.org\/{rel}","templated":true}]}}