{"id":6198,"date":"2025-08-06T07:45:43","date_gmt":"2025-08-06T07:45:43","guid":{"rendered":"https:\/\/www.linktonkitchen.com\/?post_type=product&#038;p=6198"},"modified":"2026-02-04T03:42:53","modified_gmt":"2026-02-04T03:42:53","slug":"wholesale-8-quart-stainless-steel-pressure-cooker","status":"publish","type":"product","link":"https:\/\/www.linktonkitchen.com\/es\/producto\/wholesale-8-quart-stainless-steel-pressure-cooker\/","title":{"rendered":"Mayorista Olla a Presi\u00f3n de Acero Inoxidable de 8 Cuartos, Olla a Presi\u00f3n de Inducci\u00f3n para Estufa"},"content":{"rendered":"<div class=\"wp-block-columns is-layout-flex wp-container-core-columns-is-layout-9d6595d7 wp-block-columns-is-layout-flex\">\n<div class=\"wp-block-column is-layout-flow wp-block-column-is-layout-flow\" style=\"flex-basis:30%\">\n<figure class=\"wp-block-embed is-type-video is-provider-youtube wp-block-embed-youtube wp-embed-aspect-9-16 wp-has-aspect-ratio\"><div class=\"wp-block-embed__wrapper\">\n<iframe title=\"\u00bfConoce las ventajas de la olla a presi\u00f3n con asa elevable?1TP5Cocina a presi\u00f3n 1TP5Fabricaci\u00f3n\" width=\"563\" height=\"1000\" src=\"https:\/\/www.youtube.com\/embed\/VXWKZJ6-ZI4?feature=oembed\" frameborder=\"0\" allow=\"accelerometer; autoplay; clipboard-write; encrypted-media; gyroscope; picture-in-picture; web-share\" referrerpolicy=\"strict-origin-when-cross-origin\" allowfullscreen><\/iframe>\n<\/div><\/figure>\n<\/div>\n\n\n\n<div class=\"wp-block-column is-layout-flow wp-block-column-is-layout-flow\">\n<h2 class=\"wp-block-heading\">Olla a presi\u00f3n de acero inoxidable Par\u00e1metros:<\/h2>\n\n\n\n<figure class=\"wp-block-table\"><table class=\"has-fixed-layout\"><tbody><tr><td>N\u00ba de modelo<\/td><td>Capacidad<\/td><td>Di\u00e1metro de la boca<\/td><td>Peso<\/td><\/tr><tr><td rowspan=\"5\">LT-EJT<\/td><td>8L<\/td><td>24 cm<\/td><td>3,59 kg<\/td><\/tr><\/tbody><\/table><\/figure>\n\n\n\n<h2 class=\"wp-block-heading\">Olla a presi\u00f3n de acero inoxidable Caracter\u00edsticas:<\/h2>\n\n\n\n<p><strong>Dise\u00f1o pr\u00e1ctico de la capacidad<\/strong>: Satisfaga las necesidades culinarias de familias y peque\u00f1as y medianas empresas, y prepare varios ingredientes a la vez.<\/p>\n\n\n\n<p><strong>Sistema de control de presi\u00f3n ajustable<\/strong>: Satisface los requisitos de presi\u00f3n de cocci\u00f3n de diferentes ingredientes, desde alubias hasta carne, y se puede controlar con precisi\u00f3n.<\/p>\n\n\n\n<p><strong>Asa f\u00e1cil de levantar<\/strong>: ergon\u00f3mico, mejora la facilidad de uso y es m\u00e1s seguro y ahorra mano de obra al moverlo.<\/p>\n\n\n\n<p><strong>Material de acero inoxidable de alta calidad<\/strong>Resistente a la corrosi\u00f3n, f\u00e1cil de limpiar, duradero y adecuado para un uso prolongado a altas temperaturas.<\/p>\n\n\n\n<p><strong>Dispositivo autom\u00e1tico de descarga de presi\u00f3n y cierre de seguridad<\/strong>: Mejorar la seguridad de uso, y m\u00faltiples mecanismos de protecci\u00f3n para evitar el mal funcionamiento.<\/p>\n\n\n\n<p><strong>Satisfacer las necesidades de m\u00faltiples escenarios<\/strong>: Tanto si se trata de preparar sopa y gachas de avena a diario en casa, como de servir comida r\u00e1pida en un peque\u00f1o restaurante, este<\/p>\n<\/div>\n<\/div>\n\n\n\n<div class=\"wp-block-columns is-layout-flex wp-container-core-columns-is-layout-9d6595d7 wp-block-columns-is-layout-flex\">\n<div class=\"wp-block-column is-layout-flow wp-block-column-is-layout-flow\">\n<h2 class=\"wp-block-heading\">Olla a presi\u00f3n de acero inoxidable a medida:<\/h2>\n\n\n\n<p>Linkton ofrece una amplia\u00a0<strong>Servicios OEM\/ODM<\/strong>\u00a0para destacar en su mercado local:<\/p>\n\n\n\n<p><strong>Rango de capacidad:\u00a0<\/strong>Elija entre 4L, 6,5L y 8L para satisfacer las necesidades de diferentes tama\u00f1os de familias.<\/p>\n\n\n\n<p><strong>Acabado superficial:&nbsp;<\/strong>Disponible en pulido espejo (alto brillo), acabado satinado (aspecto cepillado) o revestimiento de color personalizado.<\/p>\n\n\n\n<p><strong>Marca y logotipo:<\/strong><\/p>\n\n\n\n<ul class=\"wp-block-list\">\n<li>Grabado por l\u00e1ser en el cuerpo de la maceta.<\/li>\n\n\n\n<li>Estampado en la parte inferior.<\/li>\n\n\n\n<li>Logotipo personalizado en asas y v\u00e1lvulas de presi\u00f3n.<\/li>\n<\/ul>\n\n\n\n<p><strong>Dise\u00f1o de envases:&nbsp;<\/strong>Cajas de color, manuales de instrucciones y cajas de env\u00edo totalmente personalizados con la identidad visual de su marca.<\/p>\n<\/div>\n\n\n\n<div class=\"wp-block-column is-layout-flow wp-block-column-is-layout-flow\">\n<figure class=\"wp-block-image size-full\"><img fetchpriority=\"high\" decoding=\"async\" width=\"800\" height=\"450\" src=\"https:\/\/www.linktonkitchen.com\/wp-content\/uploads\/2024\/12\/Wholesale-One-Hand-Easy-Open-Pressure-Cooker-Stovetops-Induction-Stainless-Steel.webp\" alt=\"Mayorista Olla a Presi\u00f3n de Apertura F\u00e1cil con Una Sola Mano, Acero Inoxidable para Cocinas de Inducci\u00f3n\" class=\"wp-image-7271\" srcset=\"https:\/\/www.linktonkitchen.com\/wp-content\/uploads\/2024\/12\/Wholesale-One-Hand-Easy-Open-Pressure-Cooker-Stovetops-Induction-Stainless-Steel.webp 800w, https:\/\/www.linktonkitchen.com\/wp-content\/uploads\/2024\/12\/Wholesale-One-Hand-Easy-Open-Pressure-Cooker-Stovetops-Induction-Stainless-Steel-300x169.webp 300w, https:\/\/www.linktonkitchen.com\/wp-content\/uploads\/2024\/12\/Wholesale-One-Hand-Easy-Open-Pressure-Cooker-Stovetops-Induction-Stainless-Steel-768x432.webp 768w, https:\/\/www.linktonkitchen.com\/wp-content\/uploads\/2024\/12\/Wholesale-One-Hand-Easy-Open-Pressure-Cooker-Stovetops-Induction-Stainless-Steel-18x10.webp 18w, https:\/\/www.linktonkitchen.com\/wp-content\/uploads\/2024\/12\/Wholesale-One-Hand-Easy-Open-Pressure-Cooker-Stovetops-Induction-Stainless-Steel-285x160.webp 285w, https:\/\/www.linktonkitchen.com\/wp-content\/uploads\/2024\/12\/Wholesale-One-Hand-Easy-Open-Pressure-Cooker-Stovetops-Induction-Stainless-Steel-660x371.webp 660w, https:\/\/www.linktonkitchen.com\/wp-content\/uploads\/2024\/12\/Wholesale-One-Hand-Easy-Open-Pressure-Cooker-Stovetops-Induction-Stainless-Steel-150x84.webp 150w\" sizes=\"(max-width: 800px) 100vw, 800px\" \/><\/figure>\n<\/div>\n<\/div>","protected":false},"excerpt":{"rendered":"<p>Mayorista de f\u00e1brica olla a presi\u00f3n de acero inoxidable de 8 cuartos, la capacidad moderada es perfecta para uso dom\u00e9stico y en restaurantes, y el sistema de presi\u00f3n ajustable incorporado se adapta a diversas necesidades de cocci\u00f3n. Se admite OEM\/ODM. Solicite m\u00e1s informaci\u00f3n sobre el producto.<\/p>\n<h2>Olla a presi\u00f3n de acero inoxidable Especificaciones:<\/h2>\n<table width=\"244\">\n<tbody>\n<tr>\n<td width=\"114\">Fabricante<\/td>\n<td width=\"130\">Linkton<\/td>\n<\/tr>\n<tr>\n<td width=\"114\">Capacidad<\/td>\n<td width=\"130\">4L\/ 6.5L\/ 8L<\/td>\n<\/tr>\n<tr>\n<td width=\"114\">Material<\/td>\n<td width=\"130\">\u00a0Acero inoxidable 304\u00a0<\/td>\n<\/tr>\n<tr>\n<td width=\"114\">Funci\u00f3n<\/td>\n<td width=\"130\">1. Tapa giratoria con una sola mano, f\u00e1cil de abrir y bloquear<br \/>2. Presi\u00f3n ajustable en 2 niveles<br \/>3. Cocci\u00f3n r\u00e1pida de 100kPa<br \/>4. Seguridad a prueba de explosiones<\/td>\n<\/tr>\n<tr>\n<td width=\"114\">Estufa aplicable<\/td>\n<td width=\"130\">Cocina\/Estufa de inducci\u00f3n\/Estufa de gas\/Estufa el\u00e9ctrica\/Estufa de cer\u00e1mica\/Estufa hal\u00f3gena<\/td>\n<\/tr>\n<tr>\n<td width=\"114\">Accesorios<\/td>\n<td width=\"130\">Manual\/ V\u00e1lvula limitadora de presi\u00f3n\/ Cubeta antiderrame\/ Aguja de limpieza<\/td>\n<\/tr>\n<tr>\n<td width=\"114\">OEM \/ ODM<\/td>\n<td width=\"130\">Aceptable\u00a0<\/td>\n<\/tr>\n<tr>\n<td width=\"114\">Muestra<\/td>\n<td width=\"130\">MOQ 1 pieza<\/td>\n<\/tr>\n<\/tbody>\n<\/table>\n<p>&nbsp;<\/p>","protected":false},"featured_media":6204,"template":"","meta":{"_acf_changed":false},"product-application":[],"product-capacity":[],"product_brand":[],"product_cat":[55],"product_tag":[76,81],"class_list":{"0":"post-6198","1":"product","2":"type-product","3":"status-publish","4":"has-post-thumbnail","6":"product_cat-pressure-cooker-wholesale","7":"product_tag-wholesale-home-pressure-cooker","8":"product_tag-wholesale-medium-pressure-cooker","10":"first","11":"instock","12":"shipping-taxable","13":"product-type-simple"},"acf":[],"_links":{"self":[{"href":"https:\/\/www.linktonkitchen.com\/es\/wp-json\/wp\/v2\/product\/6198","targetHints":{"allow":["GET"]}}],"collection":[{"href":"https:\/\/www.linktonkitchen.com\/es\/wp-json\/wp\/v2\/product"}],"about":[{"href":"https:\/\/www.linktonkitchen.com\/es\/wp-json\/wp\/v2\/types\/product"}],"version-history":[{"count":6,"href":"https:\/\/www.linktonkitchen.com\/es\/wp-json\/wp\/v2\/product\/6198\/revisions"}],"predecessor-version":[{"id":7293,"href":"https:\/\/www.linktonkitchen.com\/es\/wp-json\/wp\/v2\/product\/6198\/revisions\/7293"}],"wp:featuredmedia":[{"embeddable":true,"href":"https:\/\/www.linktonkitchen.com\/es\/wp-json\/wp\/v2\/media\/6204"}],"wp:attachment":[{"href":"https:\/\/www.linktonkitchen.com\/es\/wp-json\/wp\/v2\/media?parent=6198"}],"wp:term":[{"taxonomy":"product-application","embeddable":true,"href":"https:\/\/www.linktonkitchen.com\/es\/wp-json\/wp\/v2\/product-application?post=6198"},{"taxonomy":"product-capacity","embeddable":true,"href":"https:\/\/www.linktonkitchen.com\/es\/wp-json\/wp\/v2\/product-capacity?post=6198"},{"taxonomy":"product_brand","embeddable":true,"href":"https:\/\/www.linktonkitchen.com\/es\/wp-json\/wp\/v2\/product_brand?post=6198"},{"taxonomy":"product_cat","embeddable":true,"href":"https:\/\/www.linktonkitchen.com\/es\/wp-json\/wp\/v2\/product_cat?post=6198"},{"taxonomy":"product_tag","embeddable":true,"href":"https:\/\/www.linktonkitchen.com\/es\/wp-json\/wp\/v2\/product_tag?post=6198"}],"curies":[{"name":"wp","href":"https:\/\/api.w.org\/{rel}","templated":true}]}}