{"id":6228,"date":"2025-08-06T07:45:43","date_gmt":"2025-08-06T07:45:43","guid":{"rendered":"https:\/\/www.linktonkitchen.com\/?post_type=product&#038;p=6228"},"modified":"2026-02-05T07:24:01","modified_gmt":"2026-02-05T07:24:01","slug":"wholesale-pressure-cooker-pot","status":"publish","type":"product","link":"https:\/\/www.linktonkitchen.com\/es\/producto\/wholesale-pressure-cooker-pot\/","title":{"rendered":"Mayorista Olla a presi\u00f3n,Olla a presi\u00f3n de acero inoxidable 6-11QT Fabricante"},"content":{"rendered":"<div class=\"wp-block-columns is-layout-flex wp-container-core-columns-is-layout-9d6595d7 wp-block-columns-is-layout-flex\">\n<div class=\"wp-block-column is-vertically-aligned-top is-layout-flow wp-block-column-is-layout-flow\">\n<h2 class=\"wp-block-heading\">Par\u00e1metro de la olla a presi\u00f3n:<\/h2>\n\n\n\n<figure class=\"wp-block-table\"><table><tbody><tr><td>N\u00ba de modelo<\/td><td>Capacidad<\/td><td>Di\u00e1metro de la boca<\/td><td>Peso bruto (kg)<\/td><\/tr><tr><td rowspan=\"4\">LT-OX<\/td><td>6L<\/td><td>22 cm<\/td><td>2,67 kg<\/td><\/tr><tr><td>7L<\/td><td>24 cm<\/td><td>3,25 kg<\/td><\/tr><tr><td>9L<\/td><td>26 cm<\/td><td>4,01 kg<\/td><\/tr><tr><td>11L<\/td><td>28 cm<\/td><td>4,41 kg<\/td><\/tr><\/tbody><\/table><\/figure>\n\n\n\n<h2 class=\"wp-block-heading\">Olla a presi\u00f3n Caracter\u00edsticas:<\/h2>\n\n\n\n<p><strong>Cocina eficiente<\/strong>: La olla a presi\u00f3n cuenta con una duradera estructura de cuerpo de alta presi\u00f3n capaz de soportar hasta 80 KPA de presi\u00f3n, reduciendo el tiempo de cocci\u00f3n a la vez que es eficiente energ\u00e9ticamente y adecuada para un uso intensivo en entornos como restaurantes y cafeter\u00edas.<\/p>\n\n\n\n<p><strong>M\u00faltiples opciones de capacidad<\/strong>: Disponibles en capacidades de 6L, 7L, 9L y 11L, adecuadas para cocinar en casa a peque\u00f1a escala o para guisar a gran escala comercialmente, satisfaciendo las distintas necesidades de los diferentes clientes.<\/p>\n\n\n\n<p><strong>Equipado con m\u00faltiples funciones de seguridad:<\/strong> La v\u00e1lvula de alivio de presi\u00f3n, la v\u00e1lvula de seguridad y el dise\u00f1o de la tapa antiobstrucci\u00f3n evitan estrictamente la sobrepresi\u00f3n; las asas rojas son resistentes al calor y antideslizantes, lo que garantiza un funcionamiento m\u00e1s seguro.<\/p>\n\n\n\n<p><strong>Acero inoxidable de alta calidad<\/strong>: Fabricada con material de acero inoxidable engrosado de calidad alimentaria, es resistente al calor y a la corrosi\u00f3n. El cuerpo de la olla es robusto y resistente a la deformaci\u00f3n, permaneciendo brillante y nuevo incluso despu\u00e9s de un uso prolongado, y es f\u00e1cil de limpiar y mantener.<\/p>\n\n\n\n<p><strong>Amplia compatibilidad:<\/strong> Adecuado para diversas fuentes de calor, como cocinas de gas, de inducci\u00f3n y vitrocer\u00e1micas, satisface las diversas necesidades de las cocinas dom\u00e9sticas y comerciales.<\/p>\n\n\n\n<p><strong>Elegante dise\u00f1o floral de la tapa<\/strong>: La tapa de la olla est\u00e1 adornada con motivos florales tradicionales combinados con el brillo moderno del acero inoxidable, ofreciendo tanto atractivo est\u00e9tico como practicidad, realzando el ambiente general de la cocina.<\/p>\n<\/div>\n\n\n\n<div class=\"wp-block-column is-vertically-aligned-top is-layout-flow wp-block-column-is-layout-flow\">\n<figure class=\"wp-block-image size-full\"><img fetchpriority=\"high\" decoding=\"async\" width=\"1188\" height=\"1188\" src=\"https:\/\/www.linktonkitchen.com\/wp-content\/uploads\/2025\/08\/wholesale-pressure-cooker-pot-4.webp\" alt=\"venta al por mayor olla a presion (4)\" class=\"wp-image-6232\" srcset=\"https:\/\/www.linktonkitchen.com\/wp-content\/uploads\/2025\/08\/wholesale-pressure-cooker-pot-4.webp 1188w, https:\/\/www.linktonkitchen.com\/wp-content\/uploads\/2025\/08\/wholesale-pressure-cooker-pot-4-300x300.webp 300w, https:\/\/www.linktonkitchen.com\/wp-content\/uploads\/2025\/08\/wholesale-pressure-cooker-pot-4-150x150.webp 150w, https:\/\/www.linktonkitchen.com\/wp-content\/uploads\/2025\/08\/wholesale-pressure-cooker-pot-4-768x768.webp 768w, https:\/\/www.linktonkitchen.com\/wp-content\/uploads\/2025\/08\/wholesale-pressure-cooker-pot-4-12x12.webp 12w, https:\/\/www.linktonkitchen.com\/wp-content\/uploads\/2025\/08\/wholesale-pressure-cooker-pot-4-285x285.webp 285w, https:\/\/www.linktonkitchen.com\/wp-content\/uploads\/2025\/08\/wholesale-pressure-cooker-pot-4-270x270.webp 270w, https:\/\/www.linktonkitchen.com\/wp-content\/uploads\/2025\/08\/wholesale-pressure-cooker-pot-4-540x540.webp 540w, https:\/\/www.linktonkitchen.com\/wp-content\/uploads\/2025\/08\/wholesale-pressure-cooker-pot-4-660x660.webp 660w\" sizes=\"(max-width: 1188px) 100vw, 1188px\" \/><\/figure>\n<\/div>\n<\/div>\n\n\n\n<div class=\"wp-block-columns is-layout-flex wp-container-core-columns-is-layout-9d6595d7 wp-block-columns-is-layout-flex\">\n<div class=\"wp-block-column is-layout-flow wp-block-column-is-layout-flow\">\n<figure class=\"wp-block-image size-full\"><img decoding=\"async\" width=\"3000\" height=\"3000\" src=\"https:\/\/www.linktonkitchen.com\/wp-content\/uploads\/2025\/08\/wholesale-pressure-cooker-pot-2.webp\" alt=\"venta al por mayor olla a presion (2)\" class=\"wp-image-6230\" srcset=\"https:\/\/www.linktonkitchen.com\/wp-content\/uploads\/2025\/08\/wholesale-pressure-cooker-pot-2.webp 3000w, https:\/\/www.linktonkitchen.com\/wp-content\/uploads\/2025\/08\/wholesale-pressure-cooker-pot-2-300x300.webp 300w, https:\/\/www.linktonkitchen.com\/wp-content\/uploads\/2025\/08\/wholesale-pressure-cooker-pot-2-150x150.webp 150w, https:\/\/www.linktonkitchen.com\/wp-content\/uploads\/2025\/08\/wholesale-pressure-cooker-pot-2-768x768.webp 768w, https:\/\/www.linktonkitchen.com\/wp-content\/uploads\/2025\/08\/wholesale-pressure-cooker-pot-2-12x12.webp 12w, https:\/\/www.linktonkitchen.com\/wp-content\/uploads\/2025\/08\/wholesale-pressure-cooker-pot-2-285x285.webp 285w, https:\/\/www.linktonkitchen.com\/wp-content\/uploads\/2025\/08\/wholesale-pressure-cooker-pot-2-1600x1600.webp 1600w, https:\/\/www.linktonkitchen.com\/wp-content\/uploads\/2025\/08\/wholesale-pressure-cooker-pot-2-270x270.webp 270w, https:\/\/www.linktonkitchen.com\/wp-content\/uploads\/2025\/08\/wholesale-pressure-cooker-pot-2-540x540.webp 540w, https:\/\/www.linktonkitchen.com\/wp-content\/uploads\/2025\/08\/wholesale-pressure-cooker-pot-2-660x660.webp 660w\" sizes=\"(max-width: 3000px) 100vw, 3000px\" \/><\/figure>\n<\/div>\n\n\n\n<div class=\"wp-block-column is-layout-flow wp-block-column-is-layout-flow\">\n<h2 class=\"wp-block-heading\">Olla a presi\u00f3n a medida:<\/h2>\n\n\n\n<p>Linkton ofrece servicios flexibles de personalizaci\u00f3n OEM y ODM para satisfacer las diferentes necesidades del mercado y el posicionamiento de la marca.<\/p>\n\n\n\n<p><strong>Rango de capacidad:\u00a0<\/strong>Elija entre 6-11L para satisfacer las necesidades de diferentes tama\u00f1os de familias.<\/p>\n\n\n\n<p><strong>Acabado superficial:&nbsp;<\/strong>Disponible en pulido espejo (alto brillo), acabado satinado (aspecto cepillado) o revestimiento de color personalizado.<\/p>\n\n\n\n<p><strong>Marca y logotipo:<\/strong><\/p>\n\n\n\n<ul class=\"wp-block-list\">\n<li>Grabado por l\u00e1ser en el cuerpo de la maceta.<\/li>\n\n\n\n<li>Estampado en la parte inferior.<\/li>\n\n\n\n<li>Logotipo personalizado en asas y v\u00e1lvulas de presi\u00f3n.<\/li>\n<\/ul>\n\n\n\n<p><strong>Dise\u00f1o de envases:&nbsp;<\/strong>Cajas de color, manuales de instrucciones y cajas de env\u00edo totalmente personalizados con la identidad visual de su marca.<\/p>\n<\/div>\n<\/div>","protected":false},"excerpt":{"rendered":"<p>Olla a presi\u00f3n al por mayor, m\u00faltiples capacidades disponibles, material de acero inoxidable de grado alimenticio, dise\u00f1o de alta presi\u00f3n 80KPA, adecuado para el hogar y comercial, seguro y conveniente. P\u00f3ngase en contacto con nosotros para m\u00e1s par\u00e1metros.<\/p>\n<h2><strong>Olla a presi\u00f3n\u00a0<\/strong><span style=\"box-sizing: border-box; margin: 0px; padding: 0px;\"><strong>Olla\u00a0<\/strong>Especificaciones<\/span>:<\/h2>\n<table width=\"402\">\n<tbody>\n<tr>\n<td width=\"145\">Fabricante<\/td>\n<td width=\"257\">Linkton<\/td>\n<\/tr>\n<tr>\n<td>Material<\/td>\n<td>Acero inoxidable<\/td>\n<\/tr>\n<tr>\n<td>Capacidad<\/td>\n<td>6L\/ 7L\/ 9L\/ 11L<\/td>\n<\/tr>\n<tr>\n<td>Funci\u00f3n<\/td>\n<td width=\"257\">1. Tapa con cierre a presi\u00f3n<br \/>2. Seis protecciones pesadas<br \/>3. 80 kpa de presi\u00f3n<br \/>4. Seguridad a prueba de explosiones<br \/>5. Limpieza c\u00f3moda<\/td>\n<\/tr>\n<tr>\n<td>Estufa aplicable<\/td>\n<td>Cocina\/Estufa de inducci\u00f3n\/Estufa de gas\/Estufa el\u00e9ctrica\/Estufa de cer\u00e1mica\/Estufa hal\u00f3gena<\/td>\n<\/tr>\n<tr>\n<td>Configuraci\u00f3n<\/td>\n<td width=\"257\">Manual\/V\u00e1lvula limitadora de presi\u00f3n\/Taz\u00f3n antiderrame\/Aguja de limpieza<\/td>\n<\/tr>\n<tr>\n<td>OEM\/ODM<\/td>\n<td>Aceptable<\/td>\n<\/tr>\n<tr>\n<td>Muestra<\/td>\n<td>MOQ 1 pieza<\/td>\n<\/tr>\n<\/tbody>\n<\/table>","protected":false},"featured_media":6229,"template":"","meta":{"_acf_changed":false},"product-application":[],"product-capacity":[],"product_brand":[],"product_cat":[55],"product_tag":[77,76,80,81],"class_list":{"0":"post-6228","1":"product","2":"type-product","3":"status-publish","4":"has-post-thumbnail","6":"product_cat-pressure-cooker-wholesale","7":"product_tag-wholesale-commercial-pressure-cooker","8":"product_tag-wholesale-home-pressure-cooker","9":"product_tag-wholesale-small-pressure-cooker","10":"product_tag-wholesale-medium-pressure-cooker","12":"first","13":"instock","14":"shipping-taxable","15":"product-type-simple"},"acf":[],"_links":{"self":[{"href":"https:\/\/www.linktonkitchen.com\/es\/wp-json\/wp\/v2\/product\/6228","targetHints":{"allow":["GET"]}}],"collection":[{"href":"https:\/\/www.linktonkitchen.com\/es\/wp-json\/wp\/v2\/product"}],"about":[{"href":"https:\/\/www.linktonkitchen.com\/es\/wp-json\/wp\/v2\/types\/product"}],"version-history":[{"count":4,"href":"https:\/\/www.linktonkitchen.com\/es\/wp-json\/wp\/v2\/product\/6228\/revisions"}],"predecessor-version":[{"id":7425,"href":"https:\/\/www.linktonkitchen.com\/es\/wp-json\/wp\/v2\/product\/6228\/revisions\/7425"}],"wp:featuredmedia":[{"embeddable":true,"href":"https:\/\/www.linktonkitchen.com\/es\/wp-json\/wp\/v2\/media\/6229"}],"wp:attachment":[{"href":"https:\/\/www.linktonkitchen.com\/es\/wp-json\/wp\/v2\/media?parent=6228"}],"wp:term":[{"taxonomy":"product-application","embeddable":true,"href":"https:\/\/www.linktonkitchen.com\/es\/wp-json\/wp\/v2\/product-application?post=6228"},{"taxonomy":"product-capacity","embeddable":true,"href":"https:\/\/www.linktonkitchen.com\/es\/wp-json\/wp\/v2\/product-capacity?post=6228"},{"taxonomy":"product_brand","embeddable":true,"href":"https:\/\/www.linktonkitchen.com\/es\/wp-json\/wp\/v2\/product_brand?post=6228"},{"taxonomy":"product_cat","embeddable":true,"href":"https:\/\/www.linktonkitchen.com\/es\/wp-json\/wp\/v2\/product_cat?post=6228"},{"taxonomy":"product_tag","embeddable":true,"href":"https:\/\/www.linktonkitchen.com\/es\/wp-json\/wp\/v2\/product_tag?post=6228"}],"curies":[{"name":"wp","href":"https:\/\/api.w.org\/{rel}","templated":true}]}}