{"id":6235,"date":"2025-08-06T07:45:43","date_gmt":"2025-08-06T07:45:43","guid":{"rendered":"https:\/\/www.linktonkitchen.com\/?post_type=product&#038;p=6235"},"modified":"2026-02-05T03:52:02","modified_gmt":"2026-02-05T03:52:02","slug":"wholesale-12-quart-pressure-cooker","status":"publish","type":"product","link":"https:\/\/www.linktonkitchen.com\/es\/producto\/wholesale-12-quart-pressure-cooker\/","title":{"rendered":"Mayorista Olla a Presi\u00f3n de 12 Cuartos, Olla Comercial Grande de Acero Inoxidable"},"content":{"rendered":"<div class=\"wp-block-columns is-layout-flex wp-container-core-columns-is-layout-9d6595d7 wp-block-columns-is-layout-flex\">\n<div class=\"wp-block-column is-vertically-aligned-top is-layout-flow wp-block-column-is-layout-flow\">\n<h2 class=\"wp-block-heading\">Olla a presi\u00f3n de acero inoxidable Par\u00e1metros:<\/h2>\n\n\n\n<figure class=\"wp-block-table\"><table><tbody><tr><td>N\u00ba de modelo<\/td><td>Di\u00e1metro de la boca<\/td><td>Capacidad<\/td><td>Peso <\/td><\/tr><tr><td rowspan=\"3\">LT-SB<\/td><td>28 cm<\/td><td>10L<\/td><td>3,76 kg<\/td><\/tr><tr><td>30 cm<\/td><td>12L<\/td><td>4,69 kg<\/td><\/tr><tr><td>32 cm<\/td><td>16L<\/td><td>5,15 kg<\/td><\/tr><\/tbody><\/table><\/figure>\n\n\n\n<h2 class=\"wp-block-heading\">Olla a presi\u00f3n de acero inoxidable Caracter\u00edsticas:<\/h2>\n\n\n\n<p><strong>Uso comercial de gran capacidad<\/strong>: Ofrece opciones de 10L\/12L\/16L, lo que le permite cocinar m\u00e1s ingredientes a la vez y mejorar la eficiencia del servicio. Ideal para restaurantes, comedores, cocinas centrales, cadenas de comida r\u00e1pida y otros escenarios de cocci\u00f3n de alta frecuencia.<\/p>\n\n\n\n<p><strong>Calefacci\u00f3n por circulaci\u00f3n a alta presi\u00f3n<\/strong>: La olla crea una circulaci\u00f3n de vapor a alta presi\u00f3n en su interior, ablandando r\u00e1pidamente las fibras de los alimentos para garantizar una cocci\u00f3n m\u00e1s r\u00e1pida y una mejor absorci\u00f3n del sabor del pollo, el pato, la ternera, las jud\u00edas y otros ingredientes, ahorrando un tiempo de cocci\u00f3n considerable.<\/p>\n\n\n\n<p><strong>M\u00faltiples funciones de seguridad<\/strong>: Equipada con una v\u00e1lvula de alivio de presi\u00f3n, una v\u00e1lvula de seguridad y una tapa antiobstrucci\u00f3n, la olla libera autom\u00e1ticamente el exceso de presi\u00f3n para evitar explosiones de la olla, por lo que es adecuada para entornos de cocina de alta intensidad.<\/p>\n\n\n\n<p><strong>Materiales de alta calidad<\/strong>: Fabricado en acero inoxidable de calidad alimentaria engrosado, es resistente a la corrosi\u00f3n, no se deforma y no se pega al fondo de la olla, apto para uso comercial a largo plazo. Tiene un aspecto liso y es f\u00e1cil de limpiar.<\/p>\n\n\n\n<p><strong>Compatibilidad universal con estufas<\/strong>: Compatible con estufas de gas, cocinas de inducci\u00f3n, estufas el\u00e9ctricas de cer\u00e1mica y otras fuentes de calor, satisface los requisitos de diferentes configuraciones de cocina sin necesidad de comprar estufas adicionales.<\/p>\n<\/div>\n\n\n\n<div class=\"wp-block-column is-vertically-aligned-top is-layout-flow wp-block-column-is-layout-flow\">\n<figure class=\"wp-block-image size-full\"><img fetchpriority=\"high\" decoding=\"async\" width=\"800\" height=\"800\" src=\"https:\/\/www.linktonkitchen.com\/wp-content\/uploads\/2025\/08\/Wholesale-12-Quart-Pressure-Cooker-4.webp\" alt=\"Mayorista Olla a Presi\u00f3n 12 Cuartos (4)\" class=\"wp-image-6239\" srcset=\"https:\/\/www.linktonkitchen.com\/wp-content\/uploads\/2025\/08\/Wholesale-12-Quart-Pressure-Cooker-4.webp 800w, https:\/\/www.linktonkitchen.com\/wp-content\/uploads\/2025\/08\/Wholesale-12-Quart-Pressure-Cooker-4-300x300.webp 300w, https:\/\/www.linktonkitchen.com\/wp-content\/uploads\/2025\/08\/Wholesale-12-Quart-Pressure-Cooker-4-150x150.webp 150w, https:\/\/www.linktonkitchen.com\/wp-content\/uploads\/2025\/08\/Wholesale-12-Quart-Pressure-Cooker-4-768x768.webp 768w, https:\/\/www.linktonkitchen.com\/wp-content\/uploads\/2025\/08\/Wholesale-12-Quart-Pressure-Cooker-4-12x12.webp 12w, https:\/\/www.linktonkitchen.com\/wp-content\/uploads\/2025\/08\/Wholesale-12-Quart-Pressure-Cooker-4-285x285.webp 285w, https:\/\/www.linktonkitchen.com\/wp-content\/uploads\/2025\/08\/Wholesale-12-Quart-Pressure-Cooker-4-270x270.webp 270w, https:\/\/www.linktonkitchen.com\/wp-content\/uploads\/2025\/08\/Wholesale-12-Quart-Pressure-Cooker-4-540x540.webp 540w, https:\/\/www.linktonkitchen.com\/wp-content\/uploads\/2025\/08\/Wholesale-12-Quart-Pressure-Cooker-4-660x660.webp 660w\" sizes=\"(max-width: 800px) 100vw, 800px\" \/><\/figure>\n<\/div>\n<\/div>\n\n\n\n<div class=\"wp-block-columns is-layout-flex wp-container-core-columns-is-layout-9d6595d7 wp-block-columns-is-layout-flex\">\n<div class=\"wp-block-column is-layout-flow wp-block-column-is-layout-flow\">\n<figure class=\"wp-block-image size-full\"><img decoding=\"async\" width=\"748\" height=\"748\" src=\"https:\/\/www.linktonkitchen.com\/wp-content\/uploads\/2024\/04\/Wholesale-Stainless-Steel-Pressure-Cooker-with-Double-Handle-for-Home-Commercial-2-1.webp\" alt=\"Mayorista Olla a presi\u00f3n de acero inoxidable con doble asa para uso dom\u00e9stico y comercial\" class=\"wp-image-7390\" srcset=\"https:\/\/www.linktonkitchen.com\/wp-content\/uploads\/2024\/04\/Wholesale-Stainless-Steel-Pressure-Cooker-with-Double-Handle-for-Home-Commercial-2-1.webp 748w, https:\/\/www.linktonkitchen.com\/wp-content\/uploads\/2024\/04\/Wholesale-Stainless-Steel-Pressure-Cooker-with-Double-Handle-for-Home-Commercial-2-1-300x300.webp 300w, https:\/\/www.linktonkitchen.com\/wp-content\/uploads\/2024\/04\/Wholesale-Stainless-Steel-Pressure-Cooker-with-Double-Handle-for-Home-Commercial-2-1-150x150.webp 150w, https:\/\/www.linktonkitchen.com\/wp-content\/uploads\/2024\/04\/Wholesale-Stainless-Steel-Pressure-Cooker-with-Double-Handle-for-Home-Commercial-2-1-12x12.webp 12w, https:\/\/www.linktonkitchen.com\/wp-content\/uploads\/2024\/04\/Wholesale-Stainless-Steel-Pressure-Cooker-with-Double-Handle-for-Home-Commercial-2-1-285x285.webp 285w, https:\/\/www.linktonkitchen.com\/wp-content\/uploads\/2024\/04\/Wholesale-Stainless-Steel-Pressure-Cooker-with-Double-Handle-for-Home-Commercial-2-1-270x270.webp 270w, https:\/\/www.linktonkitchen.com\/wp-content\/uploads\/2024\/04\/Wholesale-Stainless-Steel-Pressure-Cooker-with-Double-Handle-for-Home-Commercial-2-1-540x540.webp 540w, https:\/\/www.linktonkitchen.com\/wp-content\/uploads\/2024\/04\/Wholesale-Stainless-Steel-Pressure-Cooker-with-Double-Handle-for-Home-Commercial-2-1-660x660.webp 660w\" sizes=\"(max-width: 748px) 100vw, 748px\" \/><\/figure>\n<\/div>\n\n\n\n<div class=\"wp-block-column is-layout-flow wp-block-column-is-layout-flow\">\n<figure class=\"wp-block-image size-full\"><img decoding=\"async\" width=\"748\" height=\"748\" src=\"https:\/\/www.linktonkitchen.com\/wp-content\/uploads\/2024\/04\/Wholesale-Stainless-Steel-Pressure-Cooker-with-Double-Handle-for-Home-Commercial-1.webp\" alt=\"Mayorista Olla a presi\u00f3n de acero inoxidable con doble asa para uso dom\u00e9stico y comercial\" class=\"wp-image-7389\" srcset=\"https:\/\/www.linktonkitchen.com\/wp-content\/uploads\/2024\/04\/Wholesale-Stainless-Steel-Pressure-Cooker-with-Double-Handle-for-Home-Commercial-1.webp 748w, https:\/\/www.linktonkitchen.com\/wp-content\/uploads\/2024\/04\/Wholesale-Stainless-Steel-Pressure-Cooker-with-Double-Handle-for-Home-Commercial-1-300x300.webp 300w, https:\/\/www.linktonkitchen.com\/wp-content\/uploads\/2024\/04\/Wholesale-Stainless-Steel-Pressure-Cooker-with-Double-Handle-for-Home-Commercial-1-150x150.webp 150w, https:\/\/www.linktonkitchen.com\/wp-content\/uploads\/2024\/04\/Wholesale-Stainless-Steel-Pressure-Cooker-with-Double-Handle-for-Home-Commercial-1-12x12.webp 12w, https:\/\/www.linktonkitchen.com\/wp-content\/uploads\/2024\/04\/Wholesale-Stainless-Steel-Pressure-Cooker-with-Double-Handle-for-Home-Commercial-1-285x285.webp 285w, https:\/\/www.linktonkitchen.com\/wp-content\/uploads\/2024\/04\/Wholesale-Stainless-Steel-Pressure-Cooker-with-Double-Handle-for-Home-Commercial-1-270x270.webp 270w, https:\/\/www.linktonkitchen.com\/wp-content\/uploads\/2024\/04\/Wholesale-Stainless-Steel-Pressure-Cooker-with-Double-Handle-for-Home-Commercial-1-540x540.webp 540w, https:\/\/www.linktonkitchen.com\/wp-content\/uploads\/2024\/04\/Wholesale-Stainless-Steel-Pressure-Cooker-with-Double-Handle-for-Home-Commercial-1-660x660.webp 660w\" sizes=\"(max-width: 748px) 100vw, 748px\" \/><\/figure>\n<\/div>\n<\/div>\n\n\n\n<div class=\"wp-block-columns is-layout-flex wp-container-core-columns-is-layout-9d6595d7 wp-block-columns-is-layout-flex\">\n<div class=\"wp-block-column is-layout-flow wp-block-column-is-layout-flow\">\n<figure class=\"wp-block-image size-full\"><img loading=\"lazy\" decoding=\"async\" width=\"800\" height=\"800\" src=\"https:\/\/www.linktonkitchen.com\/wp-content\/uploads\/2025\/08\/Wholesale-12-Quart-Pressure-Cooker-5.webp\" alt=\"Mayorista Olla a Presi\u00f3n 12 Cuartos (5)\" class=\"wp-image-6240\" srcset=\"https:\/\/www.linktonkitchen.com\/wp-content\/uploads\/2025\/08\/Wholesale-12-Quart-Pressure-Cooker-5.webp 800w, https:\/\/www.linktonkitchen.com\/wp-content\/uploads\/2025\/08\/Wholesale-12-Quart-Pressure-Cooker-5-300x300.webp 300w, https:\/\/www.linktonkitchen.com\/wp-content\/uploads\/2025\/08\/Wholesale-12-Quart-Pressure-Cooker-5-150x150.webp 150w, https:\/\/www.linktonkitchen.com\/wp-content\/uploads\/2025\/08\/Wholesale-12-Quart-Pressure-Cooker-5-768x768.webp 768w, https:\/\/www.linktonkitchen.com\/wp-content\/uploads\/2025\/08\/Wholesale-12-Quart-Pressure-Cooker-5-12x12.webp 12w, https:\/\/www.linktonkitchen.com\/wp-content\/uploads\/2025\/08\/Wholesale-12-Quart-Pressure-Cooker-5-285x285.webp 285w, https:\/\/www.linktonkitchen.com\/wp-content\/uploads\/2025\/08\/Wholesale-12-Quart-Pressure-Cooker-5-270x270.webp 270w, https:\/\/www.linktonkitchen.com\/wp-content\/uploads\/2025\/08\/Wholesale-12-Quart-Pressure-Cooker-5-540x540.webp 540w, https:\/\/www.linktonkitchen.com\/wp-content\/uploads\/2025\/08\/Wholesale-12-Quart-Pressure-Cooker-5-660x660.webp 660w\" sizes=\"(max-width: 800px) 100vw, 800px\" \/><\/figure>\n<\/div>\n\n\n\n<div class=\"wp-block-column is-layout-flow wp-block-column-is-layout-flow\">\n<h2 class=\"wp-block-heading\">Olla a presi\u00f3n de acero inoxidable a medida:<\/h2>\n\n\n\n<p>Ofrecemos servicios flexibles de personalizaci\u00f3n OEM y ODM para satisfacer los distintos requisitos del mercado y el posicionamiento de la marca.<\/p>\n\n\n\n<p><strong>Rango de capacidad:\u00a0<\/strong>Elija entre 10-16L para satisfacer las diferentes necesidades de tama\u00f1o de la familia.<\/p>\n\n\n\n<p><strong>Acabado superficial:&nbsp;<\/strong>Disponible en pulido espejo (alto brillo), acabado satinado (aspecto cepillado) o revestimiento de color personalizado.<\/p>\n\n\n\n<p><strong>Marca y logotipo:<\/strong><\/p>\n\n\n\n<ul class=\"wp-block-list\">\n<li>Grabado por l\u00e1ser en el cuerpo de la maceta.<\/li>\n\n\n\n<li>Estampado en la parte inferior.<\/li>\n\n\n\n<li>Logotipo personalizado en asas y v\u00e1lvulas de presi\u00f3n.<\/li>\n<\/ul>\n\n\n\n<p><strong>Dise\u00f1o de envases:&nbsp;<\/strong>Cajas de color, manuales de instrucciones y cajas de env\u00edo totalmente personalizados con la identidad visual de su marca.<\/p>\n<\/div>\n<\/div>","protected":false},"excerpt":{"rendered":"<p>Mayorista Olla a presi\u00f3n de 12 cuartos, 10L\/12L\/16L olla a presi\u00f3n de acero inoxidable, gran capacidad, alta presi\u00f3n, cocci\u00f3n r\u00e1pida, compatible con m\u00faltiples fuentes de calor, especialmente dise\u00f1ada para cocinas comerciales. \u00a1Bienvenido a preguntar hoy!<\/p>\n<h2>Especificaciones de la olla a presi\u00f3n de 12 cuartos:<\/h2>\n<table width=\"402\">\n<tbody>\n<tr>\n<td width=\"145\">Fabricante<\/td>\n<td width=\"257\">Linkton<\/td>\n<\/tr>\n<tr>\n<td>Material<\/td>\n<td>Acero inoxidable<\/td>\n<\/tr>\n<tr>\n<td>Funci\u00f3n<\/td>\n<td width=\"257\">\n<p>1. Dise\u00f1o de doble asa<br \/>2. Indicador de presi\u00f3n de punto rojo inteligente y bloqueo de seguridad<br \/>3. Seis protecciones pesadas<br \/>4. 80 kpa de presi\u00f3n<br \/>5. Seguridad a prueba de explosiones<br \/>7. Limpieza c\u00f3moda<\/p>\n<\/td>\n<\/tr>\n<tr>\n<td>Estufa aplicable<\/td>\n<td>Cocina\/Estufa de inducci\u00f3n\/Estufa de gas\/Estufa el\u00e9ctrica\/Estufa de cer\u00e1mica\/Estufa hal\u00f3gena<\/td>\n<\/tr>\n<tr>\n<td>Configuraci\u00f3n<\/td>\n<td width=\"257\">Manual\/V\u00e1lvula limitadora de presi\u00f3n\/Taz\u00f3n antiderrame\/Aguja de limpieza<\/td>\n<\/tr>\n<tr>\n<td>OEM\/ODM<\/td>\n<td>Aceptable<\/td>\n<\/tr>\n<tr>\n<td>Muestra<\/td>\n<td>MOQ 1 pieza<\/td>\n<\/tr>\n<\/tbody>\n<\/table>","protected":false},"featured_media":6238,"template":"","meta":{"_acf_changed":false},"product-application":[],"product-capacity":[],"product_brand":[],"product_cat":[55],"product_tag":[77,82],"class_list":{"0":"post-6235","1":"product","2":"type-product","3":"status-publish","4":"has-post-thumbnail","6":"product_cat-pressure-cooker-wholesale","7":"product_tag-wholesale-commercial-pressure-cooker","8":"product_tag-wholesale-large-pressure-cooker","10":"first","11":"instock","12":"shipping-taxable","13":"product-type-simple"},"acf":[],"_links":{"self":[{"href":"https:\/\/www.linktonkitchen.com\/es\/wp-json\/wp\/v2\/product\/6235","targetHints":{"allow":["GET"]}}],"collection":[{"href":"https:\/\/www.linktonkitchen.com\/es\/wp-json\/wp\/v2\/product"}],"about":[{"href":"https:\/\/www.linktonkitchen.com\/es\/wp-json\/wp\/v2\/types\/product"}],"version-history":[{"count":4,"href":"https:\/\/www.linktonkitchen.com\/es\/wp-json\/wp\/v2\/product\/6235\/revisions"}],"predecessor-version":[{"id":7399,"href":"https:\/\/www.linktonkitchen.com\/es\/wp-json\/wp\/v2\/product\/6235\/revisions\/7399"}],"wp:featuredmedia":[{"embeddable":true,"href":"https:\/\/www.linktonkitchen.com\/es\/wp-json\/wp\/v2\/media\/6238"}],"wp:attachment":[{"href":"https:\/\/www.linktonkitchen.com\/es\/wp-json\/wp\/v2\/media?parent=6235"}],"wp:term":[{"taxonomy":"product-application","embeddable":true,"href":"https:\/\/www.linktonkitchen.com\/es\/wp-json\/wp\/v2\/product-application?post=6235"},{"taxonomy":"product-capacity","embeddable":true,"href":"https:\/\/www.linktonkitchen.com\/es\/wp-json\/wp\/v2\/product-capacity?post=6235"},{"taxonomy":"product_brand","embeddable":true,"href":"https:\/\/www.linktonkitchen.com\/es\/wp-json\/wp\/v2\/product_brand?post=6235"},{"taxonomy":"product_cat","embeddable":true,"href":"https:\/\/www.linktonkitchen.com\/es\/wp-json\/wp\/v2\/product_cat?post=6235"},{"taxonomy":"product_tag","embeddable":true,"href":"https:\/\/www.linktonkitchen.com\/es\/wp-json\/wp\/v2\/product_tag?post=6235"}],"curies":[{"name":"wp","href":"https:\/\/api.w.org\/{rel}","templated":true}]}}