{"id":6256,"date":"2025-08-06T07:45:42","date_gmt":"2025-08-06T07:45:42","guid":{"rendered":"https:\/\/www.linktonkitchen.com\/?post_type=product&#038;p=6256"},"modified":"2026-02-05T08:57:32","modified_gmt":"2026-02-05T08:57:32","slug":"wholesale-1-litre-pressure-cooker","status":"publish","type":"product","link":"https:\/\/www.linktonkitchen.com\/es\/product\/wholesale-1-litre-pressure-cooker\/","title":{"rendered":"Mayorista Olla a Presi\u00f3n de 1 Litro, Linkton Mejor Fabricante de Ollas a Presi\u00f3n"},"content":{"rendered":"<div class=\"wp-block-columns is-layout-flex wp-container-core-columns-is-layout-9d6595d7 wp-block-columns-is-layout-flex\">\n<div class=\"wp-block-column is-vertically-aligned-top is-layout-flow wp-block-column-is-layout-flow\">\n<h2 class=\"wp-block-heading\">Olla a presi\u00f3n de 1 litro Par\u00e1metros:<\/h2>\n\n\n\n<figure class=\"wp-block-table\"><table><tbody><tr><td>N\u00ba de modelo<\/td><td>Capacidad<\/td><td>Di\u00e1metro<\/td><\/tr><tr><td rowspan=\"4\">LT-XFKH<\/td><td>0.8 L<\/td><td>13cm\/15cm<\/td><\/tr><tr><td>1.2 L<\/td><td>13cm\/15cm<\/td><\/tr><tr><td>1.6 L<\/td><td>13cm\/15cm<\/td><\/tr><tr><td>2.0 L<\/td><td>13cm\/15cm<\/td><\/tr><\/tbody><\/table><\/figure>\n\n\n\n<h2 class=\"wp-block-heading\">Olla a presi\u00f3n de 1 litro Caracter\u00edsticas:<\/h2>\n\n\n\n<p><strong>Dise\u00f1o de alta presi\u00f3n 80KPA:<\/strong> La presi\u00f3n de trabajo estable de hasta 80 kPa acorta eficazmente el tiempo de cocci\u00f3n, ablanda r\u00e1pidamente los ingredientes y retiene los nutrientes y sabores.<\/p>\n\n\n\n<p><strong>Estructura del interruptor de pellizco<\/strong>: un dise\u00f1o \u00fanico de interruptor de pellizco, la operaci\u00f3n es m\u00e1s ahorro de trabajo, abrir y cerrar la tapa con un agarre que controla, mejora el sellado y la sensaci\u00f3n de seguridad.<\/p>\n\n\n\n<p><strong>Material preferido: acero inoxidable:<\/strong> Todo el cuerpo de la olla es de acero inoxidable 304 apto para uso alimentario, sano y duradero, con conducci\u00f3n uniforme del calor y f\u00e1cil de limpiar.<\/p>\n\n\n\n<p><strong>Capacidad de 0,8L a 2L<\/strong>: Cubre una amplia gama de necesidades, desde alimentos para beb\u00e9s, peque\u00f1as comidas de preparaci\u00f3n r\u00e1pida, hasta comidas ligeras y saludables para una persona.<\/p>\n\n\n\n<p><strong>Aplicable a m\u00faltiples escenarios<\/strong>Ideal para dormitorios de estudiantes, almuerzos de oficina, comida para beb\u00e9s, acampadas y picnics y otros escenarios de cocina r\u00e1pida de peque\u00f1a capacidad.<\/p>\n\n\n\n<p><strong>Cocci\u00f3n r\u00e1pida<\/strong>Apto para gas, inducci\u00f3n y otras fuentes de calor, presurizaci\u00f3n r\u00e1pida, adecuado para el uso diario de ingredientes de guisado r\u00e1pido.<\/p>\n<\/div>\n\n\n\n<div class=\"wp-block-column is-vertically-aligned-top is-layout-flow wp-block-column-is-layout-flow\">\n<figure class=\"wp-block-image size-full\"><img fetchpriority=\"high\" decoding=\"async\" width=\"4708\" height=\"4735\" src=\"https:\/\/www.linktonkitchen.com\/wp-content\/uploads\/2025\/08\/Wholesale-1-Litre-Pressure-Cooker-1-1.webp\" alt=\"Mayorista Olla a presi\u00f3n de 1 litro (1)\" class=\"wp-image-6282\" srcset=\"https:\/\/www.linktonkitchen.com\/wp-content\/uploads\/2025\/08\/Wholesale-1-Litre-Pressure-Cooker-1-1.webp 4708w, https:\/\/www.linktonkitchen.com\/wp-content\/uploads\/2025\/08\/Wholesale-1-Litre-Pressure-Cooker-1-1-298x300.webp 298w, https:\/\/www.linktonkitchen.com\/wp-content\/uploads\/2025\/08\/Wholesale-1-Litre-Pressure-Cooker-1-1-150x150.webp 150w, https:\/\/www.linktonkitchen.com\/wp-content\/uploads\/2025\/08\/Wholesale-1-Litre-Pressure-Cooker-1-1-768x772.webp 768w, https:\/\/www.linktonkitchen.com\/wp-content\/uploads\/2025\/08\/Wholesale-1-Litre-Pressure-Cooker-1-1-12x12.webp 12w, https:\/\/www.linktonkitchen.com\/wp-content\/uploads\/2025\/08\/Wholesale-1-Litre-Pressure-Cooker-1-1-285x287.webp 285w, https:\/\/www.linktonkitchen.com\/wp-content\/uploads\/2025\/08\/Wholesale-1-Litre-Pressure-Cooker-1-1-1600x1609.webp 1600w, https:\/\/www.linktonkitchen.com\/wp-content\/uploads\/2025\/08\/Wholesale-1-Litre-Pressure-Cooker-1-1-656x660.webp 656w\" sizes=\"(max-width: 4708px) 100vw, 4708px\" \/><\/figure>\n<\/div>\n<\/div>\n\n\n\n<div class=\"wp-block-columns is-layout-flex wp-container-core-columns-is-layout-9d6595d7 wp-block-columns-is-layout-flex\">\n<div class=\"wp-block-column is-layout-flow wp-block-column-is-layout-flow\">\n<figure class=\"wp-block-image size-full\"><img decoding=\"async\" width=\"800\" height=\"800\" src=\"https:\/\/www.linktonkitchen.com\/wp-content\/uploads\/2024\/07\/Wholesale-mini-triply-stainless-steel-pressure-cookers-6.webp\" alt=\"Mayorista mini ollas a presi\u00f3n triples de acero inoxidable\" class=\"wp-image-7442\" srcset=\"https:\/\/www.linktonkitchen.com\/wp-content\/uploads\/2024\/07\/Wholesale-mini-triply-stainless-steel-pressure-cookers-6.webp 800w, https:\/\/www.linktonkitchen.com\/wp-content\/uploads\/2024\/07\/Wholesale-mini-triply-stainless-steel-pressure-cookers-6-300x300.webp 300w, https:\/\/www.linktonkitchen.com\/wp-content\/uploads\/2024\/07\/Wholesale-mini-triply-stainless-steel-pressure-cookers-6-150x150.webp 150w, https:\/\/www.linktonkitchen.com\/wp-content\/uploads\/2024\/07\/Wholesale-mini-triply-stainless-steel-pressure-cookers-6-768x768.webp 768w, https:\/\/www.linktonkitchen.com\/wp-content\/uploads\/2024\/07\/Wholesale-mini-triply-stainless-steel-pressure-cookers-6-12x12.webp 12w, https:\/\/www.linktonkitchen.com\/wp-content\/uploads\/2024\/07\/Wholesale-mini-triply-stainless-steel-pressure-cookers-6-285x285.webp 285w, https:\/\/www.linktonkitchen.com\/wp-content\/uploads\/2024\/07\/Wholesale-mini-triply-stainless-steel-pressure-cookers-6-270x270.webp 270w, https:\/\/www.linktonkitchen.com\/wp-content\/uploads\/2024\/07\/Wholesale-mini-triply-stainless-steel-pressure-cookers-6-540x540.webp 540w, https:\/\/www.linktonkitchen.com\/wp-content\/uploads\/2024\/07\/Wholesale-mini-triply-stainless-steel-pressure-cookers-6-660x660.webp 660w\" sizes=\"(max-width: 800px) 100vw, 800px\" \/><\/figure>\n<\/div>\n\n\n\n<div class=\"wp-block-column is-vertically-aligned-center is-layout-flow wp-block-column-is-layout-flow\">\n<h2 class=\"wp-block-heading\">Custom1 Litre Pressure Cooker:<\/h2>\n\n\n\n<p>Linkton ofrece servicios flexibles de personalizaci\u00f3n OEM y ODM para satisfacer los diferentes requisitos del mercado y el posicionamiento de la marca.<\/p>\n\n\n\n<p><strong>Rango de capacidad:&nbsp;<\/strong>Elija entre 0,8-2L para satisfacer las necesidades de diferentes tama\u00f1os de familias.<\/p>\n\n\n\n<p><strong>Acabado superficial:&nbsp;<\/strong>Disponible en pulido espejo (alto brillo), acabado satinado (aspecto cepillado) o revestimiento de color personalizado.<\/p>\n\n\n\n<p><strong>Marca y logotipo:<\/strong><\/p>\n\n\n\n<ul class=\"wp-block-list\">\n<li>Grabado por l\u00e1ser en el cuerpo de la maceta.<\/li>\n\n\n\n<li>Estampado en la parte inferior.<\/li>\n\n\n\n<li>Logotipo personalizado en asas y v\u00e1lvulas de presi\u00f3n.<\/li>\n<\/ul>\n\n\n\n<p><strong>Dise\u00f1o de envases:&nbsp;<\/strong>Cajas de color, manuales de instrucciones y cajas de env\u00edo totalmente personalizados con la identidad visual de su marca.<\/p>\n<\/div>\n<\/div>","protected":false},"excerpt":{"rendered":"<p>Wholesale 1 litre pressure cooker with pinch-grip locking lid, compact and convenient, 80KPA high-pressure quick cooking, the first choice for small capacity quick cooking! Welcome to contact us for a quotation!<\/p>\n<h2>1 Litro Olla a presi\u00f3n Especificaciones:<\/h2>\n<table width=\"402\">\n<tbody>\n<tr>\n<td width=\"145\">Fabricante<\/td>\n<td width=\"257\">Linkton<\/td>\n<\/tr>\n<tr>\n<td width=\"145\">N\u00ba de modelo<\/td>\n<td width=\"257\">LT-XFKH<\/td>\n<\/tr>\n<tr>\n<td width=\"145\">Capacidad<\/td>\n<td width=\"257\">0,8L\/ 1,2L\/ 1,6L\/ 2L<\/td>\n<\/tr>\n<tr>\n<td>Material<\/td>\n<td>Triple acero inoxidable<\/td>\n<\/tr>\n<tr>\n<td>Funci\u00f3n<\/td>\n<td width=\"257\">1. Dise\u00f1o de bot\u00f3n de bloqueo de seguridad<br \/>2. Cocci\u00f3n r\u00e1pida<br \/>3. Seguridad a prueba de explosiones<br \/>4. Limpieza c\u00f3moda<\/td>\n<\/tr>\n<tr>\n<td>Estufa aplicable<\/td>\n<td>Cocina de inducci\u00f3n\/de llama abierta\/de gas<\/td>\n<\/tr>\n<tr>\n<td>OEM\/ODM<\/td>\n<td>Aceptable<\/td>\n<\/tr>\n<tr>\n<td>Muestra<\/td>\n<td>MOQ 1 pieza<\/td>\n<\/tr>\n<\/tbody>\n<\/table>","protected":false},"featured_media":6614,"template":"","meta":{"_acf_changed":false},"product-application":[],"product-capacity":[],"product_brand":[],"product_cat":[55],"product_tag":[76,79],"class_list":{"0":"post-6256","1":"product","2":"type-product","3":"status-publish","4":"has-post-thumbnail","6":"product_cat-pressure-cooker-wholesale","7":"product_tag-wholesale-home-pressure-cooker","8":"product_tag-wholesale-mini-pressure-cooker","10":"first","11":"instock","12":"shipping-taxable","13":"product-type-simple"},"acf":[],"_links":{"self":[{"href":"https:\/\/www.linktonkitchen.com\/es\/wp-json\/wp\/v2\/product\/6256","targetHints":{"allow":["GET"]}}],"collection":[{"href":"https:\/\/www.linktonkitchen.com\/es\/wp-json\/wp\/v2\/product"}],"about":[{"href":"https:\/\/www.linktonkitchen.com\/es\/wp-json\/wp\/v2\/types\/product"}],"version-history":[{"count":8,"href":"https:\/\/www.linktonkitchen.com\/es\/wp-json\/wp\/v2\/product\/6256\/revisions"}],"predecessor-version":[{"id":7452,"href":"https:\/\/www.linktonkitchen.com\/es\/wp-json\/wp\/v2\/product\/6256\/revisions\/7452"}],"wp:featuredmedia":[{"embeddable":true,"href":"https:\/\/www.linktonkitchen.com\/es\/wp-json\/wp\/v2\/media\/6614"}],"wp:attachment":[{"href":"https:\/\/www.linktonkitchen.com\/es\/wp-json\/wp\/v2\/media?parent=6256"}],"wp:term":[{"taxonomy":"product-application","embeddable":true,"href":"https:\/\/www.linktonkitchen.com\/es\/wp-json\/wp\/v2\/product-application?post=6256"},{"taxonomy":"product-capacity","embeddable":true,"href":"https:\/\/www.linktonkitchen.com\/es\/wp-json\/wp\/v2\/product-capacity?post=6256"},{"taxonomy":"product_brand","embeddable":true,"href":"https:\/\/www.linktonkitchen.com\/es\/wp-json\/wp\/v2\/product_brand?post=6256"},{"taxonomy":"product_cat","embeddable":true,"href":"https:\/\/www.linktonkitchen.com\/es\/wp-json\/wp\/v2\/product_cat?post=6256"},{"taxonomy":"product_tag","embeddable":true,"href":"https:\/\/www.linktonkitchen.com\/es\/wp-json\/wp\/v2\/product_tag?post=6256"}],"curies":[{"name":"wp","href":"https:\/\/api.w.org\/{rel}","templated":true}]}}