{"id":6257,"date":"2025-08-06T07:45:42","date_gmt":"2025-08-06T07:45:42","guid":{"rendered":"https:\/\/www.linktonkitchen.com\/?post_type=product&#038;p=6257"},"modified":"2026-02-05T09:11:31","modified_gmt":"2026-02-05T09:11:31","slug":"wholesale-2-quart-pressure-cooker","status":"publish","type":"product","link":"https:\/\/www.linktonkitchen.com\/es\/product\/wholesale-2-quart-pressure-cooker\/","title":{"rendered":"Mayorista Olla a Presi\u00f3n de 2 Cuartos,Olla a Presi\u00f3n para Alimentos Proveedor de Acero Inoxidable"},"content":{"rendered":"<div class=\"wp-block-columns is-layout-flex wp-container-core-columns-is-layout-9d6595d7 wp-block-columns-is-layout-flex\">\n<div class=\"wp-block-column is-vertically-aligned-top is-layout-flow wp-block-column-is-layout-flow\">\n<h2 class=\"wp-block-heading\">Par\u00e1metro de la olla a presi\u00f3n de 2 cuartos:<\/h2>\n\n\n\n<figure class=\"wp-block-table\"><table><tbody><tr><td>N\u00ba de modelo<\/td><td>Capacidad<\/td><td>Di\u00e1metro<\/td><\/tr><tr><td rowspan=\"4\">LT-XFKH<\/td><td>0.8 L<\/td><td>13cm\/15cm<\/td><\/tr><tr><td>1.2 L<\/td><td>13cm\/15cm<\/td><\/tr><tr><td>1.6 L<\/td><td>13cm\/15cm<\/td><\/tr><tr><td>2.0 L<\/td><td>13cm\/15cm<\/td><\/tr><\/tbody><\/table><\/figure>\n\n\n\n<h2 class=\"wp-block-heading\">Olla a presi\u00f3n de 2 cuartos Caracter\u00edsticas:<\/h2>\n\n\n\n<p><strong>Apertura con una sola llave: <\/strong>Equipado con un c\u00f3modo sistema de botones, una pulsaci\u00f3n para abrir, el manejo con una sola mano es m\u00e1s f\u00e1cil, seguro y ahorra trabajo, para mejorar la experiencia del usuario.<\/p>\n\n\n\n<p><strong>Acero inoxidable de calidad alimentaria<\/strong>Fabricado en acero inoxidable 304, con alta resistencia a la temperatura y a la corrosi\u00f3n, para garantizar una cocci\u00f3n sana, duradera y f\u00e1cil de limpiar.<\/p>\n\n\n\n<p><strong>Sistema preciso de control de la presi\u00f3n<\/strong>V\u00e1lvulas de protecci\u00f3n de seguridad m\u00faltiples incorporadas, ajuste autom\u00e1tico de la presi\u00f3n, antiexplosi\u00f3n y antiobstrucci\u00f3n eficaces, para garantizar la estabilidad y la seguridad del proceso de uso.<\/p>\n\n\n\n<p><strong>Selecci\u00f3n flexible de capacidad<\/strong>n: Capacidad de 0,8L, 1,2L, 1,5L, 2L opcional, adecuado para comida de una persona, suplemento para beb\u00e9s y uso diario de peque\u00f1as familias.<\/p>\n\n\n\n<p><strong>M\u00faltiples escenarios de aplicaci\u00f3n<\/strong>Puede utilizarse para cocinar r\u00e1pidamente gachas, guisar carne, hacer sopa, cocer verduras a fuego lento, etc. Es adecuado para trabajadores urbanos de cuello blanco, estudiantes y otras necesidades de cocina eficientes y convenientes.<\/p>\n\n\n\n<p><strong>Dise\u00f1o pr\u00e1ctico:<\/strong> Dise\u00f1o compacto que no ocupa espacio, perfecto para cocinas peque\u00f1as, dormitorios, campings y lugares al aire libre.<\/p>\n<\/div>\n\n\n\n<div class=\"wp-block-column is-vertically-aligned-top is-layout-flow wp-block-column-is-layout-flow\">\n<figure class=\"wp-block-image size-full\"><img fetchpriority=\"high\" decoding=\"async\" width=\"800\" height=\"800\" src=\"https:\/\/www.linktonkitchen.com\/wp-content\/uploads\/2025\/08\/mini-pressure-cooker-1-litre-wholesale-2.webp\" alt=\"mini olla a presi\u00f3n al por mayor\" class=\"wp-image-7455\" srcset=\"https:\/\/www.linktonkitchen.com\/wp-content\/uploads\/2025\/08\/mini-pressure-cooker-1-litre-wholesale-2.webp 800w, https:\/\/www.linktonkitchen.com\/wp-content\/uploads\/2025\/08\/mini-pressure-cooker-1-litre-wholesale-2-300x300.webp 300w, https:\/\/www.linktonkitchen.com\/wp-content\/uploads\/2025\/08\/mini-pressure-cooker-1-litre-wholesale-2-150x150.webp 150w, https:\/\/www.linktonkitchen.com\/wp-content\/uploads\/2025\/08\/mini-pressure-cooker-1-litre-wholesale-2-768x768.webp 768w, https:\/\/www.linktonkitchen.com\/wp-content\/uploads\/2025\/08\/mini-pressure-cooker-1-litre-wholesale-2-12x12.webp 12w, https:\/\/www.linktonkitchen.com\/wp-content\/uploads\/2025\/08\/mini-pressure-cooker-1-litre-wholesale-2-285x285.webp 285w, https:\/\/www.linktonkitchen.com\/wp-content\/uploads\/2025\/08\/mini-pressure-cooker-1-litre-wholesale-2-270x270.webp 270w, https:\/\/www.linktonkitchen.com\/wp-content\/uploads\/2025\/08\/mini-pressure-cooker-1-litre-wholesale-2-540x540.webp 540w, https:\/\/www.linktonkitchen.com\/wp-content\/uploads\/2025\/08\/mini-pressure-cooker-1-litre-wholesale-2-660x660.webp 660w\" sizes=\"(max-width: 800px) 100vw, 800px\" \/><\/figure>\n<\/div>\n<\/div>\n\n\n\n<div class=\"wp-block-columns is-layout-flex wp-container-core-columns-is-layout-9d6595d7 wp-block-columns-is-layout-flex\">\n<div class=\"wp-block-column is-layout-flow wp-block-column-is-layout-flow\">\n<figure class=\"wp-block-image size-full\"><img decoding=\"async\" width=\"800\" height=\"800\" src=\"https:\/\/www.linktonkitchen.com\/wp-content\/uploads\/2025\/08\/mini-pressure-cooker-1-litre-wholesale-4_.webp\" alt=\"mini olla a presi\u00f3n al por mayor\" class=\"wp-image-7457\" srcset=\"https:\/\/www.linktonkitchen.com\/wp-content\/uploads\/2025\/08\/mini-pressure-cooker-1-litre-wholesale-4_.webp 800w, https:\/\/www.linktonkitchen.com\/wp-content\/uploads\/2025\/08\/mini-pressure-cooker-1-litre-wholesale-4_-300x300.webp 300w, https:\/\/www.linktonkitchen.com\/wp-content\/uploads\/2025\/08\/mini-pressure-cooker-1-litre-wholesale-4_-150x150.webp 150w, https:\/\/www.linktonkitchen.com\/wp-content\/uploads\/2025\/08\/mini-pressure-cooker-1-litre-wholesale-4_-768x768.webp 768w, https:\/\/www.linktonkitchen.com\/wp-content\/uploads\/2025\/08\/mini-pressure-cooker-1-litre-wholesale-4_-12x12.webp 12w, https:\/\/www.linktonkitchen.com\/wp-content\/uploads\/2025\/08\/mini-pressure-cooker-1-litre-wholesale-4_-285x285.webp 285w, https:\/\/www.linktonkitchen.com\/wp-content\/uploads\/2025\/08\/mini-pressure-cooker-1-litre-wholesale-4_-270x270.webp 270w, https:\/\/www.linktonkitchen.com\/wp-content\/uploads\/2025\/08\/mini-pressure-cooker-1-litre-wholesale-4_-540x540.webp 540w, https:\/\/www.linktonkitchen.com\/wp-content\/uploads\/2025\/08\/mini-pressure-cooker-1-litre-wholesale-4_-660x660.webp 660w\" sizes=\"(max-width: 800px) 100vw, 800px\" \/><\/figure>\n<\/div>\n\n\n\n<div class=\"wp-block-column is-layout-flow wp-block-column-is-layout-flow\">\n<h3 class=\"wp-block-heading\">Olla a presi\u00f3n de 2 cuartos a medida:<\/h3>\n\n\n\n<p>Linkton ofrece servicios flexibles de personalizaci\u00f3n OEM y ODM para satisfacer los diferentes requisitos del mercado y el posicionamiento de la marca.<\/p>\n\n\n\n<p><strong>Rango de capacidad:&nbsp;<\/strong>Elija entre 0,8-2L para satisfacer las necesidades de diferentes tama\u00f1os de familias.<\/p>\n\n\n\n<p><strong>Acabado superficial:&nbsp;<\/strong>Disponible en pulido espejo (alto brillo), acabado satinado (aspecto cepillado) o revestimiento de color personalizado.<\/p>\n\n\n\n<p><strong>Marca y logotipo:<\/strong><\/p>\n\n\n\n<ul class=\"wp-block-list\">\n<li>Grabado por l\u00e1ser en el cuerpo de la maceta.<\/li>\n\n\n\n<li>Estampado en la parte inferior.<\/li>\n\n\n\n<li>Logotipo personalizado en asas y v\u00e1lvulas de presi\u00f3n.<\/li>\n<\/ul>\n\n\n\n<p><strong>Dise\u00f1o de envases:&nbsp;<\/strong>Cajas de color, manuales de instrucciones y cajas de env\u00edo totalmente personalizados con la identidad visual de su marca.<\/p>\n<\/div>\n<\/div>\n\n\n\n<div class=\"wp-block-columns is-layout-flex wp-container-core-columns-is-layout-9d6595d7 wp-block-columns-is-layout-flex\">\n<div class=\"wp-block-column is-vertically-aligned-center is-layout-flow wp-block-column-is-layout-flow\"><\/div>\n<\/div>\n\n\n\n<div class=\"wp-block-columns is-layout-flex wp-container-core-columns-is-layout-9d6595d7 wp-block-columns-is-layout-flex\">\n<div class=\"wp-block-column is-layout-flow wp-block-column-is-layout-flow\"><\/div>\n\n\n\n<div class=\"wp-block-column is-layout-flow wp-block-column-is-layout-flow\"><\/div>\n<\/div>","protected":false},"excerpt":{"rendered":"<p>Mayorista Olla a presi\u00f3n de 2 cuartos, un modelo de mini olla a presi\u00f3n con bot\u00f3n que es compacta y no ocupa espacio. Presione para abrir la tapa, por lo que es adecuado para familias peque\u00f1as, estudiantes, trabajadores urbanos y otros usos de m\u00faltiples escenarios. M\u00faltiples tama\u00f1os disponibles, \u00a1soporte OEM! \u00a1Bienvenido a preguntar!<\/p>\n<h2>Especificaciones de la olla a presi\u00f3n de 2 cuartos:<\/h2>\n<table width=\"402\">\n<tbody>\n<tr>\n<td width=\"145\">Fabricante<\/td>\n<td width=\"257\">Linkton<\/td>\n<\/tr>\n<tr>\n<td width=\"145\">N\u00ba de modelo<\/td>\n<td width=\"257\">LT-XFKH<\/td>\n<\/tr>\n<tr>\n<td width=\"145\">Capacidad<\/td>\n<td width=\"257\">0,8L\/ 1,2L\/ 1,6L\/ 2L<\/td>\n<\/tr>\n<tr>\n<td>Material<\/td>\n<td>Triple acero inoxidable<\/td>\n<\/tr>\n<tr>\n<td>Funci\u00f3n<\/td>\n<td width=\"257\">1. Dise\u00f1o de bot\u00f3n de bloqueo de seguridad<br \/>2. Cocci\u00f3n r\u00e1pida<br \/>3. Seguridad a prueba de explosiones<br \/>4. Limpieza c\u00f3moda<\/td>\n<\/tr>\n<tr>\n<td>Estufa aplicable<\/td>\n<td>Cocina de inducci\u00f3n\/de llama abierta\/de gas<\/td>\n<\/tr>\n<tr>\n<td>OEM\/ODM<\/td>\n<td>Aceptable<\/td>\n<\/tr>\n<tr>\n<td>Muestra<\/td>\n<td>MOQ 1 pieza<\/td>\n<\/tr>\n<\/tbody>\n<\/table>","protected":false},"featured_media":7456,"template":"","meta":{"_acf_changed":false},"product-application":[],"product-capacity":[],"product_brand":[],"product_cat":[55],"product_tag":[76,79],"class_list":{"0":"post-6257","1":"product","2":"type-product","3":"status-publish","4":"has-post-thumbnail","6":"product_cat-pressure-cooker-wholesale","7":"product_tag-wholesale-home-pressure-cooker","8":"product_tag-wholesale-mini-pressure-cooker","10":"first","11":"instock","12":"shipping-taxable","13":"product-type-simple"},"acf":[],"_links":{"self":[{"href":"https:\/\/www.linktonkitchen.com\/es\/wp-json\/wp\/v2\/product\/6257","targetHints":{"allow":["GET"]}}],"collection":[{"href":"https:\/\/www.linktonkitchen.com\/es\/wp-json\/wp\/v2\/product"}],"about":[{"href":"https:\/\/www.linktonkitchen.com\/es\/wp-json\/wp\/v2\/types\/product"}],"version-history":[{"count":6,"href":"https:\/\/www.linktonkitchen.com\/es\/wp-json\/wp\/v2\/product\/6257\/revisions"}],"predecessor-version":[{"id":7459,"href":"https:\/\/www.linktonkitchen.com\/es\/wp-json\/wp\/v2\/product\/6257\/revisions\/7459"}],"wp:featuredmedia":[{"embeddable":true,"href":"https:\/\/www.linktonkitchen.com\/es\/wp-json\/wp\/v2\/media\/7456"}],"wp:attachment":[{"href":"https:\/\/www.linktonkitchen.com\/es\/wp-json\/wp\/v2\/media?parent=6257"}],"wp:term":[{"taxonomy":"product-application","embeddable":true,"href":"https:\/\/www.linktonkitchen.com\/es\/wp-json\/wp\/v2\/product-application?post=6257"},{"taxonomy":"product-capacity","embeddable":true,"href":"https:\/\/www.linktonkitchen.com\/es\/wp-json\/wp\/v2\/product-capacity?post=6257"},{"taxonomy":"product_brand","embeddable":true,"href":"https:\/\/www.linktonkitchen.com\/es\/wp-json\/wp\/v2\/product_brand?post=6257"},{"taxonomy":"product_cat","embeddable":true,"href":"https:\/\/www.linktonkitchen.com\/es\/wp-json\/wp\/v2\/product_cat?post=6257"},{"taxonomy":"product_tag","embeddable":true,"href":"https:\/\/www.linktonkitchen.com\/es\/wp-json\/wp\/v2\/product_tag?post=6257"}],"curies":[{"name":"wp","href":"https:\/\/api.w.org\/{rel}","templated":true}]}}