{"id":6258,"date":"2025-08-06T07:45:42","date_gmt":"2025-08-06T07:45:42","guid":{"rendered":"https:\/\/www.linktonkitchen.com\/?post_type=product&#038;p=6258"},"modified":"2026-02-05T08:54:23","modified_gmt":"2026-02-05T08:54:23","slug":"wholesale-camping-pressure-cooker","status":"publish","type":"product","link":"https:\/\/www.linktonkitchen.com\/es\/producto\/wholesale-camping-pressure-cooker\/","title":{"rendered":"Mayorista Olla a Presi\u00f3n para Camping, Fabricante de Mini Ollas a Presi\u00f3n en China"},"content":{"rendered":"<div class=\"wp-block-columns is-layout-flex wp-container-core-columns-is-layout-9d6595d7 wp-block-columns-is-layout-flex\">\n<div class=\"wp-block-column is-layout-flow wp-block-column-is-layout-flow\">\n<h2 class=\"wp-block-heading\">Par\u00e1metros de la olla a presi\u00f3n para camping:<\/h2>\n\n\n\n<figure class=\"wp-block-table\"><table><tbody><tr><td><strong>N\u00ba de modelo<\/strong><\/td><td><strong>Capacidad<\/strong><\/td><td><strong>Di\u00e1metro<\/strong><\/td><\/tr><tr><td rowspan=\"4\">LT-XFKH<\/td><td>0.8 L<\/td><td>13cm\/15cm<\/td><\/tr><tr><td>1.2 L<\/td><td>13cm\/15cm<\/td><\/tr><tr><td>1.6 L<\/td><td>13cm\/15cm<\/td><\/tr><tr><td>2.0 L<\/td><td>13cm\/15cm<\/td><\/tr><\/tbody><\/table><\/figure>\n\n\n\n<h2 class=\"wp-block-heading\">Olla a presi\u00f3n para camping Caracter\u00edsticas:<\/h2>\n\n\n\n<p><strong>Material de alta calidad<\/strong>: Fabricado en acero inoxidable 304 de calidad alimentaria, seguro y duradero, f\u00e1cil de limpiar, larga vida \u00fatil.<\/p>\n\n\n\n<p><strong>Estructura de la tapa con cierre de rosca:<\/strong> f\u00e1cil de manejar, girar para bloquear, mejorar el sellado y mejorar la seguridad.<\/p>\n\n\n\n<p><strong>Dise\u00f1o compacto y port\u00e1til<\/strong>: Gracias a su estructura enroscable, la olla es compacta y f\u00e1cil de guardar sin ocupar mucho espacio, lo que resulta id\u00f3neo para las peque\u00f1as cocinas urbanas modernas.<\/p>\n\n\n\n<p><strong>Cocina eficiente<\/strong>: Olla de peque\u00f1a capacidad combinada con tecnolog\u00eda de alta presi\u00f3n, calentamiento m\u00e1s r\u00e1pido, ahorro de energ\u00eda y ahorro de tiempo, f\u00e1cil de completar la comida de una persona o la cocci\u00f3n de suplementos para beb\u00e9s.<\/p>\n\n\n\n<p><strong>Opciones de capacidad m\u00faltiple:<\/strong> proporcionar 0,8L, 1,2L, 1,5L, 2L de capacidad, adaptarse a las necesidades de diferentes personas, desde el dormitorio del estudiante, apartamento individual a la exquisita comida de una persona puede ser utilizado.<\/p>\n\n\n\n<p><strong>Aplicable a diversos escenarios<\/strong>perfecto para gachas, estofados, huevos al vapor, carne guisada y otros platos r\u00e1pidos, especialmente adecuado para suplementos para beb\u00e9s, peque\u00f1as porciones de comidas nutritivas y escenarios de cocina de camping.<\/p>\n<\/div>\n\n\n\n<div class=\"wp-block-column is-layout-flow wp-block-column-is-layout-flow\">\n<figure class=\"wp-block-image size-full\"><img fetchpriority=\"high\" decoding=\"async\" width=\"4180\" height=\"3864\" src=\"https:\/\/www.linktonkitchen.com\/wp-content\/uploads\/2025\/08\/camping-pressure-cooker-wholesale-6.webp\" alt=\"olla a presion para camping al por mayor (6)\" class=\"wp-image-6265\" srcset=\"https:\/\/www.linktonkitchen.com\/wp-content\/uploads\/2025\/08\/camping-pressure-cooker-wholesale-6.webp 4180w, https:\/\/www.linktonkitchen.com\/wp-content\/uploads\/2025\/08\/camping-pressure-cooker-wholesale-6-300x277.webp 300w, https:\/\/www.linktonkitchen.com\/wp-content\/uploads\/2025\/08\/camping-pressure-cooker-wholesale-6-768x710.webp 768w, https:\/\/www.linktonkitchen.com\/wp-content\/uploads\/2025\/08\/camping-pressure-cooker-wholesale-6-13x12.webp 13w, https:\/\/www.linktonkitchen.com\/wp-content\/uploads\/2025\/08\/camping-pressure-cooker-wholesale-6-285x263.webp 285w, https:\/\/www.linktonkitchen.com\/wp-content\/uploads\/2025\/08\/camping-pressure-cooker-wholesale-6-1600x1479.webp 1600w, https:\/\/www.linktonkitchen.com\/wp-content\/uploads\/2025\/08\/camping-pressure-cooker-wholesale-6-660x610.webp 660w, https:\/\/www.linktonkitchen.com\/wp-content\/uploads\/2025\/08\/camping-pressure-cooker-wholesale-6-150x139.webp 150w\" sizes=\"(max-width: 4180px) 100vw, 4180px\" \/><\/figure>\n<\/div>\n<\/div>\n\n\n\n<div class=\"wp-block-columns is-layout-flex wp-container-core-columns-is-layout-9d6595d7 wp-block-columns-is-layout-flex\">\n<div class=\"wp-block-column is-layout-flow wp-block-column-is-layout-flow\">\n<figure class=\"wp-block-image size-full\"><img decoding=\"async\" width=\"3379\" height=\"3379\" src=\"https:\/\/www.linktonkitchen.com\/wp-content\/uploads\/2025\/08\/camping-pressure-cooker-wholesale-5.webp\" alt=\"olla a presion para camping al por mayor (5)\" class=\"wp-image-6264\" srcset=\"https:\/\/www.linktonkitchen.com\/wp-content\/uploads\/2025\/08\/camping-pressure-cooker-wholesale-5.webp 3379w, https:\/\/www.linktonkitchen.com\/wp-content\/uploads\/2025\/08\/camping-pressure-cooker-wholesale-5-300x300.webp 300w, https:\/\/www.linktonkitchen.com\/wp-content\/uploads\/2025\/08\/camping-pressure-cooker-wholesale-5-150x150.webp 150w, https:\/\/www.linktonkitchen.com\/wp-content\/uploads\/2025\/08\/camping-pressure-cooker-wholesale-5-768x768.webp 768w, https:\/\/www.linktonkitchen.com\/wp-content\/uploads\/2025\/08\/camping-pressure-cooker-wholesale-5-12x12.webp 12w, https:\/\/www.linktonkitchen.com\/wp-content\/uploads\/2025\/08\/camping-pressure-cooker-wholesale-5-285x285.webp 285w, https:\/\/www.linktonkitchen.com\/wp-content\/uploads\/2025\/08\/camping-pressure-cooker-wholesale-5-1600x1600.webp 1600w, https:\/\/www.linktonkitchen.com\/wp-content\/uploads\/2025\/08\/camping-pressure-cooker-wholesale-5-270x270.webp 270w, https:\/\/www.linktonkitchen.com\/wp-content\/uploads\/2025\/08\/camping-pressure-cooker-wholesale-5-540x540.webp 540w, https:\/\/www.linktonkitchen.com\/wp-content\/uploads\/2025\/08\/camping-pressure-cooker-wholesale-5-660x660.webp 660w\" sizes=\"(max-width: 3379px) 100vw, 3379px\" \/><\/figure>\n<\/div>\n\n\n\n<div class=\"wp-block-column is-vertically-aligned-center is-layout-flow wp-block-column-is-layout-flow\">\n<h2 class=\"wp-block-heading\">Olla a presi\u00f3n para camping personalizada:<\/h2>\n\n\n\n<p>Linkton ofrece servicios flexibles de personalizaci\u00f3n OEM y ODM para satisfacer los diferentes requisitos del mercado y el posicionamiento de la marca.<\/p>\n\n\n\n<p><strong>Rango de capacidad:&nbsp;<\/strong>Elija entre 0,8-2L para satisfacer las necesidades de diferentes tama\u00f1os de familias.<\/p>\n\n\n\n<p><strong>Acabado superficial:&nbsp;<\/strong>Disponible en pulido espejo (alto brillo), acabado satinado (aspecto cepillado) o revestimiento de color personalizado.<\/p>\n\n\n\n<p><strong>Marca y logotipo:<\/strong><\/p>\n\n\n\n<ul class=\"wp-block-list\">\n<li>Grabado por l\u00e1ser en el cuerpo de la maceta.<\/li>\n\n\n\n<li>Estampado en la parte inferior.<\/li>\n\n\n\n<li>Logotipo personalizado en asas y v\u00e1lvulas de presi\u00f3n.<\/li>\n<\/ul>\n\n\n\n<p><strong>Dise\u00f1o de envases:&nbsp;<\/strong>Cajas de color, manuales de instrucciones y cajas de env\u00edo totalmente personalizados con la identidad visual de su marca.<\/p>\n<\/div>\n<\/div>","protected":false},"excerpt":{"rendered":"<p>\u00a1Mayorista olla a presi\u00f3n de camping, olla a presi\u00f3n de peque\u00f1a capacidad, dise\u00f1o de tapa de cierre giratorio ahorra m\u00e1s energ\u00eda, adecuado para la comida de una persona, suplemento de beb\u00e9, picnic cocinar conveniente, 0.8L-2L m\u00faltiples especificaciones se pueden seleccionar, bienvenido a la personalizaci\u00f3n al por mayor!<\/p>\n<h2>Especificaciones de la olla a presi\u00f3n para camping:<\/h2>\n<table width=\"402\">\n<tbody>\n<tr>\n<td width=\"145\">Fabricante<\/td>\n<td width=\"257\">Linkton<\/td>\n<\/tr>\n<tr>\n<td width=\"145\">N\u00ba de modelo<\/td>\n<td width=\"257\">LT-XFKH<\/td>\n<\/tr>\n<tr>\n<td width=\"145\">Capacidad<\/td>\n<td width=\"257\">0,8L\/ 1,2L\/ 1,6L\/ 2L<\/td>\n<\/tr>\n<tr>\n<td>Material<\/td>\n<td>Triple acero inoxidable<\/td>\n<\/tr>\n<tr>\n<td>Funci\u00f3n<\/td>\n<td width=\"257\">1. Dise\u00f1o de bot\u00f3n de bloqueo de seguridad<br \/>2. Cocci\u00f3n r\u00e1pida<br \/>3. Seguridad a prueba de explosiones<br \/>4. Limpieza c\u00f3moda<\/td>\n<\/tr>\n<tr>\n<td>Estufa aplicable<\/td>\n<td>Cocina de inducci\u00f3n\/de llama abierta\/de gas<\/td>\n<\/tr>\n<tr>\n<td>OEM\/ODM<\/td>\n<td>Aceptable<\/td>\n<\/tr>\n<tr>\n<td>Muestra<\/td>\n<td>MOQ 1 pieza<\/td>\n<\/tr>\n<\/tbody>\n<\/table>","protected":false},"featured_media":6262,"template":"","meta":{"_acf_changed":false},"product-application":[],"product-capacity":[],"product_brand":[],"product_cat":[55],"product_tag":[76,79],"class_list":{"0":"post-6258","1":"product","2":"type-product","3":"status-publish","4":"has-post-thumbnail","6":"product_cat-pressure-cooker-wholesale","7":"product_tag-wholesale-home-pressure-cooker","8":"product_tag-wholesale-mini-pressure-cooker","10":"first","11":"instock","12":"shipping-taxable","13":"product-type-simple"},"acf":[],"_links":{"self":[{"href":"https:\/\/www.linktonkitchen.com\/es\/wp-json\/wp\/v2\/product\/6258","targetHints":{"allow":["GET"]}}],"collection":[{"href":"https:\/\/www.linktonkitchen.com\/es\/wp-json\/wp\/v2\/product"}],"about":[{"href":"https:\/\/www.linktonkitchen.com\/es\/wp-json\/wp\/v2\/types\/product"}],"version-history":[{"count":6,"href":"https:\/\/www.linktonkitchen.com\/es\/wp-json\/wp\/v2\/product\/6258\/revisions"}],"predecessor-version":[{"id":7449,"href":"https:\/\/www.linktonkitchen.com\/es\/wp-json\/wp\/v2\/product\/6258\/revisions\/7449"}],"wp:featuredmedia":[{"embeddable":true,"href":"https:\/\/www.linktonkitchen.com\/es\/wp-json\/wp\/v2\/media\/6262"}],"wp:attachment":[{"href":"https:\/\/www.linktonkitchen.com\/es\/wp-json\/wp\/v2\/media?parent=6258"}],"wp:term":[{"taxonomy":"product-application","embeddable":true,"href":"https:\/\/www.linktonkitchen.com\/es\/wp-json\/wp\/v2\/product-application?post=6258"},{"taxonomy":"product-capacity","embeddable":true,"href":"https:\/\/www.linktonkitchen.com\/es\/wp-json\/wp\/v2\/product-capacity?post=6258"},{"taxonomy":"product_brand","embeddable":true,"href":"https:\/\/www.linktonkitchen.com\/es\/wp-json\/wp\/v2\/product_brand?post=6258"},{"taxonomy":"product_cat","embeddable":true,"href":"https:\/\/www.linktonkitchen.com\/es\/wp-json\/wp\/v2\/product_cat?post=6258"},{"taxonomy":"product_tag","embeddable":true,"href":"https:\/\/www.linktonkitchen.com\/es\/wp-json\/wp\/v2\/product_tag?post=6258"}],"curies":[{"name":"wp","href":"https:\/\/api.w.org\/{rel}","templated":true}]}}