{"id":6538,"date":"2025-08-15T01:42:39","date_gmt":"2025-08-15T01:42:39","guid":{"rendered":"https:\/\/www.linktonkitchen.com\/?post_type=product&#038;p=6538"},"modified":"2025-08-15T07:52:23","modified_gmt":"2025-08-15T07:52:23","slug":"custom-catering-chafing-dishes","status":"publish","type":"product","link":"https:\/\/www.linktonkitchen.com\/es\/product\/custom-catering-chafing-dishes\/","title":{"rendered":"Platos hondos para catering, juego de buffet el\u00e9ctrico de acero inoxidable al por mayor"},"content":{"rendered":"<div class=\"wp-block-columns is-layout-flex wp-container-core-columns-is-layout-9d6595d7 wp-block-columns-is-layout-flex\">\n<div class=\"wp-block-column is-vertically-aligned-center is-layout-flow wp-block-column-is-layout-flow\">\n<h3 class=\"wp-block-heading\">Caracter\u00edsticas:<\/h3>\n\n\n\n<p><strong>Acero inoxidable de calidad alimentaria<\/strong>: El acero inoxidable de alta calidad seleccionado es seguro, duradero, resistente a la corrosi\u00f3n y al \u00f3xido, por lo que es adecuado para el uso de comedor a largo plazo.<\/p>\n\n\n\n<p><strong>Tapa de cristal con bisagra hidr\u00e1ulica<\/strong>: El dise\u00f1o transparente permite ver f\u00e1cilmente los platos sin abrir la tapa. La tapa con control hidr\u00e1ulico baja la tapa para evitar ruidos y colisiones, garantizando la seguridad y un rendimiento de alta gama.<\/p>\n\n\n\n<p><strong>Doble compartimento interior<\/strong>: Acomoda m\u00faltiples platos simult\u00e1neamente, reduciendo la transferencia de olores y mejorando la experiencia gastron\u00f3mica. Adecuado para buffets, hoteles, banquetes y otros entornos.<\/p>\n\n\n\n<p><strong>Patas estables y elevadas<\/strong>: Garantizan una colocaci\u00f3n estable sobre la mesa, asegurando una superficie duradera y est\u00e9ticamente agradable.<\/p>\n\n\n\n<p><strong>F\u00e1cil de limpiar<\/strong>: El interior y la tapa extra\u00edbles permiten una limpieza r\u00e1pida y f\u00e1cil, ahorrando costes de mano de obra.<\/p>\n\n\n\n<p><strong>Adecuado para diversos escenarios<\/strong>restaurantes, buffets, banquetes de hotel, bodas, reuniones de empresa, etc.<\/p>\n\n\n\n<p><strong>Asistencia OEM\/ODM<\/strong>: Disponemos de logotipos, tama\u00f1os, estilos y materiales personalizables para satisfacer sus necesidades de marca.<\/p>\n<\/div>\n\n\n\n<div class=\"wp-block-column is-vertically-aligned-center is-layout-flow wp-block-column-is-layout-flow\"><div class=\"wp-block-image\">\n<figure class=\"aligncenter size-full\"><img fetchpriority=\"high\" decoding=\"async\" width=\"800\" height=\"800\" src=\"https:\/\/www.linktonkitchen.com\/wp-content\/uploads\/2025\/08\/custom-catering-chafing-dishes.webp\" alt=\"platos hondos de catering personalizados\" class=\"wp-image-6542\" style=\"object-fit:cover\" srcset=\"https:\/\/www.linktonkitchen.com\/wp-content\/uploads\/2025\/08\/custom-catering-chafing-dishes.webp 800w, https:\/\/www.linktonkitchen.com\/wp-content\/uploads\/2025\/08\/custom-catering-chafing-dishes-300x300.webp 300w, https:\/\/www.linktonkitchen.com\/wp-content\/uploads\/2025\/08\/custom-catering-chafing-dishes-150x150.webp 150w, https:\/\/www.linktonkitchen.com\/wp-content\/uploads\/2025\/08\/custom-catering-chafing-dishes-768x768.webp 768w, https:\/\/www.linktonkitchen.com\/wp-content\/uploads\/2025\/08\/custom-catering-chafing-dishes-12x12.webp 12w, https:\/\/www.linktonkitchen.com\/wp-content\/uploads\/2025\/08\/custom-catering-chafing-dishes-285x285.webp 285w, https:\/\/www.linktonkitchen.com\/wp-content\/uploads\/2025\/08\/custom-catering-chafing-dishes-270x270.webp 270w, https:\/\/www.linktonkitchen.com\/wp-content\/uploads\/2025\/08\/custom-catering-chafing-dishes-540x540.webp 540w, https:\/\/www.linktonkitchen.com\/wp-content\/uploads\/2025\/08\/custom-catering-chafing-dishes-660x660.webp 660w\" sizes=\"(max-width: 800px) 100vw, 800px\" \/><\/figure>\n<\/div><\/div>\n<\/div>\n\n\n\n<div class=\"wp-block-columns is-layout-flex wp-container-core-columns-is-layout-9d6595d7 wp-block-columns-is-layout-flex\">\n<div class=\"wp-block-column is-vertically-aligned-center is-layout-flow wp-block-column-is-layout-flow\">\n<h3 class=\"wp-block-heading\">Catering a medida <strong><strong>Chafing Dishes<\/strong><\/strong><\/h3>\n\n\n\n<p>Ofrecemos servicios ODM y OEM, lo que permite personalizar los logotipos y el embalaje de los productos. Admitimos varias opciones de embalaje, como bolsas, cajas de cart\u00f3n o embalajes personalizados seg\u00fan sus preferencias. Adem\u00e1s, ofrecemos opciones de color flexibles, como chapado en plata, oro o semidorado.<\/p>\n<\/div>\n<\/div>","protected":false},"excerpt":{"rendered":"<p>Chafing dishes de catering personalizados, acero inoxidable de calidad alimentaria, dise\u00f1o hidr\u00e1ulico, equipados con una tapa de cristal transparente y un dep\u00f3sito interior dividido, de alta gama y duraderos. \u00a1Personalizaci\u00f3n OEM y venta al por mayor preferido, bienvenido a ponerse en contacto con nosotros para una cotizaci\u00f3n!<\/p>\n<h2>Especificaciones de los platos hondos para catering:<\/h2>\n<table width=\"402\">\n<tbody>\n<tr>\n<td width=\"145\">Fabricante<\/td>\n<td width=\"257\">Linkton<\/td>\n<\/tr>\n<tr>\n<td>Material<\/td>\n<td>Acero inoxidable<\/td>\n<\/tr>\n<tr>\n<td>Configuraci\u00f3n<\/td>\n<td width=\"257\">Bandeja de comida\/agua<\/td>\n<\/tr>\n<tr>\n<td>Calefacci\u00f3n<\/td>\n<td>\n<p>Calefacci\u00f3n el\u00e9ctrica<\/p>\n<\/td>\n<\/tr>\n<tr>\n<td>Tapa<\/td>\n<td width=\"257\">Tapa de cristal hidr\u00e1ulica<\/td>\n<\/tr>\n<tr>\n<td>OEM\/ODM<\/td>\n<td>Aceptable<\/td>\n<\/tr>\n<tr>\n<td>Muestra<\/td>\n<td>MOQ 1 pieza<\/td>\n<\/tr>\n<\/tbody>\n<\/table>","protected":false},"featured_media":6542,"template":"","meta":{"_acf_changed":false},"product-application":[],"product-capacity":[],"product_brand":[],"product_cat":[58],"product_tag":[],"class_list":{"0":"post-6538","1":"product","2":"type-product","3":"status-publish","4":"has-post-thumbnail","6":"product_cat-wholesale-chafing-dishes","8":"first","9":"instock","10":"shipping-taxable","11":"product-type-simple"},"acf":[],"_links":{"self":[{"href":"https:\/\/www.linktonkitchen.com\/es\/wp-json\/wp\/v2\/product\/6538","targetHints":{"allow":["GET"]}}],"collection":[{"href":"https:\/\/www.linktonkitchen.com\/es\/wp-json\/wp\/v2\/product"}],"about":[{"href":"https:\/\/www.linktonkitchen.com\/es\/wp-json\/wp\/v2\/types\/product"}],"version-history":[{"count":0,"href":"https:\/\/www.linktonkitchen.com\/es\/wp-json\/wp\/v2\/product\/6538\/revisions"}],"wp:featuredmedia":[{"embeddable":true,"href":"https:\/\/www.linktonkitchen.com\/es\/wp-json\/wp\/v2\/media\/6542"}],"wp:attachment":[{"href":"https:\/\/www.linktonkitchen.com\/es\/wp-json\/wp\/v2\/media?parent=6538"}],"wp:term":[{"taxonomy":"product-application","embeddable":true,"href":"https:\/\/www.linktonkitchen.com\/es\/wp-json\/wp\/v2\/product-application?post=6538"},{"taxonomy":"product-capacity","embeddable":true,"href":"https:\/\/www.linktonkitchen.com\/es\/wp-json\/wp\/v2\/product-capacity?post=6538"},{"taxonomy":"product_brand","embeddable":true,"href":"https:\/\/www.linktonkitchen.com\/es\/wp-json\/wp\/v2\/product_brand?post=6538"},{"taxonomy":"product_cat","embeddable":true,"href":"https:\/\/www.linktonkitchen.com\/es\/wp-json\/wp\/v2\/product_cat?post=6538"},{"taxonomy":"product_tag","embeddable":true,"href":"https:\/\/www.linktonkitchen.com\/es\/wp-json\/wp\/v2\/product_tag?post=6538"}],"curies":[{"name":"wp","href":"https:\/\/api.w.org\/{rel}","templated":true}]}}