{"id":6565,"date":"2025-08-29T03:16:51","date_gmt":"2025-08-19T02:16:05","guid":{"rendered":"https:\/\/www.linktonkitchen.com\/?post_type=product&#038;p=6565"},"modified":"2025-08-29T03:17:08","modified_gmt":"2025-08-29T03:17:08","slug":"wholesale-best-electric-chafing-dish","status":"publish","type":"product","link":"https:\/\/www.linktonkitchen.com\/es\/product\/wholesale-best-electric-chafing-dish\/","title":{"rendered":"Mayorista Mejor Plato El\u00e9ctrico, Acero Inoxidable Comercial Calentador de Comida Buffet Set Redondo Personalizado"},"content":{"rendered":"<div class=\"wp-block-columns is-layout-flex wp-container-core-columns-is-layout-9d6595d7 wp-block-columns-is-layout-flex\">\n<div class=\"wp-block-column is-vertically-aligned-center is-layout-flow wp-block-column-is-layout-flow\">\n<h2 class=\"wp-block-heading\">Best Electric Chafing Dish Caracter\u00edsticas:<\/h2>\n\n\n\n<p><strong>Material de acero inoxidable de alta calidad<\/strong>: Fabricado en acero inoxidable de calidad alimentaria, resistente a la corrosi\u00f3n, a prueba de \u00f3xido y brillante, lo que garantiza la seguridad y durabilidad a largo plazo.<\/p>\n\n\n\n<p><strong>Calefacci\u00f3n el\u00e9ctrica<\/strong>: No necesita combustible, f\u00e1cil de manejar, disposici\u00f3n flexible, calentamiento a temperatura constante, lo que garantiza que los alimentos mantengan el mejor sabor y temperatura en buf\u00e9s o banquetes.<\/p>\n\n\n\n<p><strong>Dise\u00f1o circular de gran capacidad<\/strong>: Amplio espacio, puede acomodar una gran variedad de platos, satisfaciendo las necesidades de hoteles, restaurantes buffet y grandes banquetes.<\/p>\n\n\n\n<p><strong>Tapa de cristal transparente<\/strong>: El dise\u00f1o visual permite a los comensales ver los alimentos, lo que reduce la necesidad de abrir la tapa con frecuencia y mantiene la temperatura y la frescura.<\/p>\n\n\n\n<p><strong>Robusta estructura de soporte<\/strong>: Las patas de apoyo elevadas y reforzadas garantizan estabilidad y durabilidad, proporcionando una colocaci\u00f3n segura y fiable.<\/p>\n\n\n\n<p><strong>F\u00e1cil de limpiar y mantener<\/strong>: La superficie lisa y la estructura desmontable facilitan la limpieza, mejorando la experiencia del usuario.<\/p>\n<\/div>\n\n\n\n<div class=\"wp-block-column is-vertically-aligned-center is-layout-flow wp-block-column-is-layout-flow\"><div class=\"wp-block-image\">\n<figure class=\"aligncenter size-full\"><img fetchpriority=\"high\" decoding=\"async\" width=\"800\" height=\"800\" src=\"https:\/\/www.linktonkitchen.com\/wp-content\/uploads\/2025\/08\/Wholesale-Best-Electric-Chafing-Dish.webp\" alt=\"Mayorista Mejor Chafing Dish El\u00e9ctrico\" class=\"wp-image-6566\" style=\"object-fit:cover\" srcset=\"https:\/\/www.linktonkitchen.com\/wp-content\/uploads\/2025\/08\/Wholesale-Best-Electric-Chafing-Dish.webp 800w, https:\/\/www.linktonkitchen.com\/wp-content\/uploads\/2025\/08\/Wholesale-Best-Electric-Chafing-Dish-300x300.webp 300w, https:\/\/www.linktonkitchen.com\/wp-content\/uploads\/2025\/08\/Wholesale-Best-Electric-Chafing-Dish-150x150.webp 150w, https:\/\/www.linktonkitchen.com\/wp-content\/uploads\/2025\/08\/Wholesale-Best-Electric-Chafing-Dish-768x768.webp 768w, https:\/\/www.linktonkitchen.com\/wp-content\/uploads\/2025\/08\/Wholesale-Best-Electric-Chafing-Dish-12x12.webp 12w, https:\/\/www.linktonkitchen.com\/wp-content\/uploads\/2025\/08\/Wholesale-Best-Electric-Chafing-Dish-285x285.webp 285w, https:\/\/www.linktonkitchen.com\/wp-content\/uploads\/2025\/08\/Wholesale-Best-Electric-Chafing-Dish-270x270.webp 270w, https:\/\/www.linktonkitchen.com\/wp-content\/uploads\/2025\/08\/Wholesale-Best-Electric-Chafing-Dish-540x540.webp 540w, https:\/\/www.linktonkitchen.com\/wp-content\/uploads\/2025\/08\/Wholesale-Best-Electric-Chafing-Dish-660x660.webp 660w\" sizes=\"(max-width: 800px) 100vw, 800px\" \/><\/figure>\n<\/div><\/div>\n<\/div>\n\n\n\n<div class=\"wp-block-columns is-layout-flex wp-container-core-columns-is-layout-9d6595d7 wp-block-columns-is-layout-flex\">\n<div class=\"wp-block-column is-vertically-aligned-center is-layout-flow wp-block-column-is-layout-flow\">\n<h2 class=\"wp-block-heading\">Custom Best Electric Chafing Dish<\/h2>\n\n\n\n<p>Ofrecemos servicios ODM y OEM, lo que permite personalizar los logotipos y el embalaje de los productos. Admitimos varias opciones de embalaje, como bolsas, cajas de cart\u00f3n o embalajes personalizados seg\u00fan sus preferencias. Adem\u00e1s, ofrecemos opciones de color flexibles, como chapado en plata, oro o semidorado.<\/p>\n<\/div>\n<\/div>","protected":false},"excerpt":{"rendered":"<p>Venta al por mayor mejor chafing plato el\u00e9ctrico, calefacci\u00f3n el\u00e9ctrica temperatura constante dise\u00f1o de aislamiento, equipado con una tapa de cristal y un soporte elevado estable, ampliamente aplicable a los hoteles, restaurantes de autoservicio, y banquetes ocasiones. Venta al por mayor de f\u00e1brica, soporte OEM\/ODM, \u00a1bienvenido a contactarnos para muestras y soluciones personalizadas!<\/p>\n<h2>Especificaciones del Mejor Chafing Dish El\u00e9ctrico:<\/h2>\n<table width=\"402\">\n<tbody>\n<tr>\n<td width=\"145\">Fabricante<\/td>\n<td width=\"257\">Linkton<\/td>\n<\/tr>\n<tr>\n<td>Material<\/td>\n<td>Acero inoxidable<\/td>\n<\/tr>\n<tr>\n<td>Configuraci\u00f3n<\/td>\n<td width=\"257\">Bandeja de comida\/agua<\/td>\n<\/tr>\n<tr>\n<td>Calefacci\u00f3n<\/td>\n<td>\n<p>Calefacci\u00f3n el\u00e9ctrica<\/p>\n<\/td>\n<\/tr>\n<tr>\n<td>Tapa<\/td>\n<td width=\"257\">Tapa de cristal hidr\u00e1ulica<\/td>\n<\/tr>\n<tr>\n<td>OEM\/ODM<\/td>\n<td>Aceptable<\/td>\n<\/tr>\n<tr>\n<td>Muestra<\/td>\n<td>MOQ 1 pieza<\/td>\n<\/tr>\n<\/tbody>\n<\/table>","protected":false},"featured_media":6566,"template":"","meta":{"_acf_changed":false},"product-application":[],"product-capacity":[],"product_brand":[],"product_cat":[58],"product_tag":[],"class_list":{"0":"post-6565","1":"product","2":"type-product","3":"status-publish","4":"has-post-thumbnail","6":"product_cat-wholesale-chafing-dishes","8":"first","9":"instock","10":"shipping-taxable","11":"product-type-simple"},"acf":[],"_links":{"self":[{"href":"https:\/\/www.linktonkitchen.com\/es\/wp-json\/wp\/v2\/product\/6565","targetHints":{"allow":["GET"]}}],"collection":[{"href":"https:\/\/www.linktonkitchen.com\/es\/wp-json\/wp\/v2\/product"}],"about":[{"href":"https:\/\/www.linktonkitchen.com\/es\/wp-json\/wp\/v2\/types\/product"}],"version-history":[{"count":0,"href":"https:\/\/www.linktonkitchen.com\/es\/wp-json\/wp\/v2\/product\/6565\/revisions"}],"wp:featuredmedia":[{"embeddable":true,"href":"https:\/\/www.linktonkitchen.com\/es\/wp-json\/wp\/v2\/media\/6566"}],"wp:attachment":[{"href":"https:\/\/www.linktonkitchen.com\/es\/wp-json\/wp\/v2\/media?parent=6565"}],"wp:term":[{"taxonomy":"product-application","embeddable":true,"href":"https:\/\/www.linktonkitchen.com\/es\/wp-json\/wp\/v2\/product-application?post=6565"},{"taxonomy":"product-capacity","embeddable":true,"href":"https:\/\/www.linktonkitchen.com\/es\/wp-json\/wp\/v2\/product-capacity?post=6565"},{"taxonomy":"product_brand","embeddable":true,"href":"https:\/\/www.linktonkitchen.com\/es\/wp-json\/wp\/v2\/product_brand?post=6565"},{"taxonomy":"product_cat","embeddable":true,"href":"https:\/\/www.linktonkitchen.com\/es\/wp-json\/wp\/v2\/product_cat?post=6565"},{"taxonomy":"product_tag","embeddable":true,"href":"https:\/\/www.linktonkitchen.com\/es\/wp-json\/wp\/v2\/product_tag?post=6565"}],"curies":[{"name":"wp","href":"https:\/\/api.w.org\/{rel}","templated":true}]}}