{"id":6581,"date":"2025-08-29T03:25:49","date_gmt":"2025-08-19T02:55:47","guid":{"rendered":"https:\/\/www.linktonkitchen.com\/?post_type=product&#038;p=6581"},"modified":"2025-08-29T03:26:40","modified_gmt":"2025-08-29T03:26:40","slug":"wholesale-buffet-chafing-dish-set","status":"publish","type":"product","link":"https:\/\/www.linktonkitchen.com\/es\/product\/wholesale-buffet-chafing-dish-set\/","title":{"rendered":"Mayorista Buffet Chafing Dish Set, Hydraulic Chafing Dishes Electric Heating Linkton Manucfaturer"},"content":{"rendered":"<div class=\"wp-block-columns is-layout-flex wp-container-core-columns-is-layout-9d6595d7 wp-block-columns-is-layout-flex\">\n<div class=\"wp-block-column is-vertically-aligned-center is-layout-flow wp-block-column-is-layout-flow\">\n<div class=\"wp-block-columns is-layout-flex wp-container-core-columns-is-layout-9d6595d7 wp-block-columns-is-layout-flex\">\n<div class=\"wp-block-column is-layout-flow wp-block-column-is-layout-flow\">\n<figure class=\"wp-block-image size-full\"><img fetchpriority=\"high\" decoding=\"async\" width=\"800\" height=\"800\" src=\"https:\/\/www.linktonkitchen.com\/wp-content\/uploads\/2025\/08\/wholesale-buffet-chafing-dish-1.webp\" alt=\"venta al por mayor buffet chafing dish set (1)\" class=\"wp-image-6571\" srcset=\"https:\/\/www.linktonkitchen.com\/wp-content\/uploads\/2025\/08\/wholesale-buffet-chafing-dish-1.webp 800w, https:\/\/www.linktonkitchen.com\/wp-content\/uploads\/2025\/08\/wholesale-buffet-chafing-dish-1-300x300.webp 300w, https:\/\/www.linktonkitchen.com\/wp-content\/uploads\/2025\/08\/wholesale-buffet-chafing-dish-1-150x150.webp 150w, https:\/\/www.linktonkitchen.com\/wp-content\/uploads\/2025\/08\/wholesale-buffet-chafing-dish-1-768x768.webp 768w, https:\/\/www.linktonkitchen.com\/wp-content\/uploads\/2025\/08\/wholesale-buffet-chafing-dish-1-12x12.webp 12w, https:\/\/www.linktonkitchen.com\/wp-content\/uploads\/2025\/08\/wholesale-buffet-chafing-dish-1-285x285.webp 285w, https:\/\/www.linktonkitchen.com\/wp-content\/uploads\/2025\/08\/wholesale-buffet-chafing-dish-1-270x270.webp 270w, https:\/\/www.linktonkitchen.com\/wp-content\/uploads\/2025\/08\/wholesale-buffet-chafing-dish-1-540x540.webp 540w, https:\/\/www.linktonkitchen.com\/wp-content\/uploads\/2025\/08\/wholesale-buffet-chafing-dish-1-660x660.webp 660w\" sizes=\"(max-width: 800px) 100vw, 800px\" \/><\/figure>\n<\/div>\n\n\n\n<div class=\"wp-block-column is-layout-flow wp-block-column-is-layout-flow\">\n<figure class=\"wp-block-image size-full\"><img decoding=\"async\" width=\"800\" height=\"800\" src=\"https:\/\/www.linktonkitchen.com\/wp-content\/uploads\/2025\/08\/wholesale-buffet-chafing-dish-1.webp\" alt=\"venta al por mayor buffet chafing dish (1)\" class=\"wp-image-6571\" srcset=\"https:\/\/www.linktonkitchen.com\/wp-content\/uploads\/2025\/08\/wholesale-buffet-chafing-dish-1.webp 800w, https:\/\/www.linktonkitchen.com\/wp-content\/uploads\/2025\/08\/wholesale-buffet-chafing-dish-1-300x300.webp 300w, https:\/\/www.linktonkitchen.com\/wp-content\/uploads\/2025\/08\/wholesale-buffet-chafing-dish-1-150x150.webp 150w, https:\/\/www.linktonkitchen.com\/wp-content\/uploads\/2025\/08\/wholesale-buffet-chafing-dish-1-768x768.webp 768w, https:\/\/www.linktonkitchen.com\/wp-content\/uploads\/2025\/08\/wholesale-buffet-chafing-dish-1-12x12.webp 12w, https:\/\/www.linktonkitchen.com\/wp-content\/uploads\/2025\/08\/wholesale-buffet-chafing-dish-1-285x285.webp 285w, https:\/\/www.linktonkitchen.com\/wp-content\/uploads\/2025\/08\/wholesale-buffet-chafing-dish-1-270x270.webp 270w, https:\/\/www.linktonkitchen.com\/wp-content\/uploads\/2025\/08\/wholesale-buffet-chafing-dish-1-540x540.webp 540w, https:\/\/www.linktonkitchen.com\/wp-content\/uploads\/2025\/08\/wholesale-buffet-chafing-dish-1-660x660.webp 660w\" sizes=\"(max-width: 800px) 100vw, 800px\" \/><\/figure>\n<\/div>\n<\/div>\n\n\n\n<h2 class=\"wp-block-heading\">Buffet Chafing Dish Set Caracter\u00edsticas:<\/h2>\n\n\n\n<p><strong>Panel de control OSmart<\/strong>: Control preciso de la temperatura para controlar f\u00e1cilmente la temperatura de los alimentos.<\/p>\n\n\n\n<p><strong>M\u00faltiples opciones de olla interior<\/strong>: Elija entre ollas interiores de cer\u00e1mica o de acero inoxidable en funci\u00f3n de las caracter\u00edsticas de los alimentos.<\/p>\n\n\n\n<p><strong>Dise\u00f1o cuadrado<\/strong>: Colocaci\u00f3n eficaz en la mesa, ideal para buf\u00e9s con gran variedad de platos.<\/p>\n\n\n\n<p><strong>Tapa de cristal transparente<\/strong>: Muestra los alimentos, reduciendo la p\u00e9rdida de calor por apertura frecuente.<\/p>\n\n\n\n<p><strong>Estructura de soporte duradera<\/strong>: Garantiza la estabilidad incluso con un uso intensivo.<\/p>\n\n\n\n<p><strong>Limpieza f\u00e1cil<\/strong>: La olla interior es extra\u00edble, lo que facilita la limpieza y ahorra trabajo en la cocina.<\/p>\n\n\n\n<p><strong>Soporte OEM\/ODM:<\/strong> Linkton ofrece opciones de personalizaci\u00f3n como logotipos, colores y tama\u00f1os para ayudar a los clientes a crear sus marcas \u00fanicas.<\/p>\n<\/div>\n<\/div>\n\n\n\n<div class=\"wp-block-columns is-layout-flex wp-container-core-columns-is-layout-9d6595d7 wp-block-columns-is-layout-flex\">\n<div class=\"wp-block-column is-vertically-aligned-center is-layout-flow wp-block-column-is-layout-flow\">\n<h2 class=\"wp-block-heading\">Juego de fuentes de buffet personalizadas\uff1a<\/h2>\n\n\n\n<p>Ofrecemos servicios ODM y OEM, lo que permite personalizar los logotipos y el embalaje de los productos. Admitimos varias opciones de embalaje, como bolsas, cajas de cart\u00f3n o embalajes personalizados seg\u00fan sus preferencias. Adem\u00e1s, ofrecemos opciones de color flexibles, como chapado en plata, oro o semidorado.<\/p>\n<\/div>\n<\/div>","protected":false},"excerpt":{"rendered":"<p>Bienvenido a la venta al por mayor del juego de calientaplatos para buffets del fabricante de equipos para buffets Linkton. El calientaplatos el\u00e9ctrico cuadrado combina un control inteligente de la temperatura con opciones flexibles de olla interior doble, aportando una experiencia operativa m\u00e1s eficiente a hoteles, restaurantes y buffets. P\u00f3ngase en contacto con nosotros para obtener presupuestos personalizados.<\/p>\n<h2>Especificaciones de Buffet Chafing Dish Set:<\/h2>\n<table width=\"402\">\n<tbody>\n<tr>\n<td width=\"145\">Fabricante<\/td>\n<td width=\"257\">Linkton<\/td>\n<\/tr>\n<tr>\n<td>Material<\/td>\n<td>Acero inoxidable<\/td>\n<\/tr>\n<tr>\n<td>Configuraci\u00f3n<\/td>\n<td width=\"257\">Bandeja de comida\/agua<\/td>\n<\/tr>\n<tr>\n<td>Calefacci\u00f3n<\/td>\n<td>\n<p>Calefacci\u00f3n el\u00e9ctrica<\/p>\n<\/td>\n<\/tr>\n<tr>\n<td>Tapa<\/td>\n<td width=\"257\">Tapa de cristal hidr\u00e1ulica<\/td>\n<\/tr>\n<tr>\n<td>OEM\/ODM<\/td>\n<td>Aceptable<\/td>\n<\/tr>\n<tr>\n<td>Muestra<\/td>\n<td>MOQ 1 pieza<\/td>\n<\/tr>\n<\/tbody>\n<\/table>","protected":false},"featured_media":6572,"template":"","meta":{"_acf_changed":false},"product-application":[],"product-capacity":[],"product_brand":[],"product_cat":[58],"product_tag":[],"class_list":{"0":"post-6581","1":"product","2":"type-product","3":"status-publish","4":"has-post-thumbnail","6":"product_cat-wholesale-chafing-dishes","8":"first","9":"instock","10":"shipping-taxable","11":"product-type-simple"},"acf":[],"_links":{"self":[{"href":"https:\/\/www.linktonkitchen.com\/es\/wp-json\/wp\/v2\/product\/6581","targetHints":{"allow":["GET"]}}],"collection":[{"href":"https:\/\/www.linktonkitchen.com\/es\/wp-json\/wp\/v2\/product"}],"about":[{"href":"https:\/\/www.linktonkitchen.com\/es\/wp-json\/wp\/v2\/types\/product"}],"version-history":[{"count":0,"href":"https:\/\/www.linktonkitchen.com\/es\/wp-json\/wp\/v2\/product\/6581\/revisions"}],"wp:featuredmedia":[{"embeddable":true,"href":"https:\/\/www.linktonkitchen.com\/es\/wp-json\/wp\/v2\/media\/6572"}],"wp:attachment":[{"href":"https:\/\/www.linktonkitchen.com\/es\/wp-json\/wp\/v2\/media?parent=6581"}],"wp:term":[{"taxonomy":"product-application","embeddable":true,"href":"https:\/\/www.linktonkitchen.com\/es\/wp-json\/wp\/v2\/product-application?post=6581"},{"taxonomy":"product-capacity","embeddable":true,"href":"https:\/\/www.linktonkitchen.com\/es\/wp-json\/wp\/v2\/product-capacity?post=6581"},{"taxonomy":"product_brand","embeddable":true,"href":"https:\/\/www.linktonkitchen.com\/es\/wp-json\/wp\/v2\/product_brand?post=6581"},{"taxonomy":"product_cat","embeddable":true,"href":"https:\/\/www.linktonkitchen.com\/es\/wp-json\/wp\/v2\/product_cat?post=6581"},{"taxonomy":"product_tag","embeddable":true,"href":"https:\/\/www.linktonkitchen.com\/es\/wp-json\/wp\/v2\/product_tag?post=6581"}],"curies":[{"name":"wp","href":"https:\/\/api.w.org\/{rel}","templated":true}]}}