{"id":6631,"date":"2025-08-26T10:22:26","date_gmt":"2025-08-26T10:04:26","guid":{"rendered":"https:\/\/www.linktonkitchen.com\/?post_type=product&#038;p=6631"},"modified":"2025-08-29T03:34:25","modified_gmt":"2025-08-29T03:34:25","slug":"wholesale-stainless-chafing-dish","status":"publish","type":"product","link":"https:\/\/www.linktonkitchen.com\/es\/product\/wholesale-stainless-chafing-dish\/","title":{"rendered":"Venta al Mayor Plato de Chafing El\u00e9ctrico, Hidr\u00e1ulico Juego de Buffet con Tapa de Cristal Plateado Personalizado"},"content":{"rendered":"<div class=\"wp-block-columns is-layout-flex wp-container-core-columns-is-layout-9d6595d7 wp-block-columns-is-layout-flex\">\n<div class=\"wp-block-column is-vertically-aligned-center is-layout-flow wp-block-column-is-layout-flow\">\n<h2 class=\"wp-block-heading\">Chafing Dish inoxidable Caracter\u00edsticas:<\/h2>\n\n\n\n<p><strong>Construcci\u00f3n de acero inoxidable engrosado:<\/strong> Resistente a los impactos y a prueba de distorsiones, ideal para uso comercial de alta frecuencia.<\/p>\n\n\n\n<p><strong>Tratamiento de bordes redondeados:<\/strong> Las esquinas lisas y seguras evitan ara\u00f1azos en las manos.<\/p>\n\n\n\n<p><strong>Bandeja de comida con dos compartimentos<\/strong>: Acomoda dos platos distintos simult\u00e1neamente, perfecto para diversas necesidades de buffet.<\/p>\n\n\n\n<p><strong>Asas con aislamiento t\u00e9rmico<\/strong>: F\u00e1cil de abrir y cerrar sin quemarse las manos, lo que garantiza una mayor seguridad.<\/p>\n\n\n\n<p><strong>Opciones de calefacci\u00f3n vers\u00e1tiles<\/strong>: Compatible con placas el\u00e9ctricas, quemadores de alcohol y otros m\u00e9todos de calentamiento.<\/p>\n\n\n\n<p><strong>Servicios profesionales de personalizaci\u00f3n:<\/strong> Personalizaci\u00f3n flexible del color, el tama\u00f1o, el logotipo y mucho m\u00e1s para crear equipos de catering \u00fanicos.<\/p>\n<\/div>\n\n\n\n<div class=\"wp-block-column is-vertically-aligned-center is-layout-flow wp-block-column-is-layout-flow\"><div class=\"wp-block-image\">\n<figure class=\"aligncenter size-full\"><img fetchpriority=\"high\" decoding=\"async\" width=\"826\" height=\"826\" src=\"https:\/\/www.linktonkitchen.com\/wp-content\/uploads\/2025\/08\/wholesale-stainless-chafing-dish.webp\" alt=\"venta al por mayor chafing dish inoxidable\" class=\"wp-image-6628\" style=\"object-fit:cover\" srcset=\"https:\/\/www.linktonkitchen.com\/wp-content\/uploads\/2025\/08\/wholesale-stainless-chafing-dish.webp 826w, https:\/\/www.linktonkitchen.com\/wp-content\/uploads\/2025\/08\/wholesale-stainless-chafing-dish-300x300.webp 300w, https:\/\/www.linktonkitchen.com\/wp-content\/uploads\/2025\/08\/wholesale-stainless-chafing-dish-150x150.webp 150w, https:\/\/www.linktonkitchen.com\/wp-content\/uploads\/2025\/08\/wholesale-stainless-chafing-dish-768x768.webp 768w, https:\/\/www.linktonkitchen.com\/wp-content\/uploads\/2025\/08\/wholesale-stainless-chafing-dish-12x12.webp 12w, https:\/\/www.linktonkitchen.com\/wp-content\/uploads\/2025\/08\/wholesale-stainless-chafing-dish-285x285.webp 285w, https:\/\/www.linktonkitchen.com\/wp-content\/uploads\/2025\/08\/wholesale-stainless-chafing-dish-270x270.webp 270w, https:\/\/www.linktonkitchen.com\/wp-content\/uploads\/2025\/08\/wholesale-stainless-chafing-dish-540x540.webp 540w, https:\/\/www.linktonkitchen.com\/wp-content\/uploads\/2025\/08\/wholesale-stainless-chafing-dish-660x660.webp 660w\" sizes=\"(max-width: 826px) 100vw, 826px\" \/><\/figure>\n<\/div><\/div>\n<\/div>\n\n\n\n<div class=\"wp-block-columns is-layout-flex wp-container-core-columns-is-layout-9d6595d7 wp-block-columns-is-layout-flex\">\n<div class=\"wp-block-column is-vertically-aligned-center is-layout-flow wp-block-column-is-layout-flow\">\n<h2 class=\"wp-block-heading\">Chafing Dish inoxidable personalizado<\/h2>\n\n\n\n<p>Ofrecemos servicios ODM y OEM, lo que permite personalizar los logotipos y el embalaje de los productos. Admitimos varias opciones de embalaje, como bolsas, cajas de cart\u00f3n o embalajes personalizados seg\u00fan sus preferencias. Adem\u00e1s, ofrecemos opciones de color flexibles, como chapado en plata, oro o semidorado.<\/p>\n<\/div>\n<\/div>\n\n\n\n<p><\/p>","protected":false},"excerpt":{"rendered":"<p>Fuente de acero inoxidable al por mayor, de estilo lujoso, con tapa de cristal transparente y bandeja de doble compartimento, disponible en varios tama\u00f1os. Ideal para buffets de hoteles de alta gama, banquetes de boda y eventos de catering. Suministrado directamente por Linkton, con opciones de personalizaci\u00f3n disponibles. P\u00f3ngase en contacto con nosotros para conocer las especificaciones del producto y las cantidades m\u00ednimas de pedido.<\/p>\n<h2>Especificaciones:<\/h2>\n<table width=\"402\">\n<tbody>\n<tr>\n<td width=\"145\">Fabricante<\/td>\n<td width=\"257\">Linkton<\/td>\n<\/tr>\n<tr>\n<td>Material<\/td>\n<td>Acero inoxidable<\/td>\n<\/tr>\n<tr>\n<td>Configuraci\u00f3n<\/td>\n<td width=\"257\">Bandeja de comida\/agua<\/td>\n<\/tr>\n<tr>\n<td>Calefacci\u00f3n<\/td>\n<td>\n<p>Calefacci\u00f3n el\u00e9ctrica<\/p>\n<\/td>\n<\/tr>\n<tr>\n<td>Tapa<\/td>\n<td width=\"257\">Tapa de cristal hidr\u00e1ulica<\/td>\n<\/tr>\n<tr>\n<td>OEM\/ODM<\/td>\n<td>Aceptable<\/td>\n<\/tr>\n<tr>\n<td>Muestra<\/td>\n<td>MOQ 1 pieza<\/td>\n<\/tr>\n<\/tbody>\n<\/table>","protected":false},"featured_media":6628,"template":"","meta":{"_acf_changed":false},"product-application":[],"product-capacity":[],"product_brand":[],"product_cat":[58],"product_tag":[],"class_list":{"0":"post-6631","1":"product","2":"type-product","3":"status-publish","4":"has-post-thumbnail","6":"product_cat-wholesale-chafing-dishes","8":"first","9":"instock","10":"shipping-taxable","11":"product-type-simple"},"acf":[],"_links":{"self":[{"href":"https:\/\/www.linktonkitchen.com\/es\/wp-json\/wp\/v2\/product\/6631","targetHints":{"allow":["GET"]}}],"collection":[{"href":"https:\/\/www.linktonkitchen.com\/es\/wp-json\/wp\/v2\/product"}],"about":[{"href":"https:\/\/www.linktonkitchen.com\/es\/wp-json\/wp\/v2\/types\/product"}],"version-history":[{"count":0,"href":"https:\/\/www.linktonkitchen.com\/es\/wp-json\/wp\/v2\/product\/6631\/revisions"}],"wp:featuredmedia":[{"embeddable":true,"href":"https:\/\/www.linktonkitchen.com\/es\/wp-json\/wp\/v2\/media\/6628"}],"wp:attachment":[{"href":"https:\/\/www.linktonkitchen.com\/es\/wp-json\/wp\/v2\/media?parent=6631"}],"wp:term":[{"taxonomy":"product-application","embeddable":true,"href":"https:\/\/www.linktonkitchen.com\/es\/wp-json\/wp\/v2\/product-application?post=6631"},{"taxonomy":"product-capacity","embeddable":true,"href":"https:\/\/www.linktonkitchen.com\/es\/wp-json\/wp\/v2\/product-capacity?post=6631"},{"taxonomy":"product_brand","embeddable":true,"href":"https:\/\/www.linktonkitchen.com\/es\/wp-json\/wp\/v2\/product_brand?post=6631"},{"taxonomy":"product_cat","embeddable":true,"href":"https:\/\/www.linktonkitchen.com\/es\/wp-json\/wp\/v2\/product_cat?post=6631"},{"taxonomy":"product_tag","embeddable":true,"href":"https:\/\/www.linktonkitchen.com\/es\/wp-json\/wp\/v2\/product_tag?post=6631"}],"curies":[{"name":"wp","href":"https:\/\/api.w.org\/{rel}","templated":true}]}}