{"id":6757,"date":"2025-09-10T16:27:56","date_gmt":"2025-09-10T16:27:56","guid":{"rendered":"https:\/\/www.linktonkitchen.com\/"},"modified":"2025-09-10T16:27:56","modified_gmt":"2025-09-10T16:27:56","slug":"wholesale-chafing-dishes-catering","status":"publish","type":"product","link":"https:\/\/www.linktonkitchen.com\/es\/product\/wholesale-chafing-dishes-catering\/","title":{"rendered":"Mayorista Chafing Dishes Catering Lujo Acero Inoxidable con Calentamiento El\u00e9ctrico y de Combustible"},"content":{"rendered":"<div class=\"wp-block-columns is-layout-flex wp-container-core-columns-is-layout-9d6595d7 wp-block-columns-is-layout-flex\">\n<div class=\"wp-block-column is-layout-flow wp-block-column-is-layout-flow\">\n<h2 class=\"wp-block-heading\">Chafing Dishes Catering Caracter\u00edsticas:<\/h2>\n\n\n\n<p><strong>Acero inoxidable de alta calidad<\/strong>: Hecho de acero inoxidable resistente a la corrosi\u00f3n e indeformable, es duradero y adecuado para entornos de comedor de alto uso.<\/p>\n\n\n\n<p><strong>Elevador hidr\u00e1ulico<\/strong>: Funcionamiento sencillo y suave, que permite colocar y retirar c\u00f3modamente la vajilla y mejorar la eficacia del buf\u00e9.<\/p>\n\n\n\n<p><strong>M\u00faltiples opciones de color: <\/strong>Disponible en oro natural, oro dorado y oro rosa para adaptarse a diferentes estilos de restaurante e im\u00e1genes de marca.<\/p>\n\n\n\n<p><strong>Tapa de cristal segura y duradera<\/strong>: La tapa de cristal transparente de alta resistencia muestra claramente los alimentos mientras mantiene la temperatura y la frescura.<\/p>\n\n\n\n<p><strong>Portaclips dedicado<\/strong>: Los portaclips estrat\u00e9gicamente colocados facilitan a los clientes la recogida de la comida a la vez que mantienen ordenada la zona de comedor.<\/p>\n\n\n\n<p><strong>Calefacci\u00f3n electr\u00f3nica inteligente<\/strong>: Un sistema de control electr\u00f3nico estable garantiza un calentamiento uniforme de los alimentos, mejorando la calidad del servicio.<\/p>\n\n\n\n<p><strong>Limpieza f\u00e1cil<\/strong>: La superficie lisa de acero inoxidable es resistente a las manchas y al aceite, lo que facilita la limpieza y reduce los costes de funcionamiento.<\/p>\n<\/div>\n\n\n\n<div class=\"wp-block-column is-layout-flow wp-block-column-is-layout-flow\">\n<figure class=\"wp-block-image size-full\"><img fetchpriority=\"high\" decoding=\"async\" width=\"750\" height=\"750\" src=\"https:\/\/www.linktonkitchen.com\/wp-content\/uploads\/2025\/09\/wholesale-chafing-dishes-catering.webp\" alt=\"venta al por mayor chafing dishes catering\" class=\"wp-image-6760\" srcset=\"https:\/\/www.linktonkitchen.com\/wp-content\/uploads\/2025\/09\/wholesale-chafing-dishes-catering.webp 750w, https:\/\/www.linktonkitchen.com\/wp-content\/uploads\/2025\/09\/wholesale-chafing-dishes-catering-300x300.webp 300w, https:\/\/www.linktonkitchen.com\/wp-content\/uploads\/2025\/09\/wholesale-chafing-dishes-catering-150x150.webp 150w, https:\/\/www.linktonkitchen.com\/wp-content\/uploads\/2025\/09\/wholesale-chafing-dishes-catering-12x12.webp 12w, https:\/\/www.linktonkitchen.com\/wp-content\/uploads\/2025\/09\/wholesale-chafing-dishes-catering-285x285.webp 285w, https:\/\/www.linktonkitchen.com\/wp-content\/uploads\/2025\/09\/wholesale-chafing-dishes-catering-270x270.webp 270w, https:\/\/www.linktonkitchen.com\/wp-content\/uploads\/2025\/09\/wholesale-chafing-dishes-catering-540x540.webp 540w, https:\/\/www.linktonkitchen.com\/wp-content\/uploads\/2025\/09\/wholesale-chafing-dishes-catering-660x660.webp 660w\" sizes=\"(max-width: 750px) 100vw, 750px\" \/><\/figure>\n<\/div>\n<\/div>\n\n\n\n<div class=\"wp-block-columns is-layout-flex wp-container-core-columns-is-layout-9d6595d7 wp-block-columns-is-layout-flex\">\n<div class=\"wp-block-column is-vertically-aligned-center is-layout-flow wp-block-column-is-layout-flow\">\n<h2 class=\"wp-block-heading\">Chafing Dishes personalizados Catering\uff1a<\/h2>\n\n\n\n<p>Ofrecemos servicios ODM y OEM, lo que permite personalizar los logotipos y el embalaje de los productos. Admitimos varias opciones de embalaje, como bolsas, cajas de cart\u00f3n o embalajes personalizados seg\u00fan sus preferencias. Adem\u00e1s, ofrecemos opciones de color flexibles, como chapado en plata, oro o semidorado.<\/p>\n<\/div>\n<\/div>","protected":false},"excerpt":{"rendered":"<p>Bienvenido a la venta al por mayor de platos hondos para catering, equipados con tapa de cristal hidr\u00e1ulica, calefacci\u00f3n el\u00e9ctrica y una gran variedad de colores. Cuenta con un soporte para palillos dedicado, por lo que es ideal para hoteles, cafeter\u00edas y salones de banquetes. Ofrecemos opciones de personalizaci\u00f3n al por mayor, as\u00ed que no dude en consultarnos.<\/p>\n<h2>Especificaciones de Chafing Dishes Catering:<\/h2>\n<table width=\"402\">\n<tbody>\n<tr>\n<td width=\"145\">Fabricante<\/td>\n<td width=\"257\">Linkton<\/td>\n<\/tr>\n<tr>\n<td>Material<\/td>\n<td>Acero inoxidable<\/td>\n<\/tr>\n<tr>\n<td>Configuraci\u00f3n<\/td>\n<td width=\"257\">Bandeja de comida\/agua<\/td>\n<\/tr>\n<tr>\n<td>Calefacci\u00f3n<\/td>\n<td>\n<p>Calefacci\u00f3n el\u00e9ctrica<\/p>\n<\/td>\n<\/tr>\n<tr>\n<td>Tapa<\/td>\n<td width=\"257\">Tapa de cristal hidr\u00e1ulica<\/td>\n<\/tr>\n<tr>\n<td>OEM\/ODM<\/td>\n<td>Aceptable<\/td>\n<\/tr>\n<tr>\n<td>Muestra<\/td>\n<td>MOQ 1 pieza<\/td>\n<\/tr>\n<\/tbody>\n<\/table>","protected":false},"featured_media":6760,"template":"","meta":{"_acf_changed":false},"product-application":[],"product-capacity":[],"product_brand":[],"product_cat":[58],"product_tag":[],"class_list":{"0":"post-6757","1":"product","2":"type-product","3":"status-publish","4":"has-post-thumbnail","6":"product_cat-wholesale-chafing-dishes","8":"first","9":"instock","10":"shipping-taxable","11":"product-type-simple"},"acf":[],"_links":{"self":[{"href":"https:\/\/www.linktonkitchen.com\/es\/wp-json\/wp\/v2\/product\/6757","targetHints":{"allow":["GET"]}}],"collection":[{"href":"https:\/\/www.linktonkitchen.com\/es\/wp-json\/wp\/v2\/product"}],"about":[{"href":"https:\/\/www.linktonkitchen.com\/es\/wp-json\/wp\/v2\/types\/product"}],"version-history":[{"count":0,"href":"https:\/\/www.linktonkitchen.com\/es\/wp-json\/wp\/v2\/product\/6757\/revisions"}],"wp:featuredmedia":[{"embeddable":true,"href":"https:\/\/www.linktonkitchen.com\/es\/wp-json\/wp\/v2\/media\/6760"}],"wp:attachment":[{"href":"https:\/\/www.linktonkitchen.com\/es\/wp-json\/wp\/v2\/media?parent=6757"}],"wp:term":[{"taxonomy":"product-application","embeddable":true,"href":"https:\/\/www.linktonkitchen.com\/es\/wp-json\/wp\/v2\/product-application?post=6757"},{"taxonomy":"product-capacity","embeddable":true,"href":"https:\/\/www.linktonkitchen.com\/es\/wp-json\/wp\/v2\/product-capacity?post=6757"},{"taxonomy":"product_brand","embeddable":true,"href":"https:\/\/www.linktonkitchen.com\/es\/wp-json\/wp\/v2\/product_brand?post=6757"},{"taxonomy":"product_cat","embeddable":true,"href":"https:\/\/www.linktonkitchen.com\/es\/wp-json\/wp\/v2\/product_cat?post=6757"},{"taxonomy":"product_tag","embeddable":true,"href":"https:\/\/www.linktonkitchen.com\/es\/wp-json\/wp\/v2\/product_tag?post=6757"}],"curies":[{"name":"wp","href":"https:\/\/api.w.org\/{rel}","templated":true}]}}