{"id":6768,"date":"2025-09-10T16:27:57","date_gmt":"2025-09-10T16:27:57","guid":{"rendered":"https:\/\/www.linktonkitchen.com\/"},"modified":"2025-09-10T16:27:57","modified_gmt":"2025-09-10T16:27:57","slug":"chafing-dish-electric-wholesale","status":"publish","type":"product","link":"https:\/\/www.linktonkitchen.com\/es\/product\/chafing-dish-electric-wholesale\/","title":{"rendered":"Chafing Dish El\u00e9ctrico al por mayor, de acero inoxidable Buffet Set con tapa de cristal de encargo del proveedor de Linkton"},"content":{"rendered":"<div class=\"wp-block-columns is-layout-flex wp-container-core-columns-is-layout-9d6595d7 wp-block-columns-is-layout-flex\">\n<div class=\"wp-block-column is-layout-flow wp-block-column-is-layout-flow\">\n<h2 class=\"wp-block-heading\">Chafing Dish Caracter\u00edsticas el\u00e9ctricas:<\/h2>\n\n\n\n<p><strong>Acero inoxidable de calidad alimentaria<\/strong>: Resistente a la corrosi\u00f3n, indeformable y duradero, apto para uso frecuente en hosteler\u00eda.<\/p>\n\n\n\n<p><strong>Tapa de cristal transparente de alta resistencia<\/strong>: Permite a los clientes inspeccionar visualmente los alimentos, conservando la frescura y la temperatura.<\/p>\n\n\n\n<p><strong>Calefacci\u00f3n el\u00e9ctrica<\/strong>: La temperatura controlada garantiza que los alimentos permanezcan calientes y evita que se cocinen en seco.<\/p>\n\n\n\n<p><strong>Mecanismo de descenso hidr\u00e1ulico<\/strong>: La tapa se abre y se cierra suavemente, minimizando el ruido y el impacto.<\/p>\n\n\n\n<p><strong>Forma cuadrada simple<\/strong>: Moderno y elegante, ahorra espacio en la encimera y se adapta a todo tipo de comedores.<\/p>\n\n\n\n<p><strong>Dise\u00f1o de f\u00e1cil limpieza:<\/strong> La superficie lisa de acero inoxidable y la estructura desmontable facilitan la limpieza y el mantenimiento.<\/p>\n\n\n\n<p><strong>Ampliamente aplicable<\/strong>: Adecuado para hoteles, restaurantes tipo buf\u00e9, salones de banquetes y cadenas de restaurantes.<\/p>\n<\/div>\n\n\n\n<div class=\"wp-block-column is-layout-flow wp-block-column-is-layout-flow\">\n<figure class=\"wp-block-image size-full\"><img fetchpriority=\"high\" decoding=\"async\" width=\"800\" height=\"800\" src=\"https:\/\/www.linktonkitchen.com\/wp-content\/uploads\/2025\/09\/chafing-dish-electric-wholesale.webp\" alt=\"chafing dish electric wholesale\" class=\"wp-image-6758\" srcset=\"https:\/\/www.linktonkitchen.com\/wp-content\/uploads\/2025\/09\/chafing-dish-electric-wholesale.webp 800w, https:\/\/www.linktonkitchen.com\/wp-content\/uploads\/2025\/09\/chafing-dish-electric-wholesale-300x300.webp 300w, https:\/\/www.linktonkitchen.com\/wp-content\/uploads\/2025\/09\/chafing-dish-electric-wholesale-150x150.webp 150w, https:\/\/www.linktonkitchen.com\/wp-content\/uploads\/2025\/09\/chafing-dish-electric-wholesale-768x768.webp 768w, https:\/\/www.linktonkitchen.com\/wp-content\/uploads\/2025\/09\/chafing-dish-electric-wholesale-12x12.webp 12w, https:\/\/www.linktonkitchen.com\/wp-content\/uploads\/2025\/09\/chafing-dish-electric-wholesale-285x285.webp 285w, https:\/\/www.linktonkitchen.com\/wp-content\/uploads\/2025\/09\/chafing-dish-electric-wholesale-270x270.webp 270w, https:\/\/www.linktonkitchen.com\/wp-content\/uploads\/2025\/09\/chafing-dish-electric-wholesale-540x540.webp 540w, https:\/\/www.linktonkitchen.com\/wp-content\/uploads\/2025\/09\/chafing-dish-electric-wholesale-660x660.webp 660w\" sizes=\"(max-width: 800px) 100vw, 800px\" \/><\/figure>\n<\/div>\n<\/div>\n\n\n\n<div class=\"wp-block-columns is-layout-flex wp-container-core-columns-is-layout-9d6595d7 wp-block-columns-is-layout-flex\">\n<div class=\"wp-block-column is-vertically-aligned-center is-layout-flow wp-block-column-is-layout-flow\">\n<h2 class=\"wp-block-heading\">Chafing Dish Electric\uff1a Personalizado<\/h2>\n\n\n\n<p>Ofrecemos servicios ODM y OEM, lo que permite personalizar los logotipos y el embalaje de los productos. Admitimos varias opciones de embalaje, como bolsas, cajas de cart\u00f3n o embalajes personalizados seg\u00fan sus preferencias. Adem\u00e1s, ofrecemos opciones de color flexibles, como chapado en plata, oro o semidorado.<\/p>\n<\/div>\n<\/div>","protected":false},"excerpt":{"rendered":"<p>Chafing dish el\u00e9ctrico al por mayor, la tapa de cristal transparente de accionamiento hidr\u00e1ulico y el sistema de calentamiento el\u00e9ctrico mantienen los alimentos frescos y calientes, garantizando un servicio de catering eficiente. Atendemos pedidos al por mayor y a medida. P\u00f3ngase en contacto con nosotros para obtener los \u00faltimos presupuestos y soluciones.<\/p>\n<h2>Especificaciones de Chafing Dish Electric:<\/h2>\n<table width=\"402\">\n<tbody>\n<tr>\n<td width=\"145\">Fabricante<\/td>\n<td width=\"257\">Linkton<\/td>\n<\/tr>\n<tr>\n<td>Material<\/td>\n<td>Acero inoxidable<\/td>\n<\/tr>\n<tr>\n<td>Configuraci\u00f3n<\/td>\n<td width=\"257\">Bandeja de comida\/agua<\/td>\n<\/tr>\n<tr>\n<td>Calefacci\u00f3n<\/td>\n<td>\n<p>Calefacci\u00f3n el\u00e9ctrica<\/p>\n<\/td>\n<\/tr>\n<tr>\n<td>Tapa<\/td>\n<td width=\"257\">Tapa de cristal hidr\u00e1ulica<\/td>\n<\/tr>\n<tr>\n<td>OEM\/ODM<\/td>\n<td>Aceptable<\/td>\n<\/tr>\n<tr>\n<td>Muestra<\/td>\n<td>MOQ 1 pieza<\/td>\n<\/tr>\n<\/tbody>\n<\/table>","protected":false},"featured_media":6758,"template":"","meta":{"_acf_changed":false},"product-application":[],"product-capacity":[],"product_brand":[],"product_cat":[58],"product_tag":[],"class_list":{"0":"post-6768","1":"product","2":"type-product","3":"status-publish","4":"has-post-thumbnail","6":"product_cat-wholesale-chafing-dishes","8":"first","9":"instock","10":"shipping-taxable","11":"product-type-simple"},"acf":[],"_links":{"self":[{"href":"https:\/\/www.linktonkitchen.com\/es\/wp-json\/wp\/v2\/product\/6768","targetHints":{"allow":["GET"]}}],"collection":[{"href":"https:\/\/www.linktonkitchen.com\/es\/wp-json\/wp\/v2\/product"}],"about":[{"href":"https:\/\/www.linktonkitchen.com\/es\/wp-json\/wp\/v2\/types\/product"}],"version-history":[{"count":0,"href":"https:\/\/www.linktonkitchen.com\/es\/wp-json\/wp\/v2\/product\/6768\/revisions"}],"wp:featuredmedia":[{"embeddable":true,"href":"https:\/\/www.linktonkitchen.com\/es\/wp-json\/wp\/v2\/media\/6758"}],"wp:attachment":[{"href":"https:\/\/www.linktonkitchen.com\/es\/wp-json\/wp\/v2\/media?parent=6768"}],"wp:term":[{"taxonomy":"product-application","embeddable":true,"href":"https:\/\/www.linktonkitchen.com\/es\/wp-json\/wp\/v2\/product-application?post=6768"},{"taxonomy":"product-capacity","embeddable":true,"href":"https:\/\/www.linktonkitchen.com\/es\/wp-json\/wp\/v2\/product-capacity?post=6768"},{"taxonomy":"product_brand","embeddable":true,"href":"https:\/\/www.linktonkitchen.com\/es\/wp-json\/wp\/v2\/product_brand?post=6768"},{"taxonomy":"product_cat","embeddable":true,"href":"https:\/\/www.linktonkitchen.com\/es\/wp-json\/wp\/v2\/product_cat?post=6768"},{"taxonomy":"product_tag","embeddable":true,"href":"https:\/\/www.linktonkitchen.com\/es\/wp-json\/wp\/v2\/product_tag?post=6768"}],"curies":[{"name":"wp","href":"https:\/\/api.w.org\/{rel}","templated":true}]}}