{"id":6820,"date":"2025-09-10T16:27:56","date_gmt":"2025-09-10T16:27:56","guid":{"rendered":"https:\/\/www.linktonkitchen.com\/?post_type=product&#038;p=6820"},"modified":"2025-09-10T16:27:56","modified_gmt":"2025-09-10T16:27:56","slug":"wholesale-electric-chafer","status":"publish","type":"product","link":"https:\/\/www.linktonkitchen.com\/es\/product\/wholesale-electric-chafer\/","title":{"rendered":"Mayorista Chafing Dish, Plato Rectangular para Catering Personalizado"},"content":{"rendered":"<div class=\"wp-block-columns is-layout-flex wp-container-core-columns-is-layout-9d6595d7 wp-block-columns-is-layout-flex\">\n<div class=\"wp-block-column is-layout-flow wp-block-column-is-layout-flow\">\n<h2 class=\"wp-block-heading\">Mayorista Chafer El\u00e9ctrico Caracter\u00edsticas:<\/h2>\n\n\n\n<p><strong>Panel de control digital inteligente<\/strong>: Equipada con una pantalla digital y mandos por pulsador, permite un ajuste preciso de la temperatura y un manejo intuitivo.<\/p>\n\n\n\n<p><strong>Acero inoxidable de calidad alimentaria:<\/strong> Resistente a la corrosi\u00f3n y a prueba de \u00f3xido, mantiene su aspecto impecable incluso tras un uso prolongado, lo que la convierte en la opci\u00f3n ideal para la restauraci\u00f3n comercial de alta frecuencia.<\/p>\n\n\n\n<p><strong>Tapa de cristal transparente<\/strong>: Controle c\u00f3modamente el estado de los alimentos en todo momento, eliminando la necesidad de abrirlos con frecuencia y reduciendo la p\u00e9rdida de calor.<\/p>\n\n\n\n<p><strong>Bandeja para alimentos de gran capacidad<\/strong>: Ofrece un amplio espacio para una gran variedad de platos, por lo que es ideal para hoteles, buffets y banquetes.<\/p>\n\n\n\n<p><strong>Sistema de calefacci\u00f3n uniforme:<\/strong> Calienta de forma r\u00e1pida y estable, evitando el sobrecalentamiento y preservando el sabor y el valor nutritivo de los alimentos.<\/p>\n\n\n\n<p><strong>Ahorro de energ\u00eda y seguridad:<\/strong> El control de la temperatura reduce eficazmente el consumo de energ\u00eda, mientras que la protecci\u00f3n contra el sobrecalentamiento aumenta la seguridad.<\/p>\n\n\n\n<p><strong>Diversas opciones de revestimiento<\/strong>: Disponibles con revestimiento cer\u00e1mico o de acero inoxidable para satisfacer diversas necesidades de restauraci\u00f3n.<\/p>\n\n\n\n<p><strong>A granel y personalizable<\/strong>: Existen opciones de personalizaci\u00f3n, como el logotipo, la capacidad y el tama\u00f1o, para satisfacer las necesidades de la marca y la empresa.<\/p>\n<\/div>\n\n\n\n<div class=\"wp-block-column is-layout-flow wp-block-column-is-layout-flow\">\n<figure class=\"wp-block-image size-full\"><img fetchpriority=\"high\" decoding=\"async\" width=\"800\" height=\"800\" src=\"https:\/\/www.linktonkitchen.com\/wp-content\/uploads\/2025\/09\/wholesale-electric-chafer.webp\" alt=\"venta al por mayor chafer electrico\" class=\"wp-image-6821\" srcset=\"https:\/\/www.linktonkitchen.com\/wp-content\/uploads\/2025\/09\/wholesale-electric-chafer.webp 800w, https:\/\/www.linktonkitchen.com\/wp-content\/uploads\/2025\/09\/wholesale-electric-chafer-300x300.webp 300w, https:\/\/www.linktonkitchen.com\/wp-content\/uploads\/2025\/09\/wholesale-electric-chafer-150x150.webp 150w, https:\/\/www.linktonkitchen.com\/wp-content\/uploads\/2025\/09\/wholesale-electric-chafer-768x768.webp 768w, https:\/\/www.linktonkitchen.com\/wp-content\/uploads\/2025\/09\/wholesale-electric-chafer-12x12.webp 12w, https:\/\/www.linktonkitchen.com\/wp-content\/uploads\/2025\/09\/wholesale-electric-chafer-285x285.webp 285w, https:\/\/www.linktonkitchen.com\/wp-content\/uploads\/2025\/09\/wholesale-electric-chafer-270x270.webp 270w, https:\/\/www.linktonkitchen.com\/wp-content\/uploads\/2025\/09\/wholesale-electric-chafer-540x540.webp 540w, https:\/\/www.linktonkitchen.com\/wp-content\/uploads\/2025\/09\/wholesale-electric-chafer-660x660.webp 660w\" sizes=\"(max-width: 800px) 100vw, 800px\" \/><\/figure>\n<\/div>\n<\/div>\n\n\n\n<div class=\"wp-block-columns is-layout-flex wp-container-core-columns-is-layout-9d6595d7 wp-block-columns-is-layout-flex\">\n<div class=\"wp-block-column is-vertically-aligned-center is-layout-flow wp-block-column-is-layout-flow\">\n<h2 class=\"wp-block-heading\">Asador el\u00e9ctrico al por mayor personalizado\uff1a<\/h2>\n\n\n\n<p>Ofrecemos servicios ODM y OEM, lo que permite personalizar los logotipos y el embalaje de los productos. Admitimos varias opciones de embalaje, como bolsas, cajas de cart\u00f3n o embalajes personalizados seg\u00fan sus preferencias. Adem\u00e1s, ofrecemos opciones de color flexibles, como chapado en plata, oro o semidorado.<\/p>\n<\/div>\n<\/div>","protected":false},"excerpt":{"rendered":"<p>Chafer el\u00e9ctrico al por mayor, acero inoxidable de alta calidad, control inteligente de la temperatura y un dise\u00f1o rectangular de gran capacidad lo hacen ideal para hoteles, cafeter\u00edas, banquetes y catering. Disponible para venta al por mayor y personalizaci\u00f3n, p\u00f3ngase en contacto con nosotros hoy mismo para obtener un presupuesto y una propuesta.<\/p>\n<h2>Especificaciones de la Chafer el\u00e9ctrica:<\/h2>\n<table width=\"402\">\n<tbody>\n<tr>\n<td width=\"145\">Fabricante<\/td>\n<td width=\"257\">Linkton<\/td>\n<\/tr>\n<tr>\n<td>Material<\/td>\n<td>Acero inoxidable<\/td>\n<\/tr>\n<tr>\n<td>Configuraci\u00f3n<\/td>\n<td width=\"257\">Bandeja de comida\/agua<\/td>\n<\/tr>\n<tr>\n<td>Calefacci\u00f3n<\/td>\n<td>\n<p>Calefacci\u00f3n el\u00e9ctrica<\/p>\n<\/td>\n<\/tr>\n<tr>\n<td>Tapa<\/td>\n<td width=\"257\">Tapa de cristal hidr\u00e1ulica<\/td>\n<\/tr>\n<tr>\n<td>OEM\/ODM<\/td>\n<td>Aceptable<\/td>\n<\/tr>\n<tr>\n<td>Muestra<\/td>\n<td>MOQ 1 pieza<\/td>\n<\/tr>\n<\/tbody>\n<\/table>","protected":false},"featured_media":6821,"template":"","meta":{"_acf_changed":false},"product-application":[],"product-capacity":[],"product_brand":[],"product_cat":[58],"product_tag":[],"class_list":{"0":"post-6820","1":"product","2":"type-product","3":"status-publish","4":"has-post-thumbnail","6":"product_cat-wholesale-chafing-dishes","8":"first","9":"instock","10":"shipping-taxable","11":"product-type-simple"},"acf":[],"_links":{"self":[{"href":"https:\/\/www.linktonkitchen.com\/es\/wp-json\/wp\/v2\/product\/6820","targetHints":{"allow":["GET"]}}],"collection":[{"href":"https:\/\/www.linktonkitchen.com\/es\/wp-json\/wp\/v2\/product"}],"about":[{"href":"https:\/\/www.linktonkitchen.com\/es\/wp-json\/wp\/v2\/types\/product"}],"version-history":[{"count":0,"href":"https:\/\/www.linktonkitchen.com\/es\/wp-json\/wp\/v2\/product\/6820\/revisions"}],"wp:featuredmedia":[{"embeddable":true,"href":"https:\/\/www.linktonkitchen.com\/es\/wp-json\/wp\/v2\/media\/6821"}],"wp:attachment":[{"href":"https:\/\/www.linktonkitchen.com\/es\/wp-json\/wp\/v2\/media?parent=6820"}],"wp:term":[{"taxonomy":"product-application","embeddable":true,"href":"https:\/\/www.linktonkitchen.com\/es\/wp-json\/wp\/v2\/product-application?post=6820"},{"taxonomy":"product-capacity","embeddable":true,"href":"https:\/\/www.linktonkitchen.com\/es\/wp-json\/wp\/v2\/product-capacity?post=6820"},{"taxonomy":"product_brand","embeddable":true,"href":"https:\/\/www.linktonkitchen.com\/es\/wp-json\/wp\/v2\/product_brand?post=6820"},{"taxonomy":"product_cat","embeddable":true,"href":"https:\/\/www.linktonkitchen.com\/es\/wp-json\/wp\/v2\/product_cat?post=6820"},{"taxonomy":"product_tag","embeddable":true,"href":"https:\/\/www.linktonkitchen.com\/es\/wp-json\/wp\/v2\/product_tag?post=6820"}],"curies":[{"name":"wp","href":"https:\/\/api.w.org\/{rel}","templated":true}]}}