{"id":6828,"date":"2025-09-10T16:27:56","date_gmt":"2025-09-10T16:27:56","guid":{"rendered":"https:\/\/www.linktonkitchen.com\/?post_type=product&#038;p=6828"},"modified":"2025-09-10T16:27:56","modified_gmt":"2025-09-10T16:27:56","slug":"wholesale-chafing-dish-round","status":"publish","type":"product","link":"https:\/\/www.linktonkitchen.com\/es\/product\/wholesale-chafing-dish-round\/","title":{"rendered":"Mayorista Chafing Dish Redondo, El\u00e9ctrico Acero Inoxidable Buffet Set Personalizado"},"content":{"rendered":"<div class=\"wp-block-columns is-layout-flex wp-container-core-columns-is-layout-9d6595d7 wp-block-columns-is-layout-flex\">\n<div class=\"wp-block-column is-layout-flow wp-block-column-is-layout-flow\">\n<h2 class=\"wp-block-heading\">Chafing Dish Round Caracter\u00edsticas:<\/h2>\n\n\n\n<p><strong>Aspecto pr\u00e1ctico:<\/strong> Su elegante forma redonda con tapa de cristal transparente permite ver f\u00e1cilmente el estado de los alimentos, mejorando la experiencia visual general de la mesa.<\/p>\n\n\n\n<p><strong>Panel de control digital inteligente<\/strong>: Equipado con una pantalla digital t\u00e1ctil, ajusta con precisi\u00f3n la temperatura para garantizar que los alimentos se mantengan a la temperatura perfecta durante periodos prolongados.<\/p>\n\n\n\n<p><strong>M\u00faltiples opciones de maceta interior: <\/strong>Disponible con olla interior de cer\u00e1mica o de acero inoxidable para satisfacer las necesidades de diversos platos, garantizando tanto la retenci\u00f3n del calor como la durabilidad.<\/p>\n\n\n\n<p><strong>Acero inoxidable de alta resistencia<\/strong>: Resistente a la corrosi\u00f3n y f\u00e1cil de limpiar, adecuado para entornos de hosteler\u00eda y restauraci\u00f3n de uso intensivo.<\/p>\n\n\n\n<p><strong>Calefacci\u00f3n estable y de bajo consumo:<\/strong> El eficiente sistema de calefacci\u00f3n el\u00e9ctrica proporciona un calentamiento r\u00e1pido y uniforme, ahorrando energ\u00eda y protegiendo el medio ambiente.<\/p>\n\n\n\n<p><strong>Proporcionar personalizaci\u00f3n:<\/strong> Ofrecemos soluciones personalizadas adaptadas a las necesidades de su restaurante, incluida la personalizaci\u00f3n del tama\u00f1o, la capacidad, el logotipo y mucho m\u00e1s.<\/p>\n<\/div>\n\n\n\n<div class=\"wp-block-column is-layout-flow wp-block-column-is-layout-flow\">\n<figure class=\"wp-block-image size-full\"><img fetchpriority=\"high\" decoding=\"async\" width=\"749\" height=\"749\" src=\"https:\/\/www.linktonkitchen.com\/wp-content\/uploads\/2025\/09\/wholesale-chafing-dish-round.webp\" alt=\"venta al por mayor chafing dish round\" class=\"wp-image-6822\" srcset=\"https:\/\/www.linktonkitchen.com\/wp-content\/uploads\/2025\/09\/wholesale-chafing-dish-round.webp 749w, https:\/\/www.linktonkitchen.com\/wp-content\/uploads\/2025\/09\/wholesale-chafing-dish-round-300x300.webp 300w, https:\/\/www.linktonkitchen.com\/wp-content\/uploads\/2025\/09\/wholesale-chafing-dish-round-150x150.webp 150w, https:\/\/www.linktonkitchen.com\/wp-content\/uploads\/2025\/09\/wholesale-chafing-dish-round-12x12.webp 12w, https:\/\/www.linktonkitchen.com\/wp-content\/uploads\/2025\/09\/wholesale-chafing-dish-round-285x285.webp 285w, https:\/\/www.linktonkitchen.com\/wp-content\/uploads\/2025\/09\/wholesale-chafing-dish-round-270x270.webp 270w, https:\/\/www.linktonkitchen.com\/wp-content\/uploads\/2025\/09\/wholesale-chafing-dish-round-540x540.webp 540w, https:\/\/www.linktonkitchen.com\/wp-content\/uploads\/2025\/09\/wholesale-chafing-dish-round-660x660.webp 660w\" sizes=\"(max-width: 749px) 100vw, 749px\" \/><\/figure>\n<\/div>\n<\/div>\n\n\n\n<div class=\"wp-block-columns is-layout-flex wp-container-core-columns-is-layout-9d6595d7 wp-block-columns-is-layout-flex\">\n<div class=\"wp-block-column is-vertically-aligned-center is-layout-flow wp-block-column-is-layout-flow\">\n<h2 class=\"wp-block-heading\">Chafing Dish Round\uff1a Personalizado<\/h2>\n\n\n\n<p>Ofrecemos servicios ODM y OEM, lo que permite personalizar los logotipos y el embalaje de los productos. Admitimos varias opciones de embalaje, como bolsas, cajas de cart\u00f3n o embalajes personalizados seg\u00fan sus preferencias. Adem\u00e1s, ofrecemos opciones de color flexibles, como chapado en plata, oro o semidorado.<\/p>\n<\/div>\n<\/div>","protected":false},"excerpt":{"rendered":"<p>Mayorista de calientaplatos redondo de acero inoxidable el\u00e9ctrico con panel de control digital, insertos de cer\u00e1mica o acero inoxidable opcionales. Ideal para hoteles, catering y restaurantes. Suministro de Linkton fabricante de equipos de buffet, el apoyo a los pedidos personalizados. \u00a1Bienvenido a contactar con nosotros hoy para precios al por mayor!<\/p>\n<h2>Par\u00e1metros del Chafing Dish Round:<\/h2>\n<table width=\"402\">\n<tbody>\n<tr>\n<td width=\"145\">Fabricante<\/td>\n<td width=\"257\">Linkton<\/td>\n<\/tr>\n<tr>\n<td>Material<\/td>\n<td>Acero inoxidable<\/td>\n<\/tr>\n<tr>\n<td>Configuraci\u00f3n<\/td>\n<td width=\"257\">Bandeja de comida\/agua<\/td>\n<\/tr>\n<tr>\n<td>Calefacci\u00f3n<\/td>\n<td>\n<p>Calefacci\u00f3n el\u00e9ctrica<\/p>\n<\/td>\n<\/tr>\n<tr>\n<td>Tapa<\/td>\n<td width=\"257\">Tapa de cristal hidr\u00e1ulica<\/td>\n<\/tr>\n<tr>\n<td>OEM\/ODM<\/td>\n<td>Aceptable<\/td>\n<\/tr>\n<tr>\n<td>Muestra<\/td>\n<td>MOQ 1 pieza<\/td>\n<\/tr>\n<\/tbody>\n<\/table>","protected":false},"featured_media":6822,"template":"","meta":{"_acf_changed":false},"product-application":[],"product-capacity":[],"product_brand":[],"product_cat":[58],"product_tag":[],"class_list":{"0":"post-6828","1":"product","2":"type-product","3":"status-publish","4":"has-post-thumbnail","6":"product_cat-wholesale-chafing-dishes","8":"first","9":"instock","10":"shipping-taxable","11":"product-type-simple"},"acf":[],"_links":{"self":[{"href":"https:\/\/www.linktonkitchen.com\/es\/wp-json\/wp\/v2\/product\/6828","targetHints":{"allow":["GET"]}}],"collection":[{"href":"https:\/\/www.linktonkitchen.com\/es\/wp-json\/wp\/v2\/product"}],"about":[{"href":"https:\/\/www.linktonkitchen.com\/es\/wp-json\/wp\/v2\/types\/product"}],"version-history":[{"count":0,"href":"https:\/\/www.linktonkitchen.com\/es\/wp-json\/wp\/v2\/product\/6828\/revisions"}],"wp:featuredmedia":[{"embeddable":true,"href":"https:\/\/www.linktonkitchen.com\/es\/wp-json\/wp\/v2\/media\/6822"}],"wp:attachment":[{"href":"https:\/\/www.linktonkitchen.com\/es\/wp-json\/wp\/v2\/media?parent=6828"}],"wp:term":[{"taxonomy":"product-application","embeddable":true,"href":"https:\/\/www.linktonkitchen.com\/es\/wp-json\/wp\/v2\/product-application?post=6828"},{"taxonomy":"product-capacity","embeddable":true,"href":"https:\/\/www.linktonkitchen.com\/es\/wp-json\/wp\/v2\/product-capacity?post=6828"},{"taxonomy":"product_brand","embeddable":true,"href":"https:\/\/www.linktonkitchen.com\/es\/wp-json\/wp\/v2\/product_brand?post=6828"},{"taxonomy":"product_cat","embeddable":true,"href":"https:\/\/www.linktonkitchen.com\/es\/wp-json\/wp\/v2\/product_cat?post=6828"},{"taxonomy":"product_tag","embeddable":true,"href":"https:\/\/www.linktonkitchen.com\/es\/wp-json\/wp\/v2\/product_tag?post=6828"}],"curies":[{"name":"wp","href":"https:\/\/api.w.org\/{rel}","templated":true}]}}