{"id":2809,"date":"2024-04-19T08:32:07","date_gmt":"2024-04-19T08:32:07","guid":{"rendered":"https:\/\/linktonkitchen.com\/?post_type=product&#038;p=2809"},"modified":"2026-02-03T08:14:57","modified_gmt":"2026-02-03T08:14:57","slug":"autocuiseur-antideflagrant","status":"publish","type":"product","link":"https:\/\/www.linktonkitchen.com\/fr\/product\/explosion-proof-pressure-cooker\/","title":{"rendered":"Wholesale Explosion Proof Pressure Cooker, 5-80QT Pressure Cooker Supplier"},"content":{"rendered":"<div class=\"wp-block-columns is-layout-flex wp-container-core-columns-is-layout-9d6595d7 wp-block-columns-is-layout-flex\">\n<div class=\"wp-block-column is-layout-flow wp-block-column-is-layout-flow\">\n<figure class=\"wp-block-embed is-type-video is-provider-youtube wp-block-embed-youtube wp-embed-aspect-16-9 wp-has-aspect-ratio\"><div class=\"wp-block-embed__wrapper\">\n<iframe title=\"Autocuiseur antid\u00e9flagrant avec protection multiple des d\u00e9tails pour garantir une cuisson s\u00fbre.#cookware\" width=\"940\" height=\"529\" src=\"https:\/\/www.youtube.com\/embed\/03o9Urhxw1w?feature=oembed\" frameborder=\"0\" allow=\"accelerometer; autoplay; clipboard-write; encrypted-media; gyroscope; picture-in-picture; web-share\" referrerpolicy=\"strict-origin-when-cross-origin\" allowfullscreen><\/iframe>\n<\/div><\/figure>\n<\/div>\n\n\n\n<div class=\"wp-block-column is-layout-flow wp-block-column-is-layout-flow\">\n<h2 class=\"wp-block-heading\">Autocuiseur antid\u00e9flagrant Param\u00e8tres :<\/h2>\n\n\n\n<figure class=\"wp-block-table\"><table class=\"has-fixed-layout\"><tbody><tr><td>Num\u00e9ro de mod\u00e8le<\/td><td>Capacit\u00e9<\/td><td>Diam\u00e8tre de l'embouchure<\/td><td>Poids brut (kg)<\/td><\/tr><tr><td rowspan=\"10\">LT-FB<\/td><td>5L<\/td><td>22cm<\/td><td>3,23 kg<\/td><\/tr><tr><td>7L<\/td><td>24cm<\/td><td>3,53 kg<\/td><\/tr><tr><td>9L<\/td><td>26cm<\/td><td>4,35 kg<\/td><\/tr><tr><td>11L<\/td><td>28cm<\/td><td>4,82 kg<\/td><\/tr><tr><td>13L<\/td><td>30cm<\/td><td>5,84 kg<\/td><\/tr><tr><td>15L<\/td><td>32cm<\/td><td>6,04 kg<\/td><\/tr><tr><td>26L<\/td><td>36cm<\/td><td>9,8 kg<\/td><\/tr><tr><td>40L<\/td><td>40cm<\/td><td>13,43 kg<\/td><\/tr><tr><td>50L<\/td><td>44cm<\/td><td>16,27 kg<\/td><\/tr><tr><td>80L<\/td><td>50cm<\/td><td>18,17 kg<\/td><\/tr><\/tbody><\/table><\/figure>\n<\/div>\n<\/div>\n\n\n\n<div class=\"wp-block-columns is-layout-flex wp-container-core-columns-is-layout-9d6595d7 wp-block-columns-is-layout-flex\">\n<div class=\"wp-block-column is-vertically-aligned-center is-layout-flow wp-block-column-is-layout-flow\">\n<h2 class=\"wp-block-heading\">Autocuiseur antid\u00e9flagrant Caract\u00e9ristiques :<\/h2>\n\n\n\n<p><strong>Syst\u00e8me antid\u00e9flagrant de traverse et d'anneau de verrouillage<\/strong><\/p>\n\n\n\n<p>La traverse horizontale relie le couvercle \u00e0 l'anneau de verrouillage renforc\u00e9 pour former une structure r\u00e9sistante \u00e0 la pression, garantissant que le couvercle est solidement verrouill\u00e9 m\u00eame sous haute pression.<\/p>\n\n\n\n<p><strong>Bouton en bak\u00e9lite r\u00e9sistant \u00e0 la chaleur<\/strong><\/p>\n\n\n\n<p>La rotation manuelle de la torsion en bak\u00e9lite permet de sceller et de d\u00e9verrouiller l'appareil, ce qui est s\u00fbr et pratique.<\/p>\n\n\n\n<p><strong>Cuisson efficace \u00e0 haute pression<\/strong><\/p>\n\n\n\n<p>Gagnez jusqu'\u00e0 70% de temps de cuisson, m\u00eame pour les ingr\u00e9dients les plus durs comme la viande ou les haricots.<\/p>\n\n\n\n<p><strong>Acier inoxydable de haute qualit\u00e9<\/strong><\/p>\n\n\n\n<p>Fabriqu\u00e9 en acier inoxydable \u00e9pais de qualit\u00e9 alimentaire avec une surface polie miroir, cr\u00e9ant un aspect moderne, durable et adapt\u00e9 \u00e0 un usage quotidien.<\/p>\n\n\n\n<p><strong>Large gamme de capacit\u00e9s pour de multiples applications<\/strong><\/p>\n\n\n\n<p>Disponible de 5 \u00e0 80 litres, cette large gamme de capacit\u00e9s convient aux m\u00e9nages, aux services de restauration, aux cuisines centrales, aux restaurants et aux applications de transformation des aliments.<\/p>\n\n\n\n<p>Id\u00e9al pour les acheteurs qui recherchent un fournisseur unique pour couvrir plusieurs segments de march\u00e9 et sc\u00e9narios d'utilisation.<\/p>\n<\/div>\n\n\n\n<div class=\"wp-block-column is-layout-flow wp-block-column-is-layout-flow\">\n<figure class=\"wp-block-image size-full\"><img fetchpriority=\"high\" decoding=\"async\" width=\"800\" height=\"800\" src=\"https:\/\/www.linktonkitchen.com\/wp-content\/uploads\/2025\/07\/Wholesale-Industrial-Pressure-Cooker-4.webp\" alt=\"Autocuiseur industriel en gros (4)\" class=\"wp-image-6143\" srcset=\"https:\/\/www.linktonkitchen.com\/wp-content\/uploads\/2025\/07\/Wholesale-Industrial-Pressure-Cooker-4.webp 800w, https:\/\/www.linktonkitchen.com\/wp-content\/uploads\/2025\/07\/Wholesale-Industrial-Pressure-Cooker-4-300x300.webp 300w, https:\/\/www.linktonkitchen.com\/wp-content\/uploads\/2025\/07\/Wholesale-Industrial-Pressure-Cooker-4-150x150.webp 150w, https:\/\/www.linktonkitchen.com\/wp-content\/uploads\/2025\/07\/Wholesale-Industrial-Pressure-Cooker-4-768x768.webp 768w, https:\/\/www.linktonkitchen.com\/wp-content\/uploads\/2025\/07\/Wholesale-Industrial-Pressure-Cooker-4-12x12.webp 12w, https:\/\/www.linktonkitchen.com\/wp-content\/uploads\/2025\/07\/Wholesale-Industrial-Pressure-Cooker-4-285x285.webp 285w, https:\/\/www.linktonkitchen.com\/wp-content\/uploads\/2025\/07\/Wholesale-Industrial-Pressure-Cooker-4-270x270.webp 270w, https:\/\/www.linktonkitchen.com\/wp-content\/uploads\/2025\/07\/Wholesale-Industrial-Pressure-Cooker-4-540x540.webp 540w, https:\/\/www.linktonkitchen.com\/wp-content\/uploads\/2025\/07\/Wholesale-Industrial-Pressure-Cooker-4-660x660.webp 660w\" sizes=\"(max-width: 800px) 100vw, 800px\" \/><\/figure>\n<\/div>\n<\/div>\n\n\n\n<div class=\"wp-block-columns is-layout-flex wp-container-core-columns-is-layout-9d6595d7 wp-block-columns-is-layout-flex\">\n<div class=\"wp-block-column is-layout-flow wp-block-column-is-layout-flow\">\n<figure class=\"wp-block-image size-full\"><img decoding=\"async\" width=\"800\" height=\"800\" src=\"https:\/\/www.linktonkitchen.com\/wp-content\/uploads\/2025\/07\/Wholesale-explosion-proof-pressure-cookers-with-double-handles-for-commercial-restaurants-3.webp\" alt=\"Vente en gros d&#039;autocuiseurs antid\u00e9flagrants \u00e0 double poign\u00e9e pour les restaurants commerciaux\" class=\"wp-image-7197\" srcset=\"https:\/\/www.linktonkitchen.com\/wp-content\/uploads\/2025\/07\/Wholesale-explosion-proof-pressure-cookers-with-double-handles-for-commercial-restaurants-3.webp 800w, https:\/\/www.linktonkitchen.com\/wp-content\/uploads\/2025\/07\/Wholesale-explosion-proof-pressure-cookers-with-double-handles-for-commercial-restaurants-3-300x300.webp 300w, https:\/\/www.linktonkitchen.com\/wp-content\/uploads\/2025\/07\/Wholesale-explosion-proof-pressure-cookers-with-double-handles-for-commercial-restaurants-3-150x150.webp 150w, https:\/\/www.linktonkitchen.com\/wp-content\/uploads\/2025\/07\/Wholesale-explosion-proof-pressure-cookers-with-double-handles-for-commercial-restaurants-3-768x768.webp 768w, https:\/\/www.linktonkitchen.com\/wp-content\/uploads\/2025\/07\/Wholesale-explosion-proof-pressure-cookers-with-double-handles-for-commercial-restaurants-3-12x12.webp 12w, https:\/\/www.linktonkitchen.com\/wp-content\/uploads\/2025\/07\/Wholesale-explosion-proof-pressure-cookers-with-double-handles-for-commercial-restaurants-3-285x285.webp 285w, https:\/\/www.linktonkitchen.com\/wp-content\/uploads\/2025\/07\/Wholesale-explosion-proof-pressure-cookers-with-double-handles-for-commercial-restaurants-3-270x270.webp 270w, https:\/\/www.linktonkitchen.com\/wp-content\/uploads\/2025\/07\/Wholesale-explosion-proof-pressure-cookers-with-double-handles-for-commercial-restaurants-3-540x540.webp 540w, https:\/\/www.linktonkitchen.com\/wp-content\/uploads\/2025\/07\/Wholesale-explosion-proof-pressure-cookers-with-double-handles-for-commercial-restaurants-3-660x660.webp 660w\" sizes=\"(max-width: 800px) 100vw, 800px\" \/><\/figure>\n<\/div>\n\n\n\n<div class=\"wp-block-column is-layout-flow wp-block-column-is-layout-flow\">\n<figure class=\"wp-block-image size-full is-resized\"><img decoding=\"async\" width=\"746\" height=\"898\" src=\"https:\/\/www.linktonkitchen.com\/wp-content\/uploads\/2024\/04\/Wholesale-explosion-proof-pressure-cookers-with-double-handles.webp\" alt=\"Vente en gros d&#039;autocuiseurs antid\u00e9flagrants \u00e0 double poign\u00e9e\" class=\"wp-image-7218\" style=\"aspect-ratio:0.6512846347607053;object-fit:cover;width:298px;height:auto\" srcset=\"https:\/\/www.linktonkitchen.com\/wp-content\/uploads\/2024\/04\/Wholesale-explosion-proof-pressure-cookers-with-double-handles.webp 746w, https:\/\/www.linktonkitchen.com\/wp-content\/uploads\/2024\/04\/Wholesale-explosion-proof-pressure-cookers-with-double-handles-249x300.webp 249w, https:\/\/www.linktonkitchen.com\/wp-content\/uploads\/2024\/04\/Wholesale-explosion-proof-pressure-cookers-with-double-handles-10x12.webp 10w, https:\/\/www.linktonkitchen.com\/wp-content\/uploads\/2024\/04\/Wholesale-explosion-proof-pressure-cookers-with-double-handles-285x343.webp 285w, https:\/\/www.linktonkitchen.com\/wp-content\/uploads\/2024\/04\/Wholesale-explosion-proof-pressure-cookers-with-double-handles-548x660.webp 548w, https:\/\/www.linktonkitchen.com\/wp-content\/uploads\/2024\/04\/Wholesale-explosion-proof-pressure-cookers-with-double-handles-125x150.webp 125w\" sizes=\"(max-width: 746px) 100vw, 746px\" \/><\/figure>\n<\/div>\n<\/div>\n\n\n\n<div class=\"wp-block-columns is-layout-flex wp-container-core-columns-is-layout-9d6595d7 wp-block-columns-is-layout-flex\">\n<div class=\"wp-block-column is-layout-flow wp-block-column-is-layout-flow\">\n<figure class=\"wp-block-image size-full\"><img loading=\"lazy\" decoding=\"async\" width=\"546\" height=\"462\" src=\"https:\/\/www.linktonkitchen.com\/wp-content\/uploads\/2025\/03\/custom-pressure-cooker-Color.webp\" alt=\"autocuiseur personnalis\u00e9 Couleur\" class=\"wp-image-5270\" srcset=\"https:\/\/www.linktonkitchen.com\/wp-content\/uploads\/2025\/03\/custom-pressure-cooker-Color.webp 546w, https:\/\/www.linktonkitchen.com\/wp-content\/uploads\/2025\/03\/custom-pressure-cooker-Color-300x254.webp 300w, https:\/\/www.linktonkitchen.com\/wp-content\/uploads\/2025\/03\/custom-pressure-cooker-Color-14x12.webp 14w, https:\/\/www.linktonkitchen.com\/wp-content\/uploads\/2025\/03\/custom-pressure-cooker-Color-285x241.webp 285w, https:\/\/www.linktonkitchen.com\/wp-content\/uploads\/2025\/03\/custom-pressure-cooker-Color-150x127.webp 150w\" sizes=\"(max-width: 546px) 100vw, 546px\" \/><\/figure>\n<\/div>\n\n\n\n<div class=\"wp-block-column is-vertically-aligned-center is-layout-flow wp-block-column-is-layout-flow\">\n<h2 class=\"wp-block-heading\">Autocuiseur antid\u00e9flagrant sur mesure<\/h2>\n\n\n\n<p>Nous proposons des services de personnalisation OEM et ODM flexibles pour r\u00e9pondre aux diff\u00e9rentes exigences du march\u00e9 et au positionnement de la marque.<\/p>\n\n\n\n<p><strong>Plage de capacit\u00e9 :\u00a0<\/strong>Choisissez entre 5 et 80 litres pour r\u00e9pondre aux besoins des diff\u00e9rentes tailles de famille.<\/p>\n\n\n\n<p><strong>Finition de la surface :&nbsp;<\/strong>Disponible en polissage miroir (haute brillance), en finition satin\u00e9e (aspect bross\u00e9) ou en rev\u00eatement color\u00e9 personnalis\u00e9.<\/p>\n\n\n\n<p><strong>Marque et logo :<\/strong><\/p>\n\n\n\n<ul class=\"wp-block-list\">\n<li>Gravure au laser sur le corps du pot.<\/li>\n\n\n\n<li>Tampon sur le fond.<\/li>\n\n\n\n<li>Logo personnalis\u00e9 sur les poign\u00e9es et les valves de pression.<\/li>\n<\/ul>\n\n\n\n<p><strong>Conception de l'emballage :&nbsp;<\/strong>Bo\u00eetes de couleur, manuels d'instructions et cartons d'exp\u00e9dition enti\u00e8rement personnalis\u00e9s avec l'identit\u00e9 visuelle de votre marque.<\/p>\n<\/div>\n<\/div>","protected":false},"excerpt":{"rendered":"<p>Autocuiseur antid\u00e9flagrant avec double poign\u00e9e, d'une capacit\u00e9 de 5 \u00e0 15 litres, adapt\u00e9 \u00e0 la maison, \u00e0 la petite restauration ou \u00e0 la cuisine commerciale. Conception antid\u00e9flagrante avec bouton, c'est un choix s\u00fbr et moderne d'autocuiseur. Prix d'usine, logo personnalis\u00e9, service logistique, n'h\u00e9sitez pas \u00e0 nous contacter !<\/p>\n<h2>Autocuiseur antid\u00e9flagrant Sp\u00e9cifications :<\/h2>\n<table width=\"402\">\n<tbody>\n<tr>\n<td width=\"145\">Fabricant<\/td>\n<td width=\"257\">Linkton<\/td>\n<\/tr>\n<tr>\n<td width=\"145\">Num\u00e9ro de mod\u00e8le<\/td>\n<td width=\"257\">LT-FB<\/td>\n<\/tr>\n<tr>\n<td>Capacit\u00e9<\/td>\n<td>5L\/ 7L\/ 9L\/ 11L\/ 13L\/ 15L\/26L\/ 40L\/ 50L\/ 80L<\/td>\n<\/tr>\n<tr>\n<td>Fonction<\/td>\n<td width=\"257\">1. Cuisson rapide 60kPa\u00a0<br \/>2. Syst\u00e8me de s\u00e9curit\u00e9 antid\u00e9flagrant<br \/>3. Bouton rotatif en bak\u00e9lite pour une ouverture s\u00fbre et facile<br \/>4. Nettoyage pratique<\/td>\n<\/tr>\n<tr>\n<td>Fourneau applicable<\/td>\n<td>Cuisini\u00e8re\/Cuisini\u00e8re \u00e0 induction\/ Cuisini\u00e8re \u00e0 gaz\/ Cuisini\u00e8re \u00e9lectrique\/ Cuisini\u00e8re en c\u00e9ramique\/ Cuisini\u00e8re halog\u00e8ne<\/td>\n<\/tr>\n<tr>\n<td width=\"145\">Configuration<\/td>\n<td width=\"257\">Manuel\/Soupape de limitation de pression\/Cuvette anti-d\u00e9bordement\/Aiguille de nettoyage<\/td>\n<\/tr>\n<tr>\n<td>OEM\/ODM<\/td>\n<td>Acceptable<\/td>\n<\/tr>\n<tr>\n<td>\u00c9chantillon<\/td>\n<td>MOQ 1 pi\u00e8ce<\/td>\n<\/tr>\n<\/tbody>\n<\/table>","protected":false},"featured_media":2815,"template":"","meta":{"_acf_changed":false},"product-application":[],"product-capacity":[],"product_brand":[],"product_cat":[55],"product_tag":[85],"class_list":{"0":"post-2809","1":"product","2":"type-product","3":"status-publish","4":"has-post-thumbnail","6":"product_cat-pressure-cooker-wholesale","7":"product_tag-stainless-steel-pressure-cooker-wholesale","9":"first","10":"instock","11":"shipping-taxable","12":"product-type-simple"},"acf":[],"_links":{"self":[{"href":"https:\/\/www.linktonkitchen.com\/fr\/wp-json\/wp\/v2\/product\/2809","targetHints":{"allow":["GET"]}}],"collection":[{"href":"https:\/\/www.linktonkitchen.com\/fr\/wp-json\/wp\/v2\/product"}],"about":[{"href":"https:\/\/www.linktonkitchen.com\/fr\/wp-json\/wp\/v2\/types\/product"}],"version-history":[{"count":0,"href":"https:\/\/www.linktonkitchen.com\/fr\/wp-json\/wp\/v2\/product\/2809\/revisions"}],"wp:featuredmedia":[{"embeddable":true,"href":"https:\/\/www.linktonkitchen.com\/fr\/wp-json\/wp\/v2\/media\/2815"}],"wp:attachment":[{"href":"https:\/\/www.linktonkitchen.com\/fr\/wp-json\/wp\/v2\/media?parent=2809"}],"wp:term":[{"taxonomy":"product-application","embeddable":true,"href":"https:\/\/www.linktonkitchen.com\/fr\/wp-json\/wp\/v2\/product-application?post=2809"},{"taxonomy":"product-capacity","embeddable":true,"href":"https:\/\/www.linktonkitchen.com\/fr\/wp-json\/wp\/v2\/product-capacity?post=2809"},{"taxonomy":"product_brand","embeddable":true,"href":"https:\/\/www.linktonkitchen.com\/fr\/wp-json\/wp\/v2\/product_brand?post=2809"},{"taxonomy":"product_cat","embeddable":true,"href":"https:\/\/www.linktonkitchen.com\/fr\/wp-json\/wp\/v2\/product_cat?post=2809"},{"taxonomy":"product_tag","embeddable":true,"href":"https:\/\/www.linktonkitchen.com\/fr\/wp-json\/wp\/v2\/product_tag?post=2809"}],"curies":[{"name":"wp","href":"https:\/\/api.w.org\/{rel}","templated":true}]}}