{"id":3126,"date":"2024-04-21T06:17:30","date_gmt":"2024-04-21T06:17:30","guid":{"rendered":"https:\/\/linktonkitchen.com\/?post_type=product&#038;p=3126"},"modified":"2026-02-04T01:44:23","modified_gmt":"2026-02-04T01:44:23","slug":"wholesale-large-pressure-cooker","status":"publish","type":"product","link":"https:\/\/www.linktonkitchen.com\/fr\/product\/wholesale-large-pressure-cooker\/","title":{"rendered":"Grossiste Grand Autocuiseur 10-84QT, Autocuiseur commercial en inox"},"content":{"rendered":"<div class=\"wp-block-columns is-layout-flex wp-container-core-columns-is-layout-9d6595d7 wp-block-columns-is-layout-flex\">\n<div class=\"wp-block-column is-layout-flow wp-block-column-is-layout-flow\">\n<figure class=\"wp-block-embed is-type-video is-provider-youtube wp-block-embed-youtube wp-embed-aspect-16-9 wp-has-aspect-ratio\"><div class=\"wp-block-embed__wrapper\">\n<iframe title=\"Autocuiseur antid\u00e9flagrant avec protection multiple des d\u00e9tails pour garantir une cuisson s\u00fbre.#cookware\" width=\"940\" height=\"529\" src=\"https:\/\/www.youtube.com\/embed\/03o9Urhxw1w?feature=oembed\" frameborder=\"0\" allow=\"accelerometer; autoplay; clipboard-write; encrypted-media; gyroscope; picture-in-picture; web-share\" referrerpolicy=\"strict-origin-when-cross-origin\" allowfullscreen><\/iframe>\n<\/div><\/figure>\n<\/div>\n\n\n\n<div class=\"wp-block-column is-layout-flow wp-block-column-is-layout-flow\">\n<h2 class=\"wp-block-heading\">Grand autocuiseur Param\u00e8tres :<\/h2>\n\n\n\n<figure class=\"wp-block-table\"><table class=\"has-fixed-layout\"><tbody><tr><td>Num\u00e9ro de mod\u00e8le<\/td><td>Capacit\u00e9<\/td><td>Diam\u00e8tre de l'embouchure<\/td><td>Poids brut (kg)<\/td><\/tr><tr><td rowspan=\"7\">LT-FB<\/td><td>11L<\/td><td>28cm<\/td><td>4,82 kg<\/td><\/tr><tr><td>13L<\/td><td>30cm<\/td><td>5,84 kg<\/td><\/tr><tr><td>15L<\/td><td>32cm<\/td><td>6,04 kg<\/td><\/tr><tr><td>26L<\/td><td>36cm<\/td><td>9,8 kg<\/td><\/tr><tr><td>40L<\/td><td>40cm<\/td><td>13,43 kg<\/td><\/tr><tr><td>50L<\/td><td>44cm<\/td><td>16,27 kg<\/td><\/tr><tr><td>80L<\/td><td>50cm<\/td><td>18,17 kg<\/td><\/tr><\/tbody><\/table><\/figure>\n<\/div>\n<\/div>\n\n\n\n<div class=\"wp-block-columns is-layout-flex wp-container-core-columns-is-layout-9d6595d7 wp-block-columns-is-layout-flex\">\n<div class=\"wp-block-column is-layout-flow wp-block-column-is-layout-flow\">\n<h2 class=\"wp-block-heading\">Grandes caract\u00e9ristiques de l'autocuiseur :<\/h2>\n\n\n\n<p><strong>Options de grande capacit\u00e9 de qualit\u00e9 commerciale<\/strong>: La capacit\u00e9 varie de 20 \u00e0 80 litres et est con\u00e7ue pour les environnements de cuisson \u00e0 haute fr\u00e9quence tels que les restaurants, les cantines, les cuisines centrales et les grands banquets.<\/p>\n\n\n\n<p><strong>Mat\u00e9riau en acier inoxydable poli miroir<\/strong>: L'ensemble est en acier inoxydable brillant, r\u00e9sistant \u00e0 la corrosion et \u00e0 la rouille, facile \u00e0 nettoyer et durable.<\/p>\n\n\n\n<p><strong>Corps de pot \u00e9paissi<\/strong>: La conception du corps de la marmite \u00e9paissie am\u00e9liore la r\u00e9sistance g\u00e9n\u00e9rale, la performance de conservation de la chaleur, la capacit\u00e9 de stockage de la chaleur et le maintien d'une temp\u00e9rature de cuisson constante.<\/p>\n\n\n\n<p><strong>Structure du couvercle \u00e0 verrouillage de s\u00e9curit\u00e9 robuste<\/strong>: Gr\u00e2ce \u00e0 un syst\u00e8me de verrouillage renforc\u00e9 et \u00e0 une soupape de limitation de pression pr\u00e9cise, les couches de protection garantissent que le couvercle de la casserole est ferme et sans souci pendant la cuisson \u00e0 haute pression, et am\u00e9liorent la stabilit\u00e9 de l'utilisation.<\/p>\n\n\n\n<p><strong>Haute efficacit\u00e9 et \u00e9conomie d'\u00e9nergie<\/strong>: Le cycle de pression permet de conserver rapidement la chaleur et le go\u00fbt, de r\u00e9duire consid\u00e9rablement le temps de cuisson traditionnel et d'\u00e9conomiser du gaz et de la main d'\u0153uvre.<\/p>\n\n\n\n<p><strong>Adaptable \u00e0 une vari\u00e9t\u00e9 de po\u00eales<\/strong>: Convient \u00e0 une vari\u00e9t\u00e9 de m\u00e9thodes de chauffage telles que les cuisini\u00e8res \u00e0 gaz, les cuisini\u00e8res \u00e9lectriques et les cuisini\u00e8res en c\u00e9ramique, la cuisine est plus flexible.<\/p>\n<\/div>\n\n\n\n<div class=\"wp-block-column is-vertically-aligned-top is-layout-flow wp-block-column-is-layout-flow\">\n<figure class=\"wp-block-image size-full\"><img fetchpriority=\"high\" decoding=\"async\" width=\"643\" height=\"643\" src=\"https:\/\/www.linktonkitchen.com\/wp-content\/uploads\/2024\/10\/large-pressure-cooker-manufacturer.webp\" alt=\"fabricant d&#039;autocuiseurs de grande taille\" class=\"wp-image-4962\" srcset=\"https:\/\/www.linktonkitchen.com\/wp-content\/uploads\/2024\/10\/large-pressure-cooker-manufacturer.webp 643w, https:\/\/www.linktonkitchen.com\/wp-content\/uploads\/2024\/10\/large-pressure-cooker-manufacturer-300x300.webp 300w, https:\/\/www.linktonkitchen.com\/wp-content\/uploads\/2024\/10\/large-pressure-cooker-manufacturer-150x150.webp 150w, https:\/\/www.linktonkitchen.com\/wp-content\/uploads\/2024\/10\/large-pressure-cooker-manufacturer-12x12.webp 12w, https:\/\/www.linktonkitchen.com\/wp-content\/uploads\/2024\/10\/large-pressure-cooker-manufacturer-285x285.webp 285w, https:\/\/www.linktonkitchen.com\/wp-content\/uploads\/2024\/10\/large-pressure-cooker-manufacturer-270x270.webp 270w, https:\/\/www.linktonkitchen.com\/wp-content\/uploads\/2024\/10\/large-pressure-cooker-manufacturer-540x540.webp 540w\" sizes=\"(max-width: 643px) 100vw, 643px\" \/><\/figure>\n<\/div>\n<\/div>\n\n\n\n<div class=\"wp-block-columns is-layout-flex wp-container-core-columns-is-layout-9d6595d7 wp-block-columns-is-layout-flex\">\n<div class=\"wp-block-column is-layout-flow wp-block-column-is-layout-flow\">\n<figure class=\"wp-block-image size-full\"><img decoding=\"async\" width=\"546\" height=\"462\" src=\"https:\/\/www.linktonkitchen.com\/wp-content\/uploads\/2025\/03\/custom-pressure-cooker-Color.webp\" alt=\"autocuiseur personnalis\u00e9 Couleur\" class=\"wp-image-5270\" srcset=\"https:\/\/www.linktonkitchen.com\/wp-content\/uploads\/2025\/03\/custom-pressure-cooker-Color.webp 546w, https:\/\/www.linktonkitchen.com\/wp-content\/uploads\/2025\/03\/custom-pressure-cooker-Color-300x254.webp 300w, https:\/\/www.linktonkitchen.com\/wp-content\/uploads\/2025\/03\/custom-pressure-cooker-Color-14x12.webp 14w, https:\/\/www.linktonkitchen.com\/wp-content\/uploads\/2025\/03\/custom-pressure-cooker-Color-285x241.webp 285w, https:\/\/www.linktonkitchen.com\/wp-content\/uploads\/2025\/03\/custom-pressure-cooker-Color-150x127.webp 150w\" sizes=\"(max-width: 546px) 100vw, 546px\" \/><\/figure>\n<\/div>\n\n\n\n<div class=\"wp-block-column is-vertically-aligned-center is-layout-flow wp-block-column-is-layout-flow\">\n<h2 class=\"wp-block-heading\">Grand autocuiseur sur mesure :<\/h2>\n\n\n\n<p>Nous proposons des services de personnalisation OEM et ODM flexibles pour r\u00e9pondre aux diff\u00e9rentes exigences du march\u00e9 et au positionnement de la marque.<\/p>\n\n\n\n<p><strong>Plage de capacit\u00e9 :&nbsp;<\/strong>Choisissez entre 5 et 80 litres pour r\u00e9pondre aux besoins des diff\u00e9rentes tailles de famille.<\/p>\n\n\n\n<p><strong>Finition de la surface :&nbsp;<\/strong>Disponible en polissage miroir (haute brillance), en finition satin\u00e9e (aspect bross\u00e9) ou en rev\u00eatement color\u00e9 personnalis\u00e9.<\/p>\n\n\n\n<p><strong>Marque et logo :<\/strong><\/p>\n\n\n\n<ul class=\"wp-block-list\">\n<li>Gravure au laser sur le corps du pot.<\/li>\n\n\n\n<li>Tampon sur le fond.<\/li>\n\n\n\n<li>Logo personnalis\u00e9 sur les poign\u00e9es et les valves de pression.<\/li>\n<\/ul>\n\n\n\n<p><strong>Conception de l'emballage :&nbsp;<\/strong>Bo\u00eetes de couleur, manuels d'instructions et cartons d'exp\u00e9dition enti\u00e8rement personnalis\u00e9s avec l'identit\u00e9 visuelle de votre marque.<\/p>\n<\/div>\n<\/div>","protected":false},"excerpt":{"rendered":"<p>L'autocuiseur de gros, con\u00e7u pour un usage commercial, est disponible dans les sp\u00e9cifications 10L-80L. Il permet de cuire \u00e0 l'\u00e9touff\u00e9e, de faire bouillir, de cuire \u00e0 la vapeur et d'autres fonctions pour r\u00e9pondre aux besoins de la cuisine \u00e0 grande \u00e9chelle. Il est s\u00fbr, \u00e9conome en \u00e9nergie et efficace. Contactez-nous pour des catalogues de produits et des demandes de renseignements !<\/p>\n<h2>Grandes caract\u00e9ristiques de l'autocuiseur :<\/h2>\n<table width=\"402\">\n<tbody>\n<tr>\n<td width=\"145\">Fabricant<\/td>\n<td width=\"257\">Linkton<\/td>\n<\/tr>\n<tr>\n<td width=\"145\">Capacit\u00e9<\/td>\n<td width=\"257\">11L\/13L\/15L\/22L\/26L\/34L\/40L\/50L\/80L<\/td>\n<\/tr>\n<tr>\n<td>Mat\u00e9riau<\/td>\n<td>Acier inoxydable<\/td>\n<\/tr>\n<tr>\n<td>Fonction<\/td>\n<td width=\"257\">1. Cuisson rapide 60kpa\u00a0<br \/>2. Syst\u00e8me de s\u00e9curit\u00e9 antid\u00e9flagrant <br \/>3. Bouton en bak\u00e9lite pour une fermeture et une ouverture faciles<br \/>4. Nettoyage pratique<\/td>\n<\/tr>\n<tr>\n<td>Fourneau applicable<\/td>\n<td>Cuisini\u00e8re\/Cuisini\u00e8re \u00e0 induction\/ Cuisini\u00e8re \u00e0 gaz\/ Cuisini\u00e8re \u00e9lectrique\/ Cuisini\u00e8re en c\u00e9ramique\/ Cuisini\u00e8re halog\u00e8ne<\/td>\n<\/tr>\n<tr>\n<td>Configuration<\/td>\n<td width=\"257\">Manuel\/Soupape de limitation de pression\/Cuvette anti-d\u00e9bordement\/Aiguille de nettoyage<\/td>\n<\/tr>\n<tr>\n<td>OEM\/ODM<\/td>\n<td>Acceptable<\/td>\n<\/tr>\n<tr>\n<td>\u00c9chantillon<\/td>\n<td>MOQ 1 pi\u00e8ce<\/td>\n<\/tr>\n<\/tbody>\n<\/table>","protected":false},"featured_media":6144,"template":"","meta":{"_acf_changed":false},"product-application":[],"product-capacity":[],"product_brand":[],"product_cat":[55],"product_tag":[82],"class_list":{"0":"post-3126","1":"product","2":"type-product","3":"status-publish","4":"has-post-thumbnail","6":"product_cat-pressure-cooker-wholesale","7":"product_tag-wholesale-large-pressure-cooker","9":"first","10":"instock","11":"shipping-taxable","12":"product-type-simple"},"acf":[],"_links":{"self":[{"href":"https:\/\/www.linktonkitchen.com\/fr\/wp-json\/wp\/v2\/product\/3126","targetHints":{"allow":["GET"]}}],"collection":[{"href":"https:\/\/www.linktonkitchen.com\/fr\/wp-json\/wp\/v2\/product"}],"about":[{"href":"https:\/\/www.linktonkitchen.com\/fr\/wp-json\/wp\/v2\/types\/product"}],"version-history":[{"count":0,"href":"https:\/\/www.linktonkitchen.com\/fr\/wp-json\/wp\/v2\/product\/3126\/revisions"}],"wp:featuredmedia":[{"embeddable":true,"href":"https:\/\/www.linktonkitchen.com\/fr\/wp-json\/wp\/v2\/media\/6144"}],"wp:attachment":[{"href":"https:\/\/www.linktonkitchen.com\/fr\/wp-json\/wp\/v2\/media?parent=3126"}],"wp:term":[{"taxonomy":"product-application","embeddable":true,"href":"https:\/\/www.linktonkitchen.com\/fr\/wp-json\/wp\/v2\/product-application?post=3126"},{"taxonomy":"product-capacity","embeddable":true,"href":"https:\/\/www.linktonkitchen.com\/fr\/wp-json\/wp\/v2\/product-capacity?post=3126"},{"taxonomy":"product_brand","embeddable":true,"href":"https:\/\/www.linktonkitchen.com\/fr\/wp-json\/wp\/v2\/product_brand?post=3126"},{"taxonomy":"product_cat","embeddable":true,"href":"https:\/\/www.linktonkitchen.com\/fr\/wp-json\/wp\/v2\/product_cat?post=3126"},{"taxonomy":"product_tag","embeddable":true,"href":"https:\/\/www.linktonkitchen.com\/fr\/wp-json\/wp\/v2\/product_tag?post=3126"}],"curies":[{"name":"wp","href":"https:\/\/api.w.org\/{rel}","templated":true}]}}