{"id":3129,"date":"2024-04-21T06:24:12","date_gmt":"2024-04-21T06:24:12","guid":{"rendered":"https:\/\/linktonkitchen.com\/?post_type=product&#038;p=3129"},"modified":"2026-02-05T02:34:11","modified_gmt":"2026-02-05T02:34:11","slug":"autocuiseur-a-miroir","status":"publish","type":"product","link":"https:\/\/www.linktonkitchen.com\/fr\/produit\/autocuiseur-a-miroir\/","title":{"rendered":"Wholesale Mirror Pressure Cooker 2L-16L, Stainless Steel Pressure Cooker Supplier"},"content":{"rendered":"<div class=\"wp-block-columns is-layout-flex wp-container-core-columns-is-layout-9d6595d7 wp-block-columns-is-layout-flex\">\n<div class=\"wp-block-column is-layout-flow wp-block-column-is-layout-flow\" style=\"flex-basis:30%\">\n<figure class=\"wp-block-embed is-type-video is-provider-youtube wp-block-embed-youtube wp-embed-aspect-9-16 wp-has-aspect-ratio\"><div class=\"wp-block-embed__wrapper\">\n<iframe title=\"Nouveau produit ! Autocuiseur \u00e9l\u00e9gant en forme de U avec surface color\u00e9e.#ocuiseur #articles de cuisine\" width=\"563\" height=\"1000\" src=\"https:\/\/www.youtube.com\/embed\/knFUvh7YfIw?feature=oembed\" frameborder=\"0\" allow=\"accelerometer; autoplay; clipboard-write; encrypted-media; gyroscope; picture-in-picture; web-share\" referrerpolicy=\"strict-origin-when-cross-origin\" allowfullscreen><\/iframe>\n<\/div><\/figure>\n<\/div>\n\n\n\n<div class=\"wp-block-column is-layout-flow wp-block-column-is-layout-flow\">\n<h2 class=\"wp-block-heading\">Autocuiseur miroir Param\u00e8tres :<\/h2>\n\n\n\n<figure class=\"wp-block-table\"><table><tbody><tr><td>Num\u00e9ro de mod\u00e8le<\/td><td>Diam\u00e8tre de l'embouchure<\/td><td>Capacit\u00e9<\/td><td>Poids <\/td><\/tr><tr><td rowspan=\"9\">LT-UPC<\/td><td>16cm<\/td><td>2L<\/td><td>1,79 kg<\/td><\/tr><tr><td>18cm<\/td><td>3L<\/td><td>1,87 kg<\/td><\/tr><tr><td>20cm<\/td><td>4L<\/td><td>2,17 kg<\/td><\/tr><tr><td>22cm<\/td><td>5L<\/td><td>2,53 kg<\/td><\/tr><tr><td>24cm<\/td><td>6L<\/td><td>2,91 kg<\/td><\/tr><tr><td>26cm<\/td><td>8L<\/td><td>3,59 kg<\/td><\/tr><tr><td>28cm<\/td><td>10L<\/td><td>4,2 kg<\/td><\/tr><tr><td>30cm<\/td><td>12L<\/td><td>2,25 kg<\/td><\/tr><tr><td>32cm<\/td><td>16L<\/td><td>5,61 kg<\/td><\/tr><\/tbody><\/table><\/figure>\n\n\n\n<h2 class=\"wp-block-heading\">Caract\u00e9ristiques de l'autocuiseur miroir :<\/h2>\n\n\n\n<p><span style=\"box-sizing: border-box; margin: 0px; padding: 0px;\"><strong>Gamme compl\u00e8te :\u00a0<\/strong>De 2 \u00e0 16 litres, des cuisini\u00e8res domestiques compactes aux cuisini\u00e8res commerciales de grande capacit\u00e9, la gamme couvre la maison, le restaurant,<\/span> et les besoins en mati\u00e8re de restauration.<\/p>\n\n\n\n<p><strong>Conception du corps du pot en forme de U :<\/strong> assure une r\u00e9partition uniforme de la chaleur et am\u00e9liore la r\u00e9sistance \u00e0 la pression.<\/p>\n\n\n\n<p><strong>Polissage miroir : <\/strong>Coque en acier inoxydable poli miroir, d'aspect \u00e9l\u00e9gant et moderne. La surface lisse est plus facile \u00e0 nettoyer et permet de conserver une brillance durable.<\/p>\n\n\n\n<p><strong>Soupape de s\u00e9curit\u00e9 \u00e0 point rouge : <\/strong>La valve \u00e0 point rouge attire l'attention et garantit une utilisation s\u00fbre pour le contr\u00f4le de l'ouverture du couvercle. Fermez le couvercle, il se soul\u00e8ve et la valve indique que le couvercle peut \u00eatre ouvert en toute s\u00e9curit\u00e9, emp\u00eachant le couvercle de s'ouvrir sous pression, am\u00e9liorant ainsi la s\u00e9curit\u00e9 de l'utilisateur et \u00e9vitant les accidents.<\/p>\n\n\n\n<p><strong>Fabriqu\u00e9 en acier inoxydable de qualit\u00e9 alimentaire :<\/strong> s\u00fbr et non toxique, inoxydable et durable, conforme aux normes de s\u00e9curit\u00e9 internationales.<\/p>\n\n\n\n<p><strong>Compatible avec plusieurs sources de chaleur : <\/strong>convient aux cuisini\u00e8res \u00e0 gaz, aux cuisini\u00e8res \u00e0 induction, aux cuisini\u00e8res \u00e9lectriques et aux cuisini\u00e8res en c\u00e9ramique.<\/p>\n<\/div>\n<\/div>\n\n\n\n<div class=\"wp-block-columns is-layout-flex wp-container-core-columns-is-layout-9d6595d7 wp-block-columns-is-layout-flex\">\n<div class=\"wp-block-column is-vertically-aligned-top is-layout-flow wp-block-column-is-layout-flow\">\n<h2 class=\"wp-block-heading\">Autocuiseur \u00e0 miroir personnalis\u00e9 :<\/h2>\n\n\n\n<p>Nous proposons des services de personnalisation OEM et ODM flexibles pour r\u00e9pondre aux diff\u00e9rentes exigences du march\u00e9 et au positionnement de la marque.<\/p>\n\n\n\n<p><strong>Plage de capacit\u00e9 :&nbsp;<\/strong>Choisissez entre 5 et 80 litres pour r\u00e9pondre aux besoins des diff\u00e9rentes tailles de famille.<\/p>\n\n\n\n<p><strong>Finition de la surface :\u00a0<\/strong>Disponible en polissage miroir (haute brillance), en finition satin\u00e9e (aspect bross\u00e9) ou en rev\u00eatement color\u00e9 personnalis\u00e9.<\/p>\n\n\n\n<p><strong>Marque et logo :<\/strong><\/p>\n\n\n\n<ul class=\"wp-block-list\">\n<li>Gravure au laser sur le corps du pot.<\/li>\n\n\n\n<li>Tampon sur le fond.<\/li>\n\n\n\n<li>Logo personnalis\u00e9 sur les poign\u00e9es et les valves de pression.<\/li>\n<\/ul>\n\n\n\n<p><strong>Conception de l'emballage :&nbsp;<\/strong>Bo\u00eetes de couleur, manuels d'instructions et cartons d'exp\u00e9dition enti\u00e8rement personnalis\u00e9s avec l'identit\u00e9 visuelle de votre marque.<\/p>\n<\/div>\n\n\n\n<div class=\"wp-block-column is-vertically-aligned-top is-layout-flow wp-block-column-is-layout-flow\">\n<figure class=\"wp-block-image size-full\"><img fetchpriority=\"high\" decoding=\"async\" width=\"800\" height=\"800\" src=\"https:\/\/www.linktonkitchen.com\/wp-content\/uploads\/2024\/04\/Wholesale-Stainless-Steel-Pressure-Cooker-Mirror-2-16QT-for-Home-Commercial-3.webp\" alt=\"Grossiste autocuiseur en acier inoxydable miroir 2-16QT pour la maison et le commerce\" class=\"wp-image-7353\" srcset=\"https:\/\/www.linktonkitchen.com\/wp-content\/uploads\/2024\/04\/Wholesale-Stainless-Steel-Pressure-Cooker-Mirror-2-16QT-for-Home-Commercial-3.webp 800w, https:\/\/www.linktonkitchen.com\/wp-content\/uploads\/2024\/04\/Wholesale-Stainless-Steel-Pressure-Cooker-Mirror-2-16QT-for-Home-Commercial-3-300x300.webp 300w, https:\/\/www.linktonkitchen.com\/wp-content\/uploads\/2024\/04\/Wholesale-Stainless-Steel-Pressure-Cooker-Mirror-2-16QT-for-Home-Commercial-3-150x150.webp 150w, https:\/\/www.linktonkitchen.com\/wp-content\/uploads\/2024\/04\/Wholesale-Stainless-Steel-Pressure-Cooker-Mirror-2-16QT-for-Home-Commercial-3-768x768.webp 768w, https:\/\/www.linktonkitchen.com\/wp-content\/uploads\/2024\/04\/Wholesale-Stainless-Steel-Pressure-Cooker-Mirror-2-16QT-for-Home-Commercial-3-12x12.webp 12w, https:\/\/www.linktonkitchen.com\/wp-content\/uploads\/2024\/04\/Wholesale-Stainless-Steel-Pressure-Cooker-Mirror-2-16QT-for-Home-Commercial-3-285x285.webp 285w, https:\/\/www.linktonkitchen.com\/wp-content\/uploads\/2024\/04\/Wholesale-Stainless-Steel-Pressure-Cooker-Mirror-2-16QT-for-Home-Commercial-3-270x270.webp 270w, https:\/\/www.linktonkitchen.com\/wp-content\/uploads\/2024\/04\/Wholesale-Stainless-Steel-Pressure-Cooker-Mirror-2-16QT-for-Home-Commercial-3-540x540.webp 540w, https:\/\/www.linktonkitchen.com\/wp-content\/uploads\/2024\/04\/Wholesale-Stainless-Steel-Pressure-Cooker-Mirror-2-16QT-for-Home-Commercial-3-660x660.webp 660w\" sizes=\"(max-width: 800px) 100vw, 800px\" \/><\/figure>\n<\/div>\n<\/div>\n\n\n\n<div class=\"wp-block-columns is-layout-flex wp-container-core-columns-is-layout-9d6595d7 wp-block-columns-is-layout-flex\">\n<div class=\"wp-block-column is-layout-flow wp-block-column-is-layout-flow\"><div class=\"wp-block-image\">\n<figure class=\"aligncenter size-full\"><img decoding=\"async\" width=\"800\" height=\"800\" src=\"https:\/\/linktonkitchen.com\/wp-content\/uploads\/2024\/04\/U-shape-Pressure-Cooker-3.webp\" alt=\"Autocuiseur en acier inoxydable\" class=\"wp-image-3158\" style=\"object-fit:cover\" srcset=\"https:\/\/www.linktonkitchen.com\/wp-content\/uploads\/2024\/04\/U-shape-Pressure-Cooker-3.webp 800w, https:\/\/www.linktonkitchen.com\/wp-content\/uploads\/2024\/04\/U-shape-Pressure-Cooker-3-300x300.webp 300w, https:\/\/www.linktonkitchen.com\/wp-content\/uploads\/2024\/04\/U-shape-Pressure-Cooker-3-150x150.webp 150w, https:\/\/www.linktonkitchen.com\/wp-content\/uploads\/2024\/04\/U-shape-Pressure-Cooker-3-768x768.webp 768w, https:\/\/www.linktonkitchen.com\/wp-content\/uploads\/2024\/04\/U-shape-Pressure-Cooker-3-285x285.webp 285w, https:\/\/www.linktonkitchen.com\/wp-content\/uploads\/2024\/04\/U-shape-Pressure-Cooker-3-270x270.webp 270w, https:\/\/www.linktonkitchen.com\/wp-content\/uploads\/2024\/04\/U-shape-Pressure-Cooker-3-540x540.webp 540w, https:\/\/www.linktonkitchen.com\/wp-content\/uploads\/2024\/04\/U-shape-Pressure-Cooker-3-660x660.webp 660w\" sizes=\"(max-width: 800px) 100vw, 800px\" \/><\/figure>\n<\/div><\/div>\n\n\n\n<div class=\"wp-block-column is-layout-flow wp-block-column-is-layout-flow\"><div class=\"wp-block-image\">\n<figure class=\"aligncenter size-full\"><img decoding=\"async\" width=\"800\" height=\"800\" src=\"https:\/\/linktonkitchen.com\/wp-content\/uploads\/2024\/04\/U-shape-Pressure-Cooker-4.webp\" alt=\"Autocuiseur en acier inoxydable\" class=\"wp-image-3159\" style=\"object-fit:cover\" srcset=\"https:\/\/www.linktonkitchen.com\/wp-content\/uploads\/2024\/04\/U-shape-Pressure-Cooker-4.webp 800w, https:\/\/www.linktonkitchen.com\/wp-content\/uploads\/2024\/04\/U-shape-Pressure-Cooker-4-300x300.webp 300w, https:\/\/www.linktonkitchen.com\/wp-content\/uploads\/2024\/04\/U-shape-Pressure-Cooker-4-150x150.webp 150w, https:\/\/www.linktonkitchen.com\/wp-content\/uploads\/2024\/04\/U-shape-Pressure-Cooker-4-768x768.webp 768w, https:\/\/www.linktonkitchen.com\/wp-content\/uploads\/2024\/04\/U-shape-Pressure-Cooker-4-285x285.webp 285w, https:\/\/www.linktonkitchen.com\/wp-content\/uploads\/2024\/04\/U-shape-Pressure-Cooker-4-270x270.webp 270w, https:\/\/www.linktonkitchen.com\/wp-content\/uploads\/2024\/04\/U-shape-Pressure-Cooker-4-540x540.webp 540w, https:\/\/www.linktonkitchen.com\/wp-content\/uploads\/2024\/04\/U-shape-Pressure-Cooker-4-660x660.webp 660w\" sizes=\"(max-width: 800px) 100vw, 800px\" \/><\/figure>\n<\/div><\/div>\n<\/div>\n\n\n\n<p><\/p>","protected":false},"excerpt":{"rendered":"<p>L'autocuiseur miroir en gros, de la petite \u00e0 la grande capacit\u00e9 2-16L options multiples, est le meilleur choix d'autocuiseur pour la maison et l'utilisation commerciale. Linkton fournit des produits d'usine, des prix de gros, un soutien personnalis\u00e9 et un service Amazon FBA. Nous vous invitons \u00e0 nous contacter et \u00e0 demander une enqu\u00eate gratuite !<\/p>\n<h2>Caract\u00e9ristiques de l'autocuiseur miroir :<\/h2>\n<table width=\"402\">\n<tbody>\n<tr>\n<td width=\"145\">Fabricant<\/td>\n<td width=\"257\">Linkton<\/td>\n<\/tr>\n<tr>\n<td>Num\u00e9ro de mod\u00e8le<\/td>\n<td>LT-UPC<\/td>\n<\/tr>\n<tr>\n<td width=\"145\">Capacit\u00e9<\/td>\n<td width=\"257\">Linkton<\/td>\n<\/tr>\n<tr>\n<td>Mat\u00e9riau<\/td>\n<td>2L\/ 3L\/ 4L\/ 5L\/ 6L\/ 8L\/ 10L\/ 12L\/ 16L<\/td>\n<\/tr>\n<tr>\n<td>Fonction<\/td>\n<td width=\"257\">1. Cuisson rapide 80kpa<br \/>2. Soupape de s\u00e9curit\u00e9 \u00e0 point rouge pour la s\u00e9curit\u00e9 d'utilisation<br \/>3. Syst\u00e8me de s\u00e9curit\u00e9 antid\u00e9flagrant<br \/>4. Nettoyage pratique<\/td>\n<\/tr>\n<tr>\n<td>Configuration<\/td>\n<td width=\"257\">Manuel\/Soupape de limitation de pression\/Cuvette anti-d\u00e9bordement\/Aiguille de nettoyage<\/td>\n<\/tr>\n<tr>\n<td>Fourneau applicable<\/td>\n<td>Cuisini\u00e8re\/ Cuisini\u00e8re \u00e0 induction\/ Cuisini\u00e8re \u00e0 gaz\/ Cuisini\u00e8re \u00e9lectrique\/ Cuisini\u00e8re en c\u00e9ramique\/ Cuisini\u00e8re halog\u00e8ne<\/td>\n<\/tr>\n<tr>\n<td>OEM\/ODM<\/td>\n<td>Acceptable<\/td>\n<\/tr>\n<tr>\n<td>\u00c9chantillon<\/td>\n<td>MOQ 1 pi\u00e8ce<\/td>\n<\/tr>\n<\/tbody>\n<\/table>","protected":false},"featured_media":7351,"template":"","meta":{"_acf_changed":false},"product-application":[],"product-capacity":[],"product_brand":[],"product_cat":[55],"product_tag":[85],"class_list":{"0":"post-3129","1":"product","2":"type-product","3":"status-publish","4":"has-post-thumbnail","6":"product_cat-pressure-cooker-wholesale","7":"product_tag-stainless-steel-pressure-cooker-wholesale","9":"first","10":"instock","11":"shipping-taxable","12":"product-type-simple"},"acf":[],"_links":{"self":[{"href":"https:\/\/www.linktonkitchen.com\/fr\/wp-json\/wp\/v2\/product\/3129","targetHints":{"allow":["GET"]}}],"collection":[{"href":"https:\/\/www.linktonkitchen.com\/fr\/wp-json\/wp\/v2\/product"}],"about":[{"href":"https:\/\/www.linktonkitchen.com\/fr\/wp-json\/wp\/v2\/types\/product"}],"version-history":[{"count":5,"href":"https:\/\/www.linktonkitchen.com\/fr\/wp-json\/wp\/v2\/product\/3129\/revisions"}],"predecessor-version":[{"id":7363,"href":"https:\/\/www.linktonkitchen.com\/fr\/wp-json\/wp\/v2\/product\/3129\/revisions\/7363"}],"wp:featuredmedia":[{"embeddable":true,"href":"https:\/\/www.linktonkitchen.com\/fr\/wp-json\/wp\/v2\/media\/7351"}],"wp:attachment":[{"href":"https:\/\/www.linktonkitchen.com\/fr\/wp-json\/wp\/v2\/media?parent=3129"}],"wp:term":[{"taxonomy":"product-application","embeddable":true,"href":"https:\/\/www.linktonkitchen.com\/fr\/wp-json\/wp\/v2\/product-application?post=3129"},{"taxonomy":"product-capacity","embeddable":true,"href":"https:\/\/www.linktonkitchen.com\/fr\/wp-json\/wp\/v2\/product-capacity?post=3129"},{"taxonomy":"product_brand","embeddable":true,"href":"https:\/\/www.linktonkitchen.com\/fr\/wp-json\/wp\/v2\/product_brand?post=3129"},{"taxonomy":"product_cat","embeddable":true,"href":"https:\/\/www.linktonkitchen.com\/fr\/wp-json\/wp\/v2\/product_cat?post=3129"},{"taxonomy":"product_tag","embeddable":true,"href":"https:\/\/www.linktonkitchen.com\/fr\/wp-json\/wp\/v2\/product_tag?post=3129"}],"curies":[{"name":"wp","href":"https:\/\/api.w.org\/{rel}","templated":true}]}}