{"id":3216,"date":"2024-04-21T09:38:19","date_gmt":"2024-04-21T09:38:19","guid":{"rendered":"https:\/\/linktonkitchen.com\/?post_type=product&#038;p=3216"},"modified":"2024-06-01T12:26:35","modified_gmt":"2024-06-01T12:26:35","slug":"gn-pan","status":"publish","type":"product","link":"https:\/\/www.linktonkitchen.com\/fr\/product\/gn-pan\/","title":{"rendered":"Bac GN en acier inoxydable de taille compl\u00e8te pour la conservation des aliments"},"content":{"rendered":"<div class=\"wp-block-columns is-layout-flex wp-container-core-columns-is-layout-9d6595d7 wp-block-columns-is-layout-flex\">\n<div class=\"wp-block-column is-vertically-aligned-center is-layout-flow wp-block-column-is-layout-flow\">\n<h3 class=\"wp-block-heading\"><strong>GN Pan pour l'h\u00f4tel, <\/strong>Restaurant, \u00c9cole, <strong><strong>Caf\u00e9s Buffet Service<\/strong><\/strong><\/h3>\n\n\n\n<p>Linkton propose une gamme de bacs GN qui sont l'un des \u00e9quipements de cuisson, de stockage, de chauffage et de transport les plus couramment utilis\u00e9s dans les h\u00f4tels, les restaurants, les \u00e9coles, les h\u00f4pitaux, les caf\u00e9s et les cuisines.<\/p>\n\n\n\n<h3 class=\"wp-block-heading\"><br><strong>Pan GN<\/strong> Mat\u00e9riaux :<\/h3>\n\n\n\n<p>Les bacs GN Linkton sont fabriqu\u00e9s en acier inoxydable de qualit\u00e9 alimentaire, durable, facile \u00e0 nettoyer et r\u00e9sistant \u00e0 la corrosion.<\/p>\n<\/div>\n\n\n\n<div class=\"wp-block-column is-vertically-aligned-center is-layout-flow wp-block-column-is-layout-flow\"><div class=\"wp-block-image\">\n<figure class=\"aligncenter size-full is-resized\"><img fetchpriority=\"high\" decoding=\"async\" width=\"800\" height=\"800\" src=\"https:\/\/linktonkitchen.com\/wp-content\/uploads\/2024\/04\/GN-pan-wholesale-3.webp\" alt=\"Bac GN en gros\" class=\"wp-image-3227\" style=\"width:342px;height:auto\" srcset=\"https:\/\/www.linktonkitchen.com\/wp-content\/uploads\/2024\/04\/GN-pan-wholesale-3.webp 800w, https:\/\/www.linktonkitchen.com\/wp-content\/uploads\/2024\/04\/GN-pan-wholesale-3-300x300.webp 300w, https:\/\/www.linktonkitchen.com\/wp-content\/uploads\/2024\/04\/GN-pan-wholesale-3-150x150.webp 150w, https:\/\/www.linktonkitchen.com\/wp-content\/uploads\/2024\/04\/GN-pan-wholesale-3-768x768.webp 768w, https:\/\/www.linktonkitchen.com\/wp-content\/uploads\/2024\/04\/GN-pan-wholesale-3-285x285.webp 285w, https:\/\/www.linktonkitchen.com\/wp-content\/uploads\/2024\/04\/GN-pan-wholesale-3-270x270.webp 270w, https:\/\/www.linktonkitchen.com\/wp-content\/uploads\/2024\/04\/GN-pan-wholesale-3-540x540.webp 540w, https:\/\/www.linktonkitchen.com\/wp-content\/uploads\/2024\/04\/GN-pan-wholesale-3-660x660.webp 660w\" sizes=\"(max-width: 800px) 100vw, 800px\" \/><\/figure>\n<\/div><\/div>\n<\/div>\n\n\n\n<div class=\"wp-block-columns is-layout-flex wp-container-core-columns-is-layout-9d6595d7 wp-block-columns-is-layout-flex\">\n<div class=\"wp-block-column is-vertically-aligned-center is-layout-flow wp-block-column-is-layout-flow\"><\/div>\n<\/div>\n\n\n\n<div class=\"wp-block-columns is-layout-flex wp-container-core-columns-is-layout-9d6595d7 wp-block-columns-is-layout-flex\">\n<div class=\"wp-block-column is-layout-flow wp-block-column-is-layout-flow\">\n<figure class=\"wp-block-image size-full\"><img decoding=\"async\" width=\"800\" height=\"800\" src=\"https:\/\/linktonkitchen.com\/wp-content\/uploads\/2024\/04\/GN-pan-wholesale-6.webp\" alt=\"Bac GN en gros\" class=\"wp-image-3230\" srcset=\"https:\/\/www.linktonkitchen.com\/wp-content\/uploads\/2024\/04\/GN-pan-wholesale-6.webp 800w, https:\/\/www.linktonkitchen.com\/wp-content\/uploads\/2024\/04\/GN-pan-wholesale-6-300x300.webp 300w, https:\/\/www.linktonkitchen.com\/wp-content\/uploads\/2024\/04\/GN-pan-wholesale-6-150x150.webp 150w, https:\/\/www.linktonkitchen.com\/wp-content\/uploads\/2024\/04\/GN-pan-wholesale-6-768x768.webp 768w, https:\/\/www.linktonkitchen.com\/wp-content\/uploads\/2024\/04\/GN-pan-wholesale-6-285x285.webp 285w, https:\/\/www.linktonkitchen.com\/wp-content\/uploads\/2024\/04\/GN-pan-wholesale-6-270x270.webp 270w, https:\/\/www.linktonkitchen.com\/wp-content\/uploads\/2024\/04\/GN-pan-wholesale-6-540x540.webp 540w, https:\/\/www.linktonkitchen.com\/wp-content\/uploads\/2024\/04\/GN-pan-wholesale-6-660x660.webp 660w\" sizes=\"(max-width: 800px) 100vw, 800px\" \/><\/figure>\n<\/div>\n\n\n\n<div class=\"wp-block-column is-layout-flow wp-block-column-is-layout-flow\">\n<h3 class=\"wp-block-heading\"><strong>Pan GN<\/strong> Mat\u00e9riaux <strong>Caract\u00e9ristiques :<\/strong><\/h3>\n\n\n\n<p>* Facile \u00e0 nettoyer et \u00e0 s\u00e9cher rapidement.<br>* R\u00e9sistant \u00e0 la corrosion, insipide et inodore.<\/p>\n\n\n\n<p>* Les casseroles GN peuvent \u00eatre chauff\u00e9es et cuites uniform\u00e9ment gr\u00e2ce \u00e0 la conductivit\u00e9 thermique sup\u00e9rieure de l'acier inoxydable.\u00a0<\/p>\n\n\n\n<p>* Gr\u00e2ce \u00e0 la conception \u00e0 bord \u00e9lev\u00e9, les bacs GN sont \u00e9tanches et emp\u00eachent le liquide de s'\u00e9couler partout.\u00a0<\/p>\n\n\n\n<p>* Avec un design incurv\u00e9, les casseroles GN sont id\u00e9ales pour faciliter la manipulation et \u00e9viter de se rayer les mains.<\/p>\n\n\n\n<p>* Convient \u00e0 la cuisine, \u00e0 l'h\u00f4tel, au restaurant, etc.<\/p>\n<\/div>\n<\/div>","protected":false},"excerpt":{"rendered":"<p>linkon, le fabricant de la marmite GN, vend en gros des marmites GN en acier inoxydable de qualit\u00e9 alimentaire, durables et faciles \u00e0 nettoyer. Nous proposons des solutions d'emballage personnalis\u00e9es pour chaque client.<\/p>\n<h2>Sp\u00e9cifications de <strong>Pan GN<\/strong>:<\/h2>\n<table border=\"0\" width=\"146\" cellspacing=\"0\" cellpadding=\"0\">\n<tbody>\n<tr>\n<td width=\"73\" height=\"23\">Fabricant<\/td>\n<td width=\"73\">Linkton<\/td>\n<\/tr>\n<tr>\n<td height=\"23\">Mat\u00e9riau<\/td>\n<td>Acier inoxydable<\/td>\n<\/tr>\n<tr>\n<td height=\"69\">Taille<\/td>\n<td>1\/1,1\/2, 1\/3, 1\/4, 1\/6, 1\/9 R\u00e9cipient gastronorme<\/td>\n<\/tr>\n<tr>\n<td height=\"23\">\u00c9paisseur<\/td>\n<td>0,7mm, 0,8mm, 1,0mm, 1,2mm \u00e9paisseur du plateau gn<\/td>\n<\/tr>\n<tr>\n<td height=\"115\">\u00c9chantillon<\/td>\n<td>Gratuit<\/td>\n<\/tr>\n<tr>\n<td height=\"30\">Personnalisation<\/td>\n<td>Possibilit\u00e9 d'apposer un LOGO personnalis\u00e9 sur le produit et l'emballage, et de proposer diff\u00e9rents types d'emballage, tels que le sac, le vrac ou le carton, ou de r\u00e9pondre \u00e0 la demande du client.<\/td>\n<\/tr>\n<\/tbody>\n<\/table>","protected":false},"featured_media":3229,"template":"","meta":{"_acf_changed":false},"product-application":[],"product-capacity":[],"product_brand":[],"product_cat":[57],"product_tag":[],"class_list":{"0":"post-3216","1":"product","2":"type-product","3":"status-publish","4":"has-post-thumbnail","6":"product_cat-gn-pan-wholesale","8":"first","9":"instock","10":"shipping-taxable","11":"product-type-simple"},"acf":[],"_links":{"self":[{"href":"https:\/\/www.linktonkitchen.com\/fr\/wp-json\/wp\/v2\/product\/3216","targetHints":{"allow":["GET"]}}],"collection":[{"href":"https:\/\/www.linktonkitchen.com\/fr\/wp-json\/wp\/v2\/product"}],"about":[{"href":"https:\/\/www.linktonkitchen.com\/fr\/wp-json\/wp\/v2\/types\/product"}],"version-history":[{"count":0,"href":"https:\/\/www.linktonkitchen.com\/fr\/wp-json\/wp\/v2\/product\/3216\/revisions"}],"wp:featuredmedia":[{"embeddable":true,"href":"https:\/\/www.linktonkitchen.com\/fr\/wp-json\/wp\/v2\/media\/3229"}],"wp:attachment":[{"href":"https:\/\/www.linktonkitchen.com\/fr\/wp-json\/wp\/v2\/media?parent=3216"}],"wp:term":[{"taxonomy":"product-application","embeddable":true,"href":"https:\/\/www.linktonkitchen.com\/fr\/wp-json\/wp\/v2\/product-application?post=3216"},{"taxonomy":"product-capacity","embeddable":true,"href":"https:\/\/www.linktonkitchen.com\/fr\/wp-json\/wp\/v2\/product-capacity?post=3216"},{"taxonomy":"product_brand","embeddable":true,"href":"https:\/\/www.linktonkitchen.com\/fr\/wp-json\/wp\/v2\/product_brand?post=3216"},{"taxonomy":"product_cat","embeddable":true,"href":"https:\/\/www.linktonkitchen.com\/fr\/wp-json\/wp\/v2\/product_cat?post=3216"},{"taxonomy":"product_tag","embeddable":true,"href":"https:\/\/www.linktonkitchen.com\/fr\/wp-json\/wp\/v2\/product_tag?post=3216"}],"curies":[{"name":"wp","href":"https:\/\/api.w.org\/{rel}","templated":true}]}}