{"id":3294,"date":"2024-04-22T09:56:08","date_gmt":"2024-04-22T09:56:08","guid":{"rendered":"https:\/\/linktonkitchen.com\/?post_type=product&#038;p=3294"},"modified":"2024-06-01T11:32:10","modified_gmt":"2024-06-01T11:32:10","slug":"plat-a-hanneton","status":"publish","type":"product","link":"https:\/\/www.linktonkitchen.com\/fr\/product\/chafer-dish\/","title":{"rendered":"Wholesale 8QT Chafer Dish with Roll Top Glass Lid (Couvercle en verre)"},"content":{"rendered":"<div class=\"wp-block-columns is-layout-flex wp-container-core-columns-is-layout-9d6595d7 wp-block-columns-is-layout-flex\">\n<div class=\"wp-block-column is-vertically-aligned-center is-layout-flow wp-block-column-is-layout-flow\"><div class=\"wp-block-image\">\n<figure class=\"aligncenter size-full is-resized\"><img fetchpriority=\"high\" decoding=\"async\" width=\"800\" height=\"800\" src=\"https:\/\/linktonkitchen.com\/wp-content\/uploads\/2024\/04\/roll-top-chafing-dish-wholesale-5.webp\" alt=\"Chafing dish roll top wholesale\" class=\"wp-image-3317\" style=\"width:404px;height:auto\" srcset=\"https:\/\/www.linktonkitchen.com\/wp-content\/uploads\/2024\/04\/roll-top-chafing-dish-wholesale-5.webp 800w, https:\/\/www.linktonkitchen.com\/wp-content\/uploads\/2024\/04\/roll-top-chafing-dish-wholesale-5-300x300.webp 300w, https:\/\/www.linktonkitchen.com\/wp-content\/uploads\/2024\/04\/roll-top-chafing-dish-wholesale-5-150x150.webp 150w, https:\/\/www.linktonkitchen.com\/wp-content\/uploads\/2024\/04\/roll-top-chafing-dish-wholesale-5-768x768.webp 768w, https:\/\/www.linktonkitchen.com\/wp-content\/uploads\/2024\/04\/roll-top-chafing-dish-wholesale-5-285x285.webp 285w, https:\/\/www.linktonkitchen.com\/wp-content\/uploads\/2024\/04\/roll-top-chafing-dish-wholesale-5-270x270.webp 270w, https:\/\/www.linktonkitchen.com\/wp-content\/uploads\/2024\/04\/roll-top-chafing-dish-wholesale-5-540x540.webp 540w, https:\/\/www.linktonkitchen.com\/wp-content\/uploads\/2024\/04\/roll-top-chafing-dish-wholesale-5-660x660.webp 660w\" sizes=\"(max-width: 800px) 100vw, 800px\" \/><\/figure>\n<\/div><\/div>\n\n\n\n<div class=\"wp-block-column is-vertically-aligned-center is-layout-flow wp-block-column-is-layout-flow\">\n<h3 class=\"wp-block-heading\"><strong>Chafing dish \u00e0 couvercle roulant Param\u00e8tres<\/strong><\/h3>\n\n\n\n<figure class=\"wp-block-table\"><table><tbody><tr><td>Num\u00e9ro de mod\u00e8le<\/td><td>Taille<\/td><td>Capacit\u00e9<\/td><td>Poids<\/td><\/tr><tr><td>LT-723<\/td><td>62*43*45<\/td><td>9L<\/td><td>8kg\/pcs<\/td><\/tr><\/tbody><\/table><\/figure>\n<\/div>\n<\/div>\n\n\n\n<div class=\"wp-block-columns is-layout-flex wp-container-core-columns-is-layout-9d6595d7 wp-block-columns-is-layout-flex\">\n<div class=\"wp-block-column is-vertically-aligned-center is-layout-flow wp-block-column-is-layout-flow\">\n<h3 class=\"wp-block-heading\">Plat \u00e0 corbeille personnalis\u00e9<\/h3>\n\n\n\n<p>Nous fournissons des services ODM et OEM. Nous proposons un LOGO personnalis\u00e9 sur le produit et l'emballage, ainsi que diff\u00e9rents types d'emballage, tels que le sac ou le carton, ou selon les demandes du client. La couleur peut \u00eatre personnalis\u00e9e avec de l'argent, de l'or ou du semi-or plaqu\u00e9.<\/p>\n<\/div>\n<\/div>\n\n\n\n<div class=\"wp-block-columns is-layout-flex wp-container-core-columns-is-layout-9d6595d7 wp-block-columns-is-layout-flex\">\n<div class=\"wp-block-column is-layout-flow wp-block-column-is-layout-flow\">\n<figure class=\"wp-block-image size-full\"><img decoding=\"async\" width=\"800\" height=\"800\" src=\"https:\/\/linktonkitchen.com\/wp-content\/uploads\/2024\/04\/roll-top-chafing-dish-wholesale-2.webp\" alt=\"Chafing dish roll top wholesale\" class=\"wp-image-3314\" srcset=\"https:\/\/www.linktonkitchen.com\/wp-content\/uploads\/2024\/04\/roll-top-chafing-dish-wholesale-2.webp 800w, https:\/\/www.linktonkitchen.com\/wp-content\/uploads\/2024\/04\/roll-top-chafing-dish-wholesale-2-300x300.webp 300w, https:\/\/www.linktonkitchen.com\/wp-content\/uploads\/2024\/04\/roll-top-chafing-dish-wholesale-2-150x150.webp 150w, https:\/\/www.linktonkitchen.com\/wp-content\/uploads\/2024\/04\/roll-top-chafing-dish-wholesale-2-768x768.webp 768w, https:\/\/www.linktonkitchen.com\/wp-content\/uploads\/2024\/04\/roll-top-chafing-dish-wholesale-2-285x285.webp 285w, https:\/\/www.linktonkitchen.com\/wp-content\/uploads\/2024\/04\/roll-top-chafing-dish-wholesale-2-270x270.webp 270w, https:\/\/www.linktonkitchen.com\/wp-content\/uploads\/2024\/04\/roll-top-chafing-dish-wholesale-2-540x540.webp 540w, https:\/\/www.linktonkitchen.com\/wp-content\/uploads\/2024\/04\/roll-top-chafing-dish-wholesale-2-660x660.webp 660w\" sizes=\"(max-width: 800px) 100vw, 800px\" \/><\/figure>\n<\/div>\n\n\n\n<div class=\"wp-block-column is-layout-flow wp-block-column-is-layout-flow\">\n<figure class=\"wp-block-image size-full\"><img decoding=\"async\" width=\"800\" height=\"800\" src=\"https:\/\/linktonkitchen.com\/wp-content\/uploads\/2024\/04\/roll-top-chafing-dish-wholesale-1.webp\" alt=\"Chafing dish roll top wholesale\" class=\"wp-image-3313\" srcset=\"https:\/\/www.linktonkitchen.com\/wp-content\/uploads\/2024\/04\/roll-top-chafing-dish-wholesale-1.webp 800w, https:\/\/www.linktonkitchen.com\/wp-content\/uploads\/2024\/04\/roll-top-chafing-dish-wholesale-1-300x300.webp 300w, https:\/\/www.linktonkitchen.com\/wp-content\/uploads\/2024\/04\/roll-top-chafing-dish-wholesale-1-150x150.webp 150w, https:\/\/www.linktonkitchen.com\/wp-content\/uploads\/2024\/04\/roll-top-chafing-dish-wholesale-1-768x768.webp 768w, https:\/\/www.linktonkitchen.com\/wp-content\/uploads\/2024\/04\/roll-top-chafing-dish-wholesale-1-285x285.webp 285w, https:\/\/www.linktonkitchen.com\/wp-content\/uploads\/2024\/04\/roll-top-chafing-dish-wholesale-1-270x270.webp 270w, https:\/\/www.linktonkitchen.com\/wp-content\/uploads\/2024\/04\/roll-top-chafing-dish-wholesale-1-540x540.webp 540w, https:\/\/www.linktonkitchen.com\/wp-content\/uploads\/2024\/04\/roll-top-chafing-dish-wholesale-1-660x660.webp 660w\" sizes=\"(max-width: 800px) 100vw, 800px\" \/><\/figure>\n<\/div>\n<\/div>","protected":false},"excerpt":{"rendered":"<p>Les plats \u00e0 chafing \u00e0 couvercle roulant en gros avec des couvercles en verre, une grande capacit\u00e9 et un support pour le chauffage au fuel et \u00e9lectrique sont des plats \u00e0 chafing modernes tr\u00e8s populaires. Nous proposons un large \u00e9ventail d'options de personnalisation pour chaque entreprise de restauration.<\/p>\n<h2>Sp\u00e9cifications de l'assiette creuse :<\/h2>\n<table width=\"402\">\n<tbody>\n<tr>\n<td width=\"145\">Fabricant<\/td>\n<td width=\"257\">Linkton<\/td>\n<\/tr>\n<tr>\n<td>Mat\u00e9riau<\/td>\n<td>Acier inoxydable<\/td>\n<\/tr>\n<tr>\n<td>Configuration<\/td>\n<td width=\"257\">Bac \u00e0 aliments\/ bac \u00e0 eau\/ support \u00e0 fusibles<\/td>\n<\/tr>\n<tr>\n<td>Chauffage<\/td>\n<td>\n<p>Chauffage \u00e0 l'alcool ou chauffage \u00e9lectrique<\/p>\n<\/td>\n<\/tr>\n<tr>\n<td>Couvercle<\/td>\n<td width=\"257\">Couvercle \u00e0 enroulement<\/td>\n<\/tr>\n<tr>\n<td>OEM\/ODM<\/td>\n<td>Acceptable<\/td>\n<\/tr>\n<tr>\n<td>\u00c9chantillon<\/td>\n<td>MOQ 1 pi\u00e8ce<\/td>\n<\/tr>\n<\/tbody>\n<\/table>","protected":false},"featured_media":3317,"template":"","meta":{"_acf_changed":false},"product-application":[],"product-capacity":[],"product_brand":[],"product_cat":[58],"product_tag":[],"class_list":{"0":"post-3294","1":"product","2":"type-product","3":"status-publish","4":"has-post-thumbnail","6":"product_cat-wholesale-chafing-dishes","8":"first","9":"instock","10":"shipping-taxable","11":"product-type-simple"},"acf":[],"_links":{"self":[{"href":"https:\/\/www.linktonkitchen.com\/fr\/wp-json\/wp\/v2\/product\/3294","targetHints":{"allow":["GET"]}}],"collection":[{"href":"https:\/\/www.linktonkitchen.com\/fr\/wp-json\/wp\/v2\/product"}],"about":[{"href":"https:\/\/www.linktonkitchen.com\/fr\/wp-json\/wp\/v2\/types\/product"}],"version-history":[{"count":0,"href":"https:\/\/www.linktonkitchen.com\/fr\/wp-json\/wp\/v2\/product\/3294\/revisions"}],"wp:featuredmedia":[{"embeddable":true,"href":"https:\/\/www.linktonkitchen.com\/fr\/wp-json\/wp\/v2\/media\/3317"}],"wp:attachment":[{"href":"https:\/\/www.linktonkitchen.com\/fr\/wp-json\/wp\/v2\/media?parent=3294"}],"wp:term":[{"taxonomy":"product-application","embeddable":true,"href":"https:\/\/www.linktonkitchen.com\/fr\/wp-json\/wp\/v2\/product-application?post=3294"},{"taxonomy":"product-capacity","embeddable":true,"href":"https:\/\/www.linktonkitchen.com\/fr\/wp-json\/wp\/v2\/product-capacity?post=3294"},{"taxonomy":"product_brand","embeddable":true,"href":"https:\/\/www.linktonkitchen.com\/fr\/wp-json\/wp\/v2\/product_brand?post=3294"},{"taxonomy":"product_cat","embeddable":true,"href":"https:\/\/www.linktonkitchen.com\/fr\/wp-json\/wp\/v2\/product_cat?post=3294"},{"taxonomy":"product_tag","embeddable":true,"href":"https:\/\/www.linktonkitchen.com\/fr\/wp-json\/wp\/v2\/product_tag?post=3294"}],"curies":[{"name":"wp","href":"https:\/\/api.w.org\/{rel}","templated":true}]}}