{"id":3340,"date":"2024-04-22T11:24:01","date_gmt":"2024-04-22T11:24:01","guid":{"rendered":"https:\/\/linktonkitchen.com\/?post_type=product&#038;p=3340"},"modified":"2026-02-04T06:57:24","modified_gmt":"2026-02-04T06:57:24","slug":"autocuiseur-en-acier-inoxydable","status":"publish","type":"product","link":"https:\/\/www.linktonkitchen.com\/fr\/product\/pressure-cooker-stainless-steel\/","title":{"rendered":"Wholesale Pressure Cooker Stainless Steel, Fournisseur de Cocotte-Minute R\u00e9glable"},"content":{"rendered":"<div class=\"wp-block-columns is-layout-flex wp-container-core-columns-is-layout-9d6595d7 wp-block-columns-is-layout-flex\">\n<div class=\"wp-block-column is-vertically-aligned-top is-layout-flow wp-block-column-is-layout-flow\">\n<h2 class=\"wp-block-heading\">Autocuiseur en acier inoxydable Param\u00e8tres :<\/h2>\n\n\n\n<figure class=\"wp-block-table\"><table><tbody><tr><td>Num\u00e9ro de mod\u00e8le<\/td><td>Capacit\u00e9<\/td><td>Diam\u00e8tre de l'embouchure<\/td><td>Poids brut (kg)<\/td><\/tr><tr><td rowspan=\"3\">LT-TY<\/td><td>4L<\/td><td>20cm<\/td><td>2,2 kg<\/td><\/tr><tr><td>5L<\/td><td>22cm<\/td><td>2,65 kg<\/td><\/tr><tr><td>6L<\/td><td>24cm<\/td><td>3,2 kg<\/td><\/tr><\/tbody><\/table><\/figure>\n\n\n\n<h2 class=\"wp-block-heading\">Autocuiseur en acier inoxydable Caract\u00e9ristiques :<\/h2>\n\n\n\n<p><strong>R\u00e9glage de la pression \u00e0 deux vitesses : <\/strong>Caract\u00e9ristiques <strong>r<\/strong>Bouton rotatif avec 2 vitesses de pression pour un contr\u00f4le flexible de la cuisson. Facile \u00e0 utiliser, la haute pression permet de cuire rapidement la viande, la basse pression de cuire doucement les l\u00e9gumes ou les fruits de mer. Convient aux m\u00e9nag\u00e8res, aux d\u00e9butants et aux chefs professionnels.<\/p>\n\n\n\n<p><strong>Couvercle \u00e0 fermeture push-pull : <\/strong>Structure innovante de verrouillage push-pull, une pression pour verrouiller, une traction pour ouvrir, pratique et stable, \u00e9vitant le risque d'erreur de manipulation.<\/p>\n\n\n\n<p><strong>Conception de la valve automatique \u00e0 point rouge : <\/strong>\u00e9quip\u00e9 d'une soupape d'\u00e9chappement automatique \u00e0 point rouge, d'une visualisation en temps r\u00e9el de la pression dans le pot, d'une soupape d'\u00e9chappement automatique et d'un fonctionnement plus s\u00fbr.<\/p>\n\n\n\n<p><strong>Structure en acier inoxydable de haute qualit\u00e9 : <\/strong>robuste et durable, r\u00e9sistant \u00e0 la corrosion et \u00e0 l'usure, facile \u00e0 nettoyer, avec traitement miroir interne et externe.<\/p>\n\n\n\n<p><strong>Convient \u00e0 une vari\u00e9t\u00e9 de sources de chaleur : <\/strong>y compris les cuisini\u00e8res \u00e0 gaz, les cuisini\u00e8res \u00e0 induction, les cuisini\u00e8res en c\u00e9ramique, etc., avec un large \u00e9ventail d'applications.<\/p>\n<\/div>\n\n\n\n<div class=\"wp-block-column is-vertically-aligned-top is-layout-flow wp-block-column-is-layout-flow\">\n<div class=\"wp-block-columns is-layout-flex wp-container-core-columns-is-layout-9d6595d7 wp-block-columns-is-layout-flex\">\n<div class=\"wp-block-column is-layout-flow wp-block-column-is-layout-flow\">\n<figure class=\"wp-block-image size-full\"><img fetchpriority=\"high\" decoding=\"async\" width=\"800\" height=\"800\" src=\"https:\/\/www.linktonkitchen.com\/wp-content\/uploads\/2024\/04\/Wholesale-Adjustable-Stainless-Steel-Pressure-Cooker-12.webp\" alt=\"\" class=\"wp-image-7305\" srcset=\"https:\/\/www.linktonkitchen.com\/wp-content\/uploads\/2024\/04\/Wholesale-Adjustable-Stainless-Steel-Pressure-Cooker-12.webp 800w, https:\/\/www.linktonkitchen.com\/wp-content\/uploads\/2024\/04\/Wholesale-Adjustable-Stainless-Steel-Pressure-Cooker-12-300x300.webp 300w, https:\/\/www.linktonkitchen.com\/wp-content\/uploads\/2024\/04\/Wholesale-Adjustable-Stainless-Steel-Pressure-Cooker-12-150x150.webp 150w, https:\/\/www.linktonkitchen.com\/wp-content\/uploads\/2024\/04\/Wholesale-Adjustable-Stainless-Steel-Pressure-Cooker-12-768x768.webp 768w, https:\/\/www.linktonkitchen.com\/wp-content\/uploads\/2024\/04\/Wholesale-Adjustable-Stainless-Steel-Pressure-Cooker-12-12x12.webp 12w, https:\/\/www.linktonkitchen.com\/wp-content\/uploads\/2024\/04\/Wholesale-Adjustable-Stainless-Steel-Pressure-Cooker-12-285x285.webp 285w, https:\/\/www.linktonkitchen.com\/wp-content\/uploads\/2024\/04\/Wholesale-Adjustable-Stainless-Steel-Pressure-Cooker-12-270x270.webp 270w, https:\/\/www.linktonkitchen.com\/wp-content\/uploads\/2024\/04\/Wholesale-Adjustable-Stainless-Steel-Pressure-Cooker-12-540x540.webp 540w, https:\/\/www.linktonkitchen.com\/wp-content\/uploads\/2024\/04\/Wholesale-Adjustable-Stainless-Steel-Pressure-Cooker-12-660x660.webp 660w\" sizes=\"(max-width: 800px) 100vw, 800px\" \/><\/figure>\n<\/div>\n<\/div>\n<\/div>\n<\/div>\n\n\n\n<div class=\"wp-block-columns is-layout-flex wp-container-core-columns-is-layout-9d6595d7 wp-block-columns-is-layout-flex\">\n<div class=\"wp-block-column is-layout-flow wp-block-column-is-layout-flow\">\n<figure class=\"wp-block-image size-full\"><img decoding=\"async\" width=\"800\" height=\"800\" src=\"https:\/\/www.linktonkitchen.com\/wp-content\/uploads\/2024\/04\/Wholesale-Adjustable-Stainless-Steel-Pressure-Cooker-13.webp\" alt=\"\" class=\"wp-image-7306\" srcset=\"https:\/\/www.linktonkitchen.com\/wp-content\/uploads\/2024\/04\/Wholesale-Adjustable-Stainless-Steel-Pressure-Cooker-13.webp 800w, https:\/\/www.linktonkitchen.com\/wp-content\/uploads\/2024\/04\/Wholesale-Adjustable-Stainless-Steel-Pressure-Cooker-13-300x300.webp 300w, https:\/\/www.linktonkitchen.com\/wp-content\/uploads\/2024\/04\/Wholesale-Adjustable-Stainless-Steel-Pressure-Cooker-13-150x150.webp 150w, https:\/\/www.linktonkitchen.com\/wp-content\/uploads\/2024\/04\/Wholesale-Adjustable-Stainless-Steel-Pressure-Cooker-13-768x768.webp 768w, https:\/\/www.linktonkitchen.com\/wp-content\/uploads\/2024\/04\/Wholesale-Adjustable-Stainless-Steel-Pressure-Cooker-13-12x12.webp 12w, https:\/\/www.linktonkitchen.com\/wp-content\/uploads\/2024\/04\/Wholesale-Adjustable-Stainless-Steel-Pressure-Cooker-13-285x285.webp 285w, https:\/\/www.linktonkitchen.com\/wp-content\/uploads\/2024\/04\/Wholesale-Adjustable-Stainless-Steel-Pressure-Cooker-13-270x270.webp 270w, https:\/\/www.linktonkitchen.com\/wp-content\/uploads\/2024\/04\/Wholesale-Adjustable-Stainless-Steel-Pressure-Cooker-13-540x540.webp 540w, https:\/\/www.linktonkitchen.com\/wp-content\/uploads\/2024\/04\/Wholesale-Adjustable-Stainless-Steel-Pressure-Cooker-13-660x660.webp 660w\" sizes=\"(max-width: 800px) 100vw, 800px\" \/><\/figure>\n<\/div>\n\n\n\n<div class=\"wp-block-column is-layout-flow wp-block-column-is-layout-flow\">\n<figure class=\"wp-block-image size-full\"><img decoding=\"async\" width=\"712\" height=\"712\" src=\"https:\/\/www.linktonkitchen.com\/wp-content\/uploads\/2024\/04\/Wholesale-Adjustable-Stainless-Steel-Pressure-Cooker-5.webp\" alt=\"\" class=\"wp-image-7298\" srcset=\"https:\/\/www.linktonkitchen.com\/wp-content\/uploads\/2024\/04\/Wholesale-Adjustable-Stainless-Steel-Pressure-Cooker-5.webp 712w, https:\/\/www.linktonkitchen.com\/wp-content\/uploads\/2024\/04\/Wholesale-Adjustable-Stainless-Steel-Pressure-Cooker-5-300x300.webp 300w, https:\/\/www.linktonkitchen.com\/wp-content\/uploads\/2024\/04\/Wholesale-Adjustable-Stainless-Steel-Pressure-Cooker-5-150x150.webp 150w, https:\/\/www.linktonkitchen.com\/wp-content\/uploads\/2024\/04\/Wholesale-Adjustable-Stainless-Steel-Pressure-Cooker-5-12x12.webp 12w, https:\/\/www.linktonkitchen.com\/wp-content\/uploads\/2024\/04\/Wholesale-Adjustable-Stainless-Steel-Pressure-Cooker-5-285x285.webp 285w, https:\/\/www.linktonkitchen.com\/wp-content\/uploads\/2024\/04\/Wholesale-Adjustable-Stainless-Steel-Pressure-Cooker-5-270x270.webp 270w, https:\/\/www.linktonkitchen.com\/wp-content\/uploads\/2024\/04\/Wholesale-Adjustable-Stainless-Steel-Pressure-Cooker-5-540x540.webp 540w, https:\/\/www.linktonkitchen.com\/wp-content\/uploads\/2024\/04\/Wholesale-Adjustable-Stainless-Steel-Pressure-Cooker-5-660x660.webp 660w\" sizes=\"(max-width: 712px) 100vw, 712px\" \/><\/figure>\n<\/div>\n<\/div>\n\n\n\n<p><\/p>","protected":false},"excerpt":{"rendered":"<p>Autocuiseur en gros en acier inoxydable, r\u00e9glage de la pression \u00e0 deux vitesses (60kPa \/ 100kPha), adapt\u00e9 \u00e0 la cuisson de diff\u00e9rents aliments. Autocuiseur fonctionnel innovant, prix d'usine, approvisionnement stable, emballage avec logo personnalis\u00e9. N'h\u00e9sitez pas \u00e0 nous contacter pour toute demande de renseignements !<\/p>\n<h2>Autocuiseur en acier inoxydable Sp\u00e9cifications<\/h2>\n<table width=\"402\">\n<tbody>\n<tr>\n<td width=\"145\">Fabricant<\/td>\n<td width=\"257\">Linkton<\/td>\n<\/tr>\n<tr>\n<td width=\"145\">Num\u00e9ro de mod\u00e8le<\/td>\n<td width=\"257\">LT-TY<\/td>\n<\/tr>\n<tr>\n<td width=\"145\">Capacit\u00e9<\/td>\n<td width=\"257\">4L\/ 5L\/ 6L<\/td>\n<\/tr>\n<tr>\n<td>Mat\u00e9riau<\/td>\n<td>Acier inoxydable<\/td>\n<\/tr>\n<tr>\n<td>Fonction<\/td>\n<td width=\"257\">1. R\u00e9gulateur de pression \u00e0 deux vitesses 60 kpa\/100 kPa<br \/>2. Couvercle \u00e0 fermeture push-pull et soupape \u00e0 point rouge automatique<br \/>3. S\u00e9curit\u00e9 antid\u00e9flagrante<br \/>4. Nettoyage pratique<\/td>\n<\/tr>\n<tr>\n<td>Fourneau applicable<\/td>\n<td>Cuisini\u00e8re \u00e0 induction\/ Cuisini\u00e8re \u00e0 gaz\/ Cuisini\u00e8re \u00e9lectrique\/ Cuisini\u00e8re en c\u00e9ramique\/ Cuisini\u00e8re halog\u00e8ne<\/td>\n<\/tr>\n<tr>\n<td>Configuration<\/td>\n<td width=\"257\">Manuel\/Soupape de limitation de pression\/Cuvette anti-d\u00e9bordement\/Aiguille de nettoyage<\/td>\n<\/tr>\n<tr>\n<td>OEM\/ODM<\/td>\n<td>Acceptable<\/td>\n<\/tr>\n<tr>\n<td>\u00c9chantillon<\/td>\n<td>MOQ 1 pi\u00e8ce<\/td>\n<\/tr>\n<\/tbody>\n<\/table>","protected":false},"featured_media":3346,"template":"","meta":{"_acf_changed":false},"product-application":[],"product-capacity":[],"product_brand":[],"product_cat":[55],"product_tag":[85],"class_list":{"0":"post-3340","1":"product","2":"type-product","3":"status-publish","4":"has-post-thumbnail","6":"product_cat-pressure-cooker-wholesale","7":"product_tag-stainless-steel-pressure-cooker-wholesale","9":"first","10":"instock","11":"shipping-taxable","12":"product-type-simple"},"acf":[],"_links":{"self":[{"href":"https:\/\/www.linktonkitchen.com\/fr\/wp-json\/wp\/v2\/product\/3340","targetHints":{"allow":["GET"]}}],"collection":[{"href":"https:\/\/www.linktonkitchen.com\/fr\/wp-json\/wp\/v2\/product"}],"about":[{"href":"https:\/\/www.linktonkitchen.com\/fr\/wp-json\/wp\/v2\/types\/product"}],"version-history":[{"count":0,"href":"https:\/\/www.linktonkitchen.com\/fr\/wp-json\/wp\/v2\/product\/3340\/revisions"}],"wp:featuredmedia":[{"embeddable":true,"href":"https:\/\/www.linktonkitchen.com\/fr\/wp-json\/wp\/v2\/media\/3346"}],"wp:attachment":[{"href":"https:\/\/www.linktonkitchen.com\/fr\/wp-json\/wp\/v2\/media?parent=3340"}],"wp:term":[{"taxonomy":"product-application","embeddable":true,"href":"https:\/\/www.linktonkitchen.com\/fr\/wp-json\/wp\/v2\/product-application?post=3340"},{"taxonomy":"product-capacity","embeddable":true,"href":"https:\/\/www.linktonkitchen.com\/fr\/wp-json\/wp\/v2\/product-capacity?post=3340"},{"taxonomy":"product_brand","embeddable":true,"href":"https:\/\/www.linktonkitchen.com\/fr\/wp-json\/wp\/v2\/product_brand?post=3340"},{"taxonomy":"product_cat","embeddable":true,"href":"https:\/\/www.linktonkitchen.com\/fr\/wp-json\/wp\/v2\/product_cat?post=3340"},{"taxonomy":"product_tag","embeddable":true,"href":"https:\/\/www.linktonkitchen.com\/fr\/wp-json\/wp\/v2\/product_tag?post=3340"}],"curies":[{"name":"wp","href":"https:\/\/api.w.org\/{rel}","templated":true}]}}