{"id":3358,"date":"2024-04-22T11:49:03","date_gmt":"2024-04-22T11:49:03","guid":{"rendered":"https:\/\/linktonkitchen.com\/?post_type=product&#038;p=3358"},"modified":"2026-02-05T07:00:28","modified_gmt":"2026-02-05T07:00:28","slug":"set-dautocuiseurs","status":"publish","type":"product","link":"https:\/\/www.linktonkitchen.com\/fr\/produit\/set-dautocuiseurs\/","title":{"rendered":"Set d'autocuiseurs en gros, Fabricant chinois d'autocuiseurs"},"content":{"rendered":"<div class=\"wp-block-columns is-layout-flex wp-container-core-columns-is-layout-9d6595d7 wp-block-columns-is-layout-flex\">\n<div class=\"wp-block-column is-vertically-aligned-top is-layout-flow wp-block-column-is-layout-flow\">\n<h2 class=\"wp-block-heading\">Autocuiseur Param\u00e8tre :<\/h2>\n\n\n\n<figure class=\"wp-block-table\"><table><tbody><tr><td>Num\u00e9ro de mod\u00e8le<\/td><td>Capacit\u00e9<\/td><td>Diam\u00e8tre de l'embouchure<\/td><td>Poids<\/td><\/tr><tr><td rowspan=\"5\">LT-CX<\/td><td>4L<\/td><td>20cm<\/td><td>2,36 kg<\/td><\/tr><tr><td>6L<\/td><td>22cm<\/td><td>2,78 kg<\/td><\/tr><tr><td>7L<\/td><td>24cm<\/td><td>3,06 kg<\/td><\/tr><tr><td>9L<\/td><td>26cm<\/td><td>3,78 kg<\/td><\/tr><tr><td>11L<\/td><td>28cm<\/td><td>4,12 kg<\/td><\/tr><\/tbody><\/table><\/figure>\n\n\n\n<h2 class=\"wp-block-heading\">Autocuiseur Caract\u00e9ristiques :<\/h2>\n\n\n\n<p><strong>Forme classique de l'autocuiseur :<\/strong> Le corps de la marmite adopte une structure unique en forme de C, qui chauffe plus uniform\u00e9ment et renforce la solidit\u00e9 du corps de la marmite. La poign\u00e9e rouge est attrayante et populaire en Asie du Sud-Est, au Moyen-Orient, en Am\u00e9rique du Sud et sur d'autres march\u00e9s.<\/p>\n\n\n\n<p><strong>Vanne d'arr\u00eat automatique, protection multiple de la s\u00e9curit\u00e9 : <\/strong>y compris la soupape de limitation de pression, la soupape de s\u00e9curit\u00e9, le couvercle anti-blocage, etc. pour garantir la s\u00e9curit\u00e9 de la cuisson. Parmi eux, le dispositif de soupape de verrouillage automatique ne peut pas ouvrir le couvercle de la casserole sous haute pression, ce qui garantit une utilisation s\u00fbre.<\/p>\n\n\n\n<p><strong>Ensemble multifonctionnel : <\/strong>Contient des autocuiseurs, des plaques de cuisson \u00e0 la vapeur et des casseroles pour r\u00e9pondre aux diff\u00e9rents besoins quotidiens en mati\u00e8re de cuisine. Ils peuvent \u00eatre combin\u00e9s et vendus librement pour r\u00e9pondre aux pr\u00e9f\u00e9rences des clients en mati\u00e8re de combinaisons d'achat.<\/p>\n\n\n\n<p><strong>Mat\u00e9riau en acier inoxydable de haute qualit\u00e9 :<\/strong> Fabriqu\u00e9 en acier inoxydable de qualit\u00e9 alimentaire, il est lisse, facile \u00e0 nettoyer et peut \u00eatre utilis\u00e9 pendant longtemps.<\/p>\n\n\n\n<p><strong>S'adapter \u00e0 diverses sources de chaleur : <\/strong>Peut \u00eatre utilis\u00e9 pour les sources de chaleur courantes telles que les cuisini\u00e8res \u00e0 gaz, les cuisini\u00e8res \u00e0 induction et les cuisini\u00e8res en c\u00e9ramique.<\/p>\n<\/div>\n\n\n\n<div class=\"wp-block-column is-vertically-aligned-top is-layout-flow wp-block-column-is-layout-flow\">\n<figure class=\"wp-block-image size-full\"><img fetchpriority=\"high\" decoding=\"async\" width=\"1500\" height=\"1399\" src=\"https:\/\/www.linktonkitchen.com\/wp-content\/uploads\/2024\/04\/C-Shape-Pressure-Cooker-1.webp\" alt=\"Set d&#039;autocuiseurs en gros\" class=\"wp-image-3130\" style=\"object-fit:cover\" srcset=\"https:\/\/www.linktonkitchen.com\/wp-content\/uploads\/2024\/04\/C-Shape-Pressure-Cooker-1.webp 1500w, https:\/\/www.linktonkitchen.com\/wp-content\/uploads\/2024\/04\/C-Shape-Pressure-Cooker-1-300x280.webp 300w, https:\/\/www.linktonkitchen.com\/wp-content\/uploads\/2024\/04\/C-Shape-Pressure-Cooker-1-768x716.webp 768w, https:\/\/www.linktonkitchen.com\/wp-content\/uploads\/2024\/04\/C-Shape-Pressure-Cooker-1-285x266.webp 285w, https:\/\/www.linktonkitchen.com\/wp-content\/uploads\/2024\/04\/C-Shape-Pressure-Cooker-1-660x616.webp 660w, https:\/\/www.linktonkitchen.com\/wp-content\/uploads\/2024\/04\/C-Shape-Pressure-Cooker-1-150x140.webp 150w\" sizes=\"(max-width: 1500px) 100vw, 1500px\" \/><\/figure>\n<\/div>\n<\/div>\n\n\n\n<div class=\"wp-block-columns is-layout-flex wp-container-core-columns-is-layout-9d6595d7 wp-block-columns-is-layout-flex\">\n<div class=\"wp-block-column is-layout-flow wp-block-column-is-layout-flow\">\n<figure class=\"wp-block-image size-full\"><img decoding=\"async\" width=\"800\" height=\"800\" src=\"https:\/\/www.linktonkitchen.com\/wp-content\/uploads\/2024\/04\/Wholesale-Stianless-Steel-Pressure-Cooker-Set-3.webp\" alt=\"Set d&#039;autocuiseurs en acier inoxydable (vente en gros)\" class=\"wp-image-7402\" srcset=\"https:\/\/www.linktonkitchen.com\/wp-content\/uploads\/2024\/04\/Wholesale-Stianless-Steel-Pressure-Cooker-Set-3.webp 800w, https:\/\/www.linktonkitchen.com\/wp-content\/uploads\/2024\/04\/Wholesale-Stianless-Steel-Pressure-Cooker-Set-3-300x300.webp 300w, https:\/\/www.linktonkitchen.com\/wp-content\/uploads\/2024\/04\/Wholesale-Stianless-Steel-Pressure-Cooker-Set-3-150x150.webp 150w, https:\/\/www.linktonkitchen.com\/wp-content\/uploads\/2024\/04\/Wholesale-Stianless-Steel-Pressure-Cooker-Set-3-768x768.webp 768w, https:\/\/www.linktonkitchen.com\/wp-content\/uploads\/2024\/04\/Wholesale-Stianless-Steel-Pressure-Cooker-Set-3-12x12.webp 12w, https:\/\/www.linktonkitchen.com\/wp-content\/uploads\/2024\/04\/Wholesale-Stianless-Steel-Pressure-Cooker-Set-3-285x285.webp 285w, https:\/\/www.linktonkitchen.com\/wp-content\/uploads\/2024\/04\/Wholesale-Stianless-Steel-Pressure-Cooker-Set-3-270x270.webp 270w, https:\/\/www.linktonkitchen.com\/wp-content\/uploads\/2024\/04\/Wholesale-Stianless-Steel-Pressure-Cooker-Set-3-540x540.webp 540w, https:\/\/www.linktonkitchen.com\/wp-content\/uploads\/2024\/04\/Wholesale-Stianless-Steel-Pressure-Cooker-Set-3-660x660.webp 660w\" sizes=\"(max-width: 800px) 100vw, 800px\" \/><\/figure>\n<\/div>\n\n\n\n<div class=\"wp-block-column is-layout-flow wp-block-column-is-layout-flow\">\n<h2 class=\"wp-block-heading\">Set d'autocuiseurs sur mesure :<\/h2>\n\n\n\n<p>Nous proposons des services de personnalisation OEM et ODM flexibles pour r\u00e9pondre aux diff\u00e9rentes exigences du march\u00e9 et au positionnement de la marque.<\/p>\n\n\n\n<p><strong>Plage de capacit\u00e9 :\u00a0<\/strong>Choisissez entre 4 et 11 litres pour r\u00e9pondre aux besoins des diff\u00e9rentes tailles de famille.<\/p>\n\n\n\n<p><strong>Finition de la surface :&nbsp;<\/strong>Disponible en polissage miroir (haute brillance), en finition satin\u00e9e (aspect bross\u00e9) ou en rev\u00eatement color\u00e9 personnalis\u00e9.<\/p>\n\n\n\n<p><strong>Marque et logo :<\/strong><\/p>\n\n\n\n<ul class=\"wp-block-list\">\n<li>Gravure au laser sur le corps du pot.<\/li>\n\n\n\n<li>Tampon sur le fond.<\/li>\n\n\n\n<li>Logo personnalis\u00e9 sur les poign\u00e9es et les valves de pression.<\/li>\n<\/ul>\n\n\n\n<p><strong>Conception de l'emballage :\u00a0<\/strong>Des bo\u00eetes de couleur, des manuels d'instructions et des cartons d'exp\u00e9dition enti\u00e8rement personnalis\u00e9s avec l'identit\u00e9 visuelle de votre marque.<\/p>\n<\/div>\n<\/div>","protected":false},"excerpt":{"rendered":"<p>Ensemble d'autocuiseurs en gros avec plaque \u00e0 vapeur et marmite, en forme de C avec poign\u00e9e rouge, 4-6 QT au choix. Mat\u00e9riau en acier inoxydable de haute qualit\u00e9, syst\u00e8me de s\u00e9curit\u00e9 \u00e0 valve de verrouillage automatique. C'est l'autocuiseur chinois le plus vendu. La fourniture directe par l'usine et le service sur mesure sont disponibles. N'h\u00e9sitez pas \u00e0 nous contacter pour un devis gratuit !<\/p>\n<h2>Set d'autocuiseurs Sp\u00e9cifications :<\/h2>\n<table width=\"402\">\n<tbody>\n<tr>\n<td width=\"145\">Fabricant<\/td>\n<td width=\"257\">Linkton<\/td>\n<\/tr>\n<tr>\n<td width=\"145\">Num\u00e9ro de mod\u00e8le<\/td>\n<td width=\"257\">LT-CX<\/td>\n<\/tr>\n<tr>\n<td width=\"145\">Capacit\u00e9<\/td>\n<td width=\"257\">4L\/ 6L\/ 7L\/ 9L\/ 11L<\/td>\n<\/tr>\n<tr>\n<td>Mat\u00e9riau<\/td>\n<td>Acier inoxydable<\/td>\n<\/tr>\n<tr>\n<td>Fonction<\/td>\n<td width=\"257\">\n<p>1. L'ensemble comprend des autocuiseurs, une grille de cuisson \u00e0 la vapeur et des casseroles.<br \/>2. Pression de 80 kpa<br \/>3. S\u00e9curit\u00e9 antid\u00e9flagrante<br \/>4. Nettoyage pratique<\/p>\n<\/td>\n<\/tr>\n<tr>\n<td>Fourneau applicable<\/td>\n<td>Cuisini\u00e8re\/Cuisini\u00e8re \u00e0 induction\/ Cuisini\u00e8re \u00e0 gaz\/ Cuisini\u00e8re \u00e9lectrique\/ Cuisini\u00e8re en c\u00e9ramique\/ Cuisini\u00e8re halog\u00e8ne<\/td>\n<\/tr>\n<tr>\n<td>Configuration<\/td>\n<td width=\"257\">Manuel\/Soupape de limitation de pression\/Cuvette anti-d\u00e9bordement\/Aiguille de nettoyage<\/td>\n<\/tr>\n<tr>\n<td>OEM\/ODM<\/td>\n<td>Acceptable<\/td>\n<\/tr>\n<tr>\n<td>\u00c9chantillon<\/td>\n<td>MOQ 1 pi\u00e8ce<\/td>\n<\/tr>\n<\/tbody>\n<\/table>","protected":false},"featured_media":3131,"template":"","meta":{"_acf_changed":false},"product-application":[],"product-capacity":[],"product_brand":[],"product_cat":[55],"product_tag":[85],"class_list":{"0":"post-3358","1":"product","2":"type-product","3":"status-publish","4":"has-post-thumbnail","6":"product_cat-pressure-cooker-wholesale","7":"product_tag-stainless-steel-pressure-cooker-wholesale","9":"first","10":"instock","11":"shipping-taxable","12":"product-type-simple"},"acf":[],"_links":{"self":[{"href":"https:\/\/www.linktonkitchen.com\/fr\/wp-json\/wp\/v2\/product\/3358","targetHints":{"allow":["GET"]}}],"collection":[{"href":"https:\/\/www.linktonkitchen.com\/fr\/wp-json\/wp\/v2\/product"}],"about":[{"href":"https:\/\/www.linktonkitchen.com\/fr\/wp-json\/wp\/v2\/types\/product"}],"version-history":[{"count":9,"href":"https:\/\/www.linktonkitchen.com\/fr\/wp-json\/wp\/v2\/product\/3358\/revisions"}],"predecessor-version":[{"id":7414,"href":"https:\/\/www.linktonkitchen.com\/fr\/wp-json\/wp\/v2\/product\/3358\/revisions\/7414"}],"wp:featuredmedia":[{"embeddable":true,"href":"https:\/\/www.linktonkitchen.com\/fr\/wp-json\/wp\/v2\/media\/3131"}],"wp:attachment":[{"href":"https:\/\/www.linktonkitchen.com\/fr\/wp-json\/wp\/v2\/media?parent=3358"}],"wp:term":[{"taxonomy":"product-application","embeddable":true,"href":"https:\/\/www.linktonkitchen.com\/fr\/wp-json\/wp\/v2\/product-application?post=3358"},{"taxonomy":"product-capacity","embeddable":true,"href":"https:\/\/www.linktonkitchen.com\/fr\/wp-json\/wp\/v2\/product-capacity?post=3358"},{"taxonomy":"product_brand","embeddable":true,"href":"https:\/\/www.linktonkitchen.com\/fr\/wp-json\/wp\/v2\/product_brand?post=3358"},{"taxonomy":"product_cat","embeddable":true,"href":"https:\/\/www.linktonkitchen.com\/fr\/wp-json\/wp\/v2\/product_cat?post=3358"},{"taxonomy":"product_tag","embeddable":true,"href":"https:\/\/www.linktonkitchen.com\/fr\/wp-json\/wp\/v2\/product_tag?post=3358"}],"curies":[{"name":"wp","href":"https:\/\/api.w.org\/{rel}","templated":true}]}}