{"id":4650,"date":"2024-07-15T08:21:59","date_gmt":"2024-07-15T08:21:59","guid":{"rendered":"https:\/\/www.linktonkitchen.com\/?post_type=product&#038;p=4650"},"modified":"2026-02-05T08:48:39","modified_gmt":"2026-02-05T08:48:39","slug":"set-dautocuiseurs-2","status":"publish","type":"product","link":"https:\/\/www.linktonkitchen.com\/fr\/produit\/set-dautocuiseurs-2\/","title":{"rendered":"Mini autocuiseur en gros, fabricant de petits autocuiseurs en acier Triply"},"content":{"rendered":"<div class=\"wp-block-columns is-layout-flex wp-container-core-columns-is-layout-9d6595d7 wp-block-columns-is-layout-flex\">\n<div class=\"wp-block-column is-vertically-aligned-top is-layout-flow wp-block-column-is-layout-flow\">\n<h2 class=\"wp-block-heading\">Mini autocuiseur Param\u00e8tres :<\/h2>\n\n\n\n<figure class=\"wp-block-table\"><table><tbody><tr><td>Num\u00e9ro de mod\u00e8le<\/td><td>Capacit\u00e9<\/td><td>Diam\u00e8tre<\/td><\/tr><tr><td rowspan=\"4\">LT-XFKH<\/td><td>0.8 L<\/td><td>13cm\/15cm<\/td><\/tr><tr><td>1.2 L<\/td><td>13cm\/15cm<\/td><\/tr><tr><td>1.6 L<\/td><td>13cm\/15cm<\/td><\/tr><tr><td>2.0 L<\/td><td>13cm\/15cm<\/td><\/tr><\/tbody><\/table><\/figure>\n\n\n\n<h2 class=\"wp-block-heading\">Mini autocuiseur Caract\u00e9ristiques :<\/h2>\n\n\n\n<p><strong>Couvercle innovant \u00e0 fermeture par pincement : <\/strong>Couvercle verrouill\u00e9 \u00e0 pince unique, vous pouvez ouvrir et fermer le couvercle d'une seule main. Utilisation facile et garantie de s\u00e9curit\u00e9.<\/p>\n\n\n\n<p><strong>Structure en triple acier inoxydable de haute qualit\u00e9 :<\/strong> Chauffage rapide et uniforme, \u00e9conomie d'\u00e9nergie et efficacit\u00e9, durabilit\u00e9.<\/p>\n\n\n\n<p><strong>Options de petite capacit\u00e9 :<\/strong> 0,8L, 1,2L, 1,6L, 2,0L. Convient parfaitement aux repas d'une seule personne et \u00e0 la cuisine de camping en plein air.<\/p>\n\n\n\n<p><strong>Cuisson rapide et efficace : <\/strong>La pressurisation rapide raccourcit le temps de cuisson. La conservation de la saveur et de la valeur nutritive des aliments permet de les rendre plus sains.<\/p>\n\n\n\n<p><strong>Multiples protections de s\u00e9curit\u00e9 : <\/strong>\u00c9quip\u00e9 d'un r\u00e9gulateur de pression, d'une soupape de s\u00e9curit\u00e9 et d'un orifice d'\u00e9chappement anti-colmatage. La bague d'\u00e9tanch\u00e9it\u00e9 r\u00e9sistante \u00e0 la chaleur assure une \u00e9tanch\u00e9it\u00e9 ferme m\u00eame sous haute pression.<\/p>\n\n\n\n<p><strong>Compatibilit\u00e9 avec plusieurs sources de chaleur : <\/strong>Convient aux cuisini\u00e8res \u00e0 induction, aux cuisini\u00e8res \u00e0 gaz, aux cuisini\u00e8res \u00e9lectriques et aux cuisini\u00e8res en c\u00e9ramique.<\/p>\n<\/div>\n\n\n\n<div class=\"wp-block-column is-vertically-aligned-top is-layout-flow wp-block-column-is-layout-flow\">\n<figure class=\"wp-block-image size-full\"><img fetchpriority=\"high\" decoding=\"async\" width=\"800\" height=\"800\" src=\"https:\/\/www.linktonkitchen.com\/wp-content\/uploads\/2024\/07\/Wholesale-mini-triply-stainless-steel-pressure-cookers-5.webp\" alt=\"Vente en gros de mini autocuiseurs triples en acier inoxydable\" class=\"wp-image-7441\" style=\"object-fit:cover\" srcset=\"https:\/\/www.linktonkitchen.com\/wp-content\/uploads\/2024\/07\/Wholesale-mini-triply-stainless-steel-pressure-cookers-5.webp 800w, https:\/\/www.linktonkitchen.com\/wp-content\/uploads\/2024\/07\/Wholesale-mini-triply-stainless-steel-pressure-cookers-5-300x300.webp 300w, https:\/\/www.linktonkitchen.com\/wp-content\/uploads\/2024\/07\/Wholesale-mini-triply-stainless-steel-pressure-cookers-5-150x150.webp 150w, https:\/\/www.linktonkitchen.com\/wp-content\/uploads\/2024\/07\/Wholesale-mini-triply-stainless-steel-pressure-cookers-5-768x768.webp 768w, https:\/\/www.linktonkitchen.com\/wp-content\/uploads\/2024\/07\/Wholesale-mini-triply-stainless-steel-pressure-cookers-5-12x12.webp 12w, https:\/\/www.linktonkitchen.com\/wp-content\/uploads\/2024\/07\/Wholesale-mini-triply-stainless-steel-pressure-cookers-5-285x285.webp 285w, https:\/\/www.linktonkitchen.com\/wp-content\/uploads\/2024\/07\/Wholesale-mini-triply-stainless-steel-pressure-cookers-5-270x270.webp 270w, https:\/\/www.linktonkitchen.com\/wp-content\/uploads\/2024\/07\/Wholesale-mini-triply-stainless-steel-pressure-cookers-5-540x540.webp 540w, https:\/\/www.linktonkitchen.com\/wp-content\/uploads\/2024\/07\/Wholesale-mini-triply-stainless-steel-pressure-cookers-5-660x660.webp 660w\" sizes=\"(max-width: 800px) 100vw, 800px\" \/><\/figure>\n<\/div>\n<\/div>\n\n\n\n<div class=\"wp-block-columns is-layout-flex wp-container-core-columns-is-layout-9d6595d7 wp-block-columns-is-layout-flex\">\n<div class=\"wp-block-column is-layout-flow wp-block-column-is-layout-flow\">\n<figure class=\"wp-block-image size-full\"><img decoding=\"async\" width=\"3120\" height=\"3120\" src=\"https:\/\/www.linktonkitchen.com\/wp-content\/uploads\/2025\/04\/mini-pressure-cooker-manufacturer-3-edited.webp\" alt=\"fabricant d&#039;autocuiseurs miniatures\" class=\"wp-image-5619\" srcset=\"https:\/\/www.linktonkitchen.com\/wp-content\/uploads\/2025\/04\/mini-pressure-cooker-manufacturer-3-edited.webp 3120w, https:\/\/www.linktonkitchen.com\/wp-content\/uploads\/2025\/04\/mini-pressure-cooker-manufacturer-3-edited-300x300.webp 300w, https:\/\/www.linktonkitchen.com\/wp-content\/uploads\/2025\/04\/mini-pressure-cooker-manufacturer-3-edited-150x150.webp 150w, https:\/\/www.linktonkitchen.com\/wp-content\/uploads\/2025\/04\/mini-pressure-cooker-manufacturer-3-edited-768x768.webp 768w, https:\/\/www.linktonkitchen.com\/wp-content\/uploads\/2025\/04\/mini-pressure-cooker-manufacturer-3-edited-12x12.webp 12w, https:\/\/www.linktonkitchen.com\/wp-content\/uploads\/2025\/04\/mini-pressure-cooker-manufacturer-3-edited-285x285.webp 285w, https:\/\/www.linktonkitchen.com\/wp-content\/uploads\/2025\/04\/mini-pressure-cooker-manufacturer-3-edited-1600x1600.webp 1600w, https:\/\/www.linktonkitchen.com\/wp-content\/uploads\/2025\/04\/mini-pressure-cooker-manufacturer-3-edited-270x270.webp 270w, https:\/\/www.linktonkitchen.com\/wp-content\/uploads\/2025\/04\/mini-pressure-cooker-manufacturer-3-edited-540x540.webp 540w, https:\/\/www.linktonkitchen.com\/wp-content\/uploads\/2025\/04\/mini-pressure-cooker-manufacturer-3-edited-660x660.webp 660w\" sizes=\"(max-width: 3120px) 100vw, 3120px\" \/><\/figure>\n<\/div>\n\n\n\n<div class=\"wp-block-column is-vertically-aligned-center is-layout-flow wp-block-column-is-layout-flow\">\n<h2 class=\"wp-block-heading\">Mini autocuiseur sur mesure :<\/h2>\n\n\n\n<p>Nous proposons des services de personnalisation OEM et ODM flexibles pour r\u00e9pondre aux diff\u00e9rentes exigences du march\u00e9 et au positionnement de la marque.<\/p>\n\n\n\n<p><strong>Plage de capacit\u00e9 :\u00a0<\/strong>Choisissez entre 0,8 et 2 litres pour r\u00e9pondre aux besoins des diff\u00e9rentes familles.<\/p>\n\n\n\n<p><strong>Finition de la surface :&nbsp;<\/strong>Disponible en polissage miroir (haute brillance), en finition satin\u00e9e (aspect bross\u00e9) ou en rev\u00eatement color\u00e9 personnalis\u00e9.<\/p>\n\n\n\n<p><strong>Marque et logo :<\/strong><\/p>\n\n\n\n<ul class=\"wp-block-list\">\n<li>Gravure au laser sur le corps du pot.<\/li>\n\n\n\n<li>Tampon sur le fond.<\/li>\n\n\n\n<li>Logo personnalis\u00e9 sur les poign\u00e9es et les valves de pression.<\/li>\n<\/ul>\n\n\n\n<p><strong>Conception de l'emballage :&nbsp;<\/strong>Bo\u00eetes de couleur, manuels d'instructions et cartons d'exp\u00e9dition enti\u00e8rement personnalis\u00e9s avec l'identit\u00e9 visuelle de votre marque.<\/p>\n<\/div>\n<\/div>","protected":false},"excerpt":{"rendered":"<p>Mini autocuiseur en gros avec couvercle \u00e0 fermeture \u00e0 pince, facile \u00e0 utiliser, cuisson s\u00fbre et rapide, convient pour les petites portions ou le camping. Vente directe \u00e0 l'usine, emballage avec logo personnalis\u00e9, meilleure remise pour les commandes en gros, n'h\u00e9sitez pas \u00e0 vous renseigner d\u00e8s aujourd'hui !<\/p>\n<h2>Mini autocuiseur Sp\u00e9cifications<\/h2>\n<table width=\"402\">\n<tbody>\n<tr>\n<td width=\"145\">Fabricant<\/td>\n<td width=\"257\">Linkton<\/td>\n<\/tr>\n<tr>\n<td width=\"145\">Num\u00e9ro de mod\u00e8le<\/td>\n<td width=\"257\">LT-XFKH<\/td>\n<\/tr>\n<tr>\n<td width=\"145\">Capacit\u00e9<\/td>\n<td width=\"257\">0,8L\/ 1,2L\/ 1,6L\/ 2L<\/td>\n<\/tr>\n<tr>\n<td>Mat\u00e9riau<\/td>\n<td>Acier inoxydable Triply<\/td>\n<\/tr>\n<tr>\n<td>Fonction<\/td>\n<td width=\"257\">1. Bouton de verrouillage de s\u00e9curit\u00e9<br \/>2. Cuisson rapide<br \/>3. S\u00e9curit\u00e9 antid\u00e9flagrante<br \/>4. Nettoyage pratique<\/td>\n<\/tr>\n<tr>\n<td>Fourneau applicable<\/td>\n<td>Cuisini\u00e8re \u00e0 flamme nue\/ \u00e0 induction\/ \u00e0 gaz<\/td>\n<\/tr>\n<tr>\n<td>OEM\/ODM<\/td>\n<td>Acceptable<\/td>\n<\/tr>\n<tr>\n<td>\u00c9chantillon<\/td>\n<td>MOQ 1 pi\u00e8ce<\/td>\n<\/tr>\n<\/tbody>\n<\/table>","protected":false},"featured_media":5662,"template":"","meta":{"_acf_changed":false},"product-application":[],"product-capacity":[],"product_brand":[],"product_cat":[55],"product_tag":[85],"class_list":{"0":"post-4650","1":"product","2":"type-product","3":"status-publish","4":"has-post-thumbnail","6":"product_cat-pressure-cooker-wholesale","7":"product_tag-stainless-steel-pressure-cooker-wholesale","9":"first","10":"instock","11":"shipping-taxable","12":"product-type-simple"},"acf":[],"_links":{"self":[{"href":"https:\/\/www.linktonkitchen.com\/fr\/wp-json\/wp\/v2\/product\/4650","targetHints":{"allow":["GET"]}}],"collection":[{"href":"https:\/\/www.linktonkitchen.com\/fr\/wp-json\/wp\/v2\/product"}],"about":[{"href":"https:\/\/www.linktonkitchen.com\/fr\/wp-json\/wp\/v2\/types\/product"}],"version-history":[{"count":8,"href":"https:\/\/www.linktonkitchen.com\/fr\/wp-json\/wp\/v2\/product\/4650\/revisions"}],"predecessor-version":[{"id":7446,"href":"https:\/\/www.linktonkitchen.com\/fr\/wp-json\/wp\/v2\/product\/4650\/revisions\/7446"}],"wp:featuredmedia":[{"embeddable":true,"href":"https:\/\/www.linktonkitchen.com\/fr\/wp-json\/wp\/v2\/media\/5662"}],"wp:attachment":[{"href":"https:\/\/www.linktonkitchen.com\/fr\/wp-json\/wp\/v2\/media?parent=4650"}],"wp:term":[{"taxonomy":"product-application","embeddable":true,"href":"https:\/\/www.linktonkitchen.com\/fr\/wp-json\/wp\/v2\/product-application?post=4650"},{"taxonomy":"product-capacity","embeddable":true,"href":"https:\/\/www.linktonkitchen.com\/fr\/wp-json\/wp\/v2\/product-capacity?post=4650"},{"taxonomy":"product_brand","embeddable":true,"href":"https:\/\/www.linktonkitchen.com\/fr\/wp-json\/wp\/v2\/product_brand?post=4650"},{"taxonomy":"product_cat","embeddable":true,"href":"https:\/\/www.linktonkitchen.com\/fr\/wp-json\/wp\/v2\/product_cat?post=4650"},{"taxonomy":"product_tag","embeddable":true,"href":"https:\/\/www.linktonkitchen.com\/fr\/wp-json\/wp\/v2\/product_tag?post=4650"}],"curies":[{"name":"wp","href":"https:\/\/api.w.org\/{rel}","templated":true}]}}