{"id":4680,"date":"2024-07-20T10:51:08","date_gmt":"2024-07-20T10:51:08","guid":{"rendered":"https:\/\/www.linktonkitchen.com\/?post_type=product&#038;p=4680"},"modified":"2024-07-20T12:07:52","modified_gmt":"2024-07-20T12:07:52","slug":"gn-pan-2","status":"publish","type":"product","link":"https:\/\/www.linktonkitchen.com\/fr\/product\/gastronorm-pans-wholesale\/","title":{"rendered":"Wholesale Gastronorm Pans American Standard Stainless Steel"},"content":{"rendered":"<div class=\"wp-block-columns is-layout-flex wp-container-core-columns-is-layout-9d6595d7 wp-block-columns-is-layout-flex\">\n<div class=\"wp-block-column is-layout-flow wp-block-column-is-layout-flow\">\n<h3 class=\"wp-block-heading\">Plaques Gastronorm <strong>Caract\u00e9ristiques :<\/strong><\/h3>\n\n\n\n<p><strong>Norme am\u00e9ricaine : <\/strong><br>Conforme aux normes de plaques couramment utilis\u00e9es dans l'industrie h\u00f4teli\u00e8re am\u00e9ricaine, avec des dimensions uniformes, ce qui permet une connexion transparente avec les \u00e9quipements de restauration internationaux et am\u00e9liore l'efficacit\u00e9 op\u00e9rationnelle.<\/p>\n\n\n\n<p><strong>Conception simple : <\/strong><br>L'apparence est simple et \u00e9l\u00e9gante, avec des lignes douces, ce qui est non seulement conforme \u00e0 l'esth\u00e9tique moderne, mais aussi facile \u00e0 nettoyer et \u00e0 entretenir, r\u00e9duisant ainsi les angles morts en mati\u00e8re d'hygi\u00e8ne de la cuisine.<\/p>\n\n\n\n<p><strong>Diff\u00e9rentes sp\u00e9cifications : <\/strong><br>Il offre une vari\u00e9t\u00e9 de sp\u00e9cifications, de la taille 1\/2 \u00e0 la taille compl\u00e8te, pour r\u00e9pondre aux besoins de stockage de diff\u00e9rentes quantit\u00e9s d'aliments, et pour r\u00e9pondre de mani\u00e8re flexible \u00e0 diff\u00e9rents sc\u00e9narios de restauration.<\/p>\n\n\n\n<p><strong>Durable et r\u00e9sistant : <\/strong><br>Fabriqu\u00e9 en acier inoxydable de haute qualit\u00e9, il pr\u00e9sente une structure solide et une forte r\u00e9sistance \u00e0 la corrosion.<\/p>\n\n\n\n<p><strong>S\u00fbr et sain : <\/strong><br>Il r\u00e9pond aux normes internationales de s\u00e9curit\u00e9 alimentaire, est non toxique et inoffensif, et garantit que les aliments restent purs et frais pendant le stockage et l'exposition.<\/p>\n<\/div>\n\n\n\n<div class=\"wp-block-column is-layout-flow wp-block-column-is-layout-flow\"><div class=\"wp-block-image\">\n<figure class=\"aligncenter size-full is-resized\"><img fetchpriority=\"high\" decoding=\"async\" width=\"748\" height=\"749\" src=\"https:\/\/www.linktonkitchen.com\/wp-content\/uploads\/2024\/07\/gastronorm-pans-wholesale-4.webp\" alt=\"Plaques gastronormes en gros\" class=\"wp-image-4684\" style=\"width:389px;height:auto\" srcset=\"https:\/\/www.linktonkitchen.com\/wp-content\/uploads\/2024\/07\/gastronorm-pans-wholesale-4.webp 748w, https:\/\/www.linktonkitchen.com\/wp-content\/uploads\/2024\/07\/gastronorm-pans-wholesale-4-300x300.webp 300w, https:\/\/www.linktonkitchen.com\/wp-content\/uploads\/2024\/07\/gastronorm-pans-wholesale-4-150x150.webp 150w, https:\/\/www.linktonkitchen.com\/wp-content\/uploads\/2024\/07\/gastronorm-pans-wholesale-4-12x12.webp 12w, https:\/\/www.linktonkitchen.com\/wp-content\/uploads\/2024\/07\/gastronorm-pans-wholesale-4-285x285.webp 285w, https:\/\/www.linktonkitchen.com\/wp-content\/uploads\/2024\/07\/gastronorm-pans-wholesale-4-270x270.webp 270w, https:\/\/www.linktonkitchen.com\/wp-content\/uploads\/2024\/07\/gastronorm-pans-wholesale-4-540x540.webp 540w, https:\/\/www.linktonkitchen.com\/wp-content\/uploads\/2024\/07\/gastronorm-pans-wholesale-4-660x660.webp 660w\" sizes=\"(max-width: 748px) 100vw, 748px\" \/><\/figure>\n<\/div>\n\n<div class=\"wp-block-image\">\n<figure class=\"aligncenter size-full is-resized\"><img decoding=\"async\" width=\"750\" height=\"750\" src=\"https:\/\/www.linktonkitchen.com\/wp-content\/uploads\/2024\/07\/gastronorm-pans-wholesale-3-1.webp\" alt=\"\" class=\"wp-image-4686\" style=\"width:387px;height:auto\" srcset=\"https:\/\/www.linktonkitchen.com\/wp-content\/uploads\/2024\/07\/gastronorm-pans-wholesale-3-1.webp 750w, https:\/\/www.linktonkitchen.com\/wp-content\/uploads\/2024\/07\/gastronorm-pans-wholesale-3-1-300x300.webp 300w, https:\/\/www.linktonkitchen.com\/wp-content\/uploads\/2024\/07\/gastronorm-pans-wholesale-3-1-150x150.webp 150w, https:\/\/www.linktonkitchen.com\/wp-content\/uploads\/2024\/07\/gastronorm-pans-wholesale-3-1-12x12.webp 12w, https:\/\/www.linktonkitchen.com\/wp-content\/uploads\/2024\/07\/gastronorm-pans-wholesale-3-1-285x285.webp 285w, https:\/\/www.linktonkitchen.com\/wp-content\/uploads\/2024\/07\/gastronorm-pans-wholesale-3-1-270x270.webp 270w, https:\/\/www.linktonkitchen.com\/wp-content\/uploads\/2024\/07\/gastronorm-pans-wholesale-3-1-540x540.webp 540w, https:\/\/www.linktonkitchen.com\/wp-content\/uploads\/2024\/07\/gastronorm-pans-wholesale-3-1-660x660.webp 660w\" sizes=\"(max-width: 750px) 100vw, 750px\" \/><\/figure>\n<\/div><\/div>\n<\/div>\n\n\n\n<p><\/p>","protected":false},"excerpt":{"rendered":"<p>Les bacs gastronormes de style am\u00e9ricain, fabriqu\u00e9s en acier inoxydable de haute qualit\u00e9, constituent des solutions de stockage de grande qualit\u00e9 pour les h\u00f4tels, les restaurants et les traiteurs. Le fabricant de bacs gn de Linkton propose des services personnalis\u00e9s en mati\u00e8re de logo, d'emballage et de couvercle afin de cr\u00e9er des produits de marque rentables pour les clients.<\/p>\n<h2>Sp\u00e9cifications de <strong>Pan GN<\/strong>:<\/h2>\n<table border=\"0\" width=\"146\" cellspacing=\"0\" cellpadding=\"0\">\n<tbody>\n<tr>\n<td width=\"73\" height=\"23\">Fabricant<\/td>\n<td width=\"73\">Linkton<\/td>\n<\/tr>\n<tr>\n<td height=\"23\">Mat\u00e9riau<\/td>\n<td>Acier inoxydable<\/td>\n<\/tr>\n<tr>\n<td height=\"69\">Taille<\/td>\n<td>1\/1,1\/2, 1\/3, 1\/4, 1\/6, 1\/9 R\u00e9cipient gastronorme<\/td>\n<\/tr>\n<tr>\n<td height=\"23\">\u00c9paisseur<\/td>\n<td>0,7mm, 0,8mm, 1,0mm, 1,2mm \u00e9paisseur du plateau gn<\/td>\n<\/tr>\n<tr>\n<td height=\"115\">\u00c9chantillon<\/td>\n<td>Gratuit<\/td>\n<\/tr>\n<tr>\n<td height=\"30\">Personnalisation<\/td>\n<td>Possibilit\u00e9 d'apposer un LOGO personnalis\u00e9 sur le produit et l'emballage, et de proposer diff\u00e9rents types d'emballage, tels que le sac, le vrac ou le carton, ou de r\u00e9pondre \u00e0 la demande du client.<\/td>\n<\/tr>\n<\/tbody>\n<\/table>","protected":false},"featured_media":4687,"template":"","meta":{"_acf_changed":false},"product-application":[],"product-capacity":[],"product_brand":[],"product_cat":[57],"product_tag":[],"class_list":{"0":"post-4680","1":"product","2":"type-product","3":"status-publish","4":"has-post-thumbnail","6":"product_cat-gn-pan-wholesale","8":"first","9":"instock","10":"shipping-taxable","11":"product-type-simple"},"acf":[],"_links":{"self":[{"href":"https:\/\/www.linktonkitchen.com\/fr\/wp-json\/wp\/v2\/product\/4680","targetHints":{"allow":["GET"]}}],"collection":[{"href":"https:\/\/www.linktonkitchen.com\/fr\/wp-json\/wp\/v2\/product"}],"about":[{"href":"https:\/\/www.linktonkitchen.com\/fr\/wp-json\/wp\/v2\/types\/product"}],"version-history":[{"count":0,"href":"https:\/\/www.linktonkitchen.com\/fr\/wp-json\/wp\/v2\/product\/4680\/revisions"}],"wp:featuredmedia":[{"embeddable":true,"href":"https:\/\/www.linktonkitchen.com\/fr\/wp-json\/wp\/v2\/media\/4687"}],"wp:attachment":[{"href":"https:\/\/www.linktonkitchen.com\/fr\/wp-json\/wp\/v2\/media?parent=4680"}],"wp:term":[{"taxonomy":"product-application","embeddable":true,"href":"https:\/\/www.linktonkitchen.com\/fr\/wp-json\/wp\/v2\/product-application?post=4680"},{"taxonomy":"product-capacity","embeddable":true,"href":"https:\/\/www.linktonkitchen.com\/fr\/wp-json\/wp\/v2\/product-capacity?post=4680"},{"taxonomy":"product_brand","embeddable":true,"href":"https:\/\/www.linktonkitchen.com\/fr\/wp-json\/wp\/v2\/product_brand?post=4680"},{"taxonomy":"product_cat","embeddable":true,"href":"https:\/\/www.linktonkitchen.com\/fr\/wp-json\/wp\/v2\/product_cat?post=4680"},{"taxonomy":"product_tag","embeddable":true,"href":"https:\/\/www.linktonkitchen.com\/fr\/wp-json\/wp\/v2\/product_tag?post=4680"}],"curies":[{"name":"wp","href":"https:\/\/api.w.org\/{rel}","templated":true}]}}