{"id":4690,"date":"2024-07-20T12:10:45","date_gmt":"2024-07-20T12:10:45","guid":{"rendered":"https:\/\/www.linktonkitchen.com\/?post_type=product&#038;p=4690"},"modified":"2024-07-20T12:48:32","modified_gmt":"2024-07-20T12:48:32","slug":"gn-pan-3","status":"publish","type":"product","link":"https:\/\/www.linktonkitchen.com\/fr\/product\/gn-pans-wholesale\/","title":{"rendered":"Wholesale Gn Pans Stainless Steel European Style All Sizes"},"content":{"rendered":"<div class=\"wp-block-columns is-layout-flex wp-container-core-columns-is-layout-9d6595d7 wp-block-columns-is-layout-flex\">\n<div class=\"wp-block-column is-layout-flow wp-block-column-is-layout-flow\">\n<h3 class=\"wp-block-heading\">Po\u00eales Gn <strong>Caract\u00e9ristiques :<\/strong><\/h3>\n\n\n\n<p><strong>Conception standardis\u00e9e<\/strong>:<br> Conforme aux normes europ\u00e9ennes GN, de taille pr\u00e9cise, facilement compatible avec les \u00e9quipements de cuisine et la vaisselle internationaux, et am\u00e9liorant l'efficacit\u00e9 des op\u00e9rations de cuisine.<\/p>\n\n\n\n<p><strong>Artisanat de qualit\u00e9 : <\/strong><br>La paroi lat\u00e9rale est \u00e9quip\u00e9e d'une ligne anti-\u00e9crasement de conception unique, qui est belle et emp\u00eache efficacement l'accumulation de r\u00e9sidus alimentaires, est facile \u00e0 nettoyer et \u00e0 empiler, et permet d'\u00e9conomiser de l'espace de stockage.<\/p>\n\n\n\n<p><strong>Diff\u00e9rentes sp\u00e9cifications : <\/strong><br>Fournit une vari\u00e9t\u00e9 de sp\u00e9cifications de 1\/1 \u00e0 1\/12 pour r\u00e9pondre aux besoins de stockage et d'exposition de diff\u00e9rents ingr\u00e9dients, convenant aux buffets, h\u00f4tels, restaurants et \u00e0 la transformation des aliments et autres occasions.<\/p>\n\n\n\n<p><strong>Forte durabilit\u00e9 : <\/strong><br>La s\u00e9lection de mat\u00e9riaux en acier inoxydable de haute qualit\u00e9 et la mise en \u0153uvre d'un processus de traitement strict garantissent que le produit est durable et conserve un aspect brillant apr\u00e8s une utilisation \u00e0 long terme.<\/p>\n\n\n\n<p><strong>Respectueux de l'environnement et de la sant\u00e9 : <\/strong><br>non toxiques et inoffensifs, conformes aux exigences en mati\u00e8re de s\u00e9curit\u00e9 alimentaire, offrant aux clients un environnement sain et s\u00fbr pour leurs repas.<\/p>\n<\/div>\n\n\n\n<div class=\"wp-block-column is-layout-flow wp-block-column-is-layout-flow\"><div class=\"wp-block-image\">\n<figure class=\"aligncenter size-full is-resized\"><img fetchpriority=\"high\" decoding=\"async\" width=\"800\" height=\"800\" src=\"https:\/\/www.linktonkitchen.com\/wp-content\/uploads\/2024\/07\/gn-pans-wholesale-2-1.webp\" alt=\"casseroles gn en gros\" class=\"wp-image-4699\" style=\"width:389px;height:auto\" srcset=\"https:\/\/www.linktonkitchen.com\/wp-content\/uploads\/2024\/07\/gn-pans-wholesale-2-1.webp 800w, https:\/\/www.linktonkitchen.com\/wp-content\/uploads\/2024\/07\/gn-pans-wholesale-2-1-300x300.webp 300w, https:\/\/www.linktonkitchen.com\/wp-content\/uploads\/2024\/07\/gn-pans-wholesale-2-1-150x150.webp 150w, https:\/\/www.linktonkitchen.com\/wp-content\/uploads\/2024\/07\/gn-pans-wholesale-2-1-768x768.webp 768w, https:\/\/www.linktonkitchen.com\/wp-content\/uploads\/2024\/07\/gn-pans-wholesale-2-1-12x12.webp 12w, https:\/\/www.linktonkitchen.com\/wp-content\/uploads\/2024\/07\/gn-pans-wholesale-2-1-285x285.webp 285w, https:\/\/www.linktonkitchen.com\/wp-content\/uploads\/2024\/07\/gn-pans-wholesale-2-1-270x270.webp 270w, https:\/\/www.linktonkitchen.com\/wp-content\/uploads\/2024\/07\/gn-pans-wholesale-2-1-540x540.webp 540w, https:\/\/www.linktonkitchen.com\/wp-content\/uploads\/2024\/07\/gn-pans-wholesale-2-1-660x660.webp 660w\" sizes=\"(max-width: 800px) 100vw, 800px\" \/><\/figure>\n<\/div>\n\n<div class=\"wp-block-image\">\n<figure class=\"aligncenter size-full is-resized\"><img decoding=\"async\" width=\"750\" height=\"750\" src=\"https:\/\/www.linktonkitchen.com\/wp-content\/uploads\/2024\/07\/gn-pans-wholesale-5.webp\" alt=\"casseroles gn en gros\" class=\"wp-image-4700\" style=\"width:387px;height:auto\" srcset=\"https:\/\/www.linktonkitchen.com\/wp-content\/uploads\/2024\/07\/gn-pans-wholesale-5.webp 750w, https:\/\/www.linktonkitchen.com\/wp-content\/uploads\/2024\/07\/gn-pans-wholesale-5-300x300.webp 300w, https:\/\/www.linktonkitchen.com\/wp-content\/uploads\/2024\/07\/gn-pans-wholesale-5-150x150.webp 150w, https:\/\/www.linktonkitchen.com\/wp-content\/uploads\/2024\/07\/gn-pans-wholesale-5-12x12.webp 12w, https:\/\/www.linktonkitchen.com\/wp-content\/uploads\/2024\/07\/gn-pans-wholesale-5-285x285.webp 285w, https:\/\/www.linktonkitchen.com\/wp-content\/uploads\/2024\/07\/gn-pans-wholesale-5-270x270.webp 270w, https:\/\/www.linktonkitchen.com\/wp-content\/uploads\/2024\/07\/gn-pans-wholesale-5-540x540.webp 540w, https:\/\/www.linktonkitchen.com\/wp-content\/uploads\/2024\/07\/gn-pans-wholesale-5-660x660.webp 660w\" sizes=\"(max-width: 750px) 100vw, 750px\" \/><\/figure>\n<\/div><\/div>\n<\/div>\n\n\n\n<p><\/p>","protected":false},"excerpt":{"rendered":"<p>En tant que fabricant de marmites GN, nous vendons en gros des marmites GN aux normes europ\u00e9ennes, fabriqu\u00e9es en acier inoxydable de haute qualit\u00e9, avec des couvercles, des logos et des emballages personnalis\u00e9s. Tous les produits sont vendus \u00e0 des prix d'usine et r\u00e9pondent aux normes les plus strictes en mati\u00e8re de s\u00e9curit\u00e9 alimentaire.<\/p>\n<h2>Sp\u00e9cifications des casseroles Gn :<\/h2>\n<table border=\"0\" width=\"146\" cellspacing=\"0\" cellpadding=\"0\">\n<tbody>\n<tr>\n<td width=\"73\" height=\"23\">Fabricant<\/td>\n<td width=\"73\">Linkton<\/td>\n<\/tr>\n<tr>\n<td height=\"23\">Mat\u00e9riau<\/td>\n<td>Acier inoxydable<\/td>\n<\/tr>\n<tr>\n<td height=\"69\">Taille<\/td>\n<td>1\/1,1\/2, 1\/3, 1\/4, 1\/6, 1\/9 R\u00e9cipient gastronorme<\/td>\n<\/tr>\n<tr>\n<td height=\"23\">\u00c9paisseur<\/td>\n<td>0,7mm, 0,8mm, 1,0mm, 1,2mm \u00e9paisseur du plateau gn<\/td>\n<\/tr>\n<tr>\n<td height=\"115\">\u00c9chantillon<\/td>\n<td>Gratuit<\/td>\n<\/tr>\n<tr>\n<td height=\"30\">Personnalisation<\/td>\n<td>Possibilit\u00e9 d'apposer un LOGO personnalis\u00e9 sur le produit et l'emballage, et de proposer diff\u00e9rents types d'emballage, tels que le sac, le vrac ou le carton, ou de r\u00e9pondre \u00e0 la demande du client.<\/td>\n<\/tr>\n<\/tbody>\n<\/table>","protected":false},"featured_media":4698,"template":"","meta":{"_acf_changed":false},"product-application":[],"product-capacity":[],"product_brand":[],"product_cat":[57],"product_tag":[],"class_list":{"0":"post-4690","1":"product","2":"type-product","3":"status-publish","4":"has-post-thumbnail","6":"product_cat-gn-pan-wholesale","8":"first","9":"instock","10":"shipping-taxable","11":"product-type-simple"},"acf":[],"_links":{"self":[{"href":"https:\/\/www.linktonkitchen.com\/fr\/wp-json\/wp\/v2\/product\/4690","targetHints":{"allow":["GET"]}}],"collection":[{"href":"https:\/\/www.linktonkitchen.com\/fr\/wp-json\/wp\/v2\/product"}],"about":[{"href":"https:\/\/www.linktonkitchen.com\/fr\/wp-json\/wp\/v2\/types\/product"}],"version-history":[{"count":0,"href":"https:\/\/www.linktonkitchen.com\/fr\/wp-json\/wp\/v2\/product\/4690\/revisions"}],"wp:featuredmedia":[{"embeddable":true,"href":"https:\/\/www.linktonkitchen.com\/fr\/wp-json\/wp\/v2\/media\/4698"}],"wp:attachment":[{"href":"https:\/\/www.linktonkitchen.com\/fr\/wp-json\/wp\/v2\/media?parent=4690"}],"wp:term":[{"taxonomy":"product-application","embeddable":true,"href":"https:\/\/www.linktonkitchen.com\/fr\/wp-json\/wp\/v2\/product-application?post=4690"},{"taxonomy":"product-capacity","embeddable":true,"href":"https:\/\/www.linktonkitchen.com\/fr\/wp-json\/wp\/v2\/product-capacity?post=4690"},{"taxonomy":"product_brand","embeddable":true,"href":"https:\/\/www.linktonkitchen.com\/fr\/wp-json\/wp\/v2\/product_brand?post=4690"},{"taxonomy":"product_cat","embeddable":true,"href":"https:\/\/www.linktonkitchen.com\/fr\/wp-json\/wp\/v2\/product_cat?post=4690"},{"taxonomy":"product_tag","embeddable":true,"href":"https:\/\/www.linktonkitchen.com\/fr\/wp-json\/wp\/v2\/product_tag?post=4690"}],"curies":[{"name":"wp","href":"https:\/\/api.w.org\/{rel}","templated":true}]}}