{"id":4721,"date":"2024-07-27T08:29:02","date_gmt":"2024-07-27T06:05:14","guid":{"rendered":"https:\/\/www.linktonkitchen.com\/?post_type=product&#038;p=4721"},"modified":"2024-07-27T08:29:30","modified_gmt":"2024-07-27T08:29:30","slug":"gn-pan-5","status":"publish","type":"product","link":"https:\/\/www.linktonkitchen.com\/fr\/product\/seasoning-box-wholesale\/","title":{"rendered":"Grossiste Bo\u00eete \u00e0 assaisonnements en acier inoxydable Tout en 1 \u00c9pices"},"content":{"rendered":"<div class=\"wp-block-columns is-layout-flex wp-container-core-columns-is-layout-9d6595d7 wp-block-columns-is-layout-flex\">\n<div class=\"wp-block-column is-layout-flow wp-block-column-is-layout-flow\" style=\"flex-basis:60%\">\n<h3 class=\"wp-block-heading\"><strong>Bo\u00eete d'assaisonnement Caract\u00e9ristiques :<\/strong><\/h3>\n\n\n\n<p><strong>Acier inoxydable de haute qualit\u00e9 :<\/strong> Cette bo\u00eete \u00e0 assaisonnements est fabriqu\u00e9e en acier inoxydable de qualit\u00e9 alimentaire, robuste, durable, s\u00fbr et sain.<\/p>\n\n\n\n<p><strong>Avec couvercle<\/strong>Le syst\u00e8me de conservation des \u00e9pices : permet de conserver la fra\u00eecheur des \u00e9pices et de pr\u00e9server la qualit\u00e9 et le go\u00fbt des assaisonnements.<\/p>\n\n\n\n<p><strong>Conception ind\u00e9pendante des compartiments<\/strong>: Rangement ordonn\u00e9, facile \u00e0 sortir et \u00e0 nettoyer.<\/p>\n\n\n\n<p><strong>Large \u00e9ventail d'utilisations<\/strong>: Id\u00e9al pour conserver une vari\u00e9t\u00e9 de condiments tels que le sel, le sucre, le curry, l'ail, la moutarde en poudre, le poivre, l'amidon de ma\u00efs et d'autres poudres.<\/p>\n\n\n\n<p><strong>Int\u00e9gration pratique<\/strong>: Fabriqu\u00e9 en acier inoxydable de haute qualit\u00e9 \u00e0 l'aide d'une technologie d'\u00e9tirement int\u00e9gr\u00e9e, il \u00e9vite les soudures ordinaires, ce qui est \u00e0 la fois durable et esth\u00e9tique.<\/p>\n<\/div>\n\n\n\n<div class=\"wp-block-column is-layout-flow wp-block-column-is-layout-flow\" style=\"flex-basis:40%\"><div class=\"wp-block-image\">\n<figure class=\"aligncenter size-full is-resized\"><img fetchpriority=\"high\" decoding=\"async\" width=\"4285\" height=\"4285\" src=\"https:\/\/www.linktonkitchen.com\/wp-content\/uploads\/2024\/07\/Seasoning-Box-coustom-4.webp\" alt=\"Bo\u00eete d&#039;assaisonnement personnalis\u00e9e\" class=\"wp-image-4724\" style=\"width:375px;height:auto\" srcset=\"https:\/\/www.linktonkitchen.com\/wp-content\/uploads\/2024\/07\/Seasoning-Box-coustom-4.webp 4285w, https:\/\/www.linktonkitchen.com\/wp-content\/uploads\/2024\/07\/Seasoning-Box-coustom-4-300x300.webp 300w, https:\/\/www.linktonkitchen.com\/wp-content\/uploads\/2024\/07\/Seasoning-Box-coustom-4-150x150.webp 150w, https:\/\/www.linktonkitchen.com\/wp-content\/uploads\/2024\/07\/Seasoning-Box-coustom-4-768x768.webp 768w, https:\/\/www.linktonkitchen.com\/wp-content\/uploads\/2024\/07\/Seasoning-Box-coustom-4-12x12.webp 12w, https:\/\/www.linktonkitchen.com\/wp-content\/uploads\/2024\/07\/Seasoning-Box-coustom-4-285x285.webp 285w, https:\/\/www.linktonkitchen.com\/wp-content\/uploads\/2024\/07\/Seasoning-Box-coustom-4-1600x1600.webp 1600w, https:\/\/www.linktonkitchen.com\/wp-content\/uploads\/2024\/07\/Seasoning-Box-coustom-4-270x270.webp 270w, https:\/\/www.linktonkitchen.com\/wp-content\/uploads\/2024\/07\/Seasoning-Box-coustom-4-540x540.webp 540w, https:\/\/www.linktonkitchen.com\/wp-content\/uploads\/2024\/07\/Seasoning-Box-coustom-4-660x660.webp 660w\" sizes=\"(max-width: 4285px) 100vw, 4285px\" \/><\/figure>\n<\/div><\/div>\n<\/div>\n\n\n\n<div class=\"wp-block-columns is-layout-flex wp-container-core-columns-is-layout-9d6595d7 wp-block-columns-is-layout-flex\">\n<div class=\"wp-block-column is-layout-flow wp-block-column-is-layout-flow\"><div class=\"wp-block-image\">\n<figure class=\"aligncenter size-full is-resized\"><img decoding=\"async\" width=\"800\" height=\"800\" src=\"https:\/\/www.linktonkitchen.com\/wp-content\/uploads\/2024\/07\/Seasoning-Box-coustom-7.webp\" alt=\"Bo\u00eete d&#039;assaisonnement personnalis\u00e9e\" class=\"wp-image-4730\" style=\"width:380px;height:auto\" srcset=\"https:\/\/www.linktonkitchen.com\/wp-content\/uploads\/2024\/07\/Seasoning-Box-coustom-7.webp 800w, https:\/\/www.linktonkitchen.com\/wp-content\/uploads\/2024\/07\/Seasoning-Box-coustom-7-300x300.webp 300w, https:\/\/www.linktonkitchen.com\/wp-content\/uploads\/2024\/07\/Seasoning-Box-coustom-7-150x150.webp 150w, https:\/\/www.linktonkitchen.com\/wp-content\/uploads\/2024\/07\/Seasoning-Box-coustom-7-768x768.webp 768w, https:\/\/www.linktonkitchen.com\/wp-content\/uploads\/2024\/07\/Seasoning-Box-coustom-7-12x12.webp 12w, https:\/\/www.linktonkitchen.com\/wp-content\/uploads\/2024\/07\/Seasoning-Box-coustom-7-285x285.webp 285w, https:\/\/www.linktonkitchen.com\/wp-content\/uploads\/2024\/07\/Seasoning-Box-coustom-7-270x270.webp 270w, https:\/\/www.linktonkitchen.com\/wp-content\/uploads\/2024\/07\/Seasoning-Box-coustom-7-540x540.webp 540w, https:\/\/www.linktonkitchen.com\/wp-content\/uploads\/2024\/07\/Seasoning-Box-coustom-7-660x660.webp 660w\" sizes=\"(max-width: 800px) 100vw, 800px\" \/><\/figure>\n<\/div><\/div>\n\n\n\n<div class=\"wp-block-column is-layout-flow wp-block-column-is-layout-flow\">\n<h2 class=\"wp-block-heading\">Sur mesure <strong>Bo\u00eete d'assaisonnement<\/strong> Options :<\/h2>\n\n\n\n<p>Taille, compartiments, acier inoxydable 301\/304\/306, logo personnalis\u00e9, emballage<\/p>\n\n\n\n<p>Nous fournissons des solutions de bo\u00eetes d'assaisonnement personnalis\u00e9es avec <strong>des prix comp\u00e9titifs<\/strong> et <strong>une large gamme d'options personnalis\u00e9es<\/strong>. Personnalisez les produits universels de cuisine ou les produits personnalis\u00e9s selon vos besoins sp\u00e9cifiques pour aider \u00e0 promouvoir votre image de marque. N'h\u00e9sitez pas \u00e0 nous contacter pour plus d'informations sur la vente en gros de bo\u00eetes \u00e0 \u00e9pices et la personnalisation !<\/p>\n<\/div>\n<\/div>","protected":false},"excerpt":{"rendered":"<p>Bo\u00eete d'assaisonnement en acier inoxydable avec couvercle, en gros et sur mesure, mat\u00e9riau en acier inoxydable de qualit\u00e9 alimentaire, plusieurs tailles et compartiments permettant la personnalisation. Nous fournissons des solutions personnalis\u00e9es en gros avec des prix d'usine pour chaque client. N'h\u00e9sitez pas \u00e0 nous contacter pour obtenir des \u00e9chantillons gratuits.<\/p>\n<h2>Sp\u00e9cifications de la bo\u00eete d'assaisonnement :<\/h2>\n<table border=\"0\" width=\"146\" cellspacing=\"0\" cellpadding=\"0\">\n<tbody>\n<tr>\n<td width=\"73\" height=\"23\">Fabricant<\/td>\n<td width=\"73\">Linkton<\/td>\n<\/tr>\n<tr>\n<td height=\"23\">Mat\u00e9riau<\/td>\n<td>Acier inoxydable<\/td>\n<\/tr>\n<tr>\n<td height=\"69\">Compartiment<\/td>\n<td>1-2-3-4-6-8 Compartiments<\/td>\n<\/tr>\n<tr>\n<td height=\"115\">\u00c9chantillon<\/td>\n<td>Gratuit<\/td>\n<\/tr>\n<tr>\n<td height=\"30\">Personnalisation<\/td>\n<td>Possibilit\u00e9 d'apposer un LOGO personnalis\u00e9 sur le produit et l'emballage, et de proposer diff\u00e9rents types d'emballage, tels que le sac, le vrac ou le carton, ou de r\u00e9pondre \u00e0 la demande du client.<\/td>\n<\/tr>\n<\/tbody>\n<\/table>","protected":false},"featured_media":4724,"template":"","meta":{"_acf_changed":false},"product-application":[],"product-capacity":[],"product_brand":[],"product_cat":[57],"product_tag":[],"class_list":{"0":"post-4721","1":"product","2":"type-product","3":"status-publish","4":"has-post-thumbnail","6":"product_cat-gn-pan-wholesale","8":"first","9":"instock","10":"shipping-taxable","11":"product-type-simple"},"acf":[],"_links":{"self":[{"href":"https:\/\/www.linktonkitchen.com\/fr\/wp-json\/wp\/v2\/product\/4721","targetHints":{"allow":["GET"]}}],"collection":[{"href":"https:\/\/www.linktonkitchen.com\/fr\/wp-json\/wp\/v2\/product"}],"about":[{"href":"https:\/\/www.linktonkitchen.com\/fr\/wp-json\/wp\/v2\/types\/product"}],"version-history":[{"count":0,"href":"https:\/\/www.linktonkitchen.com\/fr\/wp-json\/wp\/v2\/product\/4721\/revisions"}],"wp:featuredmedia":[{"embeddable":true,"href":"https:\/\/www.linktonkitchen.com\/fr\/wp-json\/wp\/v2\/media\/4724"}],"wp:attachment":[{"href":"https:\/\/www.linktonkitchen.com\/fr\/wp-json\/wp\/v2\/media?parent=4721"}],"wp:term":[{"taxonomy":"product-application","embeddable":true,"href":"https:\/\/www.linktonkitchen.com\/fr\/wp-json\/wp\/v2\/product-application?post=4721"},{"taxonomy":"product-capacity","embeddable":true,"href":"https:\/\/www.linktonkitchen.com\/fr\/wp-json\/wp\/v2\/product-capacity?post=4721"},{"taxonomy":"product_brand","embeddable":true,"href":"https:\/\/www.linktonkitchen.com\/fr\/wp-json\/wp\/v2\/product_brand?post=4721"},{"taxonomy":"product_cat","embeddable":true,"href":"https:\/\/www.linktonkitchen.com\/fr\/wp-json\/wp\/v2\/product_cat?post=4721"},{"taxonomy":"product_tag","embeddable":true,"href":"https:\/\/www.linktonkitchen.com\/fr\/wp-json\/wp\/v2\/product_tag?post=4721"}],"curies":[{"name":"wp","href":"https:\/\/api.w.org\/{rel}","templated":true}]}}