{"id":5066,"date":"2024-12-17T12:16:02","date_gmt":"2024-12-17T12:16:02","guid":{"rendered":"https:\/\/www.linktonkitchen.com\/?post_type=product&#038;p=5066"},"modified":"2026-02-04T03:23:35","modified_gmt":"2026-02-04T03:23:35","slug":"set-dautocuiseurs-5","status":"publish","type":"product","link":"https:\/\/www.linktonkitchen.com\/fr\/product\/wholesale-portable-pressure-cooker\/","title":{"rendered":"Grossiste Autocuiseur \u00e0 ouverture facile \u00e0 une main, autocuiseur portable en acier inoxydable"},"content":{"rendered":"<div class=\"wp-block-columns is-layout-flex wp-container-core-columns-is-layout-9d6595d7 wp-block-columns-is-layout-flex\">\n<div class=\"wp-block-column is-layout-flow wp-block-column-is-layout-flow\">\n<figure class=\"wp-block-embed is-type-video is-provider-youtube wp-block-embed-youtube wp-embed-aspect-16-9 wp-has-aspect-ratio\"><div class=\"wp-block-embed__wrapper\">\n<iframe title=\"Autocuiseur ouvert \u00e0 soulever\" width=\"940\" height=\"529\" src=\"https:\/\/www.youtube.com\/embed\/zqieVkmrfIM?feature=oembed\" frameborder=\"0\" allow=\"accelerometer; autoplay; clipboard-write; encrypted-media; gyroscope; picture-in-picture; web-share\" referrerpolicy=\"strict-origin-when-cross-origin\" allowfullscreen><\/iframe>\n<\/div><\/figure>\n<\/div>\n\n\n\n<div class=\"wp-block-column is-layout-flow wp-block-column-is-layout-flow\">\n<h2 class=\"wp-block-heading\">Autocuiseur \u00e0 une main Param\u00e8tres :<\/h2>\n\n\n\n<figure class=\"wp-block-table\"><table><tbody><tr><td>Num\u00e9ro de mod\u00e8le<\/td><td>Capacit\u00e9<\/td><td>Diam\u00e8tre<\/td><\/tr><tr><td rowspan=\"4\">LT-XFKH<\/td><td>4 L<\/td><td>24cm<\/td><\/tr><tr><td>6.5 L<\/td><td>24cm<\/td><\/tr><tr><td>8 L<\/td><td>24cm<\/td><\/tr><\/tbody><\/table><\/figure>\n<\/div>\n<\/div>\n\n\n\n<div class=\"wp-block-columns is-layout-flex wp-container-core-columns-is-layout-9d6595d7 wp-block-columns-is-layout-flex\">\n<div class=\"wp-block-column is-layout-flow wp-block-column-is-layout-flow\">\n<h2 class=\"wp-block-heading\">Autocuiseur \u00e0 une main Caract\u00e9ristiques :<\/h2>\n\n\n\n<p><strong>Ouverture et verrouillage faciles d'une seule main :<\/strong> Dot\u00e9 d'une poign\u00e9e et d'un m\u00e9canisme d'ouverture d'une seule main, il est facile \u00e0 utiliser et convient parfaitement \u00e0 un mode de vie actif.<\/p>\n\n\n\n<p><strong>Deux vitesses r\u00e9glables : <\/strong>Stress 60 KPA,\u2248110\u00b0C cuisson des aliments, riz et l\u00e9gumes faciles \u00e0 cuire ; stress 100 KPA,~120\u00b0C cuisson des aliments, aliments inculpables, os et chair.<\/p>\n\n\n\n<p><strong>La cuisson \u00e0 haute pression est plus rapide :<\/strong> Notre autocuiseur est con\u00e7u pour atteindre 100 kPa afin d'acc\u00e9l\u00e9rer le temps de cuisson tout en conservant la saveur et la nutrition naturelles des aliments.<\/p>\n\n\n\n<p><strong>Mat\u00e9riau s\u00fbr en acier inoxydable : <\/strong>Fabriqu\u00e9 en acier inoxydable 304 de qualit\u00e9 alimentaire et dot\u00e9 d'une base en composite \u00e9paissi, il r\u00e9partit uniform\u00e9ment la chaleur et est s\u00fbr et durable.<\/p>\n\n\n\n<p><strong>Protection de s\u00e9curit\u00e9 \u00e0 6 niveaux : <\/strong>y compris des poign\u00e9es de s\u00e9curit\u00e9, des vannes autobloquantes et une isolation antid\u00e9rapante, etc. pour garantir une utilisation s\u00fbre et sans souci.<\/p>\n\n\n\n<p><strong>Grande capacit\u00e9 pour plusieurs personnes : <\/strong>Capacit\u00e9 de 4 \u00e0 8 litres, suffisante pour cuire un poulet entier, parfait pour les repas en famille ou en groupe.<\/p>\n\n\n\n<p><strong>Polyvalent pour diff\u00e9rents types de po\u00eales : <\/strong>Cet autocuiseur convient \u00e0 la cuisson \u00e0 la vapeur et \u00e0 la cuisson sur les cuisini\u00e8res \u00e0 induction, les cuisini\u00e8res \u00e0 gaz, etc.<\/p>\n\n\n\n<p><strong>Facile \u00e0 entretenir et inoxydable :<\/strong> Moulage en une seule pi\u00e8ce, surface lisse, facile \u00e0 nettoyer.<\/p>\n<\/div>\n\n\n\n<div class=\"wp-block-column is-layout-flow wp-block-column-is-layout-flow\">\n<figure class=\"wp-block-image size-full\"><img fetchpriority=\"high\" decoding=\"async\" width=\"790\" height=\"790\" src=\"https:\/\/www.linktonkitchen.com\/wp-content\/uploads\/2024\/12\/Wholesale-One-Hand-Easy-Open-Pressure-Cooker-Stovetops-Induction-Stainless-Steel-4.webp\" alt=\"Autocuiseur \u00e0 ouverture facile d&#039;une seule main, pour cuisini\u00e8res \u00e0 induction, en acier inoxydable\" class=\"wp-image-7264\" style=\"object-fit:cover\" srcset=\"https:\/\/www.linktonkitchen.com\/wp-content\/uploads\/2024\/12\/Wholesale-One-Hand-Easy-Open-Pressure-Cooker-Stovetops-Induction-Stainless-Steel-4.webp 790w, https:\/\/www.linktonkitchen.com\/wp-content\/uploads\/2024\/12\/Wholesale-One-Hand-Easy-Open-Pressure-Cooker-Stovetops-Induction-Stainless-Steel-4-300x300.webp 300w, https:\/\/www.linktonkitchen.com\/wp-content\/uploads\/2024\/12\/Wholesale-One-Hand-Easy-Open-Pressure-Cooker-Stovetops-Induction-Stainless-Steel-4-150x150.webp 150w, https:\/\/www.linktonkitchen.com\/wp-content\/uploads\/2024\/12\/Wholesale-One-Hand-Easy-Open-Pressure-Cooker-Stovetops-Induction-Stainless-Steel-4-768x768.webp 768w, https:\/\/www.linktonkitchen.com\/wp-content\/uploads\/2024\/12\/Wholesale-One-Hand-Easy-Open-Pressure-Cooker-Stovetops-Induction-Stainless-Steel-4-12x12.webp 12w, https:\/\/www.linktonkitchen.com\/wp-content\/uploads\/2024\/12\/Wholesale-One-Hand-Easy-Open-Pressure-Cooker-Stovetops-Induction-Stainless-Steel-4-285x285.webp 285w, https:\/\/www.linktonkitchen.com\/wp-content\/uploads\/2024\/12\/Wholesale-One-Hand-Easy-Open-Pressure-Cooker-Stovetops-Induction-Stainless-Steel-4-270x270.webp 270w, https:\/\/www.linktonkitchen.com\/wp-content\/uploads\/2024\/12\/Wholesale-One-Hand-Easy-Open-Pressure-Cooker-Stovetops-Induction-Stainless-Steel-4-540x540.webp 540w, https:\/\/www.linktonkitchen.com\/wp-content\/uploads\/2024\/12\/Wholesale-One-Hand-Easy-Open-Pressure-Cooker-Stovetops-Induction-Stainless-Steel-4-660x660.webp 660w\" sizes=\"(max-width: 790px) 100vw, 790px\" \/><\/figure>\n<\/div>\n<\/div>\n\n\n\n<div class=\"wp-block-columns is-layout-flex wp-container-core-columns-is-layout-9d6595d7 wp-block-columns-is-layout-flex\">\n<div class=\"wp-block-column is-layout-flow wp-block-column-is-layout-flow\">\n<figure class=\"wp-block-image size-full\"><img decoding=\"async\" width=\"800\" height=\"800\" src=\"https:\/\/www.linktonkitchen.com\/wp-content\/uploads\/2024\/12\/Wholesale-One-Hand-Easy-Open-Pressure-Cooker-Stovetops-Induction-Stainless-Steel-1.webp\" alt=\"Autocuiseur \u00e0 ouverture facile d&#039;une seule main, pour cuisini\u00e8res \u00e0 induction, en acier inoxydable\" class=\"wp-image-7261\" srcset=\"https:\/\/www.linktonkitchen.com\/wp-content\/uploads\/2024\/12\/Wholesale-One-Hand-Easy-Open-Pressure-Cooker-Stovetops-Induction-Stainless-Steel-1.webp 800w, https:\/\/www.linktonkitchen.com\/wp-content\/uploads\/2024\/12\/Wholesale-One-Hand-Easy-Open-Pressure-Cooker-Stovetops-Induction-Stainless-Steel-1-300x300.webp 300w, https:\/\/www.linktonkitchen.com\/wp-content\/uploads\/2024\/12\/Wholesale-One-Hand-Easy-Open-Pressure-Cooker-Stovetops-Induction-Stainless-Steel-1-150x150.webp 150w, https:\/\/www.linktonkitchen.com\/wp-content\/uploads\/2024\/12\/Wholesale-One-Hand-Easy-Open-Pressure-Cooker-Stovetops-Induction-Stainless-Steel-1-768x768.webp 768w, https:\/\/www.linktonkitchen.com\/wp-content\/uploads\/2024\/12\/Wholesale-One-Hand-Easy-Open-Pressure-Cooker-Stovetops-Induction-Stainless-Steel-1-12x12.webp 12w, https:\/\/www.linktonkitchen.com\/wp-content\/uploads\/2024\/12\/Wholesale-One-Hand-Easy-Open-Pressure-Cooker-Stovetops-Induction-Stainless-Steel-1-285x285.webp 285w, https:\/\/www.linktonkitchen.com\/wp-content\/uploads\/2024\/12\/Wholesale-One-Hand-Easy-Open-Pressure-Cooker-Stovetops-Induction-Stainless-Steel-1-270x270.webp 270w, https:\/\/www.linktonkitchen.com\/wp-content\/uploads\/2024\/12\/Wholesale-One-Hand-Easy-Open-Pressure-Cooker-Stovetops-Induction-Stainless-Steel-1-540x540.webp 540w, https:\/\/www.linktonkitchen.com\/wp-content\/uploads\/2024\/12\/Wholesale-One-Hand-Easy-Open-Pressure-Cooker-Stovetops-Induction-Stainless-Steel-1-660x660.webp 660w\" sizes=\"(max-width: 800px) 100vw, 800px\" \/><\/figure>\n<\/div>\n\n\n\n<div class=\"wp-block-column is-layout-flow wp-block-column-is-layout-flow\">\n<figure class=\"wp-block-image size-full\"><img decoding=\"async\" width=\"720\" height=\"720\" src=\"https:\/\/www.linktonkitchen.com\/wp-content\/uploads\/2024\/12\/Wholesale-One-Hand-Easy-Open-Pressure-Cooker-Stovetops-Induction-Stainless-Steel-9.webp\" alt=\"Autocuiseur \u00e0 ouverture facile d&#039;une seule main, pour cuisini\u00e8res \u00e0 induction, en acier inoxydable\" class=\"wp-image-7269\" srcset=\"https:\/\/www.linktonkitchen.com\/wp-content\/uploads\/2024\/12\/Wholesale-One-Hand-Easy-Open-Pressure-Cooker-Stovetops-Induction-Stainless-Steel-9.webp 720w, https:\/\/www.linktonkitchen.com\/wp-content\/uploads\/2024\/12\/Wholesale-One-Hand-Easy-Open-Pressure-Cooker-Stovetops-Induction-Stainless-Steel-9-300x300.webp 300w, https:\/\/www.linktonkitchen.com\/wp-content\/uploads\/2024\/12\/Wholesale-One-Hand-Easy-Open-Pressure-Cooker-Stovetops-Induction-Stainless-Steel-9-150x150.webp 150w, https:\/\/www.linktonkitchen.com\/wp-content\/uploads\/2024\/12\/Wholesale-One-Hand-Easy-Open-Pressure-Cooker-Stovetops-Induction-Stainless-Steel-9-12x12.webp 12w, https:\/\/www.linktonkitchen.com\/wp-content\/uploads\/2024\/12\/Wholesale-One-Hand-Easy-Open-Pressure-Cooker-Stovetops-Induction-Stainless-Steel-9-285x285.webp 285w, https:\/\/www.linktonkitchen.com\/wp-content\/uploads\/2024\/12\/Wholesale-One-Hand-Easy-Open-Pressure-Cooker-Stovetops-Induction-Stainless-Steel-9-270x270.webp 270w, https:\/\/www.linktonkitchen.com\/wp-content\/uploads\/2024\/12\/Wholesale-One-Hand-Easy-Open-Pressure-Cooker-Stovetops-Induction-Stainless-Steel-9-540x540.webp 540w, https:\/\/www.linktonkitchen.com\/wp-content\/uploads\/2024\/12\/Wholesale-One-Hand-Easy-Open-Pressure-Cooker-Stovetops-Induction-Stainless-Steel-9-660x660.webp 660w\" sizes=\"(max-width: 720px) 100vw, 720px\" \/><\/figure>\n<\/div>\n<\/div>\n\n\n\n<div class=\"wp-block-columns is-layout-flex wp-container-core-columns-is-layout-9d6595d7 wp-block-columns-is-layout-flex\">\n<div class=\"wp-block-column is-layout-flow wp-block-column-is-layout-flow\">\n<figure class=\"wp-block-image size-full\"><img loading=\"lazy\" decoding=\"async\" width=\"800\" height=\"450\" src=\"https:\/\/www.linktonkitchen.com\/wp-content\/uploads\/2024\/12\/Wholesale-One-Hand-Easy-Open-Pressure-Cooker-Stovetops-Induction-Stainless-Steel.webp\" alt=\"Autocuiseur \u00e0 ouverture facile d&#039;une seule main, pour cuisini\u00e8res \u00e0 induction, en acier inoxydable\" class=\"wp-image-7271\" srcset=\"https:\/\/www.linktonkitchen.com\/wp-content\/uploads\/2024\/12\/Wholesale-One-Hand-Easy-Open-Pressure-Cooker-Stovetops-Induction-Stainless-Steel.webp 800w, https:\/\/www.linktonkitchen.com\/wp-content\/uploads\/2024\/12\/Wholesale-One-Hand-Easy-Open-Pressure-Cooker-Stovetops-Induction-Stainless-Steel-300x169.webp 300w, https:\/\/www.linktonkitchen.com\/wp-content\/uploads\/2024\/12\/Wholesale-One-Hand-Easy-Open-Pressure-Cooker-Stovetops-Induction-Stainless-Steel-768x432.webp 768w, https:\/\/www.linktonkitchen.com\/wp-content\/uploads\/2024\/12\/Wholesale-One-Hand-Easy-Open-Pressure-Cooker-Stovetops-Induction-Stainless-Steel-18x10.webp 18w, https:\/\/www.linktonkitchen.com\/wp-content\/uploads\/2024\/12\/Wholesale-One-Hand-Easy-Open-Pressure-Cooker-Stovetops-Induction-Stainless-Steel-285x160.webp 285w, https:\/\/www.linktonkitchen.com\/wp-content\/uploads\/2024\/12\/Wholesale-One-Hand-Easy-Open-Pressure-Cooker-Stovetops-Induction-Stainless-Steel-660x371.webp 660w, https:\/\/www.linktonkitchen.com\/wp-content\/uploads\/2024\/12\/Wholesale-One-Hand-Easy-Open-Pressure-Cooker-Stovetops-Induction-Stainless-Steel-150x84.webp 150w\" sizes=\"(max-width: 800px) 100vw, 800px\" \/><\/figure>\n<\/div>\n\n\n\n<div class=\"wp-block-column is-layout-flow wp-block-column-is-layout-flow\">\n<h2 class=\"wp-block-heading\">Autocuiseur personnalis\u00e9 \u00e0 une main :<\/h2>\n\n\n\n<p>Au-del\u00e0 de la performance, nous fournissons des services complets&nbsp;<strong>Services OEM\/ODM<\/strong>&nbsp;pour vous d\u00e9marquer sur votre march\u00e9 local :<\/p>\n\n\n\n<p><strong>Plage de capacit\u00e9 :\u00a0<\/strong>Choisissez entre 4L, 6,5L et 8L pour r\u00e9pondre aux besoins des diff\u00e9rentes tailles de famille.<\/p>\n\n\n\n<p><strong>Finition de la surface :&nbsp;<\/strong>Disponible en polissage miroir (haute brillance), en finition satin\u00e9e (aspect bross\u00e9) ou en rev\u00eatement color\u00e9 personnalis\u00e9.<\/p>\n\n\n\n<p><strong>Marque et logo :<\/strong><\/p>\n\n\n\n<ul class=\"wp-block-list\">\n<li>Gravure au laser sur le corps du pot.<\/li>\n\n\n\n<li>Tampon sur le fond.<\/li>\n\n\n\n<li>Logo personnalis\u00e9 sur les poign\u00e9es et les valves de pression.<\/li>\n<\/ul>\n\n\n\n<p><strong>Conception de l'emballage :&nbsp;<\/strong>Bo\u00eetes de couleur, manuels d'instructions et cartons d'exp\u00e9dition enti\u00e8rement personnalis\u00e9s avec l'identit\u00e9 visuelle de votre marque.<\/p>\n<\/div>\n<\/div>","protected":false},"excerpt":{"rendered":"<p>Nouvel autocuiseur moderne \u00e0 une main en gros, dot\u00e9 d'un couvercle facile \u00e0 ouvrir et \u00e0 verrouiller et d'un double r\u00e9glage de la pression. Compatible avec toutes les cuisini\u00e8res, induction. En tant que fabricant d'autocuiseurs, Lintkon offre des services OEM et Private Label \u00e0 des prix comp\u00e9titifs. Demandez d\u00e8s aujourd'hui un catalogue en gros !<\/p>\n<h2>Caract\u00e9ristiques de l'autocuiseur \u00e0 une main :<\/h2>\n<table width=\"244\">\n<tbody>\n<tr>\n<td width=\"114\">Fabricant<\/td>\n<td width=\"130\">Linkton<\/td>\n<\/tr>\n<tr>\n<td width=\"114\">Num\u00e9ro de mod\u00e8le<\/td>\n<td width=\"130\">LT-XFKH<\/td>\n<\/tr>\n<tr>\n<td width=\"114\">Capacit\u00e9<\/td>\n<td width=\"130\">4L\/ 6.5L\/ 8L<\/td>\n<\/tr>\n<tr>\n<td width=\"114\">Mat\u00e9riau<\/td>\n<td width=\"130\">\u00a0Acier inoxydable 304\u00a0<\/td>\n<\/tr>\n<tr>\n<td width=\"114\">Fonction<\/td>\n<td width=\"130\">1. Fonctionnement d'une seule main, facile \u00e0 ouvrir et \u00e0 verrouiller<br \/>2. Pression r\u00e9glable \u00e0 2 niveaux<br \/>3. Cuisson rapide \u00e0 100kPa<br \/>4. S\u00e9curit\u00e9 antid\u00e9flagrante<\/td>\n<\/tr>\n<tr>\n<td width=\"114\">Fourneau applicable<\/td>\n<td width=\"130\">Cuisini\u00e8re\/Cuisini\u00e8re \u00e0 induction\/ Cuisini\u00e8re \u00e0 gaz\/ Cuisini\u00e8re \u00e9lectrique\/ Cuisini\u00e8re en c\u00e9ramique\/ Cuisini\u00e8re halog\u00e8ne<\/td>\n<\/tr>\n<tr>\n<td width=\"114\">Accessoires<\/td>\n<td width=\"130\">Manuel\/ Valve de limitation de pression\/ Bol anti-d\u00e9versement\/ Aiguille de nettoyage<\/td>\n<\/tr>\n<tr>\n<td width=\"114\">OEM \/ ODM<\/td>\n<td width=\"130\">Acceptable\u00a0<\/td>\n<\/tr>\n<tr>\n<td width=\"114\">\u00c9chantillon<\/td>\n<td width=\"130\">MOQ 1 pi\u00e8ce<\/td>\n<\/tr>\n<\/tbody>\n<\/table>\n<p>&nbsp;<\/p>","protected":false},"featured_media":7270,"template":"","meta":{"_acf_changed":false},"product-application":[],"product-capacity":[],"product_brand":[],"product_cat":[55],"product_tag":[85],"class_list":{"0":"post-5066","1":"product","2":"type-product","3":"status-publish","4":"has-post-thumbnail","6":"product_cat-pressure-cooker-wholesale","7":"product_tag-stainless-steel-pressure-cooker-wholesale","9":"first","10":"instock","11":"shipping-taxable","12":"product-type-simple"},"acf":[],"_links":{"self":[{"href":"https:\/\/www.linktonkitchen.com\/fr\/wp-json\/wp\/v2\/product\/5066","targetHints":{"allow":["GET"]}}],"collection":[{"href":"https:\/\/www.linktonkitchen.com\/fr\/wp-json\/wp\/v2\/product"}],"about":[{"href":"https:\/\/www.linktonkitchen.com\/fr\/wp-json\/wp\/v2\/types\/product"}],"version-history":[{"count":0,"href":"https:\/\/www.linktonkitchen.com\/fr\/wp-json\/wp\/v2\/product\/5066\/revisions"}],"wp:featuredmedia":[{"embeddable":true,"href":"https:\/\/www.linktonkitchen.com\/fr\/wp-json\/wp\/v2\/media\/7270"}],"wp:attachment":[{"href":"https:\/\/www.linktonkitchen.com\/fr\/wp-json\/wp\/v2\/media?parent=5066"}],"wp:term":[{"taxonomy":"product-application","embeddable":true,"href":"https:\/\/www.linktonkitchen.com\/fr\/wp-json\/wp\/v2\/product-application?post=5066"},{"taxonomy":"product-capacity","embeddable":true,"href":"https:\/\/www.linktonkitchen.com\/fr\/wp-json\/wp\/v2\/product-capacity?post=5066"},{"taxonomy":"product_brand","embeddable":true,"href":"https:\/\/www.linktonkitchen.com\/fr\/wp-json\/wp\/v2\/product_brand?post=5066"},{"taxonomy":"product_cat","embeddable":true,"href":"https:\/\/www.linktonkitchen.com\/fr\/wp-json\/wp\/v2\/product_cat?post=5066"},{"taxonomy":"product_tag","embeddable":true,"href":"https:\/\/www.linktonkitchen.com\/fr\/wp-json\/wp\/v2\/product_tag?post=5066"}],"curies":[{"name":"wp","href":"https:\/\/api.w.org\/{rel}","templated":true}]}}