{"id":5919,"date":"2025-07-01T06:27:23","date_gmt":"2025-07-01T06:27:23","guid":{"rendered":"https:\/\/www.linktonkitchen.com\/?post_type=product&#038;p=5919"},"modified":"2025-07-03T09:35:07","modified_gmt":"2025-07-03T09:35:07","slug":"wholesale-buffet-chafing-dish","status":"publish","type":"product","link":"https:\/\/www.linktonkitchen.com\/fr\/product\/wholesale-buffet-chafing-dish\/","title":{"rendered":"Grossiste Buffet Chafing Dish avec couvercle en verre Acier inoxydable"},"content":{"rendered":"<div class=\"wp-block-columns is-layout-flex wp-container-core-columns-is-layout-9d6595d7 wp-block-columns-is-layout-flex\">\n<div class=\"wp-block-column is-vertically-aligned-center is-layout-flow wp-block-column-is-layout-flow\">\n<h3 class=\"wp-block-heading\">Buffet Chafing Dish Caract\u00e9ristiques :<\/h3>\n\n\n\n<p><strong>Corps en acier inoxydable miroir<\/strong>: Fabriqu\u00e9 en acier inoxydable de qualit\u00e9 alimentaire, r\u00e9sistant \u00e0 la corrosion, facile \u00e0 nettoyer, adapt\u00e9 aux sc\u00e9narios d'utilisation \u00e0 haute fr\u00e9quence.<\/p>\n\n\n\n<p><strong>Couvercle en verre tr\u00e8s r\u00e9sistant<\/strong>: Pratique pour observer l'\u00e9tat des aliments \u00e0 tout moment, combin\u00e9 \u00e0 une structure de tampon \u00e0 charni\u00e8re, l'ouverture se fait en douceur et en toute s\u00e9curit\u00e9.<\/p>\n\n\n\n<p><strong>Conception intelligente de l'\u00e9cran tactile<\/strong>: Il peut contr\u00f4ler avec pr\u00e9cision la temp\u00e9rature et le mode de chauffage, am\u00e9liorant ainsi la commodit\u00e9 et la qualit\u00e9 de l'utilisation.<\/p>\n\n\n\n<p><strong>Soutenir les services personnalis\u00e9s :<\/strong> Fournir de multiples services personnalis\u00e9s, tels que la personnalisation du logo, de l'apparence, de la couleur, etc. pour r\u00e9pondre aux diff\u00e9rents besoins du march\u00e9.<\/p>\n<\/div>\n\n\n\n<div class=\"wp-block-column is-vertically-aligned-center is-layout-flow wp-block-column-is-layout-flow\"><div class=\"wp-block-image\">\n<figure class=\"aligncenter size-full is-resized\"><img fetchpriority=\"high\" decoding=\"async\" width=\"1000\" height=\"667\" src=\"https:\/\/www.linktonkitchen.com\/wp-content\/uploads\/2025\/07\/Wholesale-Buffet-Chafing-Dish-with-Glass-Lid-Stainless-Steel-1.webp\" alt=\"Grossiste Buffet Chafing Dish avec couvercle en verre Acier inoxydable\" class=\"wp-image-5922\" style=\"width:404px;height:auto\" srcset=\"https:\/\/www.linktonkitchen.com\/wp-content\/uploads\/2025\/07\/Wholesale-Buffet-Chafing-Dish-with-Glass-Lid-Stainless-Steel-1.webp 1000w, https:\/\/www.linktonkitchen.com\/wp-content\/uploads\/2025\/07\/Wholesale-Buffet-Chafing-Dish-with-Glass-Lid-Stainless-Steel-1-300x200.webp 300w, https:\/\/www.linktonkitchen.com\/wp-content\/uploads\/2025\/07\/Wholesale-Buffet-Chafing-Dish-with-Glass-Lid-Stainless-Steel-1-768x512.webp 768w, https:\/\/www.linktonkitchen.com\/wp-content\/uploads\/2025\/07\/Wholesale-Buffet-Chafing-Dish-with-Glass-Lid-Stainless-Steel-1-18x12.webp 18w, https:\/\/www.linktonkitchen.com\/wp-content\/uploads\/2025\/07\/Wholesale-Buffet-Chafing-Dish-with-Glass-Lid-Stainless-Steel-1-285x190.webp 285w, https:\/\/www.linktonkitchen.com\/wp-content\/uploads\/2025\/07\/Wholesale-Buffet-Chafing-Dish-with-Glass-Lid-Stainless-Steel-1-660x440.webp 660w, https:\/\/www.linktonkitchen.com\/wp-content\/uploads\/2025\/07\/Wholesale-Buffet-Chafing-Dish-with-Glass-Lid-Stainless-Steel-1-150x100.webp 150w\" sizes=\"(max-width: 1000px) 100vw, 1000px\" \/><\/figure>\n<\/div><\/div>\n<\/div>\n\n\n\n<div class=\"wp-block-columns is-layout-flex wp-container-core-columns-is-layout-9d6595d7 wp-block-columns-is-layout-flex\">\n<div class=\"wp-block-column is-vertically-aligned-center is-layout-flow wp-block-column-is-layout-flow\">\n<h3 class=\"wp-block-heading\">Sur mesure <strong><strong>Buffet Chafing Dish<\/strong><\/strong><\/h3>\n\n\n\n<p>Nous proposons des services ODM et OEM. Nous pouvons apposer un LOGO personnalis\u00e9 sur le produit et l'emballage, et proposer diff\u00e9rents emballages, tels que des sacs ou des cartons, ou r\u00e9pondre aux demandes des clients. La couleur peut \u00eatre personnalis\u00e9e avec de l'argent, de l'or ou du semi-or plaqu\u00e9.<\/p>\n<\/div>\n<\/div>","protected":false},"excerpt":{"rendered":"<p>Le chafing dish pour buffet de Linkton, syst\u00e8me de contr\u00f4le \u00e9lectronique de la temp\u00e9rature, pr\u00e9cis et facile \u00e0 utiliser, fait d'acier inoxydable de qualit\u00e9 alimentaire, couvercle hydraulique en verre, convient parfaitement aux buffets, aux h\u00f4tels, etc. Service OEM, veuillez nous contacter pour des solutions de vente en gros \u00e0 prix r\u00e9duit.<\/p>\n<h2>Sp\u00e9cifications du r\u00e9chaud Buffet :<\/h2>\n<table width=\"402\">\n<tbody>\n<tr>\n<td width=\"145\">Fabricant<\/td>\n<td width=\"257\">Linkton<\/td>\n<\/tr>\n<tr>\n<td>Mat\u00e9riau<\/td>\n<td>Acier inoxydable<\/td>\n<\/tr>\n<tr>\n<td>Configuration<\/td>\n<td width=\"257\">Bac \u00e0 aliments\/ bac \u00e0 eau<\/td>\n<\/tr>\n<tr>\n<td>Chauffage<\/td>\n<td>\n<p>Chauffage \u00e9lectrique<\/p>\n<\/td>\n<\/tr>\n<tr>\n<td>Couvercle<\/td>\n<td width=\"257\">Couvercle hydraulique en verre<\/td>\n<\/tr>\n<tr>\n<td>OEM\/ODM<\/td>\n<td>Acceptable<\/td>\n<\/tr>\n<tr>\n<td>\u00c9chantillon<\/td>\n<td>MOQ 1 pi\u00e8ce<\/td>\n<\/tr>\n<\/tbody>\n<\/table>","protected":false},"featured_media":5922,"template":"","meta":{"_acf_changed":false},"product-application":[],"product-capacity":[],"product_brand":[],"product_cat":[58],"product_tag":[],"class_list":{"0":"post-5919","1":"product","2":"type-product","3":"status-publish","4":"has-post-thumbnail","6":"product_cat-wholesale-chafing-dishes","8":"first","9":"instock","10":"shipping-taxable","11":"product-type-simple"},"acf":[],"_links":{"self":[{"href":"https:\/\/www.linktonkitchen.com\/fr\/wp-json\/wp\/v2\/product\/5919","targetHints":{"allow":["GET"]}}],"collection":[{"href":"https:\/\/www.linktonkitchen.com\/fr\/wp-json\/wp\/v2\/product"}],"about":[{"href":"https:\/\/www.linktonkitchen.com\/fr\/wp-json\/wp\/v2\/types\/product"}],"version-history":[{"count":0,"href":"https:\/\/www.linktonkitchen.com\/fr\/wp-json\/wp\/v2\/product\/5919\/revisions"}],"wp:featuredmedia":[{"embeddable":true,"href":"https:\/\/www.linktonkitchen.com\/fr\/wp-json\/wp\/v2\/media\/5922"}],"wp:attachment":[{"href":"https:\/\/www.linktonkitchen.com\/fr\/wp-json\/wp\/v2\/media?parent=5919"}],"wp:term":[{"taxonomy":"product-application","embeddable":true,"href":"https:\/\/www.linktonkitchen.com\/fr\/wp-json\/wp\/v2\/product-application?post=5919"},{"taxonomy":"product-capacity","embeddable":true,"href":"https:\/\/www.linktonkitchen.com\/fr\/wp-json\/wp\/v2\/product-capacity?post=5919"},{"taxonomy":"product_brand","embeddable":true,"href":"https:\/\/www.linktonkitchen.com\/fr\/wp-json\/wp\/v2\/product_brand?post=5919"},{"taxonomy":"product_cat","embeddable":true,"href":"https:\/\/www.linktonkitchen.com\/fr\/wp-json\/wp\/v2\/product_cat?post=5919"},{"taxonomy":"product_tag","embeddable":true,"href":"https:\/\/www.linktonkitchen.com\/fr\/wp-json\/wp\/v2\/product_tag?post=5919"}],"curies":[{"name":"wp","href":"https:\/\/api.w.org\/{rel}","templated":true}]}}