{"id":5925,"date":"2025-07-01T07:03:53","date_gmt":"2025-07-01T07:03:53","guid":{"rendered":"https:\/\/www.linktonkitchen.com\/?post_type=product&#038;p=5925"},"modified":"2025-07-03T09:36:28","modified_gmt":"2025-07-03T09:36:28","slug":"wholesale-chafing-dish-electric","status":"publish","type":"product","link":"https:\/\/www.linktonkitchen.com\/fr\/product\/wholesale-chafing-dish-electric\/","title":{"rendered":"Wholesale Chafing Dish Electric Stainless Steel Glass Lid (Couvercle en verre en acier inoxydable)"},"content":{"rendered":"<div class=\"wp-block-columns is-layout-flex wp-container-core-columns-is-layout-9d6595d7 wp-block-columns-is-layout-flex\">\n<div class=\"wp-block-column is-vertically-aligned-center is-layout-flow wp-block-column-is-layout-flow\">\n<h2 class=\"wp-block-heading\">Plat \u00e0 gratin Caract\u00e9ristiques \u00e9lectriques :<\/h2>\n\n\n\n<p><strong>Couvercle incurv\u00e9 unique en acier inoxydable<\/strong>La d\u00e9coration de la salle de bain : des lignes douces, un aspect visuel complet, une impression g\u00e9n\u00e9rale de luxe, convient aux buffets des restaurants haut de gamme et aux sc\u00e8nes de banquet.<\/p>\n\n\n\n<p><strong>Syst\u00e8me de ralentissement hydraulique<\/strong>Le couvercle est \u00e9quip\u00e9 de charni\u00e8res hydrauliques silencieuses, au fonctionnement souple, qui emp\u00eachent efficacement le couvercle de heurter ou de pincer les mains, et am\u00e9liorent la s\u00e9curit\u00e9.<\/p>\n\n\n\n<p><strong>Syst\u00e8me num\u00e9rique intelligent de contr\u00f4le de la temp\u00e9rature<\/strong>: Le panneau avant est \u00e9quip\u00e9 d'un \u00e9cran de contr\u00f4le \u00e0 affichage num\u00e9rique qui permet de r\u00e9gler facilement la temp\u00e9rature de chauffe afin de garantir que chaque plat soit servi avec le meilleur go\u00fbt.<\/p>\n\n\n\n<p><strong>Convient \u00e0 une grande vari\u00e9t\u00e9 de r\u00e9cipients alimentaires<\/strong>: Le r\u00e9servoir int\u00e9rieur permet une vari\u00e9t\u00e9 de combinaisons, telles que les assiettes GN, les assiettes \u00e0 grille, les r\u00e9cipients \u00e0 soupe, etc. pour r\u00e9pondre aux diff\u00e9rents besoins alimentaires.<\/p>\n\n\n\n<p><strong>Fourniture directe \u00e0 l'usine<\/strong>: Le prix de gros est comp\u00e9titif et des solutions personnalis\u00e9es telles que le LOGO et l'apparence peuvent \u00eatre fournies, avec un contr\u00f4le de qualit\u00e9 stable.<\/p>\n<\/div>\n\n\n\n<div class=\"wp-block-column is-vertically-aligned-center is-layout-flow wp-block-column-is-layout-flow\"><div class=\"wp-block-image\">\n<figure class=\"aligncenter size-full is-resized\"><img fetchpriority=\"high\" decoding=\"async\" width=\"890\" height=\"667\" src=\"https:\/\/www.linktonkitchen.com\/wp-content\/uploads\/2025\/07\/Wholesale-Chafing-Dish-Electric.webp\" alt=\"Grossiste Chafing Dish Electric\" class=\"wp-image-5926\" style=\"width:404px;height:auto\" srcset=\"https:\/\/www.linktonkitchen.com\/wp-content\/uploads\/2025\/07\/Wholesale-Chafing-Dish-Electric.webp 890w, https:\/\/www.linktonkitchen.com\/wp-content\/uploads\/2025\/07\/Wholesale-Chafing-Dish-Electric-300x225.webp 300w, https:\/\/www.linktonkitchen.com\/wp-content\/uploads\/2025\/07\/Wholesale-Chafing-Dish-Electric-768x576.webp 768w, https:\/\/www.linktonkitchen.com\/wp-content\/uploads\/2025\/07\/Wholesale-Chafing-Dish-Electric-16x12.webp 16w, https:\/\/www.linktonkitchen.com\/wp-content\/uploads\/2025\/07\/Wholesale-Chafing-Dish-Electric-285x214.webp 285w, https:\/\/www.linktonkitchen.com\/wp-content\/uploads\/2025\/07\/Wholesale-Chafing-Dish-Electric-800x600.webp 800w, https:\/\/www.linktonkitchen.com\/wp-content\/uploads\/2025\/07\/Wholesale-Chafing-Dish-Electric-660x495.webp 660w, https:\/\/www.linktonkitchen.com\/wp-content\/uploads\/2025\/07\/Wholesale-Chafing-Dish-Electric-150x112.webp 150w\" sizes=\"(max-width: 890px) 100vw, 890px\" \/><\/figure>\n<\/div><\/div>\n<\/div>\n\n\n\n<div class=\"wp-block-columns is-layout-flex wp-container-core-columns-is-layout-9d6595d7 wp-block-columns-is-layout-flex\">\n<div class=\"wp-block-column is-vertically-aligned-center is-layout-flow wp-block-column-is-layout-flow\">\n<h2 class=\"wp-block-heading\">Plat \u00e0 gratin \u00e9lectrique sur mesure<\/h2>\n\n\n\n<p>Nous proposons des services ODM et OEM. Nous proposons un LOGO personnalis\u00e9 sur le produit et l'emballage, ainsi que diff\u00e9rents emballages, tels que des sacs ou des cartons, ou selon les demandes des clients. La couleur peut \u00eatre personnalis\u00e9e avec de l'argent, de l'or ou du semi-or plaqu\u00e9.<\/p>\n<\/div>\n<\/div>","protected":false},"excerpt":{"rendered":"<p>Bienvenue sur le site de vente en gros de Chafing Dish Electric de Linkton, apparence moderne, contr\u00f4le pr\u00e9cis de la temp\u00e9rature, prise en charge d'une vari\u00e9t\u00e9 de contenants, approvisionnement direct de l'usine, et peut \u00eatre personnalis\u00e9. Contactez nous pour un devis et un MOQ bas !<\/p>\n<h2>Sp\u00e9cifications du r\u00e9chaud \u00e9lectrique :<\/h2>\n<table width=\"402\">\n<tbody>\n<tr>\n<td width=\"145\">Fabricant<\/td>\n<td width=\"257\">Linkton<\/td>\n<\/tr>\n<tr>\n<td>Mat\u00e9riau<\/td>\n<td>Acier inoxydable<\/td>\n<\/tr>\n<tr>\n<td>Configuration<\/td>\n<td width=\"257\">Bac \u00e0 aliments\/ bac \u00e0 eau<\/td>\n<\/tr>\n<tr>\n<td>Chauffage<\/td>\n<td>\n<p>Chauffage \u00e9lectrique<\/p>\n<\/td>\n<\/tr>\n<tr>\n<td>Couvercle<\/td>\n<td width=\"257\">Couvercle hydraulique en verre<\/td>\n<\/tr>\n<tr>\n<td>OEM\/ODM<\/td>\n<td>Acceptable<\/td>\n<\/tr>\n<tr>\n<td>\u00c9chantillon<\/td>\n<td>MOQ 1 pi\u00e8ce<\/td>\n<\/tr>\n<\/tbody>\n<\/table>","protected":false},"featured_media":5926,"template":"","meta":{"_acf_changed":false},"product-application":[],"product-capacity":[],"product_brand":[],"product_cat":[58],"product_tag":[],"class_list":{"0":"post-5925","1":"product","2":"type-product","3":"status-publish","4":"has-post-thumbnail","6":"product_cat-wholesale-chafing-dishes","8":"first","9":"instock","10":"shipping-taxable","11":"product-type-simple"},"acf":[],"_links":{"self":[{"href":"https:\/\/www.linktonkitchen.com\/fr\/wp-json\/wp\/v2\/product\/5925","targetHints":{"allow":["GET"]}}],"collection":[{"href":"https:\/\/www.linktonkitchen.com\/fr\/wp-json\/wp\/v2\/product"}],"about":[{"href":"https:\/\/www.linktonkitchen.com\/fr\/wp-json\/wp\/v2\/types\/product"}],"version-history":[{"count":0,"href":"https:\/\/www.linktonkitchen.com\/fr\/wp-json\/wp\/v2\/product\/5925\/revisions"}],"wp:featuredmedia":[{"embeddable":true,"href":"https:\/\/www.linktonkitchen.com\/fr\/wp-json\/wp\/v2\/media\/5926"}],"wp:attachment":[{"href":"https:\/\/www.linktonkitchen.com\/fr\/wp-json\/wp\/v2\/media?parent=5925"}],"wp:term":[{"taxonomy":"product-application","embeddable":true,"href":"https:\/\/www.linktonkitchen.com\/fr\/wp-json\/wp\/v2\/product-application?post=5925"},{"taxonomy":"product-capacity","embeddable":true,"href":"https:\/\/www.linktonkitchen.com\/fr\/wp-json\/wp\/v2\/product-capacity?post=5925"},{"taxonomy":"product_brand","embeddable":true,"href":"https:\/\/www.linktonkitchen.com\/fr\/wp-json\/wp\/v2\/product_brand?post=5925"},{"taxonomy":"product_cat","embeddable":true,"href":"https:\/\/www.linktonkitchen.com\/fr\/wp-json\/wp\/v2\/product_cat?post=5925"},{"taxonomy":"product_tag","embeddable":true,"href":"https:\/\/www.linktonkitchen.com\/fr\/wp-json\/wp\/v2\/product_tag?post=5925"}],"curies":[{"name":"wp","href":"https:\/\/api.w.org\/{rel}","templated":true}]}}