{"id":5931,"date":"2025-07-01T07:34:24","date_gmt":"2025-07-01T07:34:24","guid":{"rendered":"https:\/\/www.linktonkitchen.com\/?post_type=product&#038;p=5931"},"modified":"2025-07-03T09:40:11","modified_gmt":"2025-07-03T09:40:11","slug":"wholesale-chafing-dishes-wood-grain","status":"publish","type":"product","link":"https:\/\/www.linktonkitchen.com\/fr\/product\/wholesale-chafing-dishes-wood-grain\/","title":{"rendered":"New Wholesale Chafing Dishes Wood Grain, Stainless Steel Hotel Buffet Warmer Set Custom"},"content":{"rendered":"<div class=\"wp-block-columns is-layout-flex wp-container-core-columns-is-layout-9d6595d7 wp-block-columns-is-layout-flex\">\n<div class=\"wp-block-column is-vertically-aligned-center is-layout-flow wp-block-column-is-layout-flow\">\n<h2 class=\"wp-block-heading\">Chafing Dishes Wood Grain Caract\u00e9ristiques :<\/h2>\n\n\n\n<p><strong>Finition bois haut de gamme<\/strong>Le mobilier de salle de bain est compos\u00e9 d'un ensemble d'\u00e9l\u00e9ments en bois : un aspect unique d'imitation de grain de bois, combinant la beaut\u00e9 naturelle avec le style moderne, mettant en valeur le style g\u00e9n\u00e9ral de la salle de bain.<\/p>\n\n\n\n<p><strong>Contr\u00f4le tactile intelligent de la temp\u00e9rature<\/strong>L'appareil est \u00e9quip\u00e9 d'un panneau d'affichage LED, d'un r\u00e9glage pr\u00e9cis de la temp\u00e9rature, d'un fonctionnement pratique et d'une garantie de go\u00fbt des plats.<\/p>\n\n\n\n<p><strong>Couvercle en verre<\/strong>Couvercle en verre transparent tr\u00e8s r\u00e9sistant, pratique pour v\u00e9rifier l'\u00e9tat des aliments, \u00e0 la fois pratique et esth\u00e9tique.<\/p>\n\n\n\n<p><strong>Service OEM fourni<\/strong>Les produits de cette cat\u00e9gorie sont les suivants : fourniture directe \u00e0 l'usine, LOGO, finition, couleur et autres services personnalis\u00e9s.<\/p>\n<\/div>\n\n\n\n<div class=\"wp-block-column is-vertically-aligned-center is-layout-flow wp-block-column-is-layout-flow\"><div class=\"wp-block-image\">\n<figure class=\"aligncenter size-full is-resized\"><img fetchpriority=\"high\" decoding=\"async\" width=\"890\" height=\"667\" src=\"https:\/\/www.linktonkitchen.com\/wp-content\/uploads\/2025\/07\/Factory-Wholesale-Chafing-Dishes-Stainless-Steel-Wood-Color.webp\" alt=\"Factory Wholesale Chafing Dishes Stainless Steel Wood Color\" class=\"wp-image-5932\" style=\"width:404px;height:auto\" srcset=\"https:\/\/www.linktonkitchen.com\/wp-content\/uploads\/2025\/07\/Factory-Wholesale-Chafing-Dishes-Stainless-Steel-Wood-Color.webp 890w, https:\/\/www.linktonkitchen.com\/wp-content\/uploads\/2025\/07\/Factory-Wholesale-Chafing-Dishes-Stainless-Steel-Wood-Color-300x225.webp 300w, https:\/\/www.linktonkitchen.com\/wp-content\/uploads\/2025\/07\/Factory-Wholesale-Chafing-Dishes-Stainless-Steel-Wood-Color-768x576.webp 768w, https:\/\/www.linktonkitchen.com\/wp-content\/uploads\/2025\/07\/Factory-Wholesale-Chafing-Dishes-Stainless-Steel-Wood-Color-16x12.webp 16w, https:\/\/www.linktonkitchen.com\/wp-content\/uploads\/2025\/07\/Factory-Wholesale-Chafing-Dishes-Stainless-Steel-Wood-Color-285x214.webp 285w, https:\/\/www.linktonkitchen.com\/wp-content\/uploads\/2025\/07\/Factory-Wholesale-Chafing-Dishes-Stainless-Steel-Wood-Color-800x600.webp 800w, https:\/\/www.linktonkitchen.com\/wp-content\/uploads\/2025\/07\/Factory-Wholesale-Chafing-Dishes-Stainless-Steel-Wood-Color-660x495.webp 660w, https:\/\/www.linktonkitchen.com\/wp-content\/uploads\/2025\/07\/Factory-Wholesale-Chafing-Dishes-Stainless-Steel-Wood-Color-150x112.webp 150w\" sizes=\"(max-width: 890px) 100vw, 890px\" \/><\/figure>\n<\/div><\/div>\n<\/div>\n\n\n\n<div class=\"wp-block-columns is-layout-flex wp-container-core-columns-is-layout-9d6595d7 wp-block-columns-is-layout-flex\">\n<div class=\"wp-block-column is-vertically-aligned-center is-layout-flow wp-block-column-is-layout-flow\">\n<h2 class=\"wp-block-heading\">Plats \u00e0 r\u00e9chauffer personnalis\u00e9s<\/h2>\n\n\n\n<p>Nous proposons des services ODM et OEM. Nous proposons un LOGO personnalis\u00e9 sur le produit et l'emballage, ainsi que diff\u00e9rents emballages, tels que des sacs ou des cartons, ou selon la demande du client. La couleur peut \u00eatre personnalis\u00e9e avec de l'argent, de l'or ou du semi-or plaqu\u00e9.<\/p>\n<\/div>\n<\/div>","protected":false},"excerpt":{"rendered":"<p>Linkton Factory Wholesale Chafing Dishes, l'apparence du grain de bois est assortie d'un contr\u00f4le intelligent de la temp\u00e9rature, beau et pratique. La personnalisation est possible. N'h\u00e9sitez pas \u00e0 nous contacter pour un devis en gros !<\/p>\n<h2>Sp\u00e9cifications du r\u00e9chaud \u00e9lectrique :<\/h2>\n<table width=\"402\">\n<tbody>\n<tr>\n<td width=\"145\">Fabricant<\/td>\n<td width=\"257\">Linkton<\/td>\n<\/tr>\n<tr>\n<td>Mat\u00e9riau<\/td>\n<td>Acier inoxydable<\/td>\n<\/tr>\n<tr>\n<td>Configuration<\/td>\n<td width=\"257\">Bac \u00e0 aliments\/ bac \u00e0 eau<\/td>\n<\/tr>\n<tr>\n<td>Chauffage<\/td>\n<td>\n<p>Chauffage \u00e9lectrique<\/p>\n<\/td>\n<\/tr>\n<tr>\n<td>Couvercle<\/td>\n<td width=\"257\">Couvercle hydraulique en verre<\/td>\n<\/tr>\n<tr>\n<td>OEM\/ODM<\/td>\n<td>Acceptable<\/td>\n<\/tr>\n<tr>\n<td>\u00c9chantillon<\/td>\n<td>MOQ 1 pi\u00e8ce<\/td>\n<\/tr>\n<\/tbody>\n<\/table>","protected":false},"featured_media":5932,"template":"","meta":{"_acf_changed":false},"product-application":[],"product-capacity":[],"product_brand":[],"product_cat":[58],"product_tag":[],"class_list":{"0":"post-5931","1":"product","2":"type-product","3":"status-publish","4":"has-post-thumbnail","6":"product_cat-wholesale-chafing-dishes","8":"first","9":"instock","10":"shipping-taxable","11":"product-type-simple"},"acf":[],"_links":{"self":[{"href":"https:\/\/www.linktonkitchen.com\/fr\/wp-json\/wp\/v2\/product\/5931","targetHints":{"allow":["GET"]}}],"collection":[{"href":"https:\/\/www.linktonkitchen.com\/fr\/wp-json\/wp\/v2\/product"}],"about":[{"href":"https:\/\/www.linktonkitchen.com\/fr\/wp-json\/wp\/v2\/types\/product"}],"version-history":[{"count":0,"href":"https:\/\/www.linktonkitchen.com\/fr\/wp-json\/wp\/v2\/product\/5931\/revisions"}],"wp:featuredmedia":[{"embeddable":true,"href":"https:\/\/www.linktonkitchen.com\/fr\/wp-json\/wp\/v2\/media\/5932"}],"wp:attachment":[{"href":"https:\/\/www.linktonkitchen.com\/fr\/wp-json\/wp\/v2\/media?parent=5931"}],"wp:term":[{"taxonomy":"product-application","embeddable":true,"href":"https:\/\/www.linktonkitchen.com\/fr\/wp-json\/wp\/v2\/product-application?post=5931"},{"taxonomy":"product-capacity","embeddable":true,"href":"https:\/\/www.linktonkitchen.com\/fr\/wp-json\/wp\/v2\/product-capacity?post=5931"},{"taxonomy":"product_brand","embeddable":true,"href":"https:\/\/www.linktonkitchen.com\/fr\/wp-json\/wp\/v2\/product_brand?post=5931"},{"taxonomy":"product_cat","embeddable":true,"href":"https:\/\/www.linktonkitchen.com\/fr\/wp-json\/wp\/v2\/product_cat?post=5931"},{"taxonomy":"product_tag","embeddable":true,"href":"https:\/\/www.linktonkitchen.com\/fr\/wp-json\/wp\/v2\/product_tag?post=5931"}],"curies":[{"name":"wp","href":"https:\/\/api.w.org\/{rel}","templated":true}]}}