{"id":5935,"date":"2025-07-02T08:14:52","date_gmt":"2025-07-02T08:14:52","guid":{"rendered":"https:\/\/www.linktonkitchen.com\/?post_type=product&#038;p=5935"},"modified":"2025-07-03T09:49:50","modified_gmt":"2025-07-03T09:49:50","slug":"wholesale-electric-chafing-dish","status":"publish","type":"product","link":"https:\/\/www.linktonkitchen.com\/fr\/product\/wholesale-electric-chafing-dish\/","title":{"rendered":"Wholesale Electric Chafing Dish Texture Wooden, Modern Catering Buffet Warmer Set Custom"},"content":{"rendered":"<div class=\"wp-block-columns is-layout-flex wp-container-core-columns-is-layout-9d6595d7 wp-block-columns-is-layout-flex\">\n<div class=\"wp-block-column is-vertically-aligned-center is-layout-flow wp-block-column-is-layout-flow\">\n<h2 class=\"wp-block-heading\">Caract\u00e9ristiques d'un plat \u00e0 gratin \u00e9lectrique :<\/h2>\n\n\n\n<p><strong>Texture de grain de bois de haute qualit\u00e9 :<\/strong> La coque ext\u00e9rieure adopte un rev\u00eatement en grain de bois, beau et durable, cr\u00e9ant une atmosph\u00e8re chaleureuse et haut de gamme pour la salle \u00e0 manger.<\/p>\n\n\n\n<p><strong>Syst\u00e8me intelligent de temp\u00e9rature constante<\/strong>: \u00c9quip\u00e9 d'un panneau de commande \u00e9lectronique intuitif, il permet un contr\u00f4le et un verrouillage pr\u00e9cis de la temp\u00e9rature pour garantir le meilleur go\u00fbt des plats.<\/p>\n\n\n\n<p><strong>Mat\u00e9riau en acier inoxydable de qualit\u00e9 alimentaire<\/strong>Les produits de la gamme sont : durables, tr\u00e8s r\u00e9sistants \u00e0 la corrosion, adapt\u00e9s \u00e0 une utilisation \u00e0 long terme dans les h\u00f4tels et les buffets.<\/p>\n\n\n\n<p><strong>Couvercle visuel en verre :<\/strong> pratique pour la visualisation en temps r\u00e9el des plats, pratique et beau.<\/p>\n\n\n\n<p><strong>Soutien au service OEM<\/strong>Les produits de la cat\u00e9gorie \"produits de la mer\" : ils permettent une personnalisation exclusive de la marque afin d'am\u00e9liorer l'image et la notori\u00e9t\u00e9.<\/p>\n<\/div>\n\n\n\n<div class=\"wp-block-column is-vertically-aligned-center is-layout-flow wp-block-column-is-layout-flow\"><div class=\"wp-block-image\">\n<figure class=\"aligncenter size-full is-resized\"><img fetchpriority=\"high\" decoding=\"async\" width=\"1000\" height=\"667\" src=\"https:\/\/www.linktonkitchen.com\/wp-content\/uploads\/2025\/07\/Wholesale-Electric-Chafing-Dish-High-end-Wooden-Texture.webp\" alt=\"Wholesale Electric Chafing Dish High-end Wooden Texture\" class=\"wp-image-5936\" style=\"width:404px;height:auto\" srcset=\"https:\/\/www.linktonkitchen.com\/wp-content\/uploads\/2025\/07\/Wholesale-Electric-Chafing-Dish-High-end-Wooden-Texture.webp 1000w, https:\/\/www.linktonkitchen.com\/wp-content\/uploads\/2025\/07\/Wholesale-Electric-Chafing-Dish-High-end-Wooden-Texture-300x200.webp 300w, https:\/\/www.linktonkitchen.com\/wp-content\/uploads\/2025\/07\/Wholesale-Electric-Chafing-Dish-High-end-Wooden-Texture-768x512.webp 768w, https:\/\/www.linktonkitchen.com\/wp-content\/uploads\/2025\/07\/Wholesale-Electric-Chafing-Dish-High-end-Wooden-Texture-18x12.webp 18w, https:\/\/www.linktonkitchen.com\/wp-content\/uploads\/2025\/07\/Wholesale-Electric-Chafing-Dish-High-end-Wooden-Texture-285x190.webp 285w, https:\/\/www.linktonkitchen.com\/wp-content\/uploads\/2025\/07\/Wholesale-Electric-Chafing-Dish-High-end-Wooden-Texture-660x440.webp 660w, https:\/\/www.linktonkitchen.com\/wp-content\/uploads\/2025\/07\/Wholesale-Electric-Chafing-Dish-High-end-Wooden-Texture-150x100.webp 150w\" sizes=\"(max-width: 1000px) 100vw, 1000px\" \/><\/figure>\n<\/div><\/div>\n<\/div>\n\n\n\n<div class=\"wp-block-columns is-layout-flex wp-container-core-columns-is-layout-9d6595d7 wp-block-columns-is-layout-flex\">\n<div class=\"wp-block-column is-vertically-aligned-center is-layout-flow wp-block-column-is-layout-flow\">\n<h2 class=\"wp-block-heading\">Plat \u00e0 gratin \u00e9lectrique sur mesure<\/h2>\n\n\n\n<p>Nous fournissons des services ODM et OEM. Nous proposons un LOGO personnalis\u00e9 sur le produit et l'emballage, ainsi que diff\u00e9rents types d'emballage, tels que le sac ou le carton, ou selon les demandes du client. La couleur peut \u00eatre personnalis\u00e9e avec de l'argent, de l'or ou du semi-or plaqu\u00e9.<\/p>\n<\/div>\n<\/div>","protected":false},"excerpt":{"rendered":"<p>Le chafing dish \u00e9lectrique de Linkton, avec son design en grain de bois, son panneau de contr\u00f4le de temp\u00e9rature pr\u00e9cis, son couvercle en verre poli, est un r\u00e9chauffeur d'aliments moderne et populaire. N'h\u00e9sitez pas \u00e0 nous contacter pour obtenir un devis et une solution personnalis\u00e9e.<\/p>\n<h2>Sp\u00e9cifications du r\u00e9chaud \u00e9lectrique :<\/h2>\n<table width=\"402\">\n<tbody>\n<tr>\n<td width=\"145\">Fabricant<\/td>\n<td width=\"257\">Linkton<\/td>\n<\/tr>\n<tr>\n<td>Mat\u00e9riau<\/td>\n<td>Acier inoxydable<\/td>\n<\/tr>\n<tr>\n<td>Configuration<\/td>\n<td width=\"257\">Bac \u00e0 aliments\/ bac \u00e0 eau<\/td>\n<\/tr>\n<tr>\n<td>Chauffage<\/td>\n<td>\n<p>Chauffage \u00e9lectrique<\/p>\n<\/td>\n<\/tr>\n<tr>\n<td>Couvercle<\/td>\n<td width=\"257\">Couvercle hydraulique en verre<\/td>\n<\/tr>\n<tr>\n<td>OEM\/ODM<\/td>\n<td>Acceptable<\/td>\n<\/tr>\n<tr>\n<td>\u00c9chantillon<\/td>\n<td>MOQ 1 pi\u00e8ce<\/td>\n<\/tr>\n<\/tbody>\n<\/table>","protected":false},"featured_media":5936,"template":"","meta":{"_acf_changed":false},"product-application":[],"product-capacity":[],"product_brand":[],"product_cat":[58],"product_tag":[],"class_list":{"0":"post-5935","1":"product","2":"type-product","3":"status-publish","4":"has-post-thumbnail","6":"product_cat-wholesale-chafing-dishes","8":"first","9":"instock","10":"shipping-taxable","11":"product-type-simple"},"acf":[],"_links":{"self":[{"href":"https:\/\/www.linktonkitchen.com\/fr\/wp-json\/wp\/v2\/product\/5935","targetHints":{"allow":["GET"]}}],"collection":[{"href":"https:\/\/www.linktonkitchen.com\/fr\/wp-json\/wp\/v2\/product"}],"about":[{"href":"https:\/\/www.linktonkitchen.com\/fr\/wp-json\/wp\/v2\/types\/product"}],"version-history":[{"count":0,"href":"https:\/\/www.linktonkitchen.com\/fr\/wp-json\/wp\/v2\/product\/5935\/revisions"}],"wp:featuredmedia":[{"embeddable":true,"href":"https:\/\/www.linktonkitchen.com\/fr\/wp-json\/wp\/v2\/media\/5936"}],"wp:attachment":[{"href":"https:\/\/www.linktonkitchen.com\/fr\/wp-json\/wp\/v2\/media?parent=5935"}],"wp:term":[{"taxonomy":"product-application","embeddable":true,"href":"https:\/\/www.linktonkitchen.com\/fr\/wp-json\/wp\/v2\/product-application?post=5935"},{"taxonomy":"product-capacity","embeddable":true,"href":"https:\/\/www.linktonkitchen.com\/fr\/wp-json\/wp\/v2\/product-capacity?post=5935"},{"taxonomy":"product_brand","embeddable":true,"href":"https:\/\/www.linktonkitchen.com\/fr\/wp-json\/wp\/v2\/product_brand?post=5935"},{"taxonomy":"product_cat","embeddable":true,"href":"https:\/\/www.linktonkitchen.com\/fr\/wp-json\/wp\/v2\/product_cat?post=5935"},{"taxonomy":"product_tag","embeddable":true,"href":"https:\/\/www.linktonkitchen.com\/fr\/wp-json\/wp\/v2\/product_tag?post=5935"}],"curies":[{"name":"wp","href":"https:\/\/api.w.org\/{rel}","templated":true}]}}